{"id":7944,"date":"2021-05-04T12:58:06","date_gmt":"2021-05-04T12:58:06","guid":{"rendered":"https:\/\/toty.fr\/wordpress\/?page_id=7944"},"modified":"2021-05-04T13:08:51","modified_gmt":"2021-05-04T13:08:51","slug":"computer-assisted-surgery","status":"publish","type":"page","link":"https:\/\/chirurgie-orthopedique.info\/en\/computer-assisted-surgery\/","title":{"rendered":"Computer assisted surgery"},"content":{"rendered":"<p>[vc_row][vc_column][vc_row_inner][vc_column_inner width=&#8221;1\/4&#8243;][\/vc_column_inner][vc_column_inner width=&#8221;1\/2&#8243;][vc_single_image image=&#8221;7536&#8243; img_size=&#8221;100&#215;100&#8243; alignment=&#8221;center&#8221; css=&#8221;.vc_custom_1618992938129{margin-top: 0px !important;margin-right: 20px !important;margin-bottom: 0px !important;margin-left: 20px !important;}&#8221;][\/vc_column_inner][vc_column_inner width=&#8221;1\/4&#8243;][\/vc_column_inner][\/vc_row_inner][vc_column_text css=&#8221;.vc_custom_1620133119902{margin-bottom: 10px !important;}&#8221;]<\/p>\n<h2 style=\"text-align: center;\">Computer assisted surgery<\/h2>\n<p>[\/vc_column_text][vc_separator color=&#8221;custom&#8221; style=&#8221;dotted&#8221; accent_color=&#8221;#2f3762&#8243; css=&#8221;.vc_custom_1618680006860{margin-top: 0px !important;}&#8221;][vc_column_text]<\/p>\n<p style=\"text-align: justify;\"><strong>The goal of computer assisted surgery<\/strong> is to assist surgeons to operate with greater precision.<\/p>\n<p style=\"text-align: justify;\">Its application has extended to a growing number of fields over the past 15 years. In the field of orthopedic surgery, its primary application is prosthetic surgery, particularly of the knee, where it aims to improve the reliability and accuracy of prosthesis implantation. The systems currently used are almost exclusively \u201cpassive systems,\u201d which allow the surgeon to achieve the best possible position for the cutting templates, with the surgeon maintaining control over the procedure and performing the bone-shaping tasks.<\/p>\n<p><strong>There are two distinctive categories of passive systems:<\/strong>[\/vc_column_text][vc_column_text]<strong><img decoding=\"async\" class=\"alignright wp-image-7359 size-full\" title=\"Chirurgie assist\u00e9e par ordinateur\" src=\"https:\/\/chirurgie-orthopedique.info\/wp-content\/uploads\/2021\/04\/Systeme-de-Navigation-2.jpg\" alt=\"Chirurgie assist\u00e9e par ordinateur\" width=\"230\" height=\"173\" srcset=\"https:\/\/chirurgie-orthopedique.info\/wp-content\/uploads\/2021\/04\/Systeme-de-Navigation-2.jpg 230w, https:\/\/chirurgie-orthopedique.info\/wp-content\/uploads\/2021\/04\/Systeme-de-Navigation-2-125x94.jpg 125w\" sizes=\"(max-width: 230px) 100vw, 230px\" \/><\/strong><\/p>\n<ul>\n<li style=\"text-align: justify;\"><strong>Perioperative systems.\u00a0<\/strong>These are navigation systems. Infrared waves are emitted by the device and reflected by diodes fixed to the bone and instruments. Two cameras capture the reflected waves so as to provide real-time 3D positioning of the diodes attached to the bones and instruments\u00a0During surgery, the surgeon receives computerized information relating to the anatomical region to be operated on, for example the knee, and the rotation centers of the lower limb. Once this acquisition is made, he will be able to precisely choose the bone cutting axis. The system will show him how to best position the cutting templates in order to perform the selected program. These systems require programming during the surgical procedure, which moderately extends the operative time.<\/li>\n<\/ul>\n<p>[\/vc_column_text][vc_column_text]<\/p>\n<ul>\n<li style=\"text-align: justify;\"><strong><img decoding=\"async\" class=\"alignright wp-image-7360 size-full\" title=\"CHIRURGIE ASSISTEE PAR ORFDINATEUR\" src=\"https:\/\/chirurgie-orthopedique.info\/wp-content\/uploads\/2021\/04\/Signature-F-os.jpg\" alt=\"Les syst\u00e8mes r\u00e9alis\u00e9s en pr\u00e9op\u00e9ratoire. Les syst\u00e8mes les plus r\u00e9cemment d\u00e9velopp\u00e9s n\u00e9cessitent un scanner ou une IRM pr\u00e9-op\u00e9ratoire permettant l\u2019acquisition du genou et de l\u2019ensemble du membre inf\u00e9rieur pour laquelle le chirurgien va pouvoir choisir ses axes de coupes et d\u2019implantation proth\u00e9tique. Une fois ce choix valid\u00e9, il sera r\u00e9alis\u00e9 des gabarits de coupes sp\u00e9cifiques au patient. Pendant l\u2019intervention, le chirurgien va les appliquer au niveau des extr\u00e9mit\u00e9s articulaires (pour un genou l\u2019extr\u00e9mit\u00e9 inf\u00e9rieure du f\u00e9mur et l\u2019extr\u00e9mit\u00e9 sup\u00e9rieure du tibia), permettant de r\u00e9aliser pendant l\u2019intervention avec une grande pr\u00e9cision, les choix effectu\u00e9s sur les donn\u00e9es IRM ou scanner. Cette technique est la plus r\u00e9cente, elle n\u00e9cessite 4 \u00e0 5 semaines pour la r\u00e9alisation de ce mat\u00e9riel d\u00e9di\u00e9 au patient, mais permet une diminution du temps op\u00e9ratoire et des saignements par rapport \u00e0 une technique classique et \u00e0 fortiori, par rapport aux syst\u00e8mes de navigation.\" width=\"220\" height=\"199\" srcset=\"https:\/\/chirurgie-orthopedique.info\/wp-content\/uploads\/2021\/04\/Signature-F-os.jpg 220w, https:\/\/chirurgie-orthopedique.info\/wp-content\/uploads\/2021\/04\/Signature-F-os-125x113.jpg 125w\" sizes=\"(max-width: 220px) 100vw, 220px\" \/><\/strong><strong><strong>Preoperative systems.\u00a0<\/strong>The latest systems require a scanner or preoperative MRI, <\/strong>enabling acquisition of the knee and entire lower limb, for which the surgeon will choose cutting and prosthetic implantation axes. Cutting templates specific to the patient are made. During surgery, they are applied to the joint extremities (for a knee, the femur inferior extremity and the tibia superior extremity). This allows the surgical intervention to be performed with great precision according to the pre-surgical planning based on MRI or scanner data. This is the most recent technique, and 4 to 5 weeks are necessary to prepare tailor-make material for the patient. However, when using this technique, operative time and bleeding are decreased, as compared to standard procedures or navigation systems<\/li>\n<\/ul>\n<p>[\/vc_column_text][vc_column_text]<\/p>\n<p style=\"text-align: justify;\"><strong>While preoperative systems are increasingly used, the standard procedure is still considered to be valid and efficacious.<\/strong><\/p>\n<p>[\/vc_column_text][\/vc_column][\/vc_row]<\/p>\n","protected":false},"excerpt":{"rendered":"<p>[vc_row][vc_column][vc_row_inner][vc_column_inner width=&#8221;1\/4&#8243;][\/vc_column_inner][vc_column_inner width=&#8221;1\/2&#8243;][vc_single_image image=&#8221;7536&#8243; img_size=&#8221;100&#215;100&#8243; alignment=&#8221;center&#8221; css=&#8221;.vc_custom_1618992938129{margin-top: 0px !important;margin-right: 20px !important;margin-bottom: 0px !important;margin-left: 20px !important;}&#8221;][\/vc_column_inner][vc_column_inner width=&#8221;1\/4&#8243;][\/vc_column_inner][\/vc_row_inner][vc_column_text css=&#8221;.vc_custom_1620133119902{margin-bottom: 10px !important;}&#8221;] Computer assisted surgery [\/vc_column_text][vc_separator color=&#8221;custom&#8221; style=&#8221;dotted&#8221; accent_color=&#8221;#2f3762&#8243; css=&#8221;.vc_custom_1618680006860{margin-top: 0px !important;}&#8221;][vc_column_text] The goal of computer assisted surgery is to assist surgeons to operate with greater precision. Its application has extended to a growing number of fields over the past 15 years. In the field of orthopedic surgery, its primary application is prosthetic surgery, particularly of the knee, where it aims to improve the reliability and accuracy of prosthesis implantation. The systems currently used are almost exclusively \u201cpassive systems,\u201d which allow the surgeon to achieve the best possible position for the cutting templates, with the surgeon maintaining control over the procedure and performing the bone-shaping tasks. There are two distinctive categories of passive systems:[\/vc_column_text][vc_column_text] Perioperative systems.\u00a0These are navigation systems. Infrared waves are emitted by the device and reflected by diodes fixed to the [&hellip;]<\/p>\n","protected":false},"author":1,"featured_media":0,"parent":0,"menu_order":0,"comment_status":"closed","ping_status":"closed","template":"","meta":{"inline_featured_image":false,"footnotes":""},"class_list":["post-7944","page","type-page","status-publish","hentry"],"yoast_head":"<!-- This site is optimized with the Yoast SEO plugin v24.7 - https:\/\/yoast.com\/wordpress\/plugins\/seo\/ -->\n<title>Computer assisted surgery - Dr Mandrino Nice, France<\/title>\n<meta name=\"description\" content=\"Computer assisted surgery&#039;s goal is to help the surgeon during the procedure. Appointment online for French Riviera clinic.\" \/>\n<meta name=\"robots\" content=\"index, follow, max-snippet:-1, max-image-preview:large, max-video-preview:-1\" \/>\n<link rel=\"canonical\" href=\"https:\/\/chirurgie-orthopedique.info\/en\/computer-assisted-surgery\/\" \/>\n<meta property=\"og:locale\" content=\"en_US\" \/>\n<meta property=\"og:type\" content=\"article\" \/>\n<meta property=\"og:title\" content=\"Computer assisted surgery - Dr Mandrino Nice, France\" \/>\n<meta property=\"og:description\" content=\"Computer assisted surgery&#039;s goal is to help the surgeon during the procedure. Appointment online for French Riviera clinic.\" \/>\n<meta property=\"og:url\" content=\"https:\/\/chirurgie-orthopedique.info\/en\/computer-assisted-surgery\/\" \/>\n<meta property=\"og:site_name\" content=\"Chirurgie Orthopedique, sp\u00e9cialiste du Genou, Hanche, Epaule \u00e0 Nice\" \/>\n<meta property=\"article:publisher\" content=\"https:\/\/www.facebook.com\/Dr.Mandrino\" \/>\n<meta property=\"article:modified_time\" content=\"2021-05-04T13:08:51+00:00\" \/>\n<meta property=\"og:image\" content=\"https:\/\/chirurgie-orthopedique.info\/wp-content\/uploads\/2021\/04\/Systeme-de-Navigation-2.jpg\" \/>\n<meta name=\"twitter:card\" content=\"summary_large_image\" \/>\n<meta name=\"twitter:label1\" content=\"Est. reading time\" \/>\n\t<meta name=\"twitter:data1\" content=\"3 minutes\" \/>\n<script type=\"application\/ld+json\" class=\"yoast-schema-graph\">{\"@context\":\"https:\/\/schema.org\",\"@graph\":[{\"@type\":\"WebPage\",\"@id\":\"https:\/\/chirurgie-orthopedique.info\/en\/computer-assisted-surgery\/\",\"url\":\"https:\/\/chirurgie-orthopedique.info\/en\/computer-assisted-surgery\/\",\"name\":\"Computer assisted surgery - Dr Mandrino Nice, France\",\"isPartOf\":{\"@id\":\"https:\/\/chirurgie-orthopedique.info\/en\/#website\"},\"primaryImageOfPage\":{\"@id\":\"https:\/\/chirurgie-orthopedique.info\/en\/computer-assisted-surgery\/#primaryimage\"},\"image\":{\"@id\":\"https:\/\/chirurgie-orthopedique.info\/en\/computer-assisted-surgery\/#primaryimage\"},\"thumbnailUrl\":\"https:\/\/chirurgie-orthopedique.info\/wp-content\/uploads\/2021\/04\/Systeme-de-Navigation-2.jpg\",\"datePublished\":\"2021-05-04T12:58:06+00:00\",\"dateModified\":\"2021-05-04T13:08:51+00:00\",\"description\":\"Computer assisted surgery's goal is to help the surgeon during the procedure. Appointment online for French Riviera clinic.\",\"breadcrumb\":{\"@id\":\"https:\/\/chirurgie-orthopedique.info\/en\/computer-assisted-surgery\/#breadcrumb\"},\"inLanguage\":\"en-US\",\"potentialAction\":[{\"@type\":\"ReadAction\",\"target\":[\"https:\/\/chirurgie-orthopedique.info\/en\/computer-assisted-surgery\/\"]}]},{\"@type\":\"ImageObject\",\"inLanguage\":\"en-US\",\"@id\":\"https:\/\/chirurgie-orthopedique.info\/en\/computer-assisted-surgery\/#primaryimage\",\"url\":\"https:\/\/chirurgie-orthopedique.info\/wp-content\/uploads\/2021\/04\/Systeme-de-Navigation-2.jpg\",\"contentUrl\":\"https:\/\/chirurgie-orthopedique.info\/wp-content\/uploads\/2021\/04\/Systeme-de-Navigation-2.jpg\"},{\"@type\":\"BreadcrumbList\",\"@id\":\"https:\/\/chirurgie-orthopedique.info\/en\/computer-assisted-surgery\/#breadcrumb\",\"itemListElement\":[{\"@type\":\"ListItem\",\"position\":1,\"name\":\"Accueil\",\"item\":\"https:\/\/chirurgie-orthopedique.info\/en\/\"},{\"@type\":\"ListItem\",\"position\":2,\"name\":\"Computer assisted surgery\"}]},{\"@type\":\"WebSite\",\"@id\":\"https:\/\/chirurgie-orthopedique.info\/en\/#website\",\"url\":\"https:\/\/chirurgie-orthopedique.info\/en\/\",\"name\":\"Chirurgie Orthopedique, sp\u00e9cialiste du Genou, Hanche, Epaule \u00e0 Nice\",\"description\":\"Docteur Mandrino sp\u00e9cialis\u00e9 en chirurgie du genou, de la hanche et de l&#039; \u00e9paule \u00e0 Nice\",\"publisher\":{\"@id\":\"https:\/\/chirurgie-orthopedique.info\/en\/#organization\"},\"potentialAction\":[{\"@type\":\"SearchAction\",\"target\":{\"@type\":\"EntryPoint\",\"urlTemplate\":\"https:\/\/chirurgie-orthopedique.info\/en\/?s={search_term_string}\"},\"query-input\":{\"@type\":\"PropertyValueSpecification\",\"valueRequired\":true,\"valueName\":\"search_term_string\"}}],\"inLanguage\":\"en-US\"},{\"@type\":\"Organization\",\"@id\":\"https:\/\/chirurgie-orthopedique.info\/en\/#organization\",\"name\":\"Dr Alain Mandrino chirurgie orthop\u00e9dique \u00e0 Nice\",\"url\":\"https:\/\/chirurgie-orthopedique.info\/en\/\",\"logo\":{\"@type\":\"ImageObject\",\"inLanguage\":\"en-US\",\"@id\":\"https:\/\/chirurgie-orthopedique.info\/en\/#\/schema\/logo\/image\/\",\"url\":\"https:\/\/chirurgie-orthopedique.info\/wp-content\/uploads\/2017\/07\/dr-alain-mandrino-chirurgie-orthopedique-nice.png\",\"contentUrl\":\"https:\/\/chirurgie-orthopedique.info\/wp-content\/uploads\/2017\/07\/dr-alain-mandrino-chirurgie-orthopedique-nice.png\",\"width\":443,\"height\":230,\"caption\":\"Dr Alain Mandrino chirurgie orthop\u00e9dique \u00e0 Nice\"},\"image\":{\"@id\":\"https:\/\/chirurgie-orthopedique.info\/en\/#\/schema\/logo\/image\/\"},\"sameAs\":[\"https:\/\/www.facebook.com\/Dr.Mandrino\",\"https:\/\/www.instagram.com\/dralainmandrino\/\",\"https:\/\/www.youtube.com\/user\/amandrino\"]}]}<\/script>\n<!-- \/ Yoast SEO plugin. -->","yoast_head_json":{"title":"Computer assisted surgery - Dr Mandrino Nice, France","description":"Computer assisted surgery's goal is to help the surgeon during the procedure. Appointment online for French Riviera clinic.","robots":{"index":"index","follow":"follow","max-snippet":"max-snippet:-1","max-image-preview":"max-image-preview:large","max-video-preview":"max-video-preview:-1"},"canonical":"https:\/\/chirurgie-orthopedique.info\/en\/computer-assisted-surgery\/","og_locale":"en_US","og_type":"article","og_title":"Computer assisted surgery - Dr Mandrino Nice, France","og_description":"Computer assisted surgery's goal is to help the surgeon during the procedure. Appointment online for French Riviera clinic.","og_url":"https:\/\/chirurgie-orthopedique.info\/en\/computer-assisted-surgery\/","og_site_name":"Chirurgie Orthopedique, sp\u00e9cialiste du Genou, Hanche, Epaule \u00e0 Nice","article_publisher":"https:\/\/www.facebook.com\/Dr.Mandrino","article_modified_time":"2021-05-04T13:08:51+00:00","og_image":[{"url":"https:\/\/chirurgie-orthopedique.info\/wp-content\/uploads\/2021\/04\/Systeme-de-Navigation-2.jpg","type":"","width":"","height":""}],"twitter_card":"summary_large_image","twitter_misc":{"Est. reading time":"3 minutes"},"schema":{"@context":"https:\/\/schema.org","@graph":[{"@type":"WebPage","@id":"https:\/\/chirurgie-orthopedique.info\/en\/computer-assisted-surgery\/","url":"https:\/\/chirurgie-orthopedique.info\/en\/computer-assisted-surgery\/","name":"Computer assisted surgery - Dr Mandrino Nice, France","isPartOf":{"@id":"https:\/\/chirurgie-orthopedique.info\/en\/#website"},"primaryImageOfPage":{"@id":"https:\/\/chirurgie-orthopedique.info\/en\/computer-assisted-surgery\/#primaryimage"},"image":{"@id":"https:\/\/chirurgie-orthopedique.info\/en\/computer-assisted-surgery\/#primaryimage"},"thumbnailUrl":"https:\/\/chirurgie-orthopedique.info\/wp-content\/uploads\/2021\/04\/Systeme-de-Navigation-2.jpg","datePublished":"2021-05-04T12:58:06+00:00","dateModified":"2021-05-04T13:08:51+00:00","description":"Computer assisted surgery's goal is to help the surgeon during the procedure. Appointment online for French Riviera clinic.","breadcrumb":{"@id":"https:\/\/chirurgie-orthopedique.info\/en\/computer-assisted-surgery\/#breadcrumb"},"inLanguage":"en-US","potentialAction":[{"@type":"ReadAction","target":["https:\/\/chirurgie-orthopedique.info\/en\/computer-assisted-surgery\/"]}]},{"@type":"ImageObject","inLanguage":"en-US","@id":"https:\/\/chirurgie-orthopedique.info\/en\/computer-assisted-surgery\/#primaryimage","url":"https:\/\/chirurgie-orthopedique.info\/wp-content\/uploads\/2021\/04\/Systeme-de-Navigation-2.jpg","contentUrl":"https:\/\/chirurgie-orthopedique.info\/wp-content\/uploads\/2021\/04\/Systeme-de-Navigation-2.jpg"},{"@type":"BreadcrumbList","@id":"https:\/\/chirurgie-orthopedique.info\/en\/computer-assisted-surgery\/#breadcrumb","itemListElement":[{"@type":"ListItem","position":1,"name":"Accueil","item":"https:\/\/chirurgie-orthopedique.info\/en\/"},{"@type":"ListItem","position":2,"name":"Computer assisted surgery"}]},{"@type":"WebSite","@id":"https:\/\/chirurgie-orthopedique.info\/en\/#website","url":"https:\/\/chirurgie-orthopedique.info\/en\/","name":"Chirurgie Orthopedique, sp\u00e9cialiste du Genou, Hanche, Epaule \u00e0 Nice","description":"Docteur Mandrino sp\u00e9cialis\u00e9 en chirurgie du genou, de la hanche et de l&#039; \u00e9paule \u00e0 Nice","publisher":{"@id":"https:\/\/chirurgie-orthopedique.info\/en\/#organization"},"potentialAction":[{"@type":"SearchAction","target":{"@type":"EntryPoint","urlTemplate":"https:\/\/chirurgie-orthopedique.info\/en\/?s={search_term_string}"},"query-input":{"@type":"PropertyValueSpecification","valueRequired":true,"valueName":"search_term_string"}}],"inLanguage":"en-US"},{"@type":"Organization","@id":"https:\/\/chirurgie-orthopedique.info\/en\/#organization","name":"Dr Alain Mandrino chirurgie orthop\u00e9dique \u00e0 Nice","url":"https:\/\/chirurgie-orthopedique.info\/en\/","logo":{"@type":"ImageObject","inLanguage":"en-US","@id":"https:\/\/chirurgie-orthopedique.info\/en\/#\/schema\/logo\/image\/","url":"https:\/\/chirurgie-orthopedique.info\/wp-content\/uploads\/2017\/07\/dr-alain-mandrino-chirurgie-orthopedique-nice.png","contentUrl":"https:\/\/chirurgie-orthopedique.info\/wp-content\/uploads\/2017\/07\/dr-alain-mandrino-chirurgie-orthopedique-nice.png","width":443,"height":230,"caption":"Dr Alain Mandrino chirurgie orthop\u00e9dique \u00e0 Nice"},"image":{"@id":"https:\/\/chirurgie-orthopedique.info\/en\/#\/schema\/logo\/image\/"},"sameAs":["https:\/\/www.facebook.com\/Dr.Mandrino","https:\/\/www.instagram.com\/dralainmandrino\/","https:\/\/www.youtube.com\/user\/amandrino"]}]}},"jetpack_sharing_enabled":true,"_links":{"self":[{"href":"https:\/\/chirurgie-orthopedique.info\/en\/wp-json\/wp\/v2\/pages\/7944","targetHints":{"allow":["GET"]}}],"collection":[{"href":"https:\/\/chirurgie-orthopedique.info\/en\/wp-json\/wp\/v2\/pages"}],"about":[{"href":"https:\/\/chirurgie-orthopedique.info\/en\/wp-json\/wp\/v2\/types\/page"}],"author":[{"embeddable":true,"href":"https:\/\/chirurgie-orthopedique.info\/en\/wp-json\/wp\/v2\/users\/1"}],"replies":[{"embeddable":true,"href":"https:\/\/chirurgie-orthopedique.info\/en\/wp-json\/wp\/v2\/comments?post=7944"}],"version-history":[{"count":0,"href":"https:\/\/chirurgie-orthopedique.info\/en\/wp-json\/wp\/v2\/pages\/7944\/revisions"}],"wp:attachment":[{"href":"https:\/\/chirurgie-orthopedique.info\/en\/wp-json\/wp\/v2\/media?parent=7944"}],"curies":[{"name":"wp","href":"https:\/\/api.w.org\/{rel}","templated":true}]}}