{"id":7952,"date":"2021-05-04T13:11:17","date_gmt":"2021-05-04T13:11:17","guid":{"rendered":"https:\/\/toty.fr\/wordpress\/?page_id=7952"},"modified":"2021-05-04T13:12:52","modified_gmt":"2021-05-04T13:12:52","slug":"minimal-invasive-surgery","status":"publish","type":"page","link":"https:\/\/chirurgie-orthopedique.info\/en\/minimal-invasive-surgery\/","title":{"rendered":"Minimal invasive surgery"},"content":{"rendered":"<p>[vc_row][vc_column][vc_row_inner][vc_column_inner width=&#8221;1\/4&#8243;][\/vc_column_inner][vc_column_inner width=&#8221;1\/2&#8243;][vc_single_image image=&#8221;7536&#8243; img_size=&#8221;100&#215;100&#8243; alignment=&#8221;center&#8221; css=&#8221;.vc_custom_1618993449047{margin-top: 0px !important;margin-right: 20px !important;margin-bottom: 0px !important;margin-left: 20px !important;}&#8221;][\/vc_column_inner][vc_column_inner width=&#8221;1\/4&#8243;][\/vc_column_inner][\/vc_row_inner][vc_column_text css=&#8221;.vc_custom_1620133903708{margin-bottom: 10px !important;}&#8221;]<\/p>\n<h2 style=\"text-align: center;\">Minimal invasive surgery<\/h2>\n<p>[\/vc_column_text][vc_separator color=&#8221;custom&#8221; style=&#8221;dotted&#8221; accent_color=&#8221;#2f3762&#8243; css=&#8221;.vc_custom_1618680006860{margin-top: 0px !important;}&#8221;][vc_column_text]<\/p>\n<p style=\"text-align: justify;\"><strong><img decoding=\"async\" class=\"wp-image-7369 size-full alignright\" title=\"chirurgie mini invasive\" src=\"https:\/\/chirurgie-orthopedique.info\/wp-content\/uploads\/2021\/04\/abord-mini-invasif-PTH.png\" alt=\"CHIRURGIE MINI INVASIVE\" width=\"227\" height=\"170\" srcset=\"https:\/\/chirurgie-orthopedique.info\/wp-content\/uploads\/2021\/04\/abord-mini-invasif-PTH.png 227w, https:\/\/chirurgie-orthopedique.info\/wp-content\/uploads\/2021\/04\/abord-mini-invasif-PTH-125x94.png 125w\" sizes=\"(max-width: 227px) 100vw, 227px\" \/><\/strong><\/p>\n<p style=\"text-align: justify;\"><strong>For 20 years, the generalization of arthroscopic techniques in orthopedic surgery (meniscectomy, cruciate ligament reconstruction, rotator cuff repair, etc.) has enabled assessment of their role in patients\u2019 postoperative recovery.<br \/>\n<\/strong><\/p>\n<p style=\"text-align: justify;\">\u00a0<strong>In addition to reducing or eliminating scar tissue, minimal invasive surgery \u00a0diminish postoperative pain,<\/strong> ease rehabilitation, and improve functional recovery, while ensuring reconstruction quality equivalent to that achieved with open surgery.<\/p>\n<p style=\"text-align: justify;\">Surgeons now apply these minimally invasive techniques for major surgery like prosthetic joint replacement, and their development for use in hip replacement surgery began in 2000. By improving prosthesis placement ancillaries, surgical approaches, and operational techniques, we managed to gradually reduce incision lengths (no matter the surgical approach) and surgical trauma, while maintaining implantation quality and prosthesis accuracy.<\/p>\n<p style=\"text-align: justify;\"><strong>\u00a0<\/strong><\/p>\n<p>[\/vc_column_text][vc_column_text]<\/p>\n<p style=\"text-align: justify;\"><b><img decoding=\"async\" class=\"wp-image-7373 size-full alignleft\" title=\"chirurgie mini invasive\" src=\"https:\/\/chirurgie-orthopedique.info\/wp-content\/uploads\/2021\/04\/chirurgie-mini-invasive.png\" alt=\"chirurgie mini invasive\" width=\"250\" height=\"188\" srcset=\"https:\/\/chirurgie-orthopedique.info\/wp-content\/uploads\/2021\/04\/chirurgie-mini-invasive.png 250w, https:\/\/chirurgie-orthopedique.info\/wp-content\/uploads\/2021\/04\/chirurgie-mini-invasive-125x94.png 125w\" sizes=\"(max-width: 250px) 100vw, 250px\" \/><\/b><\/p>\n<p style=\"text-align: justify;\"><b>The standard 15 to 20cm incision has been reduced to a 6 to 7cm incision on normal-sized patients. I have used these techniques since 2004. Mini-invasive surgery reduces hospitalization time, and crutches are no longer needed 2 weeks after surgery.<\/b><\/p>\n<p style=\"text-align: justify;\">Although the reduced incision length is less impressive for full knee replacement surgery, specific ancillaries have been developed for single compartment prostheses so as to reduce incision size and avoid almost any access at the level of the quadriceps or extensor system.<\/p>\n<p style=\"text-align: justify;\">These minimally invasive techniques along with their advantages have been validated meanwhile for the first postoperative months, even though their 1-year results equate those of standard surgery. Nevertheless, these procedures are now considered reliable and standardized surgical techniques.<\/p>\n<p style=\"text-align: justify;\"><b>\u00a0<\/b><\/p>\n<p>[\/vc_column_text][\/vc_column][\/vc_row]<\/p>\n","protected":false},"excerpt":{"rendered":"<p>[vc_row][vc_column][vc_row_inner][vc_column_inner width=&#8221;1\/4&#8243;][\/vc_column_inner][vc_column_inner width=&#8221;1\/2&#8243;][vc_single_image image=&#8221;7536&#8243; img_size=&#8221;100&#215;100&#8243; alignment=&#8221;center&#8221; css=&#8221;.vc_custom_1618993449047{margin-top: 0px !important;margin-right: 20px !important;margin-bottom: 0px !important;margin-left: 20px !important;}&#8221;][\/vc_column_inner][vc_column_inner width=&#8221;1\/4&#8243;][\/vc_column_inner][\/vc_row_inner][vc_column_text css=&#8221;.vc_custom_1620133903708{margin-bottom: 10px !important;}&#8221;] Minimal invasive surgery [\/vc_column_text][vc_separator color=&#8221;custom&#8221; style=&#8221;dotted&#8221; accent_color=&#8221;#2f3762&#8243; css=&#8221;.vc_custom_1618680006860{margin-top: 0px !important;}&#8221;][vc_column_text] For 20 years, the generalization of arthroscopic techniques in orthopedic surgery (meniscectomy, cruciate ligament reconstruction, rotator cuff repair, etc.) has enabled assessment of their role in patients\u2019 postoperative recovery. \u00a0In addition to reducing or eliminating scar tissue, minimal invasive surgery \u00a0diminish postoperative pain, ease rehabilitation, and improve functional recovery, while ensuring reconstruction quality equivalent to that achieved with open surgery. Surgeons now apply these minimally invasive techniques for major surgery like prosthetic joint replacement, and their development for use in hip replacement surgery began in 2000. By improving prosthesis placement ancillaries, surgical approaches, and operational techniques, we managed to gradually reduce incision lengths (no matter the surgical approach) and surgical trauma, while maintaining implantation quality and prosthesis accuracy. \u00a0 [\/vc_column_text][vc_column_text] The [&hellip;]<\/p>\n","protected":false},"author":1,"featured_media":0,"parent":0,"menu_order":0,"comment_status":"closed","ping_status":"closed","template":"","meta":{"inline_featured_image":false,"footnotes":""},"class_list":["post-7952","page","type-page","status-publish","hentry"],"yoast_head":"<!-- This site is optimized with the Yoast SEO plugin v24.7 - https:\/\/yoast.com\/wordpress\/plugins\/seo\/ -->\n<title>Minimal invasive surgery Orthopedic Surgery - Nice French riviera<\/title>\n<meta name=\"description\" content=\"Minimal invasive surgery Although the reduced incision length is less impressive for full knee replacement surgery,\" \/>\n<meta name=\"robots\" content=\"index, follow, max-snippet:-1, max-image-preview:large, max-video-preview:-1\" \/>\n<link rel=\"canonical\" href=\"https:\/\/chirurgie-orthopedique.info\/en\/minimal-invasive-surgery\/\" \/>\n<meta property=\"og:locale\" content=\"en_US\" \/>\n<meta property=\"og:type\" content=\"article\" \/>\n<meta property=\"og:title\" content=\"Minimal invasive surgery Orthopedic Surgery - Nice French riviera\" \/>\n<meta property=\"og:description\" content=\"Minimal invasive surgery Although the reduced incision length is less impressive for full knee replacement surgery,\" \/>\n<meta property=\"og:url\" content=\"https:\/\/chirurgie-orthopedique.info\/en\/minimal-invasive-surgery\/\" \/>\n<meta property=\"og:site_name\" content=\"Chirurgie Orthopedique, sp\u00e9cialiste du Genou, Hanche, Epaule \u00e0 Nice\" \/>\n<meta property=\"article:publisher\" content=\"https:\/\/www.facebook.com\/Dr.Mandrino\" \/>\n<meta property=\"article:modified_time\" content=\"2021-05-04T13:12:52+00:00\" \/>\n<meta property=\"og:image\" content=\"https:\/\/chirurgie-orthopedique.info\/wp-content\/uploads\/2021\/04\/abord-mini-invasif-PTH.png\" \/>\n<meta name=\"twitter:card\" content=\"summary_large_image\" \/>\n<meta name=\"twitter:label1\" content=\"Est. reading time\" \/>\n\t<meta name=\"twitter:data1\" content=\"2 minutes\" \/>\n<script type=\"application\/ld+json\" class=\"yoast-schema-graph\">{\"@context\":\"https:\/\/schema.org\",\"@graph\":[{\"@type\":\"WebPage\",\"@id\":\"https:\/\/chirurgie-orthopedique.info\/en\/minimal-invasive-surgery\/\",\"url\":\"https:\/\/chirurgie-orthopedique.info\/en\/minimal-invasive-surgery\/\",\"name\":\"Minimal invasive surgery Orthopedic Surgery - Nice French riviera\",\"isPartOf\":{\"@id\":\"https:\/\/chirurgie-orthopedique.info\/en\/#website\"},\"primaryImageOfPage\":{\"@id\":\"https:\/\/chirurgie-orthopedique.info\/en\/minimal-invasive-surgery\/#primaryimage\"},\"image\":{\"@id\":\"https:\/\/chirurgie-orthopedique.info\/en\/minimal-invasive-surgery\/#primaryimage\"},\"thumbnailUrl\":\"https:\/\/chirurgie-orthopedique.info\/wp-content\/uploads\/2021\/04\/abord-mini-invasif-PTH.png\",\"datePublished\":\"2021-05-04T13:11:17+00:00\",\"dateModified\":\"2021-05-04T13:12:52+00:00\",\"description\":\"Minimal invasive surgery Although the reduced incision length is less impressive for full knee replacement surgery,\",\"breadcrumb\":{\"@id\":\"https:\/\/chirurgie-orthopedique.info\/en\/minimal-invasive-surgery\/#breadcrumb\"},\"inLanguage\":\"en-US\",\"potentialAction\":[{\"@type\":\"ReadAction\",\"target\":[\"https:\/\/chirurgie-orthopedique.info\/en\/minimal-invasive-surgery\/\"]}]},{\"@type\":\"ImageObject\",\"inLanguage\":\"en-US\",\"@id\":\"https:\/\/chirurgie-orthopedique.info\/en\/minimal-invasive-surgery\/#primaryimage\",\"url\":\"https:\/\/chirurgie-orthopedique.info\/wp-content\/uploads\/2021\/04\/abord-mini-invasif-PTH.png\",\"contentUrl\":\"https:\/\/chirurgie-orthopedique.info\/wp-content\/uploads\/2021\/04\/abord-mini-invasif-PTH.png\"},{\"@type\":\"BreadcrumbList\",\"@id\":\"https:\/\/chirurgie-orthopedique.info\/en\/minimal-invasive-surgery\/#breadcrumb\",\"itemListElement\":[{\"@type\":\"ListItem\",\"position\":1,\"name\":\"Accueil\",\"item\":\"https:\/\/chirurgie-orthopedique.info\/en\/\"},{\"@type\":\"ListItem\",\"position\":2,\"name\":\"Minimal invasive surgery\"}]},{\"@type\":\"WebSite\",\"@id\":\"https:\/\/chirurgie-orthopedique.info\/en\/#website\",\"url\":\"https:\/\/chirurgie-orthopedique.info\/en\/\",\"name\":\"Chirurgie Orthopedique, sp\u00e9cialiste du Genou, Hanche, Epaule \u00e0 Nice\",\"description\":\"Docteur Mandrino sp\u00e9cialis\u00e9 en chirurgie du genou, de la hanche et de l&#039; \u00e9paule \u00e0 Nice\",\"publisher\":{\"@id\":\"https:\/\/chirurgie-orthopedique.info\/en\/#organization\"},\"potentialAction\":[{\"@type\":\"SearchAction\",\"target\":{\"@type\":\"EntryPoint\",\"urlTemplate\":\"https:\/\/chirurgie-orthopedique.info\/en\/?s={search_term_string}\"},\"query-input\":{\"@type\":\"PropertyValueSpecification\",\"valueRequired\":true,\"valueName\":\"search_term_string\"}}],\"inLanguage\":\"en-US\"},{\"@type\":\"Organization\",\"@id\":\"https:\/\/chirurgie-orthopedique.info\/en\/#organization\",\"name\":\"Dr Alain Mandrino chirurgie orthop\u00e9dique \u00e0 Nice\",\"url\":\"https:\/\/chirurgie-orthopedique.info\/en\/\",\"logo\":{\"@type\":\"ImageObject\",\"inLanguage\":\"en-US\",\"@id\":\"https:\/\/chirurgie-orthopedique.info\/en\/#\/schema\/logo\/image\/\",\"url\":\"https:\/\/chirurgie-orthopedique.info\/wp-content\/uploads\/2017\/07\/dr-alain-mandrino-chirurgie-orthopedique-nice.png\",\"contentUrl\":\"https:\/\/chirurgie-orthopedique.info\/wp-content\/uploads\/2017\/07\/dr-alain-mandrino-chirurgie-orthopedique-nice.png\",\"width\":443,\"height\":230,\"caption\":\"Dr Alain Mandrino chirurgie orthop\u00e9dique \u00e0 Nice\"},\"image\":{\"@id\":\"https:\/\/chirurgie-orthopedique.info\/en\/#\/schema\/logo\/image\/\"},\"sameAs\":[\"https:\/\/www.facebook.com\/Dr.Mandrino\",\"https:\/\/www.instagram.com\/dralainmandrino\/\",\"https:\/\/www.youtube.com\/user\/amandrino\"]}]}<\/script>\n<!-- \/ Yoast SEO plugin. -->","yoast_head_json":{"title":"Minimal invasive surgery Orthopedic Surgery - Nice French riviera","description":"Minimal invasive surgery Although the reduced incision length is less impressive for full knee replacement surgery,","robots":{"index":"index","follow":"follow","max-snippet":"max-snippet:-1","max-image-preview":"max-image-preview:large","max-video-preview":"max-video-preview:-1"},"canonical":"https:\/\/chirurgie-orthopedique.info\/en\/minimal-invasive-surgery\/","og_locale":"en_US","og_type":"article","og_title":"Minimal invasive surgery Orthopedic Surgery - Nice French riviera","og_description":"Minimal invasive surgery Although the reduced incision length is less impressive for full knee replacement surgery,","og_url":"https:\/\/chirurgie-orthopedique.info\/en\/minimal-invasive-surgery\/","og_site_name":"Chirurgie Orthopedique, sp\u00e9cialiste du Genou, Hanche, Epaule \u00e0 Nice","article_publisher":"https:\/\/www.facebook.com\/Dr.Mandrino","article_modified_time":"2021-05-04T13:12:52+00:00","og_image":[{"url":"https:\/\/chirurgie-orthopedique.info\/wp-content\/uploads\/2021\/04\/abord-mini-invasif-PTH.png","type":"","width":"","height":""}],"twitter_card":"summary_large_image","twitter_misc":{"Est. reading time":"2 minutes"},"schema":{"@context":"https:\/\/schema.org","@graph":[{"@type":"WebPage","@id":"https:\/\/chirurgie-orthopedique.info\/en\/minimal-invasive-surgery\/","url":"https:\/\/chirurgie-orthopedique.info\/en\/minimal-invasive-surgery\/","name":"Minimal invasive surgery Orthopedic Surgery - Nice French riviera","isPartOf":{"@id":"https:\/\/chirurgie-orthopedique.info\/en\/#website"},"primaryImageOfPage":{"@id":"https:\/\/chirurgie-orthopedique.info\/en\/minimal-invasive-surgery\/#primaryimage"},"image":{"@id":"https:\/\/chirurgie-orthopedique.info\/en\/minimal-invasive-surgery\/#primaryimage"},"thumbnailUrl":"https:\/\/chirurgie-orthopedique.info\/wp-content\/uploads\/2021\/04\/abord-mini-invasif-PTH.png","datePublished":"2021-05-04T13:11:17+00:00","dateModified":"2021-05-04T13:12:52+00:00","description":"Minimal invasive surgery Although the reduced incision length is less impressive for full knee replacement surgery,","breadcrumb":{"@id":"https:\/\/chirurgie-orthopedique.info\/en\/minimal-invasive-surgery\/#breadcrumb"},"inLanguage":"en-US","potentialAction":[{"@type":"ReadAction","target":["https:\/\/chirurgie-orthopedique.info\/en\/minimal-invasive-surgery\/"]}]},{"@type":"ImageObject","inLanguage":"en-US","@id":"https:\/\/chirurgie-orthopedique.info\/en\/minimal-invasive-surgery\/#primaryimage","url":"https:\/\/chirurgie-orthopedique.info\/wp-content\/uploads\/2021\/04\/abord-mini-invasif-PTH.png","contentUrl":"https:\/\/chirurgie-orthopedique.info\/wp-content\/uploads\/2021\/04\/abord-mini-invasif-PTH.png"},{"@type":"BreadcrumbList","@id":"https:\/\/chirurgie-orthopedique.info\/en\/minimal-invasive-surgery\/#breadcrumb","itemListElement":[{"@type":"ListItem","position":1,"name":"Accueil","item":"https:\/\/chirurgie-orthopedique.info\/en\/"},{"@type":"ListItem","position":2,"name":"Minimal invasive surgery"}]},{"@type":"WebSite","@id":"https:\/\/chirurgie-orthopedique.info\/en\/#website","url":"https:\/\/chirurgie-orthopedique.info\/en\/","name":"Chirurgie Orthopedique, sp\u00e9cialiste du Genou, Hanche, Epaule \u00e0 Nice","description":"Docteur Mandrino sp\u00e9cialis\u00e9 en chirurgie du genou, de la hanche et de l&#039; \u00e9paule \u00e0 Nice","publisher":{"@id":"https:\/\/chirurgie-orthopedique.info\/en\/#organization"},"potentialAction":[{"@type":"SearchAction","target":{"@type":"EntryPoint","urlTemplate":"https:\/\/chirurgie-orthopedique.info\/en\/?s={search_term_string}"},"query-input":{"@type":"PropertyValueSpecification","valueRequired":true,"valueName":"search_term_string"}}],"inLanguage":"en-US"},{"@type":"Organization","@id":"https:\/\/chirurgie-orthopedique.info\/en\/#organization","name":"Dr Alain Mandrino chirurgie orthop\u00e9dique \u00e0 Nice","url":"https:\/\/chirurgie-orthopedique.info\/en\/","logo":{"@type":"ImageObject","inLanguage":"en-US","@id":"https:\/\/chirurgie-orthopedique.info\/en\/#\/schema\/logo\/image\/","url":"https:\/\/chirurgie-orthopedique.info\/wp-content\/uploads\/2017\/07\/dr-alain-mandrino-chirurgie-orthopedique-nice.png","contentUrl":"https:\/\/chirurgie-orthopedique.info\/wp-content\/uploads\/2017\/07\/dr-alain-mandrino-chirurgie-orthopedique-nice.png","width":443,"height":230,"caption":"Dr Alain Mandrino chirurgie orthop\u00e9dique \u00e0 Nice"},"image":{"@id":"https:\/\/chirurgie-orthopedique.info\/en\/#\/schema\/logo\/image\/"},"sameAs":["https:\/\/www.facebook.com\/Dr.Mandrino","https:\/\/www.instagram.com\/dralainmandrino\/","https:\/\/www.youtube.com\/user\/amandrino"]}]}},"jetpack_sharing_enabled":true,"_links":{"self":[{"href":"https:\/\/chirurgie-orthopedique.info\/en\/wp-json\/wp\/v2\/pages\/7952","targetHints":{"allow":["GET"]}}],"collection":[{"href":"https:\/\/chirurgie-orthopedique.info\/en\/wp-json\/wp\/v2\/pages"}],"about":[{"href":"https:\/\/chirurgie-orthopedique.info\/en\/wp-json\/wp\/v2\/types\/page"}],"author":[{"embeddable":true,"href":"https:\/\/chirurgie-orthopedique.info\/en\/wp-json\/wp\/v2\/users\/1"}],"replies":[{"embeddable":true,"href":"https:\/\/chirurgie-orthopedique.info\/en\/wp-json\/wp\/v2\/comments?post=7952"}],"version-history":[{"count":0,"href":"https:\/\/chirurgie-orthopedique.info\/en\/wp-json\/wp\/v2\/pages\/7952\/revisions"}],"wp:attachment":[{"href":"https:\/\/chirurgie-orthopedique.info\/en\/wp-json\/wp\/v2\/media?parent=7952"}],"curies":[{"name":"wp","href":"https:\/\/api.w.org\/{rel}","templated":true}]}}