{"id":7968,"date":"2021-05-04T13:33:56","date_gmt":"2021-05-04T13:33:56","guid":{"rendered":"https:\/\/toty.fr\/wordpress\/?page_id=7968"},"modified":"2021-05-04T13:38:13","modified_gmt":"2021-05-04T13:38:13","slug":"arthroscopy","status":"publish","type":"page","link":"https:\/\/chirurgie-orthopedique.info\/en\/anatomie-de-la-hanche\/arthroscopy\/","title":{"rendered":"Arthroscopy"},"content":{"rendered":"<p>[vc_row][vc_column][vc_row_inner][vc_column_inner width=&#8221;1\/4&#8243;][\/vc_column_inner][vc_column_inner width=&#8221;1\/2&#8243;][vc_single_image image=&#8221;7532&#8243; img_size=&#8221;100&#215;100&#8243; alignment=&#8221;center&#8221; css=&#8221;.vc_custom_1618908334106{margin-top: 0px !important;margin-right: 20px !important;margin-bottom: 0px !important;margin-left: 20px !important;}&#8221;][\/vc_column_inner][vc_column_inner width=&#8221;1\/4&#8243;][\/vc_column_inner][\/vc_row_inner][vc_column_text css=&#8221;.vc_custom_1620135489869{margin-bottom: 10px !important;}&#8221;]<\/p>\n<h2 style=\"text-align: center;\">Arthroscopy<\/h2>\n<p>[\/vc_column_text][vc_separator color=&#8221;custom&#8221; style=&#8221;dotted&#8221; accent_color=&#8221;#2f3762&#8243; css=&#8221;.vc_custom_1618680006860{margin-top: 0px !important;}&#8221;][vc_column_text]<\/p>\n<p style=\"text-align: justify;\"><img decoding=\"async\" class=\"size-full wp-image-7313 alignright\" src=\"https:\/\/chirurgie-orthopedique.info\/wp-content\/uploads\/2021\/04\/arriere-fond-du-cotyle.png\" alt=\"Arthroscopie de la hanche\" width=\"200\" height=\"160\" srcset=\"https:\/\/chirurgie-orthopedique.info\/wp-content\/uploads\/2021\/04\/arriere-fond-du-cotyle.png 200w, https:\/\/chirurgie-orthopedique.info\/wp-content\/uploads\/2021\/04\/arriere-fond-du-cotyle-125x100.png 125w\" sizes=\"(max-width: 200px) 100vw, 200px\" \/><\/p>\n<p style=\"text-align: justify;\"><strong>Arthroscopy allows for joint exploration and treatment, by means of optic fibers and a video monitor.<\/strong><br \/>\nThe procedure is performed under general or local anesthesia.<\/p>\n<p style=\"text-align: justify;\">To access the joint, we have to distract the joint space using an external fixation or an orthopedic table to strongly pull the patient\u2019s foot. The surgeon performs this intervention under radioscopic control for better access to the joint during surgery.<\/p>\n<p style=\"text-align: justify;\">A camera is inserted into the hip via a small incision (a few mm in length), allowing the surgeon to view the entire joint. Miniature tools can be inserted through another incision to treat various diseases (including a damaged labrum acetabulare, damaged cartilage, incipient arthrosis, ripping out of the ligamentum teres, synovial chondromatosis, villonodular synovitis, etc.)<\/p>\n<p style=\"text-align: justify;\"><strong>After the arthroscopy, hospitalization is of short duration, recovery is fast, and patients are able to walk immediately after the intervention and return home.<\/strong><\/p>\n<p>[\/vc_column_text][\/vc_column][\/vc_row]<\/p>\n","protected":false},"excerpt":{"rendered":"<p>[vc_row][vc_column][vc_row_inner][vc_column_inner width=&#8221;1\/4&#8243;][\/vc_column_inner][vc_column_inner width=&#8221;1\/2&#8243;][vc_single_image image=&#8221;7532&#8243; img_size=&#8221;100&#215;100&#8243; alignment=&#8221;center&#8221; css=&#8221;.vc_custom_1618908334106{margin-top: 0px !important;margin-right: 20px !important;margin-bottom: 0px !important;margin-left: 20px !important;}&#8221;][\/vc_column_inner][vc_column_inner width=&#8221;1\/4&#8243;][\/vc_column_inner][\/vc_row_inner][vc_column_text css=&#8221;.vc_custom_1620135489869{margin-bottom: 10px !important;}&#8221;] Arthroscopy [\/vc_column_text][vc_separator color=&#8221;custom&#8221; style=&#8221;dotted&#8221; accent_color=&#8221;#2f3762&#8243; css=&#8221;.vc_custom_1618680006860{margin-top: 0px !important;}&#8221;][vc_column_text] Arthroscopy allows for joint exploration and treatment, by means of optic fibers and a video monitor. The procedure is performed under general or local anesthesia. To access the joint, we have to distract the joint space using an external fixation or an orthopedic table to strongly pull the patient\u2019s foot. The surgeon performs this intervention under radioscopic control for better access to the joint during surgery. A camera is inserted into the hip via a small incision (a few mm in length), allowing the surgeon to view the entire joint. Miniature tools can be inserted through another incision to treat various diseases (including a damaged labrum acetabulare, damaged cartilage, incipient arthrosis, ripping out of the ligamentum teres, synovial chondromatosis, villonodular synovitis, etc.) After [&hellip;]<\/p>\n","protected":false},"author":1,"featured_media":0,"parent":7977,"menu_order":0,"comment_status":"closed","ping_status":"closed","template":"","meta":{"inline_featured_image":false,"footnotes":""},"class_list":["post-7968","page","type-page","status-publish","hentry"],"yoast_head":"<!-- This site is optimized with the Yoast SEO plugin v24.7 - https:\/\/yoast.com\/wordpress\/plugins\/seo\/ -->\n<title>Arthroscopy - Orthopedic Surgery - Nice French riviera<\/title>\n<meta name=\"description\" content=\"Orthopedic Surgery - Arthroscopy allows for joint exploration and treatment, by means of optic fibers and a video monitor. Nice French riviera\" \/>\n<meta name=\"robots\" content=\"index, follow, max-snippet:-1, max-image-preview:large, max-video-preview:-1\" \/>\n<link rel=\"canonical\" href=\"https:\/\/chirurgie-orthopedique.info\/en\/anatomie-de-la-hanche\/arthroscopy\/\" \/>\n<meta property=\"og:locale\" content=\"en_US\" \/>\n<meta property=\"og:type\" content=\"article\" \/>\n<meta property=\"og:title\" content=\"Arthroscopy - Orthopedic Surgery - Nice French riviera\" \/>\n<meta property=\"og:description\" content=\"Orthopedic Surgery - Arthroscopy allows for joint exploration and treatment, by means of optic fibers and a video monitor. Nice French riviera\" \/>\n<meta property=\"og:url\" content=\"https:\/\/chirurgie-orthopedique.info\/en\/anatomie-de-la-hanche\/arthroscopy\/\" \/>\n<meta property=\"og:site_name\" content=\"Chirurgie Orthopedique, sp\u00e9cialiste du Genou, Hanche, Epaule \u00e0 Nice\" \/>\n<meta property=\"article:publisher\" content=\"https:\/\/www.facebook.com\/Dr.Mandrino\" \/>\n<meta property=\"article:modified_time\" content=\"2021-05-04T13:38:13+00:00\" \/>\n<meta property=\"og:image\" content=\"https:\/\/chirurgie-orthopedique.info\/wp-content\/uploads\/2021\/04\/arriere-fond-du-cotyle.png\" \/>\n<meta name=\"twitter:card\" content=\"summary_large_image\" \/>\n<meta name=\"twitter:label1\" content=\"Est. reading time\" \/>\n\t<meta name=\"twitter:data1\" content=\"1 minute\" \/>\n<script type=\"application\/ld+json\" class=\"yoast-schema-graph\">{\"@context\":\"https:\/\/schema.org\",\"@graph\":[{\"@type\":\"WebPage\",\"@id\":\"https:\/\/chirurgie-orthopedique.info\/en\/anatomie-de-la-hanche\/arthroscopy\/\",\"url\":\"https:\/\/chirurgie-orthopedique.info\/en\/anatomie-de-la-hanche\/arthroscopy\/\",\"name\":\"Arthroscopy - Orthopedic Surgery - Nice French riviera\",\"isPartOf\":{\"@id\":\"https:\/\/chirurgie-orthopedique.info\/en\/#website\"},\"primaryImageOfPage\":{\"@id\":\"https:\/\/chirurgie-orthopedique.info\/en\/anatomie-de-la-hanche\/arthroscopy\/#primaryimage\"},\"image\":{\"@id\":\"https:\/\/chirurgie-orthopedique.info\/en\/anatomie-de-la-hanche\/arthroscopy\/#primaryimage\"},\"thumbnailUrl\":\"https:\/\/chirurgie-orthopedique.info\/wp-content\/uploads\/2021\/04\/arriere-fond-du-cotyle.png\",\"datePublished\":\"2021-05-04T13:33:56+00:00\",\"dateModified\":\"2021-05-04T13:38:13+00:00\",\"description\":\"Orthopedic Surgery - Arthroscopy allows for joint exploration and treatment, by means of optic fibers and a video monitor. Nice French riviera\",\"breadcrumb\":{\"@id\":\"https:\/\/chirurgie-orthopedique.info\/en\/anatomie-de-la-hanche\/arthroscopy\/#breadcrumb\"},\"inLanguage\":\"en-US\",\"potentialAction\":[{\"@type\":\"ReadAction\",\"target\":[\"https:\/\/chirurgie-orthopedique.info\/en\/anatomie-de-la-hanche\/arthroscopy\/\"]}]},{\"@type\":\"ImageObject\",\"inLanguage\":\"en-US\",\"@id\":\"https:\/\/chirurgie-orthopedique.info\/en\/anatomie-de-la-hanche\/arthroscopy\/#primaryimage\",\"url\":\"https:\/\/chirurgie-orthopedique.info\/wp-content\/uploads\/2021\/04\/arriere-fond-du-cotyle.png\",\"contentUrl\":\"https:\/\/chirurgie-orthopedique.info\/wp-content\/uploads\/2021\/04\/arriere-fond-du-cotyle.png\"},{\"@type\":\"BreadcrumbList\",\"@id\":\"https:\/\/chirurgie-orthopedique.info\/en\/anatomie-de-la-hanche\/arthroscopy\/#breadcrumb\",\"itemListElement\":[{\"@type\":\"ListItem\",\"position\":1,\"name\":\"Accueil\",\"item\":\"https:\/\/chirurgie-orthopedique.info\/en\/\"},{\"@type\":\"ListItem\",\"position\":2,\"name\":\"Hip anatomy\",\"item\":\"https:\/\/chirurgie-orthopedique.info\/en\/anatomie-de-la-hanche\/\"},{\"@type\":\"ListItem\",\"position\":3,\"name\":\"Arthroscopy\"}]},{\"@type\":\"WebSite\",\"@id\":\"https:\/\/chirurgie-orthopedique.info\/en\/#website\",\"url\":\"https:\/\/chirurgie-orthopedique.info\/en\/\",\"name\":\"Chirurgie Orthopedique, sp\u00e9cialiste du Genou, Hanche, Epaule \u00e0 Nice\",\"description\":\"Docteur Mandrino sp\u00e9cialis\u00e9 en chirurgie du genou, de la hanche et de l&#039; \u00e9paule \u00e0 Nice\",\"publisher\":{\"@id\":\"https:\/\/chirurgie-orthopedique.info\/en\/#organization\"},\"potentialAction\":[{\"@type\":\"SearchAction\",\"target\":{\"@type\":\"EntryPoint\",\"urlTemplate\":\"https:\/\/chirurgie-orthopedique.info\/en\/?s={search_term_string}\"},\"query-input\":{\"@type\":\"PropertyValueSpecification\",\"valueRequired\":true,\"valueName\":\"search_term_string\"}}],\"inLanguage\":\"en-US\"},{\"@type\":\"Organization\",\"@id\":\"https:\/\/chirurgie-orthopedique.info\/en\/#organization\",\"name\":\"Dr Alain Mandrino chirurgie orthop\u00e9dique \u00e0 Nice\",\"url\":\"https:\/\/chirurgie-orthopedique.info\/en\/\",\"logo\":{\"@type\":\"ImageObject\",\"inLanguage\":\"en-US\",\"@id\":\"https:\/\/chirurgie-orthopedique.info\/en\/#\/schema\/logo\/image\/\",\"url\":\"https:\/\/chirurgie-orthopedique.info\/wp-content\/uploads\/2017\/07\/dr-alain-mandrino-chirurgie-orthopedique-nice.png\",\"contentUrl\":\"https:\/\/chirurgie-orthopedique.info\/wp-content\/uploads\/2017\/07\/dr-alain-mandrino-chirurgie-orthopedique-nice.png\",\"width\":443,\"height\":230,\"caption\":\"Dr Alain Mandrino chirurgie orthop\u00e9dique \u00e0 Nice\"},\"image\":{\"@id\":\"https:\/\/chirurgie-orthopedique.info\/en\/#\/schema\/logo\/image\/\"},\"sameAs\":[\"https:\/\/www.facebook.com\/Dr.Mandrino\",\"https:\/\/www.instagram.com\/dralainmandrino\/\",\"https:\/\/www.youtube.com\/user\/amandrino\"]}]}<\/script>\n<!-- \/ Yoast SEO plugin. -->","yoast_head_json":{"title":"Arthroscopy - Orthopedic Surgery - Nice French riviera","description":"Orthopedic Surgery - Arthroscopy allows for joint exploration and treatment, by means of optic fibers and a video monitor. Nice French riviera","robots":{"index":"index","follow":"follow","max-snippet":"max-snippet:-1","max-image-preview":"max-image-preview:large","max-video-preview":"max-video-preview:-1"},"canonical":"https:\/\/chirurgie-orthopedique.info\/en\/anatomie-de-la-hanche\/arthroscopy\/","og_locale":"en_US","og_type":"article","og_title":"Arthroscopy - Orthopedic Surgery - Nice French riviera","og_description":"Orthopedic Surgery - Arthroscopy allows for joint exploration and treatment, by means of optic fibers and a video monitor. Nice French riviera","og_url":"https:\/\/chirurgie-orthopedique.info\/en\/anatomie-de-la-hanche\/arthroscopy\/","og_site_name":"Chirurgie Orthopedique, sp\u00e9cialiste du Genou, Hanche, Epaule \u00e0 Nice","article_publisher":"https:\/\/www.facebook.com\/Dr.Mandrino","article_modified_time":"2021-05-04T13:38:13+00:00","og_image":[{"url":"https:\/\/chirurgie-orthopedique.info\/wp-content\/uploads\/2021\/04\/arriere-fond-du-cotyle.png","type":"","width":"","height":""}],"twitter_card":"summary_large_image","twitter_misc":{"Est. reading time":"1 minute"},"schema":{"@context":"https:\/\/schema.org","@graph":[{"@type":"WebPage","@id":"https:\/\/chirurgie-orthopedique.info\/en\/anatomie-de-la-hanche\/arthroscopy\/","url":"https:\/\/chirurgie-orthopedique.info\/en\/anatomie-de-la-hanche\/arthroscopy\/","name":"Arthroscopy - Orthopedic Surgery - Nice French riviera","isPartOf":{"@id":"https:\/\/chirurgie-orthopedique.info\/en\/#website"},"primaryImageOfPage":{"@id":"https:\/\/chirurgie-orthopedique.info\/en\/anatomie-de-la-hanche\/arthroscopy\/#primaryimage"},"image":{"@id":"https:\/\/chirurgie-orthopedique.info\/en\/anatomie-de-la-hanche\/arthroscopy\/#primaryimage"},"thumbnailUrl":"https:\/\/chirurgie-orthopedique.info\/wp-content\/uploads\/2021\/04\/arriere-fond-du-cotyle.png","datePublished":"2021-05-04T13:33:56+00:00","dateModified":"2021-05-04T13:38:13+00:00","description":"Orthopedic Surgery - Arthroscopy allows for joint exploration and treatment, by means of optic fibers and a video monitor. Nice French riviera","breadcrumb":{"@id":"https:\/\/chirurgie-orthopedique.info\/en\/anatomie-de-la-hanche\/arthroscopy\/#breadcrumb"},"inLanguage":"en-US","potentialAction":[{"@type":"ReadAction","target":["https:\/\/chirurgie-orthopedique.info\/en\/anatomie-de-la-hanche\/arthroscopy\/"]}]},{"@type":"ImageObject","inLanguage":"en-US","@id":"https:\/\/chirurgie-orthopedique.info\/en\/anatomie-de-la-hanche\/arthroscopy\/#primaryimage","url":"https:\/\/chirurgie-orthopedique.info\/wp-content\/uploads\/2021\/04\/arriere-fond-du-cotyle.png","contentUrl":"https:\/\/chirurgie-orthopedique.info\/wp-content\/uploads\/2021\/04\/arriere-fond-du-cotyle.png"},{"@type":"BreadcrumbList","@id":"https:\/\/chirurgie-orthopedique.info\/en\/anatomie-de-la-hanche\/arthroscopy\/#breadcrumb","itemListElement":[{"@type":"ListItem","position":1,"name":"Accueil","item":"https:\/\/chirurgie-orthopedique.info\/en\/"},{"@type":"ListItem","position":2,"name":"Hip anatomy","item":"https:\/\/chirurgie-orthopedique.info\/en\/anatomie-de-la-hanche\/"},{"@type":"ListItem","position":3,"name":"Arthroscopy"}]},{"@type":"WebSite","@id":"https:\/\/chirurgie-orthopedique.info\/en\/#website","url":"https:\/\/chirurgie-orthopedique.info\/en\/","name":"Chirurgie Orthopedique, sp\u00e9cialiste du Genou, Hanche, Epaule \u00e0 Nice","description":"Docteur Mandrino sp\u00e9cialis\u00e9 en chirurgie du genou, de la hanche et de l&#039; \u00e9paule \u00e0 Nice","publisher":{"@id":"https:\/\/chirurgie-orthopedique.info\/en\/#organization"},"potentialAction":[{"@type":"SearchAction","target":{"@type":"EntryPoint","urlTemplate":"https:\/\/chirurgie-orthopedique.info\/en\/?s={search_term_string}"},"query-input":{"@type":"PropertyValueSpecification","valueRequired":true,"valueName":"search_term_string"}}],"inLanguage":"en-US"},{"@type":"Organization","@id":"https:\/\/chirurgie-orthopedique.info\/en\/#organization","name":"Dr Alain Mandrino chirurgie orthop\u00e9dique \u00e0 Nice","url":"https:\/\/chirurgie-orthopedique.info\/en\/","logo":{"@type":"ImageObject","inLanguage":"en-US","@id":"https:\/\/chirurgie-orthopedique.info\/en\/#\/schema\/logo\/image\/","url":"https:\/\/chirurgie-orthopedique.info\/wp-content\/uploads\/2017\/07\/dr-alain-mandrino-chirurgie-orthopedique-nice.png","contentUrl":"https:\/\/chirurgie-orthopedique.info\/wp-content\/uploads\/2017\/07\/dr-alain-mandrino-chirurgie-orthopedique-nice.png","width":443,"height":230,"caption":"Dr Alain Mandrino chirurgie orthop\u00e9dique \u00e0 Nice"},"image":{"@id":"https:\/\/chirurgie-orthopedique.info\/en\/#\/schema\/logo\/image\/"},"sameAs":["https:\/\/www.facebook.com\/Dr.Mandrino","https:\/\/www.instagram.com\/dralainmandrino\/","https:\/\/www.youtube.com\/user\/amandrino"]}]}},"jetpack_sharing_enabled":true,"_links":{"self":[{"href":"https:\/\/chirurgie-orthopedique.info\/en\/wp-json\/wp\/v2\/pages\/7968","targetHints":{"allow":["GET"]}}],"collection":[{"href":"https:\/\/chirurgie-orthopedique.info\/en\/wp-json\/wp\/v2\/pages"}],"about":[{"href":"https:\/\/chirurgie-orthopedique.info\/en\/wp-json\/wp\/v2\/types\/page"}],"author":[{"embeddable":true,"href":"https:\/\/chirurgie-orthopedique.info\/en\/wp-json\/wp\/v2\/users\/1"}],"replies":[{"embeddable":true,"href":"https:\/\/chirurgie-orthopedique.info\/en\/wp-json\/wp\/v2\/comments?post=7968"}],"version-history":[{"count":0,"href":"https:\/\/chirurgie-orthopedique.info\/en\/wp-json\/wp\/v2\/pages\/7968\/revisions"}],"up":[{"embeddable":true,"href":"https:\/\/chirurgie-orthopedique.info\/en\/wp-json\/wp\/v2\/pages\/7977"}],"wp:attachment":[{"href":"https:\/\/chirurgie-orthopedique.info\/en\/wp-json\/wp\/v2\/media?parent=7968"}],"curies":[{"name":"wp","href":"https:\/\/api.w.org\/{rel}","templated":true}]}}