{"id":7977,"date":"2021-05-04T13:40:54","date_gmt":"2021-05-04T13:40:54","guid":{"rendered":"https:\/\/toty.fr\/wordpress\/?page_id=7977"},"modified":"2021-05-04T13:42:32","modified_gmt":"2021-05-04T13:42:32","slug":"anatomie-de-la-hanche","status":"publish","type":"page","link":"https:\/\/chirurgie-orthopedique.info\/en\/anatomie-de-la-hanche\/","title":{"rendered":"Hip anatomy"},"content":{"rendered":"<p>[vc_row][vc_column][vc_single_image image=&#8221;7532&#8243; img_size=&#8221;100&#215;100&#8243; alignment=&#8221;center&#8221; css=&#8221;.vc_custom_1618907536187{margin-top: 0px !important;margin-bottom: 0px !important;}&#8221;][vc_column_text css=&#8221;.vc_custom_1620135681303{margin-bottom: 10px !important;}&#8221;]<\/p>\n<h2 style=\"text-align: center;\">Hip anatomy<\/h2>\n<p>[\/vc_column_text][vc_separator color=&#8221;custom&#8221; style=&#8221;dotted&#8221; accent_color=&#8221;#2f3762&#8243; css=&#8221;.vc_custom_1618680006860{margin-top: 0px !important;}&#8221;][vc_column_text]<\/p>\n<nav class=\"g1-nav-breadcrumbs g1-meta\"><img decoding=\"async\" class=\"alignright wp-image-7292 size-full\" title=\"Anatomie de la hanche\" src=\"https:\/\/chirurgie-orthopedique.info\/wp-content\/uploads\/2021\/04\/anatomie-hanche.jpg\" alt=\"anatomie de la hanche\" width=\"250\" height=\"206\" srcset=\"https:\/\/chirurgie-orthopedique.info\/wp-content\/uploads\/2021\/04\/anatomie-hanche.jpg 250w, https:\/\/chirurgie-orthopedique.info\/wp-content\/uploads\/2021\/04\/anatomie-hanche-125x103.jpg 125w\" sizes=\"(max-width: 250px) 100vw, 250px\" \/><\/p>\n<p style=\"text-align: justify;\"><strong>The hip is the supporting joint connecting the pelvis and the femur (thighbone).<\/strong> The joint moves easily when all of these parts are healthy. It is covered with tissue and held together by large muscles.<\/p>\n<p style=\"text-align: justify;\">The femur head is a sphere 45mm in diameter. Bone surfaces of the femoral head and the pelvis\u2019s acetabular cavity are covered with cartilage, a soft layer of tissue that enables sliding and movement.<br \/>\nHealthy cartilage absorbs tension and allows for the femoral head to slide into its cavity.<\/p>\n<p style=\"text-align: justify;\">In hip pathology, osteoarthrosis occurs when this cartilage and its subjacent bone lose their sliding properties.<br \/>\nThe hip allows for homogeneous distribution of forces and a broader range of movement.<\/p>\n<\/nav>\n<p>[\/vc_column_text][\/vc_column][\/vc_row]<\/p>\n","protected":false},"excerpt":{"rendered":"<p>[vc_row][vc_column][vc_single_image image=&#8221;7532&#8243; img_size=&#8221;100&#215;100&#8243; alignment=&#8221;center&#8221; css=&#8221;.vc_custom_1618907536187{margin-top: 0px !important;margin-bottom: 0px !important;}&#8221;][vc_column_text css=&#8221;.vc_custom_1620135681303{margin-bottom: 10px !important;}&#8221;] Hip anatomy [\/vc_column_text][vc_separator color=&#8221;custom&#8221; style=&#8221;dotted&#8221; accent_color=&#8221;#2f3762&#8243; css=&#8221;.vc_custom_1618680006860{margin-top: 0px !important;}&#8221;][vc_column_text] The hip is the supporting joint connecting the pelvis and the femur (thighbone). The joint moves easily when all of these parts are healthy. It is covered with tissue and held together by large muscles. The femur head is a sphere 45mm in diameter. Bone surfaces of the femoral head and the pelvis\u2019s acetabular cavity are covered with cartilage, a soft layer of tissue that enables sliding and movement. Healthy cartilage absorbs tension and allows for the femoral head to slide into its cavity. In hip pathology, osteoarthrosis occurs when this cartilage and its subjacent bone lose their sliding properties. The hip allows for homogeneous distribution of forces and a broader range of movement. [\/vc_column_text][\/vc_column][\/vc_row]<\/p>\n","protected":false},"author":1,"featured_media":0,"parent":0,"menu_order":0,"comment_status":"closed","ping_status":"closed","template":"","meta":{"inline_featured_image":false,"footnotes":""},"class_list":["post-7977","page","type-page","status-publish","hentry"],"yoast_head":"<!-- This site is optimized with the Yoast SEO plugin v24.7 - https:\/\/yoast.com\/wordpress\/plugins\/seo\/ -->\n<title>Hip anatomy and physiopathology - Orthopaedic surgery<\/title>\n<meta name=\"description\" content=\"Hip anatomy and physiopathology - orthopaedic surgery - Online appointment with Dr Mandrino Nice French Riviera\" \/>\n<meta name=\"robots\" content=\"index, follow, max-snippet:-1, max-image-preview:large, max-video-preview:-1\" \/>\n<link rel=\"canonical\" href=\"https:\/\/chirurgie-orthopedique.info\/en\/anatomie-de-la-hanche\/\" \/>\n<meta property=\"og:locale\" content=\"en_US\" \/>\n<meta property=\"og:type\" content=\"article\" \/>\n<meta property=\"og:title\" content=\"Hip anatomy and physiopathology - Orthopaedic surgery\" \/>\n<meta property=\"og:description\" content=\"Hip anatomy and physiopathology - orthopaedic surgery - Online appointment with Dr Mandrino Nice French Riviera\" \/>\n<meta property=\"og:url\" content=\"https:\/\/chirurgie-orthopedique.info\/en\/anatomie-de-la-hanche\/\" \/>\n<meta property=\"og:site_name\" content=\"Chirurgie Orthopedique, sp\u00e9cialiste du Genou, Hanche, Epaule \u00e0 Nice\" \/>\n<meta property=\"article:publisher\" content=\"https:\/\/www.facebook.com\/Dr.Mandrino\" \/>\n<meta property=\"article:modified_time\" content=\"2021-05-04T13:42:32+00:00\" \/>\n<meta property=\"og:image\" content=\"https:\/\/chirurgie-orthopedique.info\/wp-content\/uploads\/2021\/04\/anatomie-hanche.jpg\" \/>\n<meta name=\"twitter:card\" content=\"summary_large_image\" \/>\n<meta name=\"twitter:label1\" content=\"Est. reading time\" \/>\n\t<meta name=\"twitter:data1\" content=\"1 minute\" \/>\n<script type=\"application\/ld+json\" class=\"yoast-schema-graph\">{\"@context\":\"https:\/\/schema.org\",\"@graph\":[{\"@type\":\"WebPage\",\"@id\":\"https:\/\/chirurgie-orthopedique.info\/en\/anatomie-de-la-hanche\/\",\"url\":\"https:\/\/chirurgie-orthopedique.info\/en\/anatomie-de-la-hanche\/\",\"name\":\"Hip anatomy and physiopathology - Orthopaedic surgery\",\"isPartOf\":{\"@id\":\"https:\/\/chirurgie-orthopedique.info\/en\/#website\"},\"primaryImageOfPage\":{\"@id\":\"https:\/\/chirurgie-orthopedique.info\/en\/anatomie-de-la-hanche\/#primaryimage\"},\"image\":{\"@id\":\"https:\/\/chirurgie-orthopedique.info\/en\/anatomie-de-la-hanche\/#primaryimage\"},\"thumbnailUrl\":\"https:\/\/chirurgie-orthopedique.info\/wp-content\/uploads\/2021\/04\/anatomie-hanche.jpg\",\"datePublished\":\"2021-05-04T13:40:54+00:00\",\"dateModified\":\"2021-05-04T13:42:32+00:00\",\"description\":\"Hip anatomy and physiopathology - orthopaedic surgery - Online appointment with Dr Mandrino Nice French Riviera\",\"breadcrumb\":{\"@id\":\"https:\/\/chirurgie-orthopedique.info\/en\/anatomie-de-la-hanche\/#breadcrumb\"},\"inLanguage\":\"en-US\",\"potentialAction\":[{\"@type\":\"ReadAction\",\"target\":[\"https:\/\/chirurgie-orthopedique.info\/en\/anatomie-de-la-hanche\/\"]}]},{\"@type\":\"ImageObject\",\"inLanguage\":\"en-US\",\"@id\":\"https:\/\/chirurgie-orthopedique.info\/en\/anatomie-de-la-hanche\/#primaryimage\",\"url\":\"https:\/\/chirurgie-orthopedique.info\/wp-content\/uploads\/2021\/04\/anatomie-hanche.jpg\",\"contentUrl\":\"https:\/\/chirurgie-orthopedique.info\/wp-content\/uploads\/2021\/04\/anatomie-hanche.jpg\"},{\"@type\":\"BreadcrumbList\",\"@id\":\"https:\/\/chirurgie-orthopedique.info\/en\/anatomie-de-la-hanche\/#breadcrumb\",\"itemListElement\":[{\"@type\":\"ListItem\",\"position\":1,\"name\":\"Accueil\",\"item\":\"https:\/\/chirurgie-orthopedique.info\/en\/\"},{\"@type\":\"ListItem\",\"position\":2,\"name\":\"Hip anatomy\"}]},{\"@type\":\"WebSite\",\"@id\":\"https:\/\/chirurgie-orthopedique.info\/en\/#website\",\"url\":\"https:\/\/chirurgie-orthopedique.info\/en\/\",\"name\":\"Chirurgie Orthopedique, sp\u00e9cialiste du Genou, Hanche, Epaule \u00e0 Nice\",\"description\":\"Docteur Mandrino sp\u00e9cialis\u00e9 en chirurgie du genou, de la hanche et de l&#039; \u00e9paule \u00e0 Nice\",\"publisher\":{\"@id\":\"https:\/\/chirurgie-orthopedique.info\/en\/#organization\"},\"potentialAction\":[{\"@type\":\"SearchAction\",\"target\":{\"@type\":\"EntryPoint\",\"urlTemplate\":\"https:\/\/chirurgie-orthopedique.info\/en\/?s={search_term_string}\"},\"query-input\":{\"@type\":\"PropertyValueSpecification\",\"valueRequired\":true,\"valueName\":\"search_term_string\"}}],\"inLanguage\":\"en-US\"},{\"@type\":\"Organization\",\"@id\":\"https:\/\/chirurgie-orthopedique.info\/en\/#organization\",\"name\":\"Dr Alain Mandrino chirurgie orthop\u00e9dique \u00e0 Nice\",\"url\":\"https:\/\/chirurgie-orthopedique.info\/en\/\",\"logo\":{\"@type\":\"ImageObject\",\"inLanguage\":\"en-US\",\"@id\":\"https:\/\/chirurgie-orthopedique.info\/en\/#\/schema\/logo\/image\/\",\"url\":\"https:\/\/chirurgie-orthopedique.info\/wp-content\/uploads\/2017\/07\/dr-alain-mandrino-chirurgie-orthopedique-nice.png\",\"contentUrl\":\"https:\/\/chirurgie-orthopedique.info\/wp-content\/uploads\/2017\/07\/dr-alain-mandrino-chirurgie-orthopedique-nice.png\",\"width\":443,\"height\":230,\"caption\":\"Dr Alain Mandrino chirurgie orthop\u00e9dique \u00e0 Nice\"},\"image\":{\"@id\":\"https:\/\/chirurgie-orthopedique.info\/en\/#\/schema\/logo\/image\/\"},\"sameAs\":[\"https:\/\/www.facebook.com\/Dr.Mandrino\",\"https:\/\/www.instagram.com\/dralainmandrino\/\",\"https:\/\/www.youtube.com\/user\/amandrino\"]}]}<\/script>\n<!-- \/ Yoast SEO plugin. -->","yoast_head_json":{"title":"Hip anatomy and physiopathology - Orthopaedic surgery","description":"Hip anatomy and physiopathology - orthopaedic surgery - Online appointment with Dr Mandrino Nice French Riviera","robots":{"index":"index","follow":"follow","max-snippet":"max-snippet:-1","max-image-preview":"max-image-preview:large","max-video-preview":"max-video-preview:-1"},"canonical":"https:\/\/chirurgie-orthopedique.info\/en\/anatomie-de-la-hanche\/","og_locale":"en_US","og_type":"article","og_title":"Hip anatomy and physiopathology - Orthopaedic surgery","og_description":"Hip anatomy and physiopathology - orthopaedic surgery - Online appointment with Dr Mandrino Nice French Riviera","og_url":"https:\/\/chirurgie-orthopedique.info\/en\/anatomie-de-la-hanche\/","og_site_name":"Chirurgie Orthopedique, sp\u00e9cialiste du Genou, Hanche, Epaule \u00e0 Nice","article_publisher":"https:\/\/www.facebook.com\/Dr.Mandrino","article_modified_time":"2021-05-04T13:42:32+00:00","og_image":[{"url":"https:\/\/chirurgie-orthopedique.info\/wp-content\/uploads\/2021\/04\/anatomie-hanche.jpg","type":"","width":"","height":""}],"twitter_card":"summary_large_image","twitter_misc":{"Est. reading time":"1 minute"},"schema":{"@context":"https:\/\/schema.org","@graph":[{"@type":"WebPage","@id":"https:\/\/chirurgie-orthopedique.info\/en\/anatomie-de-la-hanche\/","url":"https:\/\/chirurgie-orthopedique.info\/en\/anatomie-de-la-hanche\/","name":"Hip anatomy and physiopathology - Orthopaedic surgery","isPartOf":{"@id":"https:\/\/chirurgie-orthopedique.info\/en\/#website"},"primaryImageOfPage":{"@id":"https:\/\/chirurgie-orthopedique.info\/en\/anatomie-de-la-hanche\/#primaryimage"},"image":{"@id":"https:\/\/chirurgie-orthopedique.info\/en\/anatomie-de-la-hanche\/#primaryimage"},"thumbnailUrl":"https:\/\/chirurgie-orthopedique.info\/wp-content\/uploads\/2021\/04\/anatomie-hanche.jpg","datePublished":"2021-05-04T13:40:54+00:00","dateModified":"2021-05-04T13:42:32+00:00","description":"Hip anatomy and physiopathology - orthopaedic surgery - Online appointment with Dr Mandrino Nice French Riviera","breadcrumb":{"@id":"https:\/\/chirurgie-orthopedique.info\/en\/anatomie-de-la-hanche\/#breadcrumb"},"inLanguage":"en-US","potentialAction":[{"@type":"ReadAction","target":["https:\/\/chirurgie-orthopedique.info\/en\/anatomie-de-la-hanche\/"]}]},{"@type":"ImageObject","inLanguage":"en-US","@id":"https:\/\/chirurgie-orthopedique.info\/en\/anatomie-de-la-hanche\/#primaryimage","url":"https:\/\/chirurgie-orthopedique.info\/wp-content\/uploads\/2021\/04\/anatomie-hanche.jpg","contentUrl":"https:\/\/chirurgie-orthopedique.info\/wp-content\/uploads\/2021\/04\/anatomie-hanche.jpg"},{"@type":"BreadcrumbList","@id":"https:\/\/chirurgie-orthopedique.info\/en\/anatomie-de-la-hanche\/#breadcrumb","itemListElement":[{"@type":"ListItem","position":1,"name":"Accueil","item":"https:\/\/chirurgie-orthopedique.info\/en\/"},{"@type":"ListItem","position":2,"name":"Hip anatomy"}]},{"@type":"WebSite","@id":"https:\/\/chirurgie-orthopedique.info\/en\/#website","url":"https:\/\/chirurgie-orthopedique.info\/en\/","name":"Chirurgie Orthopedique, sp\u00e9cialiste du Genou, Hanche, Epaule \u00e0 Nice","description":"Docteur Mandrino sp\u00e9cialis\u00e9 en chirurgie du genou, de la hanche et de l&#039; \u00e9paule \u00e0 Nice","publisher":{"@id":"https:\/\/chirurgie-orthopedique.info\/en\/#organization"},"potentialAction":[{"@type":"SearchAction","target":{"@type":"EntryPoint","urlTemplate":"https:\/\/chirurgie-orthopedique.info\/en\/?s={search_term_string}"},"query-input":{"@type":"PropertyValueSpecification","valueRequired":true,"valueName":"search_term_string"}}],"inLanguage":"en-US"},{"@type":"Organization","@id":"https:\/\/chirurgie-orthopedique.info\/en\/#organization","name":"Dr Alain Mandrino chirurgie orthop\u00e9dique \u00e0 Nice","url":"https:\/\/chirurgie-orthopedique.info\/en\/","logo":{"@type":"ImageObject","inLanguage":"en-US","@id":"https:\/\/chirurgie-orthopedique.info\/en\/#\/schema\/logo\/image\/","url":"https:\/\/chirurgie-orthopedique.info\/wp-content\/uploads\/2017\/07\/dr-alain-mandrino-chirurgie-orthopedique-nice.png","contentUrl":"https:\/\/chirurgie-orthopedique.info\/wp-content\/uploads\/2017\/07\/dr-alain-mandrino-chirurgie-orthopedique-nice.png","width":443,"height":230,"caption":"Dr Alain Mandrino chirurgie orthop\u00e9dique \u00e0 Nice"},"image":{"@id":"https:\/\/chirurgie-orthopedique.info\/en\/#\/schema\/logo\/image\/"},"sameAs":["https:\/\/www.facebook.com\/Dr.Mandrino","https:\/\/www.instagram.com\/dralainmandrino\/","https:\/\/www.youtube.com\/user\/amandrino"]}]}},"jetpack_sharing_enabled":true,"_links":{"self":[{"href":"https:\/\/chirurgie-orthopedique.info\/en\/wp-json\/wp\/v2\/pages\/7977","targetHints":{"allow":["GET"]}}],"collection":[{"href":"https:\/\/chirurgie-orthopedique.info\/en\/wp-json\/wp\/v2\/pages"}],"about":[{"href":"https:\/\/chirurgie-orthopedique.info\/en\/wp-json\/wp\/v2\/types\/page"}],"author":[{"embeddable":true,"href":"https:\/\/chirurgie-orthopedique.info\/en\/wp-json\/wp\/v2\/users\/1"}],"replies":[{"embeddable":true,"href":"https:\/\/chirurgie-orthopedique.info\/en\/wp-json\/wp\/v2\/comments?post=7977"}],"version-history":[{"count":0,"href":"https:\/\/chirurgie-orthopedique.info\/en\/wp-json\/wp\/v2\/pages\/7977\/revisions"}],"wp:attachment":[{"href":"https:\/\/chirurgie-orthopedique.info\/en\/wp-json\/wp\/v2\/media?parent=7977"}],"curies":[{"name":"wp","href":"https:\/\/api.w.org\/{rel}","templated":true}]}}