{"id":7985,"date":"2021-05-04T13:46:20","date_gmt":"2021-05-04T13:46:20","guid":{"rendered":"https:\/\/toty.fr\/wordpress\/?page_id=7985"},"modified":"2021-05-06T13:46:45","modified_gmt":"2021-05-06T13:46:45","slug":"resurfacage-de-la-hanche","status":"publish","type":"page","link":"https:\/\/chirurgie-orthopedique.info\/en\/anatomie-de-lepaule\/resurfacage-de-la-hanche\/","title":{"rendered":"Hip resurfacing"},"content":{"rendered":"<p>[vc_row][vc_column][vc_row_inner][vc_column_inner width=&#8221;1\/4&#8243;][\/vc_column_inner][vc_column_inner width=&#8221;1\/2&#8243;][vc_single_image image=&#8221;8652&#8243; img_size=&#8221;100&#215;100&#8243; alignment=&#8221;center&#8221; css=&#8221;.vc_custom_1620308691699{margin-top: 0px !important;margin-right: 20px !important;margin-bottom: 0px !important;margin-left: 20px !important;}&#8221;][\/vc_column_inner][vc_column_inner width=&#8221;1\/4&#8243;][\/vc_column_inner][\/vc_row_inner][vc_column_text css=&#8221;.vc_custom_1620136008895{margin-bottom: 10px !important;}&#8221;]<\/p>\n<h2 style=\"text-align: center;\">Hip resurfacing<\/h2>\n<p>[\/vc_column_text][vc_separator color=&#8221;custom&#8221; style=&#8221;dotted&#8221; accent_color=&#8221;#2f3762&#8243; css=&#8221;.vc_custom_1618680006860{margin-top: 0px !important;}&#8221;][vc_column_text]<\/p>\n<p style=\"text-align: justify;\"><strong><img decoding=\"async\" class=\"size-full wp-image-7350 alignright\" src=\"https:\/\/chirurgie-orthopedique.info\/wp-content\/uploads\/2021\/04\/resurfacage-hanche-2.png\" alt=\"Resurfa\u00e7age de la hanche\" width=\"200\" height=\"256\" srcset=\"https:\/\/chirurgie-orthopedique.info\/wp-content\/uploads\/2021\/04\/resurfacage-hanche-2.png 200w, https:\/\/chirurgie-orthopedique.info\/wp-content\/uploads\/2021\/04\/resurfacage-hanche-2-98x125.png 98w\" sizes=\"(max-width: 200px) 100vw, 200px\" \/><\/strong><\/p>\n<p style=\"text-align: justify;\"><strong>Hip resurfacing is an alternative to hip prosthesis. This procedure consists of joint replacement for young and active patients.<\/strong><\/p>\n<p style=\"text-align: justify;\">It is different from hip replacement in that this method maintains the femoral head, which is covered with a prosthetic steel sphere. It articulates with a steel cup that is firmly secured into the cotyla like a complete hip prosthesis. The friction couple (like the ceramic-ceramic couple) is \u201chard-hard,\u201d and in this case metal-metal, which is longer-lasting.<\/p>\n<p style=\"text-align: justify;\"><strong>\u00a0<\/strong><\/p>\n<p>[\/vc_column_text][vc_column_text]<\/p>\n<p style=\"text-align: justify;\"><strong>This procedure allows patients to keep the femoral neck and the majority of the femoral head<\/strong>, with a large head diameter so as to improve stability and decrease dislocation risk. In case of an overhaul, it is easier to switch to a standard prosthesis.<\/p>\n<p style=\"text-align: justify;\"><strong><img decoding=\"async\" class=\"wp-image-7351 size-full alignleft\" title=\"Resurfa\u00e7age de la hanche\" src=\"https:\/\/chirurgie-orthopedique.info\/wp-content\/uploads\/2021\/04\/radio-resurfacage-hanche.jpg\" alt=\"Resurfa\u00e7age de la hanche\" width=\"150\" height=\"264\" srcset=\"https:\/\/chirurgie-orthopedique.info\/wp-content\/uploads\/2021\/04\/radio-resurfacage-hanche.jpg 150w, https:\/\/chirurgie-orthopedique.info\/wp-content\/uploads\/2021\/04\/radio-resurfacage-hanche-71x125.jpg 71w\" sizes=\"(max-width: 150px) 100vw, 150px\" \/><\/strong><\/p>\n<p style=\"text-align: justify;\">However, hip resurfacing is not devoid of any complications. Besides the previously mentioned complications associated with hip replacement surgery, the metal\/metal friction couple releases tiny amounts of metallic ions into the body, which is inappropriate for female patients who are wish to get pregnant.<br \/>\nThere is also a risk of femoral neck fracture. The femoral neck can be weakened by the drilling conducted to set the prosthetic femoral head, making this procedure inappropriate for patients over 55 who may suffer from osteoporosis.<\/p>\n<p style=\"text-align: justify;\">During surgery, the cotyla can be lacking in primary stability. Should this be the case, we must use cotylae with screws, which do not fit with resurfacing cups, and therefore total hip replacement must be performed.<br \/>\n<strong>This surgery cannot be carried out via minimally invasive techniques.<\/strong> However, it can be used as a browsing system to improve femoral head positioning.<\/p>\n<p>[\/vc_column_text][\/vc_column][\/vc_row]<\/p>\n","protected":false},"excerpt":{"rendered":"<p>[vc_row][vc_column][vc_row_inner][vc_column_inner width=&#8221;1\/4&#8243;][\/vc_column_inner][vc_column_inner width=&#8221;1\/2&#8243;][vc_single_image image=&#8221;8652&#8243; img_size=&#8221;100&#215;100&#8243; alignment=&#8221;center&#8221; css=&#8221;.vc_custom_1620308691699{margin-top: 0px !important;margin-right: 20px !important;margin-bottom: 0px !important;margin-left: 20px !important;}&#8221;][\/vc_column_inner][vc_column_inner width=&#8221;1\/4&#8243;][\/vc_column_inner][\/vc_row_inner][vc_column_text css=&#8221;.vc_custom_1620136008895{margin-bottom: 10px !important;}&#8221;] Hip resurfacing [\/vc_column_text][vc_separator color=&#8221;custom&#8221; style=&#8221;dotted&#8221; accent_color=&#8221;#2f3762&#8243; css=&#8221;.vc_custom_1618680006860{margin-top: 0px !important;}&#8221;][vc_column_text] Hip resurfacing is an alternative to hip prosthesis. This procedure consists of joint replacement for young and active patients. It is different from hip replacement in that this method maintains the femoral head, which is covered with a prosthetic steel sphere. It articulates with a steel cup that is firmly secured into the cotyla like a complete hip prosthesis. The friction couple (like the ceramic-ceramic couple) is \u201chard-hard,\u201d and in this case metal-metal, which is longer-lasting. \u00a0 [\/vc_column_text][vc_column_text] This procedure allows patients to keep the femoral neck and the majority of the femoral head, with a large head diameter so as to improve stability and decrease dislocation risk. In case of an overhaul, it is easier to switch to a standard prosthesis. [&hellip;]<\/p>\n","protected":false},"author":1,"featured_media":0,"parent":8013,"menu_order":0,"comment_status":"closed","ping_status":"closed","template":"","meta":{"inline_featured_image":false,"footnotes":""},"class_list":["post-7985","page","type-page","status-publish","hentry"],"yoast_head":"<!-- This site is optimized with the Yoast SEO plugin v24.7 - https:\/\/yoast.com\/wordpress\/plugins\/seo\/ -->\n<title>Hip resurfacing - Orthopedic Surgery - Nice French riviera<\/title>\n<meta name=\"description\" content=\"Hip resurfacing is an alternative to hip prosthesis. This procedure consists of joint replacement for young and active patients.\" \/>\n<meta name=\"robots\" content=\"index, follow, max-snippet:-1, max-image-preview:large, max-video-preview:-1\" \/>\n<link rel=\"canonical\" href=\"https:\/\/chirurgie-orthopedique.info\/en\/anatomie-de-lepaule\/resurfacage-de-la-hanche\/\" \/>\n<meta property=\"og:locale\" content=\"en_US\" \/>\n<meta property=\"og:type\" content=\"article\" \/>\n<meta property=\"og:title\" content=\"Hip resurfacing - Orthopedic Surgery - Nice French riviera\" \/>\n<meta property=\"og:description\" content=\"Hip resurfacing is an alternative to hip prosthesis. This procedure consists of joint replacement for young and active patients.\" \/>\n<meta property=\"og:url\" content=\"https:\/\/chirurgie-orthopedique.info\/en\/anatomie-de-lepaule\/resurfacage-de-la-hanche\/\" \/>\n<meta property=\"og:site_name\" content=\"Chirurgie Orthopedique, sp\u00e9cialiste du Genou, Hanche, Epaule \u00e0 Nice\" \/>\n<meta property=\"article:publisher\" content=\"https:\/\/www.facebook.com\/Dr.Mandrino\" \/>\n<meta property=\"article:modified_time\" content=\"2021-05-06T13:46:45+00:00\" \/>\n<meta property=\"og:image\" content=\"https:\/\/chirurgie-orthopedique.info\/wp-content\/uploads\/2021\/04\/resurfacage-hanche-2.png\" \/>\n<meta name=\"twitter:card\" content=\"summary_large_image\" \/>\n<meta name=\"twitter:label1\" content=\"Est. reading time\" \/>\n\t<meta name=\"twitter:data1\" content=\"2 minutes\" \/>\n<script type=\"application\/ld+json\" class=\"yoast-schema-graph\">{\"@context\":\"https:\/\/schema.org\",\"@graph\":[{\"@type\":\"WebPage\",\"@id\":\"https:\/\/chirurgie-orthopedique.info\/en\/anatomie-de-lepaule\/resurfacage-de-la-hanche\/\",\"url\":\"https:\/\/chirurgie-orthopedique.info\/en\/anatomie-de-lepaule\/resurfacage-de-la-hanche\/\",\"name\":\"Hip resurfacing - Orthopedic Surgery - Nice French riviera\",\"isPartOf\":{\"@id\":\"https:\/\/chirurgie-orthopedique.info\/en\/#website\"},\"primaryImageOfPage\":{\"@id\":\"https:\/\/chirurgie-orthopedique.info\/en\/anatomie-de-lepaule\/resurfacage-de-la-hanche\/#primaryimage\"},\"image\":{\"@id\":\"https:\/\/chirurgie-orthopedique.info\/en\/anatomie-de-lepaule\/resurfacage-de-la-hanche\/#primaryimage\"},\"thumbnailUrl\":\"https:\/\/chirurgie-orthopedique.info\/wp-content\/uploads\/2021\/04\/resurfacage-hanche-2.png\",\"datePublished\":\"2021-05-04T13:46:20+00:00\",\"dateModified\":\"2021-05-06T13:46:45+00:00\",\"description\":\"Hip resurfacing is an alternative to hip prosthesis. This procedure consists of joint replacement for young and active patients.\",\"breadcrumb\":{\"@id\":\"https:\/\/chirurgie-orthopedique.info\/en\/anatomie-de-lepaule\/resurfacage-de-la-hanche\/#breadcrumb\"},\"inLanguage\":\"en-US\",\"potentialAction\":[{\"@type\":\"ReadAction\",\"target\":[\"https:\/\/chirurgie-orthopedique.info\/en\/anatomie-de-lepaule\/resurfacage-de-la-hanche\/\"]}]},{\"@type\":\"ImageObject\",\"inLanguage\":\"en-US\",\"@id\":\"https:\/\/chirurgie-orthopedique.info\/en\/anatomie-de-lepaule\/resurfacage-de-la-hanche\/#primaryimage\",\"url\":\"https:\/\/chirurgie-orthopedique.info\/wp-content\/uploads\/2021\/04\/resurfacage-hanche-2.png\",\"contentUrl\":\"https:\/\/chirurgie-orthopedique.info\/wp-content\/uploads\/2021\/04\/resurfacage-hanche-2.png\"},{\"@type\":\"BreadcrumbList\",\"@id\":\"https:\/\/chirurgie-orthopedique.info\/en\/anatomie-de-lepaule\/resurfacage-de-la-hanche\/#breadcrumb\",\"itemListElement\":[{\"@type\":\"ListItem\",\"position\":1,\"name\":\"Accueil\",\"item\":\"https:\/\/chirurgie-orthopedique.info\/en\/\"},{\"@type\":\"ListItem\",\"position\":2,\"name\":\"Shoulder anatomy\",\"item\":\"https:\/\/chirurgie-orthopedique.info\/en\/anatomie-de-lepaule\/\"},{\"@type\":\"ListItem\",\"position\":3,\"name\":\"Hip resurfacing\"}]},{\"@type\":\"WebSite\",\"@id\":\"https:\/\/chirurgie-orthopedique.info\/en\/#website\",\"url\":\"https:\/\/chirurgie-orthopedique.info\/en\/\",\"name\":\"Chirurgie Orthopedique, sp\u00e9cialiste du Genou, Hanche, Epaule \u00e0 Nice\",\"description\":\"Docteur Mandrino sp\u00e9cialis\u00e9 en chirurgie du genou, de la hanche et de l&#039; \u00e9paule \u00e0 Nice\",\"publisher\":{\"@id\":\"https:\/\/chirurgie-orthopedique.info\/en\/#organization\"},\"potentialAction\":[{\"@type\":\"SearchAction\",\"target\":{\"@type\":\"EntryPoint\",\"urlTemplate\":\"https:\/\/chirurgie-orthopedique.info\/en\/?s={search_term_string}\"},\"query-input\":{\"@type\":\"PropertyValueSpecification\",\"valueRequired\":true,\"valueName\":\"search_term_string\"}}],\"inLanguage\":\"en-US\"},{\"@type\":\"Organization\",\"@id\":\"https:\/\/chirurgie-orthopedique.info\/en\/#organization\",\"name\":\"Dr Alain Mandrino chirurgie orthop\u00e9dique \u00e0 Nice\",\"url\":\"https:\/\/chirurgie-orthopedique.info\/en\/\",\"logo\":{\"@type\":\"ImageObject\",\"inLanguage\":\"en-US\",\"@id\":\"https:\/\/chirurgie-orthopedique.info\/en\/#\/schema\/logo\/image\/\",\"url\":\"https:\/\/chirurgie-orthopedique.info\/wp-content\/uploads\/2017\/07\/dr-alain-mandrino-chirurgie-orthopedique-nice.png\",\"contentUrl\":\"https:\/\/chirurgie-orthopedique.info\/wp-content\/uploads\/2017\/07\/dr-alain-mandrino-chirurgie-orthopedique-nice.png\",\"width\":443,\"height\":230,\"caption\":\"Dr Alain Mandrino chirurgie orthop\u00e9dique \u00e0 Nice\"},\"image\":{\"@id\":\"https:\/\/chirurgie-orthopedique.info\/en\/#\/schema\/logo\/image\/\"},\"sameAs\":[\"https:\/\/www.facebook.com\/Dr.Mandrino\",\"https:\/\/www.instagram.com\/dralainmandrino\/\",\"https:\/\/www.youtube.com\/user\/amandrino\"]}]}<\/script>\n<!-- \/ Yoast SEO plugin. -->","yoast_head_json":{"title":"Hip resurfacing - Orthopedic Surgery - Nice French riviera","description":"Hip resurfacing is an alternative to hip prosthesis. This procedure consists of joint replacement for young and active patients.","robots":{"index":"index","follow":"follow","max-snippet":"max-snippet:-1","max-image-preview":"max-image-preview:large","max-video-preview":"max-video-preview:-1"},"canonical":"https:\/\/chirurgie-orthopedique.info\/en\/anatomie-de-lepaule\/resurfacage-de-la-hanche\/","og_locale":"en_US","og_type":"article","og_title":"Hip resurfacing - Orthopedic Surgery - Nice French riviera","og_description":"Hip resurfacing is an alternative to hip prosthesis. This procedure consists of joint replacement for young and active patients.","og_url":"https:\/\/chirurgie-orthopedique.info\/en\/anatomie-de-lepaule\/resurfacage-de-la-hanche\/","og_site_name":"Chirurgie Orthopedique, sp\u00e9cialiste du Genou, Hanche, Epaule \u00e0 Nice","article_publisher":"https:\/\/www.facebook.com\/Dr.Mandrino","article_modified_time":"2021-05-06T13:46:45+00:00","og_image":[{"url":"https:\/\/chirurgie-orthopedique.info\/wp-content\/uploads\/2021\/04\/resurfacage-hanche-2.png","type":"","width":"","height":""}],"twitter_card":"summary_large_image","twitter_misc":{"Est. reading time":"2 minutes"},"schema":{"@context":"https:\/\/schema.org","@graph":[{"@type":"WebPage","@id":"https:\/\/chirurgie-orthopedique.info\/en\/anatomie-de-lepaule\/resurfacage-de-la-hanche\/","url":"https:\/\/chirurgie-orthopedique.info\/en\/anatomie-de-lepaule\/resurfacage-de-la-hanche\/","name":"Hip resurfacing - Orthopedic Surgery - Nice French riviera","isPartOf":{"@id":"https:\/\/chirurgie-orthopedique.info\/en\/#website"},"primaryImageOfPage":{"@id":"https:\/\/chirurgie-orthopedique.info\/en\/anatomie-de-lepaule\/resurfacage-de-la-hanche\/#primaryimage"},"image":{"@id":"https:\/\/chirurgie-orthopedique.info\/en\/anatomie-de-lepaule\/resurfacage-de-la-hanche\/#primaryimage"},"thumbnailUrl":"https:\/\/chirurgie-orthopedique.info\/wp-content\/uploads\/2021\/04\/resurfacage-hanche-2.png","datePublished":"2021-05-04T13:46:20+00:00","dateModified":"2021-05-06T13:46:45+00:00","description":"Hip resurfacing is an alternative to hip prosthesis. This procedure consists of joint replacement for young and active patients.","breadcrumb":{"@id":"https:\/\/chirurgie-orthopedique.info\/en\/anatomie-de-lepaule\/resurfacage-de-la-hanche\/#breadcrumb"},"inLanguage":"en-US","potentialAction":[{"@type":"ReadAction","target":["https:\/\/chirurgie-orthopedique.info\/en\/anatomie-de-lepaule\/resurfacage-de-la-hanche\/"]}]},{"@type":"ImageObject","inLanguage":"en-US","@id":"https:\/\/chirurgie-orthopedique.info\/en\/anatomie-de-lepaule\/resurfacage-de-la-hanche\/#primaryimage","url":"https:\/\/chirurgie-orthopedique.info\/wp-content\/uploads\/2021\/04\/resurfacage-hanche-2.png","contentUrl":"https:\/\/chirurgie-orthopedique.info\/wp-content\/uploads\/2021\/04\/resurfacage-hanche-2.png"},{"@type":"BreadcrumbList","@id":"https:\/\/chirurgie-orthopedique.info\/en\/anatomie-de-lepaule\/resurfacage-de-la-hanche\/#breadcrumb","itemListElement":[{"@type":"ListItem","position":1,"name":"Accueil","item":"https:\/\/chirurgie-orthopedique.info\/en\/"},{"@type":"ListItem","position":2,"name":"Shoulder anatomy","item":"https:\/\/chirurgie-orthopedique.info\/en\/anatomie-de-lepaule\/"},{"@type":"ListItem","position":3,"name":"Hip resurfacing"}]},{"@type":"WebSite","@id":"https:\/\/chirurgie-orthopedique.info\/en\/#website","url":"https:\/\/chirurgie-orthopedique.info\/en\/","name":"Chirurgie Orthopedique, sp\u00e9cialiste du Genou, Hanche, Epaule \u00e0 Nice","description":"Docteur Mandrino sp\u00e9cialis\u00e9 en chirurgie du genou, de la hanche et de l&#039; \u00e9paule \u00e0 Nice","publisher":{"@id":"https:\/\/chirurgie-orthopedique.info\/en\/#organization"},"potentialAction":[{"@type":"SearchAction","target":{"@type":"EntryPoint","urlTemplate":"https:\/\/chirurgie-orthopedique.info\/en\/?s={search_term_string}"},"query-input":{"@type":"PropertyValueSpecification","valueRequired":true,"valueName":"search_term_string"}}],"inLanguage":"en-US"},{"@type":"Organization","@id":"https:\/\/chirurgie-orthopedique.info\/en\/#organization","name":"Dr Alain Mandrino chirurgie orthop\u00e9dique \u00e0 Nice","url":"https:\/\/chirurgie-orthopedique.info\/en\/","logo":{"@type":"ImageObject","inLanguage":"en-US","@id":"https:\/\/chirurgie-orthopedique.info\/en\/#\/schema\/logo\/image\/","url":"https:\/\/chirurgie-orthopedique.info\/wp-content\/uploads\/2017\/07\/dr-alain-mandrino-chirurgie-orthopedique-nice.png","contentUrl":"https:\/\/chirurgie-orthopedique.info\/wp-content\/uploads\/2017\/07\/dr-alain-mandrino-chirurgie-orthopedique-nice.png","width":443,"height":230,"caption":"Dr Alain Mandrino chirurgie orthop\u00e9dique \u00e0 Nice"},"image":{"@id":"https:\/\/chirurgie-orthopedique.info\/en\/#\/schema\/logo\/image\/"},"sameAs":["https:\/\/www.facebook.com\/Dr.Mandrino","https:\/\/www.instagram.com\/dralainmandrino\/","https:\/\/www.youtube.com\/user\/amandrino"]}]}},"jetpack_sharing_enabled":true,"_links":{"self":[{"href":"https:\/\/chirurgie-orthopedique.info\/en\/wp-json\/wp\/v2\/pages\/7985","targetHints":{"allow":["GET"]}}],"collection":[{"href":"https:\/\/chirurgie-orthopedique.info\/en\/wp-json\/wp\/v2\/pages"}],"about":[{"href":"https:\/\/chirurgie-orthopedique.info\/en\/wp-json\/wp\/v2\/types\/page"}],"author":[{"embeddable":true,"href":"https:\/\/chirurgie-orthopedique.info\/en\/wp-json\/wp\/v2\/users\/1"}],"replies":[{"embeddable":true,"href":"https:\/\/chirurgie-orthopedique.info\/en\/wp-json\/wp\/v2\/comments?post=7985"}],"version-history":[{"count":0,"href":"https:\/\/chirurgie-orthopedique.info\/en\/wp-json\/wp\/v2\/pages\/7985\/revisions"}],"up":[{"embeddable":true,"href":"https:\/\/chirurgie-orthopedique.info\/en\/wp-json\/wp\/v2\/pages\/8013"}],"wp:attachment":[{"href":"https:\/\/chirurgie-orthopedique.info\/en\/wp-json\/wp\/v2\/media?parent=7985"}],"curies":[{"name":"wp","href":"https:\/\/api.w.org\/{rel}","templated":true}]}}