{"id":7997,"date":"2021-05-04T13:52:08","date_gmt":"2021-05-04T13:52:08","guid":{"rendered":"https:\/\/toty.fr\/wordpress\/?page_id=7997"},"modified":"2021-05-04T13:56:26","modified_gmt":"2021-05-04T13:56:26","slug":"la-prothese-totale-de-la-hanche","status":"publish","type":"page","link":"https:\/\/chirurgie-orthopedique.info\/en\/anatomie-de-la-hanche\/la-prothese-totale-de-la-hanche\/","title":{"rendered":"Total hip replacement"},"content":{"rendered":"<p>[vc_row][vc_column][vc_single_image image=&#8221;7532&#8243; img_size=&#8221;100&#215;100&#8243; alignment=&#8221;center&#8221; css=&#8221;.vc_custom_1618907606065{margin-bottom: 0px !important;}&#8221;][vc_column_text css=&#8221;.vc_custom_1620136353002{margin-bottom: 10px !important;}&#8221;]<\/p>\n<h2 style=\"text-align: center;\">Total hip replacement<\/h2>\n<p>[\/vc_column_text][vc_separator color=&#8221;custom&#8221; style=&#8221;dotted&#8221; accent_color=&#8221;#2f3762&#8243; css=&#8221;.vc_custom_1618680006860{margin-top: 0px !important;}&#8221;][vc_column_text]<\/p>\n<p style=\"text-align: justify;\"><strong><img decoding=\"async\" class=\"alignright wp-image-7296 size-full\" title=\"Proth\u00e8se totale de hanche\" src=\"https:\/\/chirurgie-orthopedique.info\/wp-content\/uploads\/2021\/04\/prothese-totale-hanche-1.jpg\" alt=\"prothese totale de hanche\" width=\"184\" height=\"300\" srcset=\"https:\/\/chirurgie-orthopedique.info\/wp-content\/uploads\/2021\/04\/prothese-totale-hanche-1.jpg 184w, https:\/\/chirurgie-orthopedique.info\/wp-content\/uploads\/2021\/04\/prothese-totale-hanche-1-77x125.jpg 77w\" sizes=\"(max-width: 184px) 100vw, 184px\" \/><\/strong>This procedure consists of replacing the defective <strong>hip joint with a prosthesis<\/strong>. An increasing number of patients require it (in France, 120,000 hip replacements are performed every year).<br \/>\nThis surgery is conducted when the cartilage covering the femoral head and the inside of the cotyla wears out.<strong><br \/>\n<\/strong><\/p>\n<p>[\/vc_column_text][vc_column_text]<\/p>\n<h4 style=\"text-align: justify;\">A hip prosthesis includes<\/h4>\n<ul>\n<li style=\"text-align: justify;\">A<strong> long part,<\/strong> made<strong> of titanium<\/strong>, firmly secured into the femur (femoral cask),<\/li>\n<li style=\"text-align: justify;\"><strong>on which we mount a sphere<\/strong> (the femoral head), usually a ceramic;<\/li>\n<li style=\"text-align: justify;\"><strong>a hollow cup made of titanium<\/strong> or steel and firmly secured into the cotyla, in which we insert a polyethylene or ceramic cup that ensures friction with the femoral head;<\/li>\n<li style=\"text-align: justify;\"><strong>an additional element<\/strong> can be placed between the polyethylene and the acetabular cup, which is called dual mobility cup.<\/li>\n<\/ul>\n<p>[\/vc_column_text][vc_column_text]<\/p>\n<p style=\"text-align: justify;\"><img decoding=\"async\" class=\"alignright wp-image-7300 size-full\" title=\"Proth\u00e8se totale de hanche\" src=\"https:\/\/chirurgie-orthopedique.info\/wp-content\/uploads\/2021\/04\/PTH-ceramique-.jpg\" alt=\"Proth\u00e8se totale de hanche\" width=\"147\" height=\"300\" srcset=\"https:\/\/chirurgie-orthopedique.info\/wp-content\/uploads\/2021\/04\/PTH-ceramique-.jpg 147w, https:\/\/chirurgie-orthopedique.info\/wp-content\/uploads\/2021\/04\/PTH-ceramique--61x125.jpg 61w\" sizes=\"(max-width: 147px) 100vw, 147px\" \/><\/p>\n<p style=\"text-align: justify;\">Primary fixation is ensured by impacting the prosthesis into the bone. The stability of this initial fixation is called \u201cprimary stability.\u201d Preparation for this step should be done carefully. The cotyla is prepared with drills of increasing diameter, and the prosthetic acetabular hemisphere is firmly secured into it. The femur is prepared with reamers of increasing size, which are shaped like the prosthesis. The femoral part is then secured into this cavity. Prosthetic parts are 1mm to 1.5mm larger than drills and reamers in order to guarantee primary stability. They are covered with hydroxapatite, one of bone\u2019s mineral components. It facilitates bone regrowth and adhesion to the prosthesis, ensuring permanent stability ( \u201csecondary stability\u201d).<\/p>\n<p style=\"text-align: justify;\">The decision to undergo surgery belongs to the patient, who should take into consideration his functional discomfort (pain, mobility loss, as well as the intake of analgesics and anti-inflammatory medication).<\/p>\n<p style=\"text-align: justify;\">The procedure usually lasts about 1.5 hours.<\/p>\n<p>[\/vc_column_text][vc_row_inner][vc_column_inner][vc_column_text]<\/p>\n<p style=\"text-align: justify;\"><img decoding=\"async\" class=\"alignright wp-image-7303 size-full\" title=\"Proth\u00e8se totale de hanche\" src=\"https:\/\/chirurgie-orthopedique.info\/wp-content\/uploads\/2021\/04\/Rx-PTH-F-cer-cer.jpg\" alt=\"Proth\u00e8se totale de hanche\" width=\"269\" height=\"200\" srcset=\"https:\/\/chirurgie-orthopedique.info\/wp-content\/uploads\/2021\/04\/Rx-PTH-F-cer-cer.jpg 269w, https:\/\/chirurgie-orthopedique.info\/wp-content\/uploads\/2021\/04\/Rx-PTH-F-cer-cer-125x93.jpg 125w\" sizes=\"(max-width: 269px) 100vw, 269px\" \/><\/p>\n<p style=\"text-align: justify;\"><strong>Hip replacement surgery is considered depending on the patient\u2019s age-ideally, older than 60.<\/strong> Before this age, a prosthesis may be required if all other medical treatments, including intra-articular hyaluronic acid injections, have failed.<\/p>\n<p style=\"text-align: justify;\">The younger the patient, the more we prefer medical treatments in order to delay the implantation of this prosthesis. For young patients for whom prosthesis implantation is deemed necessary, we favor \u201chard-hard\u201d friction couples (ceramic\/ceramic or steel\/steel) on resurfacing cups.<\/p>\n<p style=\"text-align: justify;\">Unfortunately, complications are always possible during surgery (for example, nervous and vascular damage, including sciatic nerve stretching that could lead to partial paralysis, which usually decreases after 3 months, and bone cracks or femoral cask fractures). Other potential post-surgery complications include phlebitis, pulmonary embolism, and prosthesis dislocation within the first 3 months after surgery. The dislocation risk is greatly decreased and close to zero with double mobility prostheses. Because of this risk, the double mobility prosthesis is the preferred option for elderly patients, with decreased muscle control.<\/p>\n<p style=\"text-align: justify;\"><strong>Minimally invasive techniques have been developed since the beginning of 2000\u2019s.<\/strong> I have been using them since 2004. These procedures allow for smaller incisions and better muscle access. The incision is usually 6cm long on normal-sized patients. The use of these techniques results in less painful postoperative recoveries and faster recovery of walking. Crutches are no longer be needed 2 weeks after surgery, but rehabilitation is essential so as to recover proper joint use and muscle control&#8211;even more so as there is always muscle deficiency in patients with painful hip osteoarthritis.<\/p>\n<p>[\/vc_column_text][\/vc_column_inner][\/vc_row_inner][\/vc_column][\/vc_row]<\/p>\n","protected":false},"excerpt":{"rendered":"<p>[vc_row][vc_column][vc_single_image image=&#8221;7532&#8243; img_size=&#8221;100&#215;100&#8243; alignment=&#8221;center&#8221; css=&#8221;.vc_custom_1618907606065{margin-bottom: 0px !important;}&#8221;][vc_column_text css=&#8221;.vc_custom_1620136353002{margin-bottom: 10px !important;}&#8221;] Total hip replacement [\/vc_column_text][vc_separator color=&#8221;custom&#8221; style=&#8221;dotted&#8221; accent_color=&#8221;#2f3762&#8243; css=&#8221;.vc_custom_1618680006860{margin-top: 0px !important;}&#8221;][vc_column_text] This procedure consists of replacing the defective hip joint with a prosthesis. An increasing number of patients require it (in France, 120,000 hip replacements are performed every year). This surgery is conducted when the cartilage covering the femoral head and the inside of the cotyla wears out. [\/vc_column_text][vc_column_text] A hip prosthesis includes A long part, made of titanium, firmly secured into the femur (femoral cask), on which we mount a sphere (the femoral head), usually a ceramic; a hollow cup made of titanium or steel and firmly secured into the cotyla, in which we insert a polyethylene or ceramic cup that ensures friction with the femoral head; an additional element can be placed between the polyethylene and the acetabular cup, which is called dual mobility cup. [\/vc_column_text][vc_column_text] Primary fixation is [&hellip;]<\/p>\n","protected":false},"author":1,"featured_media":0,"parent":7977,"menu_order":0,"comment_status":"closed","ping_status":"closed","template":"","meta":{"inline_featured_image":false,"footnotes":""},"class_list":["post-7997","page","type-page","status-publish","hentry"],"yoast_head":"<!-- This site is optimized with the Yoast SEO plugin v24.7 - https:\/\/yoast.com\/wordpress\/plugins\/seo\/ -->\n<title>Total hip replacement - Orthopedic surgery Dr Mandrino<\/title>\n<meta name=\"description\" content=\"Total hip replacement replaces the damaged joint in general by osteoarthritis. The postoperative recovery is facilitated\" \/>\n<meta name=\"robots\" content=\"index, follow, max-snippet:-1, max-image-preview:large, max-video-preview:-1\" \/>\n<link rel=\"canonical\" href=\"https:\/\/chirurgie-orthopedique.info\/en\/anatomie-de-la-hanche\/la-prothese-totale-de-la-hanche\/\" \/>\n<meta property=\"og:locale\" content=\"en_US\" \/>\n<meta property=\"og:type\" content=\"article\" \/>\n<meta property=\"og:title\" content=\"Total hip replacement - Orthopedic surgery Dr Mandrino\" \/>\n<meta property=\"og:description\" content=\"Total hip replacement replaces the damaged joint in general by osteoarthritis. The postoperative recovery is facilitated\" \/>\n<meta property=\"og:url\" content=\"https:\/\/chirurgie-orthopedique.info\/en\/anatomie-de-la-hanche\/la-prothese-totale-de-la-hanche\/\" \/>\n<meta property=\"og:site_name\" content=\"Chirurgie Orthopedique, sp\u00e9cialiste du Genou, Hanche, Epaule \u00e0 Nice\" \/>\n<meta property=\"article:publisher\" content=\"https:\/\/www.facebook.com\/Dr.Mandrino\" \/>\n<meta property=\"article:modified_time\" content=\"2021-05-04T13:56:26+00:00\" \/>\n<meta property=\"og:image\" content=\"https:\/\/chirurgie-orthopedique.info\/wp-content\/uploads\/2021\/04\/prothese-totale-hanche-1.jpg\" \/>\n<meta name=\"twitter:card\" content=\"summary_large_image\" \/>\n<meta name=\"twitter:label1\" content=\"Est. reading time\" \/>\n\t<meta name=\"twitter:data1\" content=\"4 minutes\" \/>\n<script type=\"application\/ld+json\" class=\"yoast-schema-graph\">{\"@context\":\"https:\/\/schema.org\",\"@graph\":[{\"@type\":\"WebPage\",\"@id\":\"https:\/\/chirurgie-orthopedique.info\/en\/anatomie-de-la-hanche\/la-prothese-totale-de-la-hanche\/\",\"url\":\"https:\/\/chirurgie-orthopedique.info\/en\/anatomie-de-la-hanche\/la-prothese-totale-de-la-hanche\/\",\"name\":\"Total hip replacement - Orthopedic surgery Dr Mandrino\",\"isPartOf\":{\"@id\":\"https:\/\/chirurgie-orthopedique.info\/en\/#website\"},\"primaryImageOfPage\":{\"@id\":\"https:\/\/chirurgie-orthopedique.info\/en\/anatomie-de-la-hanche\/la-prothese-totale-de-la-hanche\/#primaryimage\"},\"image\":{\"@id\":\"https:\/\/chirurgie-orthopedique.info\/en\/anatomie-de-la-hanche\/la-prothese-totale-de-la-hanche\/#primaryimage\"},\"thumbnailUrl\":\"https:\/\/chirurgie-orthopedique.info\/wp-content\/uploads\/2021\/04\/prothese-totale-hanche-1.jpg\",\"datePublished\":\"2021-05-04T13:52:08+00:00\",\"dateModified\":\"2021-05-04T13:56:26+00:00\",\"description\":\"Total hip replacement replaces the damaged joint in general by osteoarthritis. The postoperative recovery is facilitated\",\"breadcrumb\":{\"@id\":\"https:\/\/chirurgie-orthopedique.info\/en\/anatomie-de-la-hanche\/la-prothese-totale-de-la-hanche\/#breadcrumb\"},\"inLanguage\":\"en-US\",\"potentialAction\":[{\"@type\":\"ReadAction\",\"target\":[\"https:\/\/chirurgie-orthopedique.info\/en\/anatomie-de-la-hanche\/la-prothese-totale-de-la-hanche\/\"]}]},{\"@type\":\"ImageObject\",\"inLanguage\":\"en-US\",\"@id\":\"https:\/\/chirurgie-orthopedique.info\/en\/anatomie-de-la-hanche\/la-prothese-totale-de-la-hanche\/#primaryimage\",\"url\":\"https:\/\/chirurgie-orthopedique.info\/wp-content\/uploads\/2021\/04\/prothese-totale-hanche-1.jpg\",\"contentUrl\":\"https:\/\/chirurgie-orthopedique.info\/wp-content\/uploads\/2021\/04\/prothese-totale-hanche-1.jpg\"},{\"@type\":\"BreadcrumbList\",\"@id\":\"https:\/\/chirurgie-orthopedique.info\/en\/anatomie-de-la-hanche\/la-prothese-totale-de-la-hanche\/#breadcrumb\",\"itemListElement\":[{\"@type\":\"ListItem\",\"position\":1,\"name\":\"Accueil\",\"item\":\"https:\/\/chirurgie-orthopedique.info\/en\/\"},{\"@type\":\"ListItem\",\"position\":2,\"name\":\"Hip anatomy\",\"item\":\"https:\/\/chirurgie-orthopedique.info\/en\/anatomie-de-la-hanche\/\"},{\"@type\":\"ListItem\",\"position\":3,\"name\":\"Total hip replacement\"}]},{\"@type\":\"WebSite\",\"@id\":\"https:\/\/chirurgie-orthopedique.info\/en\/#website\",\"url\":\"https:\/\/chirurgie-orthopedique.info\/en\/\",\"name\":\"Chirurgie Orthopedique, sp\u00e9cialiste du Genou, Hanche, Epaule \u00e0 Nice\",\"description\":\"Docteur Mandrino sp\u00e9cialis\u00e9 en chirurgie du genou, de la hanche et de l&#039; \u00e9paule \u00e0 Nice\",\"publisher\":{\"@id\":\"https:\/\/chirurgie-orthopedique.info\/en\/#organization\"},\"potentialAction\":[{\"@type\":\"SearchAction\",\"target\":{\"@type\":\"EntryPoint\",\"urlTemplate\":\"https:\/\/chirurgie-orthopedique.info\/en\/?s={search_term_string}\"},\"query-input\":{\"@type\":\"PropertyValueSpecification\",\"valueRequired\":true,\"valueName\":\"search_term_string\"}}],\"inLanguage\":\"en-US\"},{\"@type\":\"Organization\",\"@id\":\"https:\/\/chirurgie-orthopedique.info\/en\/#organization\",\"name\":\"Dr Alain Mandrino chirurgie orthop\u00e9dique \u00e0 Nice\",\"url\":\"https:\/\/chirurgie-orthopedique.info\/en\/\",\"logo\":{\"@type\":\"ImageObject\",\"inLanguage\":\"en-US\",\"@id\":\"https:\/\/chirurgie-orthopedique.info\/en\/#\/schema\/logo\/image\/\",\"url\":\"https:\/\/chirurgie-orthopedique.info\/wp-content\/uploads\/2017\/07\/dr-alain-mandrino-chirurgie-orthopedique-nice.png\",\"contentUrl\":\"https:\/\/chirurgie-orthopedique.info\/wp-content\/uploads\/2017\/07\/dr-alain-mandrino-chirurgie-orthopedique-nice.png\",\"width\":443,\"height\":230,\"caption\":\"Dr Alain Mandrino chirurgie orthop\u00e9dique \u00e0 Nice\"},\"image\":{\"@id\":\"https:\/\/chirurgie-orthopedique.info\/en\/#\/schema\/logo\/image\/\"},\"sameAs\":[\"https:\/\/www.facebook.com\/Dr.Mandrino\",\"https:\/\/www.instagram.com\/dralainmandrino\/\",\"https:\/\/www.youtube.com\/user\/amandrino\"]}]}<\/script>\n<!-- \/ Yoast SEO plugin. -->","yoast_head_json":{"title":"Total hip replacement - Orthopedic surgery Dr Mandrino","description":"Total hip replacement replaces the damaged joint in general by osteoarthritis. The postoperative recovery is facilitated","robots":{"index":"index","follow":"follow","max-snippet":"max-snippet:-1","max-image-preview":"max-image-preview:large","max-video-preview":"max-video-preview:-1"},"canonical":"https:\/\/chirurgie-orthopedique.info\/en\/anatomie-de-la-hanche\/la-prothese-totale-de-la-hanche\/","og_locale":"en_US","og_type":"article","og_title":"Total hip replacement - Orthopedic surgery Dr Mandrino","og_description":"Total hip replacement replaces the damaged joint in general by osteoarthritis. The postoperative recovery is facilitated","og_url":"https:\/\/chirurgie-orthopedique.info\/en\/anatomie-de-la-hanche\/la-prothese-totale-de-la-hanche\/","og_site_name":"Chirurgie Orthopedique, sp\u00e9cialiste du Genou, Hanche, Epaule \u00e0 Nice","article_publisher":"https:\/\/www.facebook.com\/Dr.Mandrino","article_modified_time":"2021-05-04T13:56:26+00:00","og_image":[{"url":"https:\/\/chirurgie-orthopedique.info\/wp-content\/uploads\/2021\/04\/prothese-totale-hanche-1.jpg","type":"","width":"","height":""}],"twitter_card":"summary_large_image","twitter_misc":{"Est. reading time":"4 minutes"},"schema":{"@context":"https:\/\/schema.org","@graph":[{"@type":"WebPage","@id":"https:\/\/chirurgie-orthopedique.info\/en\/anatomie-de-la-hanche\/la-prothese-totale-de-la-hanche\/","url":"https:\/\/chirurgie-orthopedique.info\/en\/anatomie-de-la-hanche\/la-prothese-totale-de-la-hanche\/","name":"Total hip replacement - Orthopedic surgery Dr Mandrino","isPartOf":{"@id":"https:\/\/chirurgie-orthopedique.info\/en\/#website"},"primaryImageOfPage":{"@id":"https:\/\/chirurgie-orthopedique.info\/en\/anatomie-de-la-hanche\/la-prothese-totale-de-la-hanche\/#primaryimage"},"image":{"@id":"https:\/\/chirurgie-orthopedique.info\/en\/anatomie-de-la-hanche\/la-prothese-totale-de-la-hanche\/#primaryimage"},"thumbnailUrl":"https:\/\/chirurgie-orthopedique.info\/wp-content\/uploads\/2021\/04\/prothese-totale-hanche-1.jpg","datePublished":"2021-05-04T13:52:08+00:00","dateModified":"2021-05-04T13:56:26+00:00","description":"Total hip replacement replaces the damaged joint in general by osteoarthritis. The postoperative recovery is facilitated","breadcrumb":{"@id":"https:\/\/chirurgie-orthopedique.info\/en\/anatomie-de-la-hanche\/la-prothese-totale-de-la-hanche\/#breadcrumb"},"inLanguage":"en-US","potentialAction":[{"@type":"ReadAction","target":["https:\/\/chirurgie-orthopedique.info\/en\/anatomie-de-la-hanche\/la-prothese-totale-de-la-hanche\/"]}]},{"@type":"ImageObject","inLanguage":"en-US","@id":"https:\/\/chirurgie-orthopedique.info\/en\/anatomie-de-la-hanche\/la-prothese-totale-de-la-hanche\/#primaryimage","url":"https:\/\/chirurgie-orthopedique.info\/wp-content\/uploads\/2021\/04\/prothese-totale-hanche-1.jpg","contentUrl":"https:\/\/chirurgie-orthopedique.info\/wp-content\/uploads\/2021\/04\/prothese-totale-hanche-1.jpg"},{"@type":"BreadcrumbList","@id":"https:\/\/chirurgie-orthopedique.info\/en\/anatomie-de-la-hanche\/la-prothese-totale-de-la-hanche\/#breadcrumb","itemListElement":[{"@type":"ListItem","position":1,"name":"Accueil","item":"https:\/\/chirurgie-orthopedique.info\/en\/"},{"@type":"ListItem","position":2,"name":"Hip anatomy","item":"https:\/\/chirurgie-orthopedique.info\/en\/anatomie-de-la-hanche\/"},{"@type":"ListItem","position":3,"name":"Total hip replacement"}]},{"@type":"WebSite","@id":"https:\/\/chirurgie-orthopedique.info\/en\/#website","url":"https:\/\/chirurgie-orthopedique.info\/en\/","name":"Chirurgie Orthopedique, sp\u00e9cialiste du Genou, Hanche, Epaule \u00e0 Nice","description":"Docteur Mandrino sp\u00e9cialis\u00e9 en chirurgie du genou, de la hanche et de l&#039; \u00e9paule \u00e0 Nice","publisher":{"@id":"https:\/\/chirurgie-orthopedique.info\/en\/#organization"},"potentialAction":[{"@type":"SearchAction","target":{"@type":"EntryPoint","urlTemplate":"https:\/\/chirurgie-orthopedique.info\/en\/?s={search_term_string}"},"query-input":{"@type":"PropertyValueSpecification","valueRequired":true,"valueName":"search_term_string"}}],"inLanguage":"en-US"},{"@type":"Organization","@id":"https:\/\/chirurgie-orthopedique.info\/en\/#organization","name":"Dr Alain Mandrino chirurgie orthop\u00e9dique \u00e0 Nice","url":"https:\/\/chirurgie-orthopedique.info\/en\/","logo":{"@type":"ImageObject","inLanguage":"en-US","@id":"https:\/\/chirurgie-orthopedique.info\/en\/#\/schema\/logo\/image\/","url":"https:\/\/chirurgie-orthopedique.info\/wp-content\/uploads\/2017\/07\/dr-alain-mandrino-chirurgie-orthopedique-nice.png","contentUrl":"https:\/\/chirurgie-orthopedique.info\/wp-content\/uploads\/2017\/07\/dr-alain-mandrino-chirurgie-orthopedique-nice.png","width":443,"height":230,"caption":"Dr Alain Mandrino chirurgie orthop\u00e9dique \u00e0 Nice"},"image":{"@id":"https:\/\/chirurgie-orthopedique.info\/en\/#\/schema\/logo\/image\/"},"sameAs":["https:\/\/www.facebook.com\/Dr.Mandrino","https:\/\/www.instagram.com\/dralainmandrino\/","https:\/\/www.youtube.com\/user\/amandrino"]}]}},"jetpack_sharing_enabled":true,"_links":{"self":[{"href":"https:\/\/chirurgie-orthopedique.info\/en\/wp-json\/wp\/v2\/pages\/7997","targetHints":{"allow":["GET"]}}],"collection":[{"href":"https:\/\/chirurgie-orthopedique.info\/en\/wp-json\/wp\/v2\/pages"}],"about":[{"href":"https:\/\/chirurgie-orthopedique.info\/en\/wp-json\/wp\/v2\/types\/page"}],"author":[{"embeddable":true,"href":"https:\/\/chirurgie-orthopedique.info\/en\/wp-json\/wp\/v2\/users\/1"}],"replies":[{"embeddable":true,"href":"https:\/\/chirurgie-orthopedique.info\/en\/wp-json\/wp\/v2\/comments?post=7997"}],"version-history":[{"count":0,"href":"https:\/\/chirurgie-orthopedique.info\/en\/wp-json\/wp\/v2\/pages\/7997\/revisions"}],"up":[{"embeddable":true,"href":"https:\/\/chirurgie-orthopedique.info\/en\/wp-json\/wp\/v2\/pages\/7977"}],"wp:attachment":[{"href":"https:\/\/chirurgie-orthopedique.info\/en\/wp-json\/wp\/v2\/media?parent=7997"}],"curies":[{"name":"wp","href":"https:\/\/api.w.org\/{rel}","templated":true}]}}