{"id":8013,"date":"2021-05-04T14:28:04","date_gmt":"2021-05-04T14:28:04","guid":{"rendered":"https:\/\/toty.fr\/wordpress\/?page_id=8013"},"modified":"2021-05-04T14:31:03","modified_gmt":"2021-05-04T14:31:03","slug":"anatomie-de-lepaule","status":"publish","type":"page","link":"https:\/\/chirurgie-orthopedique.info\/en\/anatomie-de-lepaule\/","title":{"rendered":"Shoulder anatomy"},"content":{"rendered":"<p>[vc_row][vc_column][vc_row_inner][vc_column_inner width=&#8221;1\/4&#8243;][\/vc_column_inner][vc_column_inner width=&#8221;1\/2&#8243;][vc_single_image image=&#8221;7530&#8243; img_size=&#8221;100&#215;100&#8243; alignment=&#8221;center&#8221; css=&#8221;.vc_custom_1618991472878{margin-top: 0px !important;margin-right: 20px !important;margin-bottom: 0px !important;margin-left: 20px !important;}&#8221;][\/vc_column_inner][vc_column_inner width=&#8221;1\/4&#8243;][\/vc_column_inner][\/vc_row_inner][vc_column_text css=&#8221;.vc_custom_1620138520480{margin-bottom: 10px !important;}&#8221;]<\/p>\n<h2 style=\"text-align: center;\">Shoulder anatomy<\/h2>\n<p>[\/vc_column_text][vc_separator color=&#8221;custom&#8221; style=&#8221;dotted&#8221; accent_color=&#8221;#2f3762&#8243; css=&#8221;.vc_custom_1618680006860{margin-top: 0px !important;}&#8221;][vc_column_text]<\/p>\n<p style=\"text-align: justify;\"><img decoding=\"async\" class=\"wp-image-7320 size-medium alignright\" title=\"Anatomie de l\u2019\u00e9paule\" src=\"https:\/\/chirurgie-orthopedique.info\/wp-content\/uploads\/2021\/04\/anatomie-epaule-300x240.jpg\" alt=\"Anatomie de l\u2019\u00e9paule\" width=\"300\" height=\"240\" srcset=\"https:\/\/chirurgie-orthopedique.info\/wp-content\/uploads\/2021\/04\/anatomie-epaule-300x240.jpg 300w, https:\/\/chirurgie-orthopedique.info\/wp-content\/uploads\/2021\/04\/anatomie-epaule-125x100.jpg 125w, https:\/\/chirurgie-orthopedique.info\/wp-content\/uploads\/2021\/04\/anatomie-epaule.jpg 359w\" sizes=\"(max-width: 300px) 100vw, 300px\" \/><\/p>\n<p style=\"text-align: justify;\"><strong>The morphology of the shoulder joint ensures the junction between the trunk and upper limbs.<\/strong> It includes several joints and is the most mobile part of the human body, and this is also why this joint is so unstable.<\/p>\n<p style=\"text-align: justify;\">The shoulder enables the upper limb\u2019s orientation in space, with a wide range of motions on three planes, allowing the hand (its effective extremity) to fulfill its gripping role. It articulates the humeral head with the scapula and the clavicle.<\/p>\n<p style=\"text-align: justify;\">The scapula contains two processes: the acromion, which develops above the humeral head, and the coracoid, which is inside and in front of the acromion process. The humeral head articulates with the shoulder blade\u2019s coil, forming the glenohumeral joint. The scapulothoracic joint complements the glenohumeral joint, allowing the shoulder blade to slide on the posterior chest wall. The collarbone is linked to the shoulder blade by the barely-mobile acromioclavicular joint.<\/p>\n<p style=\"text-align: justify;\">The glenohumeral joint, which is the shoulder\u2019s main articulation, is stabilized by fibrocartilage around the coil, the glenoid lip, and the glenohumeral ligaments.<\/p>\n<p>[\/vc_column_text][\/vc_column][\/vc_row]<\/p>\n","protected":false},"excerpt":{"rendered":"<p>[vc_row][vc_column][vc_row_inner][vc_column_inner width=&#8221;1\/4&#8243;][\/vc_column_inner][vc_column_inner width=&#8221;1\/2&#8243;][vc_single_image image=&#8221;7530&#8243; img_size=&#8221;100&#215;100&#8243; alignment=&#8221;center&#8221; css=&#8221;.vc_custom_1618991472878{margin-top: 0px !important;margin-right: 20px !important;margin-bottom: 0px !important;margin-left: 20px !important;}&#8221;][\/vc_column_inner][vc_column_inner width=&#8221;1\/4&#8243;][\/vc_column_inner][\/vc_row_inner][vc_column_text css=&#8221;.vc_custom_1620138520480{margin-bottom: 10px !important;}&#8221;] Shoulder anatomy [\/vc_column_text][vc_separator color=&#8221;custom&#8221; style=&#8221;dotted&#8221; accent_color=&#8221;#2f3762&#8243; css=&#8221;.vc_custom_1618680006860{margin-top: 0px !important;}&#8221;][vc_column_text] The morphology of the shoulder joint ensures the junction between the trunk and upper limbs. It includes several joints and is the most mobile part of the human body, and this is also why this joint is so unstable. The shoulder enables the upper limb\u2019s orientation in space, with a wide range of motions on three planes, allowing the hand (its effective extremity) to fulfill its gripping role. It articulates the humeral head with the scapula and the clavicle. The scapula contains two processes: the acromion, which develops above the humeral head, and the coracoid, which is inside and in front of the acromion process. The humeral head articulates with the shoulder blade\u2019s coil, forming the glenohumeral joint. The scapulothoracic joint complements [&hellip;]<\/p>\n","protected":false},"author":1,"featured_media":0,"parent":0,"menu_order":0,"comment_status":"closed","ping_status":"closed","template":"","meta":{"inline_featured_image":false,"footnotes":""},"class_list":["post-8013","page","type-page","status-publish","hentry"],"yoast_head":"<!-- This site is optimized with the Yoast SEO plugin v24.7 - https:\/\/yoast.com\/wordpress\/plugins\/seo\/ -->\n<title>Shoulder anatomy - Orthopaedic Surgery of the shoulder in Nice<\/title>\n<meta name=\"description\" content=\"Shoulder anatomy with the Doctor Mandrino - Orthopaedic Surgery of the shoulder in Nice\" \/>\n<meta name=\"robots\" content=\"index, follow, max-snippet:-1, max-image-preview:large, max-video-preview:-1\" \/>\n<link rel=\"canonical\" href=\"https:\/\/chirurgie-orthopedique.info\/en\/anatomie-de-lepaule\/\" \/>\n<meta property=\"og:locale\" content=\"en_US\" \/>\n<meta property=\"og:type\" content=\"article\" \/>\n<meta property=\"og:title\" content=\"Shoulder anatomy - Orthopaedic Surgery of the shoulder in Nice\" \/>\n<meta property=\"og:description\" content=\"Shoulder anatomy with the Doctor Mandrino - Orthopaedic Surgery of the shoulder in Nice\" \/>\n<meta property=\"og:url\" content=\"https:\/\/chirurgie-orthopedique.info\/en\/anatomie-de-lepaule\/\" \/>\n<meta property=\"og:site_name\" content=\"Chirurgie Orthopedique, sp\u00e9cialiste du Genou, Hanche, Epaule \u00e0 Nice\" \/>\n<meta property=\"article:publisher\" content=\"https:\/\/www.facebook.com\/Dr.Mandrino\" \/>\n<meta property=\"article:modified_time\" content=\"2021-05-04T14:31:03+00:00\" \/>\n<meta property=\"og:image\" content=\"https:\/\/chirurgie-orthopedique.info\/wp-content\/uploads\/2021\/04\/anatomie-epaule-300x240.jpg\" \/>\n<meta name=\"twitter:card\" content=\"summary_large_image\" \/>\n<meta name=\"twitter:label1\" content=\"Est. reading time\" \/>\n\t<meta name=\"twitter:data1\" content=\"2 minutes\" \/>\n<script type=\"application\/ld+json\" class=\"yoast-schema-graph\">{\"@context\":\"https:\/\/schema.org\",\"@graph\":[{\"@type\":\"WebPage\",\"@id\":\"https:\/\/chirurgie-orthopedique.info\/en\/anatomie-de-lepaule\/\",\"url\":\"https:\/\/chirurgie-orthopedique.info\/en\/anatomie-de-lepaule\/\",\"name\":\"Shoulder anatomy - Orthopaedic Surgery of the shoulder in Nice\",\"isPartOf\":{\"@id\":\"https:\/\/chirurgie-orthopedique.info\/en\/#website\"},\"primaryImageOfPage\":{\"@id\":\"https:\/\/chirurgie-orthopedique.info\/en\/anatomie-de-lepaule\/#primaryimage\"},\"image\":{\"@id\":\"https:\/\/chirurgie-orthopedique.info\/en\/anatomie-de-lepaule\/#primaryimage\"},\"thumbnailUrl\":\"https:\/\/chirurgie-orthopedique.info\/wp-content\/uploads\/2021\/04\/anatomie-epaule-300x240.jpg\",\"datePublished\":\"2021-05-04T14:28:04+00:00\",\"dateModified\":\"2021-05-04T14:31:03+00:00\",\"description\":\"Shoulder anatomy with the Doctor Mandrino - Orthopaedic Surgery of the shoulder in Nice\",\"breadcrumb\":{\"@id\":\"https:\/\/chirurgie-orthopedique.info\/en\/anatomie-de-lepaule\/#breadcrumb\"},\"inLanguage\":\"en-US\",\"potentialAction\":[{\"@type\":\"ReadAction\",\"target\":[\"https:\/\/chirurgie-orthopedique.info\/en\/anatomie-de-lepaule\/\"]}]},{\"@type\":\"ImageObject\",\"inLanguage\":\"en-US\",\"@id\":\"https:\/\/chirurgie-orthopedique.info\/en\/anatomie-de-lepaule\/#primaryimage\",\"url\":\"https:\/\/chirurgie-orthopedique.info\/wp-content\/uploads\/2021\/04\/anatomie-epaule-300x240.jpg\",\"contentUrl\":\"https:\/\/chirurgie-orthopedique.info\/wp-content\/uploads\/2021\/04\/anatomie-epaule-300x240.jpg\"},{\"@type\":\"BreadcrumbList\",\"@id\":\"https:\/\/chirurgie-orthopedique.info\/en\/anatomie-de-lepaule\/#breadcrumb\",\"itemListElement\":[{\"@type\":\"ListItem\",\"position\":1,\"name\":\"Accueil\",\"item\":\"https:\/\/chirurgie-orthopedique.info\/en\/\"},{\"@type\":\"ListItem\",\"position\":2,\"name\":\"Shoulder anatomy\"}]},{\"@type\":\"WebSite\",\"@id\":\"https:\/\/chirurgie-orthopedique.info\/en\/#website\",\"url\":\"https:\/\/chirurgie-orthopedique.info\/en\/\",\"name\":\"Chirurgie Orthopedique, sp\u00e9cialiste du Genou, Hanche, Epaule \u00e0 Nice\",\"description\":\"Docteur Mandrino sp\u00e9cialis\u00e9 en chirurgie du genou, de la hanche et de l&#039; \u00e9paule \u00e0 Nice\",\"publisher\":{\"@id\":\"https:\/\/chirurgie-orthopedique.info\/en\/#organization\"},\"potentialAction\":[{\"@type\":\"SearchAction\",\"target\":{\"@type\":\"EntryPoint\",\"urlTemplate\":\"https:\/\/chirurgie-orthopedique.info\/en\/?s={search_term_string}\"},\"query-input\":{\"@type\":\"PropertyValueSpecification\",\"valueRequired\":true,\"valueName\":\"search_term_string\"}}],\"inLanguage\":\"en-US\"},{\"@type\":\"Organization\",\"@id\":\"https:\/\/chirurgie-orthopedique.info\/en\/#organization\",\"name\":\"Dr Alain Mandrino chirurgie orthop\u00e9dique \u00e0 Nice\",\"url\":\"https:\/\/chirurgie-orthopedique.info\/en\/\",\"logo\":{\"@type\":\"ImageObject\",\"inLanguage\":\"en-US\",\"@id\":\"https:\/\/chirurgie-orthopedique.info\/en\/#\/schema\/logo\/image\/\",\"url\":\"https:\/\/chirurgie-orthopedique.info\/wp-content\/uploads\/2017\/07\/dr-alain-mandrino-chirurgie-orthopedique-nice.png\",\"contentUrl\":\"https:\/\/chirurgie-orthopedique.info\/wp-content\/uploads\/2017\/07\/dr-alain-mandrino-chirurgie-orthopedique-nice.png\",\"width\":443,\"height\":230,\"caption\":\"Dr Alain Mandrino chirurgie orthop\u00e9dique \u00e0 Nice\"},\"image\":{\"@id\":\"https:\/\/chirurgie-orthopedique.info\/en\/#\/schema\/logo\/image\/\"},\"sameAs\":[\"https:\/\/www.facebook.com\/Dr.Mandrino\",\"https:\/\/www.instagram.com\/dralainmandrino\/\",\"https:\/\/www.youtube.com\/user\/amandrino\"]}]}<\/script>\n<!-- \/ Yoast SEO plugin. -->","yoast_head_json":{"title":"Shoulder anatomy - Orthopaedic Surgery of the shoulder in Nice","description":"Shoulder anatomy with the Doctor Mandrino - Orthopaedic Surgery of the shoulder in Nice","robots":{"index":"index","follow":"follow","max-snippet":"max-snippet:-1","max-image-preview":"max-image-preview:large","max-video-preview":"max-video-preview:-1"},"canonical":"https:\/\/chirurgie-orthopedique.info\/en\/anatomie-de-lepaule\/","og_locale":"en_US","og_type":"article","og_title":"Shoulder anatomy - Orthopaedic Surgery of the shoulder in Nice","og_description":"Shoulder anatomy with the Doctor Mandrino - Orthopaedic Surgery of the shoulder in Nice","og_url":"https:\/\/chirurgie-orthopedique.info\/en\/anatomie-de-lepaule\/","og_site_name":"Chirurgie Orthopedique, sp\u00e9cialiste du Genou, Hanche, Epaule \u00e0 Nice","article_publisher":"https:\/\/www.facebook.com\/Dr.Mandrino","article_modified_time":"2021-05-04T14:31:03+00:00","og_image":[{"url":"https:\/\/chirurgie-orthopedique.info\/wp-content\/uploads\/2021\/04\/anatomie-epaule-300x240.jpg","type":"","width":"","height":""}],"twitter_card":"summary_large_image","twitter_misc":{"Est. reading time":"2 minutes"},"schema":{"@context":"https:\/\/schema.org","@graph":[{"@type":"WebPage","@id":"https:\/\/chirurgie-orthopedique.info\/en\/anatomie-de-lepaule\/","url":"https:\/\/chirurgie-orthopedique.info\/en\/anatomie-de-lepaule\/","name":"Shoulder anatomy - Orthopaedic Surgery of the shoulder in Nice","isPartOf":{"@id":"https:\/\/chirurgie-orthopedique.info\/en\/#website"},"primaryImageOfPage":{"@id":"https:\/\/chirurgie-orthopedique.info\/en\/anatomie-de-lepaule\/#primaryimage"},"image":{"@id":"https:\/\/chirurgie-orthopedique.info\/en\/anatomie-de-lepaule\/#primaryimage"},"thumbnailUrl":"https:\/\/chirurgie-orthopedique.info\/wp-content\/uploads\/2021\/04\/anatomie-epaule-300x240.jpg","datePublished":"2021-05-04T14:28:04+00:00","dateModified":"2021-05-04T14:31:03+00:00","description":"Shoulder anatomy with the Doctor Mandrino - Orthopaedic Surgery of the shoulder in Nice","breadcrumb":{"@id":"https:\/\/chirurgie-orthopedique.info\/en\/anatomie-de-lepaule\/#breadcrumb"},"inLanguage":"en-US","potentialAction":[{"@type":"ReadAction","target":["https:\/\/chirurgie-orthopedique.info\/en\/anatomie-de-lepaule\/"]}]},{"@type":"ImageObject","inLanguage":"en-US","@id":"https:\/\/chirurgie-orthopedique.info\/en\/anatomie-de-lepaule\/#primaryimage","url":"https:\/\/chirurgie-orthopedique.info\/wp-content\/uploads\/2021\/04\/anatomie-epaule-300x240.jpg","contentUrl":"https:\/\/chirurgie-orthopedique.info\/wp-content\/uploads\/2021\/04\/anatomie-epaule-300x240.jpg"},{"@type":"BreadcrumbList","@id":"https:\/\/chirurgie-orthopedique.info\/en\/anatomie-de-lepaule\/#breadcrumb","itemListElement":[{"@type":"ListItem","position":1,"name":"Accueil","item":"https:\/\/chirurgie-orthopedique.info\/en\/"},{"@type":"ListItem","position":2,"name":"Shoulder anatomy"}]},{"@type":"WebSite","@id":"https:\/\/chirurgie-orthopedique.info\/en\/#website","url":"https:\/\/chirurgie-orthopedique.info\/en\/","name":"Chirurgie Orthopedique, sp\u00e9cialiste du Genou, Hanche, Epaule \u00e0 Nice","description":"Docteur Mandrino sp\u00e9cialis\u00e9 en chirurgie du genou, de la hanche et de l&#039; \u00e9paule \u00e0 Nice","publisher":{"@id":"https:\/\/chirurgie-orthopedique.info\/en\/#organization"},"potentialAction":[{"@type":"SearchAction","target":{"@type":"EntryPoint","urlTemplate":"https:\/\/chirurgie-orthopedique.info\/en\/?s={search_term_string}"},"query-input":{"@type":"PropertyValueSpecification","valueRequired":true,"valueName":"search_term_string"}}],"inLanguage":"en-US"},{"@type":"Organization","@id":"https:\/\/chirurgie-orthopedique.info\/en\/#organization","name":"Dr Alain Mandrino chirurgie orthop\u00e9dique \u00e0 Nice","url":"https:\/\/chirurgie-orthopedique.info\/en\/","logo":{"@type":"ImageObject","inLanguage":"en-US","@id":"https:\/\/chirurgie-orthopedique.info\/en\/#\/schema\/logo\/image\/","url":"https:\/\/chirurgie-orthopedique.info\/wp-content\/uploads\/2017\/07\/dr-alain-mandrino-chirurgie-orthopedique-nice.png","contentUrl":"https:\/\/chirurgie-orthopedique.info\/wp-content\/uploads\/2017\/07\/dr-alain-mandrino-chirurgie-orthopedique-nice.png","width":443,"height":230,"caption":"Dr Alain Mandrino chirurgie orthop\u00e9dique \u00e0 Nice"},"image":{"@id":"https:\/\/chirurgie-orthopedique.info\/en\/#\/schema\/logo\/image\/"},"sameAs":["https:\/\/www.facebook.com\/Dr.Mandrino","https:\/\/www.instagram.com\/dralainmandrino\/","https:\/\/www.youtube.com\/user\/amandrino"]}]}},"jetpack_sharing_enabled":true,"_links":{"self":[{"href":"https:\/\/chirurgie-orthopedique.info\/en\/wp-json\/wp\/v2\/pages\/8013","targetHints":{"allow":["GET"]}}],"collection":[{"href":"https:\/\/chirurgie-orthopedique.info\/en\/wp-json\/wp\/v2\/pages"}],"about":[{"href":"https:\/\/chirurgie-orthopedique.info\/en\/wp-json\/wp\/v2\/types\/page"}],"author":[{"embeddable":true,"href":"https:\/\/chirurgie-orthopedique.info\/en\/wp-json\/wp\/v2\/users\/1"}],"replies":[{"embeddable":true,"href":"https:\/\/chirurgie-orthopedique.info\/en\/wp-json\/wp\/v2\/comments?post=8013"}],"version-history":[{"count":0,"href":"https:\/\/chirurgie-orthopedique.info\/en\/wp-json\/wp\/v2\/pages\/8013\/revisions"}],"wp:attachment":[{"href":"https:\/\/chirurgie-orthopedique.info\/en\/wp-json\/wp\/v2\/media?parent=8013"}],"curies":[{"name":"wp","href":"https:\/\/api.w.org\/{rel}","templated":true}]}}