{"id":8037,"date":"2021-05-04T15:17:15","date_gmt":"2021-05-04T15:17:15","guid":{"rendered":"https:\/\/toty.fr\/wordpress\/?page_id=8037"},"modified":"2021-05-04T15:22:33","modified_gmt":"2021-05-04T15:22:33","slug":"questions-about-rotator-cuff-repair","status":"publish","type":"page","link":"https:\/\/chirurgie-orthopedique.info\/en\/anatomie-de-lepaule\/rotator-cuff-repair\/questions-about-rotator-cuff-repair\/","title":{"rendered":"Your questions on rotator cuff repair"},"content":{"rendered":"<p>[vc_row][vc_column][vc_row_inner][vc_column_inner width=&#8221;1\/4&#8243;][\/vc_column_inner][vc_column_inner width=&#8221;1\/2&#8243;][vc_single_image image=&#8221;7530&#8243; img_size=&#8221;100&#215;100&#8243; alignment=&#8221;center&#8221; css=&#8221;.vc_custom_1618992548172{margin-top: 0px !important;margin-right: 20px !important;margin-bottom: 0px !important;margin-left: 20px !important;}&#8221;][\/vc_column_inner][vc_column_inner width=&#8221;1\/4&#8243;][\/vc_column_inner][\/vc_row_inner][vc_column_text css=&#8221;.vc_custom_1620141497662{margin-bottom: 10px !important;}&#8221;]<\/p>\n<h3 style=\"text-align: center;\">Your questions on rotator cuff repair<\/h3>\n<p>[\/vc_column_text][vc_separator color=&#8221;custom&#8221; style=&#8221;dotted&#8221; accent_color=&#8221;#2f3762&#8243; css=&#8221;.vc_custom_1618682358889{margin-top: 0px !important;}&#8221;][vc_tta_accordion][vc_tta_section i_icon_fontawesome=&#8221;fas fa-arrow-circle-right&#8221; add_icon=&#8221;true&#8221; title=&#8221;How long is the hospitalization ?&#8221; tab_id=&#8221;1618734116420-78feccc6-fbde&#8221;][vc_column_text]<\/p>\n<p style=\"text-align: justify;\">48hours<\/p>\n<p>[\/vc_column_text][\/vc_tta_section][vc_tta_section i_icon_fontawesome=&#8221;fas fa-arrow-alt-circle-right&#8221; add_icon=&#8221;true&#8221; title=&#8221;Which type of anesthesia is used ?&#8221; tab_id=&#8221;1618685947673-2d6bfee2-36d6&#8243;][vc_column_text]<\/p>\n<p style=\"text-align: justify;\">A local anesthesia will be administered under ultrasound control before the procedure in order to ensure per- and post-operative analgesia, which will be followed by a light general anesthesia to cover the surgical procedure.<\/p>\n<p>[\/vc_column_text][\/vc_tta_section][vc_tta_section i_icon_fontawesome=&#8221;fas fa-arrow-alt-circle-right&#8221; add_icon=&#8221;true&#8221; title=&#8221;What are the postoperative recoveries\u00a0?&#8221; tab_id=&#8221;1618734222502-49bff332-e34d&#8221;][vc_column_text]<\/p>\n<p style=\"text-align: justify;\">The upper limb is immobilized for 6 weeks by a splint (elbow-to-body splint or abduction vest, depending on the retraction of the rupture). Resumption of \u201cbasic\u201d everyday life will not be possible prior to 8 weeks after surgery. Rehabilitation should start as soon as possible and be maintained on a regular basis.<\/p>\n<p>[\/vc_column_text][\/vc_tta_section][vc_tta_section i_icon_fontawesome=&#8221;fas fa-arrow-alt-circle-right&#8221; add_icon=&#8221;true&#8221; title=&#8221;What are the possible complications\u00a0?&#8221; tab_id=&#8221;1618686103251-ec0ff90c-2f75&#8243;][vc_column_text]<\/p>\n<p style=\"text-align: justify;\">Hematoma and infection may occur following the procedure. Joint stiffness and delayed rehabilitation are possible if the patient suffers from retractive capsulitis following surgery. Small-sized recurrent ruptures of the cuff may occur in patients with marked joint rupture and tendon degeneration before surgery.<\/p>\n<p>[\/vc_column_text][\/vc_tta_section][\/vc_tta_accordion][\/vc_column][\/vc_row]<\/p>\n","protected":false},"excerpt":{"rendered":"<p>[vc_row][vc_column][vc_row_inner][vc_column_inner width=&#8221;1\/4&#8243;][\/vc_column_inner][vc_column_inner width=&#8221;1\/2&#8243;][vc_single_image image=&#8221;7530&#8243; img_size=&#8221;100&#215;100&#8243; alignment=&#8221;center&#8221; css=&#8221;.vc_custom_1618992548172{margin-top: 0px !important;margin-right: 20px !important;margin-bottom: 0px !important;margin-left: 20px !important;}&#8221;][\/vc_column_inner][vc_column_inner width=&#8221;1\/4&#8243;][\/vc_column_inner][\/vc_row_inner][vc_column_text css=&#8221;.vc_custom_1620141497662{margin-bottom: 10px !important;}&#8221;] Your questions on rotator cuff repair [\/vc_column_text][vc_separator color=&#8221;custom&#8221; style=&#8221;dotted&#8221; accent_color=&#8221;#2f3762&#8243; css=&#8221;.vc_custom_1618682358889{margin-top: 0px !important;}&#8221;][vc_tta_accordion][vc_tta_section i_icon_fontawesome=&#8221;fas fa-arrow-circle-right&#8221; add_icon=&#8221;true&#8221; title=&#8221;How long is the hospitalization ?&#8221; tab_id=&#8221;1618734116420-78feccc6-fbde&#8221;][vc_column_text] 48hours [\/vc_column_text][\/vc_tta_section][vc_tta_section i_icon_fontawesome=&#8221;fas fa-arrow-alt-circle-right&#8221; add_icon=&#8221;true&#8221; title=&#8221;Which type of anesthesia is used ?&#8221; tab_id=&#8221;1618685947673-2d6bfee2-36d6&#8243;][vc_column_text] A local anesthesia will be administered under ultrasound control before the procedure in order to ensure per- and post-operative analgesia, which will be followed by a light general anesthesia to cover the surgical procedure. [\/vc_column_text][\/vc_tta_section][vc_tta_section i_icon_fontawesome=&#8221;fas fa-arrow-alt-circle-right&#8221; add_icon=&#8221;true&#8221; title=&#8221;What are the postoperative recoveries\u00a0?&#8221; tab_id=&#8221;1618734222502-49bff332-e34d&#8221;][vc_column_text] The upper limb is immobilized for 6 weeks by a splint (elbow-to-body splint or abduction vest, depending on the retraction of the rupture). Resumption of \u201cbasic\u201d everyday life will not be possible prior to 8 weeks after surgery. Rehabilitation should start as soon as possible and be maintained on a regular [&hellip;]<\/p>\n","protected":false},"author":1,"featured_media":0,"parent":8029,"menu_order":0,"comment_status":"closed","ping_status":"closed","template":"","meta":{"inline_featured_image":false,"footnotes":""},"class_list":["post-8037","page","type-page","status-publish","hentry"],"yoast_head":"<!-- This site is optimized with the Yoast SEO plugin v24.7 - https:\/\/yoast.com\/wordpress\/plugins\/seo\/ -->\n<title>All your questions about rotator cuff repair - Dr Mandrino in Nice<\/title>\n<meta name=\"description\" content=\"Doctor Mandrino, orthopedic surgeon in Nice, responds to all of your questions about rotator cuff repair.\" \/>\n<meta name=\"robots\" content=\"index, follow, max-snippet:-1, max-image-preview:large, max-video-preview:-1\" \/>\n<link rel=\"canonical\" href=\"https:\/\/chirurgie-orthopedique.info\/en\/anatomie-de-lepaule\/rotator-cuff-repair\/questions-about-rotator-cuff-repair\/\" \/>\n<meta property=\"og:locale\" content=\"en_US\" \/>\n<meta property=\"og:type\" content=\"article\" \/>\n<meta property=\"og:title\" content=\"All your questions about rotator cuff repair - Dr Mandrino in Nice\" \/>\n<meta property=\"og:description\" content=\"Doctor Mandrino, orthopedic surgeon in Nice, responds to all of your questions about rotator cuff repair.\" \/>\n<meta property=\"og:url\" content=\"https:\/\/chirurgie-orthopedique.info\/en\/anatomie-de-lepaule\/rotator-cuff-repair\/questions-about-rotator-cuff-repair\/\" \/>\n<meta property=\"og:site_name\" content=\"Chirurgie Orthopedique, sp\u00e9cialiste du Genou, Hanche, Epaule \u00e0 Nice\" \/>\n<meta property=\"article:publisher\" content=\"https:\/\/www.facebook.com\/Dr.Mandrino\" \/>\n<meta property=\"article:modified_time\" content=\"2021-05-04T15:22:33+00:00\" \/>\n<meta property=\"og:image\" content=\"https:\/\/chirurgie-orthopedique.info\/wp-content\/uploads\/2017\/07\/Chirurgie-du-genou-nice.jpg\" \/>\n\t<meta property=\"og:image:width\" content=\"1921\" \/>\n\t<meta property=\"og:image:height\" content=\"1100\" \/>\n\t<meta property=\"og:image:type\" content=\"image\/jpeg\" \/>\n<meta name=\"twitter:card\" content=\"summary_large_image\" \/>\n<meta name=\"twitter:label1\" content=\"Est. reading time\" \/>\n\t<meta name=\"twitter:data1\" content=\"1 minute\" \/>\n<script type=\"application\/ld+json\" class=\"yoast-schema-graph\">{\"@context\":\"https:\/\/schema.org\",\"@graph\":[{\"@type\":\"WebPage\",\"@id\":\"https:\/\/chirurgie-orthopedique.info\/en\/anatomie-de-lepaule\/rotator-cuff-repair\/questions-about-rotator-cuff-repair\/\",\"url\":\"https:\/\/chirurgie-orthopedique.info\/en\/anatomie-de-lepaule\/rotator-cuff-repair\/questions-about-rotator-cuff-repair\/\",\"name\":\"All your questions about rotator cuff repair - Dr Mandrino in Nice\",\"isPartOf\":{\"@id\":\"https:\/\/chirurgie-orthopedique.info\/en\/#website\"},\"datePublished\":\"2021-05-04T15:17:15+00:00\",\"dateModified\":\"2021-05-04T15:22:33+00:00\",\"description\":\"Doctor Mandrino, orthopedic surgeon in Nice, responds to all of your questions about rotator cuff repair.\",\"breadcrumb\":{\"@id\":\"https:\/\/chirurgie-orthopedique.info\/en\/anatomie-de-lepaule\/rotator-cuff-repair\/questions-about-rotator-cuff-repair\/#breadcrumb\"},\"inLanguage\":\"en-US\",\"potentialAction\":[{\"@type\":\"ReadAction\",\"target\":[\"https:\/\/chirurgie-orthopedique.info\/en\/anatomie-de-lepaule\/rotator-cuff-repair\/questions-about-rotator-cuff-repair\/\"]}]},{\"@type\":\"BreadcrumbList\",\"@id\":\"https:\/\/chirurgie-orthopedique.info\/en\/anatomie-de-lepaule\/rotator-cuff-repair\/questions-about-rotator-cuff-repair\/#breadcrumb\",\"itemListElement\":[{\"@type\":\"ListItem\",\"position\":1,\"name\":\"Accueil\",\"item\":\"https:\/\/chirurgie-orthopedique.info\/en\/\"},{\"@type\":\"ListItem\",\"position\":2,\"name\":\"Shoulder anatomy\",\"item\":\"https:\/\/chirurgie-orthopedique.info\/en\/anatomie-de-lepaule\/\"},{\"@type\":\"ListItem\",\"position\":3,\"name\":\"Rotator cuff repair\",\"item\":\"https:\/\/chirurgie-orthopedique.info\/en\/anatomie-de-lepaule\/rotator-cuff-repair\/\"},{\"@type\":\"ListItem\",\"position\":4,\"name\":\"Your questions on rotator cuff repair\"}]},{\"@type\":\"WebSite\",\"@id\":\"https:\/\/chirurgie-orthopedique.info\/en\/#website\",\"url\":\"https:\/\/chirurgie-orthopedique.info\/en\/\",\"name\":\"Chirurgie Orthopedique, sp\u00e9cialiste du Genou, Hanche, Epaule \u00e0 Nice\",\"description\":\"Docteur Mandrino sp\u00e9cialis\u00e9 en chirurgie du genou, de la hanche et de l&#039; \u00e9paule \u00e0 Nice\",\"publisher\":{\"@id\":\"https:\/\/chirurgie-orthopedique.info\/en\/#organization\"},\"potentialAction\":[{\"@type\":\"SearchAction\",\"target\":{\"@type\":\"EntryPoint\",\"urlTemplate\":\"https:\/\/chirurgie-orthopedique.info\/en\/?s={search_term_string}\"},\"query-input\":{\"@type\":\"PropertyValueSpecification\",\"valueRequired\":true,\"valueName\":\"search_term_string\"}}],\"inLanguage\":\"en-US\"},{\"@type\":\"Organization\",\"@id\":\"https:\/\/chirurgie-orthopedique.info\/en\/#organization\",\"name\":\"Dr Alain Mandrino chirurgie orthop\u00e9dique \u00e0 Nice\",\"url\":\"https:\/\/chirurgie-orthopedique.info\/en\/\",\"logo\":{\"@type\":\"ImageObject\",\"inLanguage\":\"en-US\",\"@id\":\"https:\/\/chirurgie-orthopedique.info\/en\/#\/schema\/logo\/image\/\",\"url\":\"https:\/\/chirurgie-orthopedique.info\/wp-content\/uploads\/2017\/07\/dr-alain-mandrino-chirurgie-orthopedique-nice.png\",\"contentUrl\":\"https:\/\/chirurgie-orthopedique.info\/wp-content\/uploads\/2017\/07\/dr-alain-mandrino-chirurgie-orthopedique-nice.png\",\"width\":443,\"height\":230,\"caption\":\"Dr Alain Mandrino chirurgie orthop\u00e9dique \u00e0 Nice\"},\"image\":{\"@id\":\"https:\/\/chirurgie-orthopedique.info\/en\/#\/schema\/logo\/image\/\"},\"sameAs\":[\"https:\/\/www.facebook.com\/Dr.Mandrino\",\"https:\/\/www.instagram.com\/dralainmandrino\/\",\"https:\/\/www.youtube.com\/user\/amandrino\"]}]}<\/script>\n<!-- \/ Yoast SEO plugin. -->","yoast_head_json":{"title":"All your questions about rotator cuff repair - Dr Mandrino in Nice","description":"Doctor Mandrino, orthopedic surgeon in Nice, responds to all of your questions about rotator cuff repair.","robots":{"index":"index","follow":"follow","max-snippet":"max-snippet:-1","max-image-preview":"max-image-preview:large","max-video-preview":"max-video-preview:-1"},"canonical":"https:\/\/chirurgie-orthopedique.info\/en\/anatomie-de-lepaule\/rotator-cuff-repair\/questions-about-rotator-cuff-repair\/","og_locale":"en_US","og_type":"article","og_title":"All your questions about rotator cuff repair - Dr Mandrino in Nice","og_description":"Doctor Mandrino, orthopedic surgeon in Nice, responds to all of your questions about rotator cuff repair.","og_url":"https:\/\/chirurgie-orthopedique.info\/en\/anatomie-de-lepaule\/rotator-cuff-repair\/questions-about-rotator-cuff-repair\/","og_site_name":"Chirurgie Orthopedique, sp\u00e9cialiste du Genou, Hanche, Epaule \u00e0 Nice","article_publisher":"https:\/\/www.facebook.com\/Dr.Mandrino","article_modified_time":"2021-05-04T15:22:33+00:00","og_image":[{"width":1921,"height":1100,"url":"https:\/\/chirurgie-orthopedique.info\/wp-content\/uploads\/2017\/07\/Chirurgie-du-genou-nice.jpg","type":"image\/jpeg"}],"twitter_card":"summary_large_image","twitter_misc":{"Est. reading time":"1 minute"},"schema":{"@context":"https:\/\/schema.org","@graph":[{"@type":"WebPage","@id":"https:\/\/chirurgie-orthopedique.info\/en\/anatomie-de-lepaule\/rotator-cuff-repair\/questions-about-rotator-cuff-repair\/","url":"https:\/\/chirurgie-orthopedique.info\/en\/anatomie-de-lepaule\/rotator-cuff-repair\/questions-about-rotator-cuff-repair\/","name":"All your questions about rotator cuff repair - Dr Mandrino in Nice","isPartOf":{"@id":"https:\/\/chirurgie-orthopedique.info\/en\/#website"},"datePublished":"2021-05-04T15:17:15+00:00","dateModified":"2021-05-04T15:22:33+00:00","description":"Doctor Mandrino, orthopedic surgeon in Nice, responds to all of your questions about rotator cuff repair.","breadcrumb":{"@id":"https:\/\/chirurgie-orthopedique.info\/en\/anatomie-de-lepaule\/rotator-cuff-repair\/questions-about-rotator-cuff-repair\/#breadcrumb"},"inLanguage":"en-US","potentialAction":[{"@type":"ReadAction","target":["https:\/\/chirurgie-orthopedique.info\/en\/anatomie-de-lepaule\/rotator-cuff-repair\/questions-about-rotator-cuff-repair\/"]}]},{"@type":"BreadcrumbList","@id":"https:\/\/chirurgie-orthopedique.info\/en\/anatomie-de-lepaule\/rotator-cuff-repair\/questions-about-rotator-cuff-repair\/#breadcrumb","itemListElement":[{"@type":"ListItem","position":1,"name":"Accueil","item":"https:\/\/chirurgie-orthopedique.info\/en\/"},{"@type":"ListItem","position":2,"name":"Shoulder anatomy","item":"https:\/\/chirurgie-orthopedique.info\/en\/anatomie-de-lepaule\/"},{"@type":"ListItem","position":3,"name":"Rotator cuff repair","item":"https:\/\/chirurgie-orthopedique.info\/en\/anatomie-de-lepaule\/rotator-cuff-repair\/"},{"@type":"ListItem","position":4,"name":"Your questions on rotator cuff repair"}]},{"@type":"WebSite","@id":"https:\/\/chirurgie-orthopedique.info\/en\/#website","url":"https:\/\/chirurgie-orthopedique.info\/en\/","name":"Chirurgie Orthopedique, sp\u00e9cialiste du Genou, Hanche, Epaule \u00e0 Nice","description":"Docteur Mandrino sp\u00e9cialis\u00e9 en chirurgie du genou, de la hanche et de l&#039; \u00e9paule \u00e0 Nice","publisher":{"@id":"https:\/\/chirurgie-orthopedique.info\/en\/#organization"},"potentialAction":[{"@type":"SearchAction","target":{"@type":"EntryPoint","urlTemplate":"https:\/\/chirurgie-orthopedique.info\/en\/?s={search_term_string}"},"query-input":{"@type":"PropertyValueSpecification","valueRequired":true,"valueName":"search_term_string"}}],"inLanguage":"en-US"},{"@type":"Organization","@id":"https:\/\/chirurgie-orthopedique.info\/en\/#organization","name":"Dr Alain Mandrino chirurgie orthop\u00e9dique \u00e0 Nice","url":"https:\/\/chirurgie-orthopedique.info\/en\/","logo":{"@type":"ImageObject","inLanguage":"en-US","@id":"https:\/\/chirurgie-orthopedique.info\/en\/#\/schema\/logo\/image\/","url":"https:\/\/chirurgie-orthopedique.info\/wp-content\/uploads\/2017\/07\/dr-alain-mandrino-chirurgie-orthopedique-nice.png","contentUrl":"https:\/\/chirurgie-orthopedique.info\/wp-content\/uploads\/2017\/07\/dr-alain-mandrino-chirurgie-orthopedique-nice.png","width":443,"height":230,"caption":"Dr Alain Mandrino chirurgie orthop\u00e9dique \u00e0 Nice"},"image":{"@id":"https:\/\/chirurgie-orthopedique.info\/en\/#\/schema\/logo\/image\/"},"sameAs":["https:\/\/www.facebook.com\/Dr.Mandrino","https:\/\/www.instagram.com\/dralainmandrino\/","https:\/\/www.youtube.com\/user\/amandrino"]}]}},"jetpack_sharing_enabled":true,"_links":{"self":[{"href":"https:\/\/chirurgie-orthopedique.info\/en\/wp-json\/wp\/v2\/pages\/8037","targetHints":{"allow":["GET"]}}],"collection":[{"href":"https:\/\/chirurgie-orthopedique.info\/en\/wp-json\/wp\/v2\/pages"}],"about":[{"href":"https:\/\/chirurgie-orthopedique.info\/en\/wp-json\/wp\/v2\/types\/page"}],"author":[{"embeddable":true,"href":"https:\/\/chirurgie-orthopedique.info\/en\/wp-json\/wp\/v2\/users\/1"}],"replies":[{"embeddable":true,"href":"https:\/\/chirurgie-orthopedique.info\/en\/wp-json\/wp\/v2\/comments?post=8037"}],"version-history":[{"count":0,"href":"https:\/\/chirurgie-orthopedique.info\/en\/wp-json\/wp\/v2\/pages\/8037\/revisions"}],"up":[{"embeddable":true,"href":"https:\/\/chirurgie-orthopedique.info\/en\/wp-json\/wp\/v2\/pages\/8029"}],"wp:attachment":[{"href":"https:\/\/chirurgie-orthopedique.info\/en\/wp-json\/wp\/v2\/media?parent=8037"}],"curies":[{"name":"wp","href":"https:\/\/api.w.org\/{rel}","templated":true}]}}