{"id":8054,"date":"2021-05-04T15:45:09","date_gmt":"2021-05-04T15:45:09","guid":{"rendered":"https:\/\/toty.fr\/wordpress\/?page_id=8054"},"modified":"2021-05-10T15:59:33","modified_gmt":"2021-05-10T15:59:33","slug":"chirurgie-du-menisque-par-arthroscopie","status":"publish","type":"page","link":"https:\/\/chirurgie-orthopedique.info\/en\/knee-anatomy-pathophysiology\/chirurgie-du-menisque-par-arthroscopie\/","title":{"rendered":"Meniscus"},"content":{"rendered":"<p>[vc_row][vc_column][vc_row_inner][vc_column_inner][vc_single_image image=&#8221;8654&#8243; img_size=&#8221;100&#215;100&#8243; alignment=&#8221;center&#8221; css=&#8221;.vc_custom_1618842796168{margin-top: 0px !important;margin-right: 20px !important;margin-bottom: 0px !important;margin-left: 20px !important;}&#8221;][\/vc_column_inner][\/vc_row_inner][vc_column_text css=&#8221;.vc_custom_1620143135913{margin-bottom: 10px !important;}&#8221;]<\/p>\n<h2 style=\"text-align: center;\">Meniscus<\/h2>\n<p>[\/vc_column_text][vc_separator color=&#8221;custom&#8221; style=&#8221;dotted&#8221; accent_color=&#8221;#2f3762&#8243; css=&#8221;.vc_custom_1618682358889{margin-top: 0px !important;}&#8221;][vc_column_text]<\/p>\n<p style=\"text-align: justify;\"><strong>Knee meniscus can be damaged at any age. On young patients, injuries usually occur after sports accidents (<\/strong>torsion traumatism), or repeated micro-traumatisms through flexion (tiler\u2019s squatting position). <strong>The treatment of a meniscal lesion is the most frequent indication for knee arthroscopy.<\/strong><\/p>\n<p style=\"text-align: justify;\">There are two meniscus: medial and lateral. They are shaped like crescents around the tibia\u2019s articular surfaces. They are attached to the tibia through the posterior and anterior horns, on the front and back of the cruciate ligaments, and are attached to the capsule through their periphery. Their triangular section gives them a corner shape, between the femur and the tibia. They are elastic fibrocartilages which can\u2019t be seen on X-rays. They go deep into the tibial surface, increasing the tibiofemoral contact area and allowing improved stability and adjustment of the joint surfaces. This leads to a better distribution of pressure and better choc-absorption during physical exercise.<\/p>\n<p style=\"text-align: justify;\"><strong>Arthroscopy<\/strong> is a non-invasive procedure, which allows exploring the joint through optical fibers called arthroscope, which are a few millimeters wide and connected to a camera projecting an image on a TV screen.<\/p>\n<p style=\"text-align: justify;\"><strong>The arthroscope<\/strong> is inserted into the knee through several small incisions (from 2 to 4, usually 5mm wide). Arthroscopy isn\u2019t just a diagnostic procedure, it also allows intraarticular surgeries. As a minimal invasive operative procedure, arthroscopic surgery is now part of the standard procedures in joint surgery. \u00a0 When the meniscus is damaged, it almost never heals on its own. Surgery is needed to either suture it, or remove it, according to the gravity of the lesions.<\/p>\n<p>[\/vc_column_text][vc_column_text]<\/p>\n<h3><strong>1- Suture :<\/strong><\/h3>\n<p>Suture is only possible on young patients, and when the injury is located in the vascular portion around the meniscus. Degenerative meniscus on old patients can\u2019t be sutured. There are two types of possible sutures, either on the outside of the joint with needled threads which are retrieved through an additional way, and tied outside the joint; or the suture is entirely done inside the joint. The latter requires specific suture equipment (usually, a thread leaning on small intra-meniscal anchors). \u00a0 Following a meniscal suture, you\u2019ll be able to mobilize the knee and walk with weight bearing protected by a splint for four weeks. <strong>The flexion recovery will be limited to 90\u00b0 for the first three weeks. Ice should be applied on the knee, and an anticoagulant treatment should be taken for ten days. Physical activities such as sports will not be possible for three months after the surgery.<\/strong> Sutures have a failure rate of 25%.<\/p>\n<h3><strong>2- Resection\u00a0:<\/strong><\/h3>\n<p>Resection is made with hand pliers or motorized shavers, trying to be as thrifty as possible. After this procedure, you\u2019ll be able to use your knee right away, you can walk witn normal weight bearing.<\/p>\n<p>There are no banned activities, although resting and applying ice to the knee for three to four days is highly recommended. Rehabilitation in a physiotherapy center should start the next day after surgery. \u00a0 Resumption of basic sedentary activities is possible after a week, on the other hand daily normal life and running should be put off until three to four weeks. Post arthroscopy residual pains can be treated through intraarticular injections of hyaluronic acid (usually an injection per week, for three weeks), called viscosupplementation.[\/vc_column_text][\/vc_column][\/vc_row]<\/p>\n","protected":false},"excerpt":{"rendered":"<p>[vc_row][vc_column][vc_row_inner][vc_column_inner][vc_single_image image=&#8221;8654&#8243; img_size=&#8221;100&#215;100&#8243; alignment=&#8221;center&#8221; css=&#8221;.vc_custom_1618842796168{margin-top: 0px !important;margin-right: 20px !important;margin-bottom: 0px !important;margin-left: 20px !important;}&#8221;][\/vc_column_inner][\/vc_row_inner][vc_column_text css=&#8221;.vc_custom_1620143135913{margin-bottom: 10px !important;}&#8221;] Meniscus [\/vc_column_text][vc_separator color=&#8221;custom&#8221; style=&#8221;dotted&#8221; accent_color=&#8221;#2f3762&#8243; css=&#8221;.vc_custom_1618682358889{margin-top: 0px !important;}&#8221;][vc_column_text] Knee meniscus can be damaged at any age. On young patients, injuries usually occur after sports accidents (torsion traumatism), or repeated micro-traumatisms through flexion (tiler\u2019s squatting position). The treatment of a meniscal lesion is the most frequent indication for knee arthroscopy. There are two meniscus: medial and lateral. They are shaped like crescents around the tibia\u2019s articular surfaces. They are attached to the tibia through the posterior and anterior horns, on the front and back of the cruciate ligaments, and are attached to the capsule through their periphery. Their triangular section gives them a corner shape, between the femur and the tibia. They are elastic fibrocartilages which can\u2019t be seen on X-rays. They go deep into the tibial surface, increasing the tibiofemoral contact area and allowing [&hellip;]<\/p>\n","protected":false},"author":1,"featured_media":0,"parent":8045,"menu_order":0,"comment_status":"closed","ping_status":"closed","template":"","meta":{"inline_featured_image":false,"footnotes":""},"class_list":["post-8054","page","type-page","status-publish","hentry"],"yoast_head":"<!-- This site is optimized with the Yoast SEO plugin v24.7 - https:\/\/yoast.com\/wordpress\/plugins\/seo\/ -->\n<title>Meniscus - Arthroscopic meniscal surgery - Nice France<\/title>\n<meta name=\"description\" content=\"Arthroscopic meniscal : The treatment of meniscus injury of knee arthroscopy - Orthopedic Surgery Nice Doctor Alain Mandrino\" \/>\n<meta name=\"robots\" content=\"index, follow, max-snippet:-1, max-image-preview:large, max-video-preview:-1\" \/>\n<link rel=\"canonical\" href=\"https:\/\/chirurgie-orthopedique.info\/en\/knee-anatomy-pathophysiology\/chirurgie-du-menisque-par-arthroscopie\/\" \/>\n<meta property=\"og:locale\" content=\"en_US\" \/>\n<meta property=\"og:type\" content=\"article\" \/>\n<meta property=\"og:title\" content=\"Meniscus - Arthroscopic meniscal surgery - Nice France\" \/>\n<meta property=\"og:description\" content=\"Arthroscopic meniscal : The treatment of meniscus injury of knee arthroscopy - Orthopedic Surgery Nice Doctor Alain Mandrino\" \/>\n<meta property=\"og:url\" content=\"https:\/\/chirurgie-orthopedique.info\/en\/knee-anatomy-pathophysiology\/chirurgie-du-menisque-par-arthroscopie\/\" \/>\n<meta property=\"og:site_name\" content=\"Chirurgie Orthopedique, sp\u00e9cialiste du Genou, Hanche, Epaule \u00e0 Nice\" \/>\n<meta property=\"article:publisher\" content=\"https:\/\/www.facebook.com\/Dr.Mandrino\" \/>\n<meta property=\"article:modified_time\" content=\"2021-05-10T15:59:33+00:00\" \/>\n<meta property=\"og:image\" content=\"https:\/\/chirurgie-orthopedique.info\/wp-content\/uploads\/2017\/07\/Chirurgie-du-genou-nice.jpg\" \/>\n\t<meta property=\"og:image:width\" content=\"1921\" \/>\n\t<meta property=\"og:image:height\" content=\"1100\" \/>\n\t<meta property=\"og:image:type\" content=\"image\/jpeg\" \/>\n<meta name=\"twitter:card\" content=\"summary_large_image\" \/>\n<meta name=\"twitter:label1\" content=\"Est. reading time\" \/>\n\t<meta name=\"twitter:data1\" content=\"3 minutes\" \/>\n<script type=\"application\/ld+json\" class=\"yoast-schema-graph\">{\"@context\":\"https:\/\/schema.org\",\"@graph\":[{\"@type\":\"WebPage\",\"@id\":\"https:\/\/chirurgie-orthopedique.info\/en\/knee-anatomy-pathophysiology\/chirurgie-du-menisque-par-arthroscopie\/\",\"url\":\"https:\/\/chirurgie-orthopedique.info\/en\/knee-anatomy-pathophysiology\/chirurgie-du-menisque-par-arthroscopie\/\",\"name\":\"Meniscus - Arthroscopic meniscal surgery - Nice France\",\"isPartOf\":{\"@id\":\"https:\/\/chirurgie-orthopedique.info\/en\/#website\"},\"datePublished\":\"2021-05-04T15:45:09+00:00\",\"dateModified\":\"2021-05-10T15:59:33+00:00\",\"description\":\"Arthroscopic meniscal : The treatment of meniscus injury of knee arthroscopy - Orthopedic Surgery Nice Doctor Alain Mandrino\",\"breadcrumb\":{\"@id\":\"https:\/\/chirurgie-orthopedique.info\/en\/knee-anatomy-pathophysiology\/chirurgie-du-menisque-par-arthroscopie\/#breadcrumb\"},\"inLanguage\":\"en-US\",\"potentialAction\":[{\"@type\":\"ReadAction\",\"target\":[\"https:\/\/chirurgie-orthopedique.info\/en\/knee-anatomy-pathophysiology\/chirurgie-du-menisque-par-arthroscopie\/\"]}]},{\"@type\":\"BreadcrumbList\",\"@id\":\"https:\/\/chirurgie-orthopedique.info\/en\/knee-anatomy-pathophysiology\/chirurgie-du-menisque-par-arthroscopie\/#breadcrumb\",\"itemListElement\":[{\"@type\":\"ListItem\",\"position\":1,\"name\":\"Accueil\",\"item\":\"https:\/\/chirurgie-orthopedique.info\/en\/\"},{\"@type\":\"ListItem\",\"position\":2,\"name\":\"Knee anatomy and pathophysiology\",\"item\":\"https:\/\/chirurgie-orthopedique.info\/en\/knee-anatomy-pathophysiology\/\"},{\"@type\":\"ListItem\",\"position\":3,\"name\":\"Meniscus\"}]},{\"@type\":\"WebSite\",\"@id\":\"https:\/\/chirurgie-orthopedique.info\/en\/#website\",\"url\":\"https:\/\/chirurgie-orthopedique.info\/en\/\",\"name\":\"Chirurgie Orthopedique, sp\u00e9cialiste du Genou, Hanche, Epaule \u00e0 Nice\",\"description\":\"Docteur Mandrino sp\u00e9cialis\u00e9 en chirurgie du genou, de la hanche et de l&#039; \u00e9paule \u00e0 Nice\",\"publisher\":{\"@id\":\"https:\/\/chirurgie-orthopedique.info\/en\/#organization\"},\"potentialAction\":[{\"@type\":\"SearchAction\",\"target\":{\"@type\":\"EntryPoint\",\"urlTemplate\":\"https:\/\/chirurgie-orthopedique.info\/en\/?s={search_term_string}\"},\"query-input\":{\"@type\":\"PropertyValueSpecification\",\"valueRequired\":true,\"valueName\":\"search_term_string\"}}],\"inLanguage\":\"en-US\"},{\"@type\":\"Organization\",\"@id\":\"https:\/\/chirurgie-orthopedique.info\/en\/#organization\",\"name\":\"Dr Alain Mandrino chirurgie orthop\u00e9dique \u00e0 Nice\",\"url\":\"https:\/\/chirurgie-orthopedique.info\/en\/\",\"logo\":{\"@type\":\"ImageObject\",\"inLanguage\":\"en-US\",\"@id\":\"https:\/\/chirurgie-orthopedique.info\/en\/#\/schema\/logo\/image\/\",\"url\":\"https:\/\/chirurgie-orthopedique.info\/wp-content\/uploads\/2017\/07\/dr-alain-mandrino-chirurgie-orthopedique-nice.png\",\"contentUrl\":\"https:\/\/chirurgie-orthopedique.info\/wp-content\/uploads\/2017\/07\/dr-alain-mandrino-chirurgie-orthopedique-nice.png\",\"width\":443,\"height\":230,\"caption\":\"Dr Alain Mandrino chirurgie orthop\u00e9dique \u00e0 Nice\"},\"image\":{\"@id\":\"https:\/\/chirurgie-orthopedique.info\/en\/#\/schema\/logo\/image\/\"},\"sameAs\":[\"https:\/\/www.facebook.com\/Dr.Mandrino\",\"https:\/\/www.instagram.com\/dralainmandrino\/\",\"https:\/\/www.youtube.com\/user\/amandrino\"]}]}<\/script>\n<!-- \/ Yoast SEO plugin. -->","yoast_head_json":{"title":"Meniscus - Arthroscopic meniscal surgery - Nice France","description":"Arthroscopic meniscal : The treatment of meniscus injury of knee arthroscopy - Orthopedic Surgery Nice Doctor Alain Mandrino","robots":{"index":"index","follow":"follow","max-snippet":"max-snippet:-1","max-image-preview":"max-image-preview:large","max-video-preview":"max-video-preview:-1"},"canonical":"https:\/\/chirurgie-orthopedique.info\/en\/knee-anatomy-pathophysiology\/chirurgie-du-menisque-par-arthroscopie\/","og_locale":"en_US","og_type":"article","og_title":"Meniscus - Arthroscopic meniscal surgery - Nice France","og_description":"Arthroscopic meniscal : The treatment of meniscus injury of knee arthroscopy - Orthopedic Surgery Nice Doctor Alain Mandrino","og_url":"https:\/\/chirurgie-orthopedique.info\/en\/knee-anatomy-pathophysiology\/chirurgie-du-menisque-par-arthroscopie\/","og_site_name":"Chirurgie Orthopedique, sp\u00e9cialiste du Genou, Hanche, Epaule \u00e0 Nice","article_publisher":"https:\/\/www.facebook.com\/Dr.Mandrino","article_modified_time":"2021-05-10T15:59:33+00:00","og_image":[{"width":1921,"height":1100,"url":"https:\/\/chirurgie-orthopedique.info\/wp-content\/uploads\/2017\/07\/Chirurgie-du-genou-nice.jpg","type":"image\/jpeg"}],"twitter_card":"summary_large_image","twitter_misc":{"Est. reading time":"3 minutes"},"schema":{"@context":"https:\/\/schema.org","@graph":[{"@type":"WebPage","@id":"https:\/\/chirurgie-orthopedique.info\/en\/knee-anatomy-pathophysiology\/chirurgie-du-menisque-par-arthroscopie\/","url":"https:\/\/chirurgie-orthopedique.info\/en\/knee-anatomy-pathophysiology\/chirurgie-du-menisque-par-arthroscopie\/","name":"Meniscus - Arthroscopic meniscal surgery - Nice France","isPartOf":{"@id":"https:\/\/chirurgie-orthopedique.info\/en\/#website"},"datePublished":"2021-05-04T15:45:09+00:00","dateModified":"2021-05-10T15:59:33+00:00","description":"Arthroscopic meniscal : The treatment of meniscus injury of knee arthroscopy - Orthopedic Surgery Nice Doctor Alain Mandrino","breadcrumb":{"@id":"https:\/\/chirurgie-orthopedique.info\/en\/knee-anatomy-pathophysiology\/chirurgie-du-menisque-par-arthroscopie\/#breadcrumb"},"inLanguage":"en-US","potentialAction":[{"@type":"ReadAction","target":["https:\/\/chirurgie-orthopedique.info\/en\/knee-anatomy-pathophysiology\/chirurgie-du-menisque-par-arthroscopie\/"]}]},{"@type":"BreadcrumbList","@id":"https:\/\/chirurgie-orthopedique.info\/en\/knee-anatomy-pathophysiology\/chirurgie-du-menisque-par-arthroscopie\/#breadcrumb","itemListElement":[{"@type":"ListItem","position":1,"name":"Accueil","item":"https:\/\/chirurgie-orthopedique.info\/en\/"},{"@type":"ListItem","position":2,"name":"Knee anatomy and pathophysiology","item":"https:\/\/chirurgie-orthopedique.info\/en\/knee-anatomy-pathophysiology\/"},{"@type":"ListItem","position":3,"name":"Meniscus"}]},{"@type":"WebSite","@id":"https:\/\/chirurgie-orthopedique.info\/en\/#website","url":"https:\/\/chirurgie-orthopedique.info\/en\/","name":"Chirurgie Orthopedique, sp\u00e9cialiste du Genou, Hanche, Epaule \u00e0 Nice","description":"Docteur Mandrino sp\u00e9cialis\u00e9 en chirurgie du genou, de la hanche et de l&#039; \u00e9paule \u00e0 Nice","publisher":{"@id":"https:\/\/chirurgie-orthopedique.info\/en\/#organization"},"potentialAction":[{"@type":"SearchAction","target":{"@type":"EntryPoint","urlTemplate":"https:\/\/chirurgie-orthopedique.info\/en\/?s={search_term_string}"},"query-input":{"@type":"PropertyValueSpecification","valueRequired":true,"valueName":"search_term_string"}}],"inLanguage":"en-US"},{"@type":"Organization","@id":"https:\/\/chirurgie-orthopedique.info\/en\/#organization","name":"Dr Alain Mandrino chirurgie orthop\u00e9dique \u00e0 Nice","url":"https:\/\/chirurgie-orthopedique.info\/en\/","logo":{"@type":"ImageObject","inLanguage":"en-US","@id":"https:\/\/chirurgie-orthopedique.info\/en\/#\/schema\/logo\/image\/","url":"https:\/\/chirurgie-orthopedique.info\/wp-content\/uploads\/2017\/07\/dr-alain-mandrino-chirurgie-orthopedique-nice.png","contentUrl":"https:\/\/chirurgie-orthopedique.info\/wp-content\/uploads\/2017\/07\/dr-alain-mandrino-chirurgie-orthopedique-nice.png","width":443,"height":230,"caption":"Dr Alain Mandrino chirurgie orthop\u00e9dique \u00e0 Nice"},"image":{"@id":"https:\/\/chirurgie-orthopedique.info\/en\/#\/schema\/logo\/image\/"},"sameAs":["https:\/\/www.facebook.com\/Dr.Mandrino","https:\/\/www.instagram.com\/dralainmandrino\/","https:\/\/www.youtube.com\/user\/amandrino"]}]}},"jetpack_sharing_enabled":true,"_links":{"self":[{"href":"https:\/\/chirurgie-orthopedique.info\/en\/wp-json\/wp\/v2\/pages\/8054","targetHints":{"allow":["GET"]}}],"collection":[{"href":"https:\/\/chirurgie-orthopedique.info\/en\/wp-json\/wp\/v2\/pages"}],"about":[{"href":"https:\/\/chirurgie-orthopedique.info\/en\/wp-json\/wp\/v2\/types\/page"}],"author":[{"embeddable":true,"href":"https:\/\/chirurgie-orthopedique.info\/en\/wp-json\/wp\/v2\/users\/1"}],"replies":[{"embeddable":true,"href":"https:\/\/chirurgie-orthopedique.info\/en\/wp-json\/wp\/v2\/comments?post=8054"}],"version-history":[{"count":0,"href":"https:\/\/chirurgie-orthopedique.info\/en\/wp-json\/wp\/v2\/pages\/8054\/revisions"}],"up":[{"embeddable":true,"href":"https:\/\/chirurgie-orthopedique.info\/en\/wp-json\/wp\/v2\/pages\/8045"}],"wp:attachment":[{"href":"https:\/\/chirurgie-orthopedique.info\/en\/wp-json\/wp\/v2\/media?parent=8054"}],"curies":[{"name":"wp","href":"https:\/\/api.w.org\/{rel}","templated":true}]}}