{"id":8076,"date":"2021-05-04T16:40:17","date_gmt":"2021-05-04T16:40:17","guid":{"rendered":"https:\/\/toty.fr\/wordpress\/?page_id=8076"},"modified":"2021-05-04T16:49:37","modified_gmt":"2021-05-04T16:49:37","slug":"anterior-cruciate-ligament-surgery-acl","status":"publish","type":"page","link":"https:\/\/chirurgie-orthopedique.info\/en\/knee-anatomy-pathophysiology\/anterior-cruciate-ligament-surgery-acl\/anterior-cruciate-ligament-surgery-acl\/","title":{"rendered":"Surgery (ACL)"},"content":{"rendered":"<p>[vc_row][vc_column][vc_row_inner][vc_column_inner width=&#8221;1\/4&#8243;][\/vc_column_inner][vc_column_inner width=&#8221;1\/2&#8243;][vc_single_image image=&#8221;7536&#8243; img_size=&#8221;100&#215;100&#8243; alignment=&#8221;center&#8221; css=&#8221;.vc_custom_1618842983203{margin-top: 0px !important;margin-right: 20px !important;margin-bottom: 0px !important;margin-left: 20px !important;}&#8221;][\/vc_column_inner][vc_column_inner width=&#8221;1\/4&#8243;][\/vc_column_inner][\/vc_row_inner][vc_column_text css=&#8221;.vc_custom_1620146690629{margin-bottom: 10px !important;}&#8221;]<\/p>\n<h2 style=\"text-align: center;\">Anterior Cruciate Ligament surgery (ACL)<\/h2>\n<p>[\/vc_column_text][vc_separator color=&#8221;custom&#8221; style=&#8221;dotted&#8221; accent_color=&#8221;#2f3762&#8243; css=&#8221;.vc_custom_1618682358889{margin-top: 0px !important;}&#8221;][vc_column_text]<\/p>\n<p style=\"text-align: justify;\">The goal of this procedure is to replace the ruptured ligament, at its anatomical site, with a tendon from the same knee (autograft), without opening the joint (through arthroscopy). Taking a tendon specimen does affect the joint\u2019s functioning. This graft is placed into the joint through small bone tunnels at the level of the tibia and the femur. This intra-articular procedure is performed under arthroscopic control, which reduces scarring and makes rehabilitation faster and less painful.<\/p>\n<p>[\/vc_column_text][vc_column_text]<\/p>\n<p style=\"text-align: justify;\"><strong>Tendon specimens are:<br \/>\n&#8211; Hamstrings, on the internal side of the knee. We use semitendinosus tendon (ST) and gracilis tendon(GT)<\/strong> They\u2019re on the medial and posterior side of the thigh. Their very long tendons are attached to the internal side of the tibia. They can be taken through a small incision with a device called \u201cstripper\u201d. They are then folded double to obtain a graft with 4 strands, which is much more resistant to traction than a normal ACL.<\/p>\n<p>[\/vc_column_text][vc_row_inner][vc_column_inner width=&#8221;1\/6&#8243;][\/vc_column_inner][vc_column_inner width=&#8221;2\/3&#8243;][vc_single_image image=&#8221;7207&#8243; img_size=&#8221;full&#8221; add_caption=&#8221;yes&#8221; alignment=&#8221;center&#8221; onclick=&#8221;link_image&#8221;][\/vc_column_inner][vc_column_inner width=&#8221;1\/6&#8243;][\/vc_column_inner][\/vc_row_inner][vc_row_inner][vc_column_inner width=&#8221;1\/6&#8243;][\/vc_column_inner][vc_column_inner width=&#8221;2\/3&#8243;][vc_single_image image=&#8221;7208&#8243; img_size=&#8221;full&#8221; add_caption=&#8221;yes&#8221; alignment=&#8221;center&#8221; onclick=&#8221;link_image&#8221;][\/vc_column_inner][vc_column_inner width=&#8221;1\/6&#8243;][\/vc_column_inner][\/vc_row_inner][vc_row_inner][vc_column_inner width=&#8221;1\/6&#8243;][\/vc_column_inner][vc_column_inner width=&#8221;2\/3&#8243;][vc_single_image image=&#8221;7214&#8243; img_size=&#8221;full&#8221; add_caption=&#8221;yes&#8221; alignment=&#8221;center&#8221; onclick=&#8221;link_image&#8221;][\/vc_column_inner][vc_column_inner width=&#8221;1\/6&#8243;][\/vc_column_inner][\/vc_row_inner][vc_row_inner][vc_column_inner width=&#8221;1\/6&#8243;][\/vc_column_inner][vc_column_inner width=&#8221;2\/3&#8243;][vc_single_image image=&#8221;7216&#8243; img_size=&#8221;full&#8221; add_caption=&#8221;yes&#8221; alignment=&#8221;center&#8221; onclick=&#8221;link_image&#8221;][\/vc_column_inner][vc_column_inner width=&#8221;1\/6&#8243;][\/vc_column_inner][\/vc_row_inner][vc_column_text]<\/p>\n<p style=\"text-align: justify;\"><strong>Benefits of the STGT technique:<br \/>\n<\/strong>easier postoperative recoveries, no residual pain and higher \u201cfunctional\u201d results than the KJ.<br \/>\nDrawbacks: <strong>: <\/strong>former binding problems of these tendons have been solved using new binding modes.<\/p>\n<p><strong>&#8211; Patellar tendon below the patella.<br \/>\nAlso called Kenneth-Jones procedure(KJ).<br \/>\n<\/strong>The central third patellar tendon is taken out with its patellar and tibial bone attachements. It replaces the cruciate anterior ligament in the notch and the bone plugs enable a strong fixation.[\/vc_column_text][vc_row_inner][vc_column_inner width=&#8221;1\/6&#8243;][\/vc_column_inner][vc_column_inner width=&#8221;2\/3&#8243;][vc_single_image image=&#8221;7219&#8243; img_size=&#8221;full&#8221; add_caption=&#8221;yes&#8221; alignment=&#8221;center&#8221; onclick=&#8221;link_image&#8221;][\/vc_column_inner][vc_column_inner width=&#8221;1\/6&#8243;][\/vc_column_inner][\/vc_row_inner][vc_column_text]<\/p>\n<ul>\n<li style=\"text-align: justify;\"><strong>Benefits of the KJ technique: <\/strong>as it is the oldest technique, the results are well known on the long term.<\/li>\n<li style=\"text-align: justify;\"><strong>Drawbacks of the KJ technique: <\/strong>painful postoperative recoveries, possible persistent residual pain where the patellar tendon has been harvested, and difficulty to kneel down for 30{88b696bf2700d12398c30964f41039de701ab1baffac505c8144f3e2e2571fd4} of patients.<\/li>\n<\/ul>\n<ul>\n<li style=\"text-align: justify;\">For some patients (hyper laxity, repeated ACL rupture, high impact sports), an extraarticular ligamentoplasty (Lemaire&#8217;s type procedure) can be done during the same surgery, using a fascia lata band through a small incision on the antero lateral side of the knee.<br \/>\nIn case of important rotational instability, an alternative treatment is the reconstruction of both ACL\u2019s anatomical bundles (antero medial and postero lateral bundle) through separated femoral and tibial tunnels (double bundle reconstruction). This is a longer and more difficult technique that should only be used for specific cases.<\/li>\n<\/ul>\n<p>[\/vc_column_text][vc_row_inner][vc_column_inner width=&#8221;1\/6&#8243;][\/vc_column_inner][vc_column_inner width=&#8221;2\/3&#8243;][vc_single_image image=&#8221;7221&#8243; img_size=&#8221;full&#8221; add_caption=&#8221;yes&#8221; alignment=&#8221;center&#8221; onclick=&#8221;link_image&#8221;][\/vc_column_inner][vc_column_inner width=&#8221;1\/6&#8243;][\/vc_column_inner][\/vc_row_inner][vc_row_inner][vc_column_inner width=&#8221;1\/6&#8243;][\/vc_column_inner][vc_column_inner width=&#8221;2\/3&#8243;][vc_video link=&#8221;https:\/\/youtu.be\/QDqpeyz2yW4&#8243; css=&#8221;.vc_custom_1618688768356{margin-bottom: 10px !important;}&#8221;][vc_column_text css=&#8221;.vc_custom_1618688774568{margin-top: 0px !important;}&#8221;]<\/p>\n<p class=\"title style-scope ytd-video-primary-info-renderer\" style=\"text-align: center;\"><span style=\"font-size: 10pt;\">Ligament crois\u00e9 ant\u00e9rieur Technique DIDT<\/span><\/p>\n<p>[\/vc_column_text][vc_video link=&#8221;https:\/\/youtu.be\/rhcHAyAZtBk&#8221; css=&#8221;.vc_custom_1618688781549{margin-bottom: 10px !important;}&#8221;][vc_column_text css=&#8221;.vc_custom_1618688787385{margin-top: 0px !important;}&#8221;]<\/p>\n<p class=\"title style-scope ytd-video-primary-info-renderer\" style=\"text-align: center;\"><span style=\"font-size: 10pt;\">Ligamentoplastie selon Kenneth-Jones (KJ)<\/span><\/p>\n<p>[\/vc_column_text][\/vc_column_inner][vc_column_inner width=&#8221;1\/6&#8243;][\/vc_column_inner][\/vc_row_inner][\/vc_column][\/vc_row]<\/p>\n","protected":false},"excerpt":{"rendered":"<p>[vc_row][vc_column][vc_row_inner][vc_column_inner width=&#8221;1\/4&#8243;][\/vc_column_inner][vc_column_inner width=&#8221;1\/2&#8243;][vc_single_image image=&#8221;7536&#8243; img_size=&#8221;100&#215;100&#8243; alignment=&#8221;center&#8221; css=&#8221;.vc_custom_1618842983203{margin-top: 0px !important;margin-right: 20px !important;margin-bottom: 0px !important;margin-left: 20px !important;}&#8221;][\/vc_column_inner][vc_column_inner width=&#8221;1\/4&#8243;][\/vc_column_inner][\/vc_row_inner][vc_column_text css=&#8221;.vc_custom_1620146690629{margin-bottom: 10px !important;}&#8221;] Anterior Cruciate Ligament surgery (ACL) [\/vc_column_text][vc_separator color=&#8221;custom&#8221; style=&#8221;dotted&#8221; accent_color=&#8221;#2f3762&#8243; css=&#8221;.vc_custom_1618682358889{margin-top: 0px !important;}&#8221;][vc_column_text] The goal of this procedure is to replace the ruptured ligament, at its anatomical site, with a tendon from the same knee (autograft), without opening the joint (through arthroscopy). Taking a tendon specimen does affect the joint\u2019s functioning. This graft is placed into the joint through small bone tunnels at the level of the tibia and the femur. This intra-articular procedure is performed under arthroscopic control, which reduces scarring and makes rehabilitation faster and less painful. [\/vc_column_text][vc_column_text] Tendon specimens are: &#8211; Hamstrings, on the internal side of the knee. We use semitendinosus tendon (ST) and gracilis tendon(GT) They\u2019re on the medial and posterior side of the thigh. Their very long tendons are attached to the internal side of the [&hellip;]<\/p>\n","protected":false},"author":1,"featured_media":0,"parent":8067,"menu_order":0,"comment_status":"closed","ping_status":"closed","template":"","meta":{"inline_featured_image":false,"footnotes":""},"class_list":["post-8076","page","type-page","status-publish","hentry"],"yoast_head":"<!-- This site is optimized with the Yoast SEO plugin v24.7 - https:\/\/yoast.com\/wordpress\/plugins\/seo\/ -->\n<title>Anterior cruciate ligament surgery - Orthopedic Knee Surgery<\/title>\n<meta name=\"description\" content=\"Anterior cruciate ligament arthroscopic surgery (ACL) rupture of the anterior cruciate ligament is the most common serious ligament injury\" \/>\n<meta name=\"robots\" content=\"index, follow, max-snippet:-1, max-image-preview:large, max-video-preview:-1\" \/>\n<link rel=\"canonical\" href=\"https:\/\/chirurgie-orthopedique.info\/en\/knee-anatomy-pathophysiology\/anterior-cruciate-ligament-surgery-acl\/anterior-cruciate-ligament-surgery-acl\/\" \/>\n<meta property=\"og:locale\" content=\"en_US\" \/>\n<meta property=\"og:type\" content=\"article\" \/>\n<meta property=\"og:title\" content=\"Anterior cruciate ligament surgery - Orthopedic Knee Surgery\" \/>\n<meta property=\"og:description\" content=\"Anterior cruciate ligament arthroscopic surgery (ACL) rupture of the anterior cruciate ligament is the most common serious ligament injury\" \/>\n<meta property=\"og:url\" content=\"https:\/\/chirurgie-orthopedique.info\/en\/knee-anatomy-pathophysiology\/anterior-cruciate-ligament-surgery-acl\/anterior-cruciate-ligament-surgery-acl\/\" \/>\n<meta property=\"og:site_name\" content=\"Chirurgie Orthopedique, sp\u00e9cialiste du Genou, Hanche, Epaule \u00e0 Nice\" \/>\n<meta property=\"article:publisher\" content=\"https:\/\/www.facebook.com\/Dr.Mandrino\" \/>\n<meta property=\"article:modified_time\" content=\"2021-05-04T16:49:37+00:00\" \/>\n<meta property=\"og:image\" content=\"https:\/\/chirurgie-orthopedique.info\/wp-content\/uploads\/2017\/07\/Chirurgie-du-genou-nice.jpg\" \/>\n\t<meta property=\"og:image:width\" content=\"1921\" \/>\n\t<meta property=\"og:image:height\" content=\"1100\" \/>\n\t<meta property=\"og:image:type\" content=\"image\/jpeg\" \/>\n<meta name=\"twitter:card\" content=\"summary_large_image\" \/>\n<meta name=\"twitter:label1\" content=\"Est. reading time\" \/>\n\t<meta name=\"twitter:data1\" content=\"3 minutes\" \/>\n<script type=\"application\/ld+json\" class=\"yoast-schema-graph\">{\"@context\":\"https:\/\/schema.org\",\"@graph\":[{\"@type\":\"WebPage\",\"@id\":\"https:\/\/chirurgie-orthopedique.info\/en\/knee-anatomy-pathophysiology\/anterior-cruciate-ligament-surgery-acl\/anterior-cruciate-ligament-surgery-acl\/\",\"url\":\"https:\/\/chirurgie-orthopedique.info\/en\/knee-anatomy-pathophysiology\/anterior-cruciate-ligament-surgery-acl\/anterior-cruciate-ligament-surgery-acl\/\",\"name\":\"Anterior cruciate ligament surgery - Orthopedic Knee Surgery\",\"isPartOf\":{\"@id\":\"https:\/\/chirurgie-orthopedique.info\/en\/#website\"},\"datePublished\":\"2021-05-04T16:40:17+00:00\",\"dateModified\":\"2021-05-04T16:49:37+00:00\",\"description\":\"Anterior cruciate ligament arthroscopic surgery (ACL) rupture of the anterior cruciate ligament is the most common serious ligament injury\",\"breadcrumb\":{\"@id\":\"https:\/\/chirurgie-orthopedique.info\/en\/knee-anatomy-pathophysiology\/anterior-cruciate-ligament-surgery-acl\/anterior-cruciate-ligament-surgery-acl\/#breadcrumb\"},\"inLanguage\":\"en-US\",\"potentialAction\":[{\"@type\":\"ReadAction\",\"target\":[\"https:\/\/chirurgie-orthopedique.info\/en\/knee-anatomy-pathophysiology\/anterior-cruciate-ligament-surgery-acl\/anterior-cruciate-ligament-surgery-acl\/\"]}]},{\"@type\":\"BreadcrumbList\",\"@id\":\"https:\/\/chirurgie-orthopedique.info\/en\/knee-anatomy-pathophysiology\/anterior-cruciate-ligament-surgery-acl\/anterior-cruciate-ligament-surgery-acl\/#breadcrumb\",\"itemListElement\":[{\"@type\":\"ListItem\",\"position\":1,\"name\":\"Accueil\",\"item\":\"https:\/\/chirurgie-orthopedique.info\/en\/\"},{\"@type\":\"ListItem\",\"position\":2,\"name\":\"Knee anatomy and pathophysiology\",\"item\":\"https:\/\/chirurgie-orthopedique.info\/en\/knee-anatomy-pathophysiology\/\"},{\"@type\":\"ListItem\",\"position\":3,\"name\":\"Anterior Cruciate Ligament surgery (ACL)\",\"item\":\"https:\/\/chirurgie-orthopedique.info\/en\/knee-anatomy-pathophysiology\/anterior-cruciate-ligament-surgery-acl\/\"},{\"@type\":\"ListItem\",\"position\":4,\"name\":\"Surgery (ACL)\"}]},{\"@type\":\"WebSite\",\"@id\":\"https:\/\/chirurgie-orthopedique.info\/en\/#website\",\"url\":\"https:\/\/chirurgie-orthopedique.info\/en\/\",\"name\":\"Chirurgie Orthopedique, sp\u00e9cialiste du Genou, Hanche, Epaule \u00e0 Nice\",\"description\":\"Docteur Mandrino sp\u00e9cialis\u00e9 en chirurgie du genou, de la hanche et de l&#039; \u00e9paule \u00e0 Nice\",\"publisher\":{\"@id\":\"https:\/\/chirurgie-orthopedique.info\/en\/#organization\"},\"potentialAction\":[{\"@type\":\"SearchAction\",\"target\":{\"@type\":\"EntryPoint\",\"urlTemplate\":\"https:\/\/chirurgie-orthopedique.info\/en\/?s={search_term_string}\"},\"query-input\":{\"@type\":\"PropertyValueSpecification\",\"valueRequired\":true,\"valueName\":\"search_term_string\"}}],\"inLanguage\":\"en-US\"},{\"@type\":\"Organization\",\"@id\":\"https:\/\/chirurgie-orthopedique.info\/en\/#organization\",\"name\":\"Dr Alain Mandrino chirurgie orthop\u00e9dique \u00e0 Nice\",\"url\":\"https:\/\/chirurgie-orthopedique.info\/en\/\",\"logo\":{\"@type\":\"ImageObject\",\"inLanguage\":\"en-US\",\"@id\":\"https:\/\/chirurgie-orthopedique.info\/en\/#\/schema\/logo\/image\/\",\"url\":\"https:\/\/chirurgie-orthopedique.info\/wp-content\/uploads\/2017\/07\/dr-alain-mandrino-chirurgie-orthopedique-nice.png\",\"contentUrl\":\"https:\/\/chirurgie-orthopedique.info\/wp-content\/uploads\/2017\/07\/dr-alain-mandrino-chirurgie-orthopedique-nice.png\",\"width\":443,\"height\":230,\"caption\":\"Dr Alain Mandrino chirurgie orthop\u00e9dique \u00e0 Nice\"},\"image\":{\"@id\":\"https:\/\/chirurgie-orthopedique.info\/en\/#\/schema\/logo\/image\/\"},\"sameAs\":[\"https:\/\/www.facebook.com\/Dr.Mandrino\",\"https:\/\/www.instagram.com\/dralainmandrino\/\",\"https:\/\/www.youtube.com\/user\/amandrino\"]}]}<\/script>\n<!-- \/ Yoast SEO plugin. -->","yoast_head_json":{"title":"Anterior cruciate ligament surgery - Orthopedic Knee Surgery","description":"Anterior cruciate ligament arthroscopic surgery (ACL) rupture of the anterior cruciate ligament is the most common serious ligament injury","robots":{"index":"index","follow":"follow","max-snippet":"max-snippet:-1","max-image-preview":"max-image-preview:large","max-video-preview":"max-video-preview:-1"},"canonical":"https:\/\/chirurgie-orthopedique.info\/en\/knee-anatomy-pathophysiology\/anterior-cruciate-ligament-surgery-acl\/anterior-cruciate-ligament-surgery-acl\/","og_locale":"en_US","og_type":"article","og_title":"Anterior cruciate ligament surgery - Orthopedic Knee Surgery","og_description":"Anterior cruciate ligament arthroscopic surgery (ACL) rupture of the anterior cruciate ligament is the most common serious ligament injury","og_url":"https:\/\/chirurgie-orthopedique.info\/en\/knee-anatomy-pathophysiology\/anterior-cruciate-ligament-surgery-acl\/anterior-cruciate-ligament-surgery-acl\/","og_site_name":"Chirurgie Orthopedique, sp\u00e9cialiste du Genou, Hanche, Epaule \u00e0 Nice","article_publisher":"https:\/\/www.facebook.com\/Dr.Mandrino","article_modified_time":"2021-05-04T16:49:37+00:00","og_image":[{"width":1921,"height":1100,"url":"https:\/\/chirurgie-orthopedique.info\/wp-content\/uploads\/2017\/07\/Chirurgie-du-genou-nice.jpg","type":"image\/jpeg"}],"twitter_card":"summary_large_image","twitter_misc":{"Est. reading time":"3 minutes"},"schema":{"@context":"https:\/\/schema.org","@graph":[{"@type":"WebPage","@id":"https:\/\/chirurgie-orthopedique.info\/en\/knee-anatomy-pathophysiology\/anterior-cruciate-ligament-surgery-acl\/anterior-cruciate-ligament-surgery-acl\/","url":"https:\/\/chirurgie-orthopedique.info\/en\/knee-anatomy-pathophysiology\/anterior-cruciate-ligament-surgery-acl\/anterior-cruciate-ligament-surgery-acl\/","name":"Anterior cruciate ligament surgery - Orthopedic Knee Surgery","isPartOf":{"@id":"https:\/\/chirurgie-orthopedique.info\/en\/#website"},"datePublished":"2021-05-04T16:40:17+00:00","dateModified":"2021-05-04T16:49:37+00:00","description":"Anterior cruciate ligament arthroscopic surgery (ACL) rupture of the anterior cruciate ligament is the most common serious ligament injury","breadcrumb":{"@id":"https:\/\/chirurgie-orthopedique.info\/en\/knee-anatomy-pathophysiology\/anterior-cruciate-ligament-surgery-acl\/anterior-cruciate-ligament-surgery-acl\/#breadcrumb"},"inLanguage":"en-US","potentialAction":[{"@type":"ReadAction","target":["https:\/\/chirurgie-orthopedique.info\/en\/knee-anatomy-pathophysiology\/anterior-cruciate-ligament-surgery-acl\/anterior-cruciate-ligament-surgery-acl\/"]}]},{"@type":"BreadcrumbList","@id":"https:\/\/chirurgie-orthopedique.info\/en\/knee-anatomy-pathophysiology\/anterior-cruciate-ligament-surgery-acl\/anterior-cruciate-ligament-surgery-acl\/#breadcrumb","itemListElement":[{"@type":"ListItem","position":1,"name":"Accueil","item":"https:\/\/chirurgie-orthopedique.info\/en\/"},{"@type":"ListItem","position":2,"name":"Knee anatomy and pathophysiology","item":"https:\/\/chirurgie-orthopedique.info\/en\/knee-anatomy-pathophysiology\/"},{"@type":"ListItem","position":3,"name":"Anterior Cruciate Ligament surgery (ACL)","item":"https:\/\/chirurgie-orthopedique.info\/en\/knee-anatomy-pathophysiology\/anterior-cruciate-ligament-surgery-acl\/"},{"@type":"ListItem","position":4,"name":"Surgery (ACL)"}]},{"@type":"WebSite","@id":"https:\/\/chirurgie-orthopedique.info\/en\/#website","url":"https:\/\/chirurgie-orthopedique.info\/en\/","name":"Chirurgie Orthopedique, sp\u00e9cialiste du Genou, Hanche, Epaule \u00e0 Nice","description":"Docteur Mandrino sp\u00e9cialis\u00e9 en chirurgie du genou, de la hanche et de l&#039; \u00e9paule \u00e0 Nice","publisher":{"@id":"https:\/\/chirurgie-orthopedique.info\/en\/#organization"},"potentialAction":[{"@type":"SearchAction","target":{"@type":"EntryPoint","urlTemplate":"https:\/\/chirurgie-orthopedique.info\/en\/?s={search_term_string}"},"query-input":{"@type":"PropertyValueSpecification","valueRequired":true,"valueName":"search_term_string"}}],"inLanguage":"en-US"},{"@type":"Organization","@id":"https:\/\/chirurgie-orthopedique.info\/en\/#organization","name":"Dr Alain Mandrino chirurgie orthop\u00e9dique \u00e0 Nice","url":"https:\/\/chirurgie-orthopedique.info\/en\/","logo":{"@type":"ImageObject","inLanguage":"en-US","@id":"https:\/\/chirurgie-orthopedique.info\/en\/#\/schema\/logo\/image\/","url":"https:\/\/chirurgie-orthopedique.info\/wp-content\/uploads\/2017\/07\/dr-alain-mandrino-chirurgie-orthopedique-nice.png","contentUrl":"https:\/\/chirurgie-orthopedique.info\/wp-content\/uploads\/2017\/07\/dr-alain-mandrino-chirurgie-orthopedique-nice.png","width":443,"height":230,"caption":"Dr Alain Mandrino chirurgie orthop\u00e9dique \u00e0 Nice"},"image":{"@id":"https:\/\/chirurgie-orthopedique.info\/en\/#\/schema\/logo\/image\/"},"sameAs":["https:\/\/www.facebook.com\/Dr.Mandrino","https:\/\/www.instagram.com\/dralainmandrino\/","https:\/\/www.youtube.com\/user\/amandrino"]}]}},"jetpack_sharing_enabled":true,"_links":{"self":[{"href":"https:\/\/chirurgie-orthopedique.info\/en\/wp-json\/wp\/v2\/pages\/8076","targetHints":{"allow":["GET"]}}],"collection":[{"href":"https:\/\/chirurgie-orthopedique.info\/en\/wp-json\/wp\/v2\/pages"}],"about":[{"href":"https:\/\/chirurgie-orthopedique.info\/en\/wp-json\/wp\/v2\/types\/page"}],"author":[{"embeddable":true,"href":"https:\/\/chirurgie-orthopedique.info\/en\/wp-json\/wp\/v2\/users\/1"}],"replies":[{"embeddable":true,"href":"https:\/\/chirurgie-orthopedique.info\/en\/wp-json\/wp\/v2\/comments?post=8076"}],"version-history":[{"count":0,"href":"https:\/\/chirurgie-orthopedique.info\/en\/wp-json\/wp\/v2\/pages\/8076\/revisions"}],"up":[{"embeddable":true,"href":"https:\/\/chirurgie-orthopedique.info\/en\/wp-json\/wp\/v2\/pages\/8067"}],"wp:attachment":[{"href":"https:\/\/chirurgie-orthopedique.info\/en\/wp-json\/wp\/v2\/media?parent=8076"}],"curies":[{"name":"wp","href":"https:\/\/api.w.org\/{rel}","templated":true}]}}