{"id":8084,"date":"2021-05-04T16:56:46","date_gmt":"2021-05-04T16:56:46","guid":{"rendered":"https:\/\/toty.fr\/wordpress\/?page_id=8084"},"modified":"2021-05-04T16:59:57","modified_gmt":"2021-05-04T16:59:57","slug":"questions-sur-la-chirurgie-du-ligament-croise-anterieur","status":"publish","type":"page","link":"https:\/\/chirurgie-orthopedique.info\/en\/knee-anatomy-pathophysiology\/anterior-cruciate-ligament-surgery-acl\/questions-sur-la-chirurgie-du-ligament-croise-anterieur\/","title":{"rendered":"Questions about anterior cruciate ligament surgery"},"content":{"rendered":"<p>[vc_row][vc_column][vc_row_inner][vc_column_inner width=&#8221;1\/6&#8243;][\/vc_column_inner][vc_column_inner width=&#8221;2\/3&#8243;][vc_single_image image=&#8221;7536&#8243; img_size=&#8221;100&#215;100&#8243; alignment=&#8221;center&#8221; css=&#8221;.vc_custom_1618843012261{margin-top: 0px !important;margin-right: 20px !important;margin-bottom: 0px !important;margin-left: 20px !important;}&#8221;][\/vc_column_inner][vc_column_inner width=&#8221;1\/6&#8243;][\/vc_column_inner][\/vc_row_inner][vc_column_text css=&#8221;.vc_custom_1620147446728{margin-bottom: 10px !important;}&#8221;]<\/p>\n<h3 style=\"text-align: center;\">Questions about anterior cruciate ligament surgery<\/h3>\n<p>[\/vc_column_text][vc_separator color=&#8221;custom&#8221; style=&#8221;dotted&#8221; accent_color=&#8221;#2f3762&#8243; css=&#8221;.vc_custom_1618682358889{margin-top: 0px !important;}&#8221;][vc_tta_accordion][vc_tta_section i_icon_fontawesome=&#8221;fas fa-arrow-alt-circle-right&#8221; add_icon=&#8221;true&#8221; title=&#8221;How long is the hospital stay?&#8221; tab_id=&#8221;1618685947652-943b1ddc-8feb&#8221;][vc_column_text]<\/p>\n<p style=\"text-align: justify;\">Surgery systematically performed on an outpatient basis except for particular problems (patient living alone, associated medical problem, etc.).<\/p>\n<p style=\"text-align: justify;\">Care is organized as soon as you return home at 6 p.m. with a nursing follow-up managed by specialized companies, which ensures better safety for the patient.<\/p>\n<p style=\"text-align: justify;\">The use of a pressocryotherapy machine for about ten days after the operation helps limit edema and hematomas.<\/p>\n<p>[\/vc_column_text][\/vc_tta_section][vc_tta_section title=&#8221;What are the consequences of the intervention?&#8221; tab_id=&#8221;1618686062658-28c9dafd-499f&#8221;][vc_column_text]<\/p>\n<p style=\"text-align: justify;\">The patient can walk with crutches, which will only be needed for about 10 days depending on the recovery of the quadriceps muscle. Normal walking and driving are usually possible after 3 weeks. In case of collateral ligaments\u2019 injury or meniscal suture, the splint should be kept at least 4 weeks. Regular physiotherapy is recommended.<br \/>\nThe postoperative process can be summarized in four main steps:<br \/>\n&#8211; 1 month after surgery, normal walking and driving are possible;<br \/>\n&#8211; 2 months after surgery, patients can start running again;<br \/>\n&#8211; t3 months after surgery, patients can sprint and use lateral supports;<br \/>\n&#8211; 4 months after surgery, patients can resume training and high impact sports.<br \/>\nThese periods vary depending on patients\u2019 clinical course and several tests the surgeon perform. Training and high impact sports will only be allowed after an isokinetic evaluation shows at least 85{88b696bf2700d12398c30964f41039de701ab1baffac505c8144f3e2e2571fd4} of muscle recovery compared to the healthy limb.<\/p>\n<p>[\/vc_column_text][\/vc_tta_section][vc_tta_section title=&#8221;What are the possible complications\u00a0?&#8221; tab_id=&#8221;1618686103251-ec0ff90c-2f75&#8243;][vc_column_text]An intra-articular effusion might require draining of the knee. A hematoma on the thigh may occur, after removal of the tendon specimens. Phlebitis should be detected and treated. In some cases, there may be a strain close to where the tendon grafts were taken. Postoperative infection may occur a week after surgery; this requires cleansing of the area through arthroscopy, along with antibiotic treatment. An algodystrophy (vasomotorium disruption) can occur close to the operated area, causing pain and slowing down the rehabilitation process. It usually declines in the following months. Articular stiffness is possible, either spontaneously or resulting from the algodystrophy. Repeated rupture of the graft is possible in 2 to 3{88b696bf2700d12398c30964f41039de701ab1baffac505c8144f3e2e2571fd4} of cases.[\/vc_column_text][\/vc_tta_section][\/vc_tta_accordion][\/vc_column][\/vc_row]<\/p>\n","protected":false},"excerpt":{"rendered":"<p>[vc_row][vc_column][vc_row_inner][vc_column_inner width=&#8221;1\/6&#8243;][\/vc_column_inner][vc_column_inner width=&#8221;2\/3&#8243;][vc_single_image image=&#8221;7536&#8243; img_size=&#8221;100&#215;100&#8243; alignment=&#8221;center&#8221; css=&#8221;.vc_custom_1618843012261{margin-top: 0px !important;margin-right: 20px !important;margin-bottom: 0px !important;margin-left: 20px !important;}&#8221;][\/vc_column_inner][vc_column_inner width=&#8221;1\/6&#8243;][\/vc_column_inner][\/vc_row_inner][vc_column_text css=&#8221;.vc_custom_1620147446728{margin-bottom: 10px !important;}&#8221;] Questions about anterior cruciate ligament surgery [\/vc_column_text][vc_separator color=&#8221;custom&#8221; style=&#8221;dotted&#8221; accent_color=&#8221;#2f3762&#8243; css=&#8221;.vc_custom_1618682358889{margin-top: 0px !important;}&#8221;][vc_tta_accordion][vc_tta_section i_icon_fontawesome=&#8221;fas fa-arrow-alt-circle-right&#8221; add_icon=&#8221;true&#8221; title=&#8221;How long is the hospital stay?&#8221; tab_id=&#8221;1618685947652-943b1ddc-8feb&#8221;][vc_column_text] Surgery systematically performed on an outpatient basis except for particular problems (patient living alone, associated medical problem, etc.). Care is organized as soon as you return home at 6 p.m. with a nursing follow-up managed by specialized companies, which ensures better safety for the patient. The use of a pressocryotherapy machine for about ten days after the operation helps limit edema and hematomas. [\/vc_column_text][\/vc_tta_section][vc_tta_section title=&#8221;What are the consequences of the intervention?&#8221; tab_id=&#8221;1618686062658-28c9dafd-499f&#8221;][vc_column_text] The patient can walk with crutches, which will only be needed for about 10 days depending on the recovery of the quadriceps muscle. Normal walking and driving are usually possible after 3 weeks. In case of [&hellip;]<\/p>\n","protected":false},"author":1,"featured_media":0,"parent":8067,"menu_order":0,"comment_status":"closed","ping_status":"closed","template":"","meta":{"inline_featured_image":false,"footnotes":""},"class_list":["post-8084","page","type-page","status-publish","hentry"],"yoast_head":"<!-- This site is optimized with the Yoast SEO plugin v24.7 - https:\/\/yoast.com\/wordpress\/plugins\/seo\/ -->\n<title>Questions about Anterior cruciate ligament surgery<\/title>\n<meta name=\"description\" content=\"Anterior cruciate ligament arthroscopic surgery (ACL) rupture of the anterior cruciate ligament is the most common serious ligament injury\" \/>\n<meta name=\"robots\" content=\"index, follow, max-snippet:-1, max-image-preview:large, max-video-preview:-1\" \/>\n<link rel=\"canonical\" href=\"https:\/\/chirurgie-orthopedique.info\/en\/knee-anatomy-pathophysiology\/anterior-cruciate-ligament-surgery-acl\/questions-sur-la-chirurgie-du-ligament-croise-anterieur\/\" \/>\n<meta property=\"og:locale\" content=\"en_US\" \/>\n<meta property=\"og:type\" content=\"article\" \/>\n<meta property=\"og:title\" content=\"Questions about Anterior cruciate ligament surgery\" \/>\n<meta property=\"og:description\" content=\"Anterior cruciate ligament arthroscopic surgery (ACL) rupture of the anterior cruciate ligament is the most common serious ligament injury\" \/>\n<meta property=\"og:url\" content=\"https:\/\/chirurgie-orthopedique.info\/en\/knee-anatomy-pathophysiology\/anterior-cruciate-ligament-surgery-acl\/questions-sur-la-chirurgie-du-ligament-croise-anterieur\/\" \/>\n<meta property=\"og:site_name\" content=\"Chirurgie Orthopedique, sp\u00e9cialiste du Genou, Hanche, Epaule \u00e0 Nice\" \/>\n<meta property=\"article:publisher\" content=\"https:\/\/www.facebook.com\/Dr.Mandrino\" \/>\n<meta property=\"article:modified_time\" content=\"2021-05-04T16:59:57+00:00\" \/>\n<meta property=\"og:image\" content=\"https:\/\/chirurgie-orthopedique.info\/wp-content\/uploads\/2017\/07\/Chirurgie-du-genou-nice.jpg\" \/>\n\t<meta property=\"og:image:width\" content=\"1921\" \/>\n\t<meta property=\"og:image:height\" content=\"1100\" \/>\n\t<meta property=\"og:image:type\" content=\"image\/jpeg\" \/>\n<meta name=\"twitter:card\" content=\"summary_large_image\" \/>\n<meta name=\"twitter:label1\" content=\"Est. reading time\" \/>\n\t<meta name=\"twitter:data1\" content=\"2 minutes\" \/>\n<script type=\"application\/ld+json\" class=\"yoast-schema-graph\">{\"@context\":\"https:\/\/schema.org\",\"@graph\":[{\"@type\":\"WebPage\",\"@id\":\"https:\/\/chirurgie-orthopedique.info\/en\/knee-anatomy-pathophysiology\/anterior-cruciate-ligament-surgery-acl\/questions-sur-la-chirurgie-du-ligament-croise-anterieur\/\",\"url\":\"https:\/\/chirurgie-orthopedique.info\/en\/knee-anatomy-pathophysiology\/anterior-cruciate-ligament-surgery-acl\/questions-sur-la-chirurgie-du-ligament-croise-anterieur\/\",\"name\":\"Questions about Anterior cruciate ligament surgery\",\"isPartOf\":{\"@id\":\"https:\/\/chirurgie-orthopedique.info\/en\/#website\"},\"datePublished\":\"2021-05-04T16:56:46+00:00\",\"dateModified\":\"2021-05-04T16:59:57+00:00\",\"description\":\"Anterior cruciate ligament arthroscopic surgery (ACL) rupture of the anterior cruciate ligament is the most common serious ligament injury\",\"breadcrumb\":{\"@id\":\"https:\/\/chirurgie-orthopedique.info\/en\/knee-anatomy-pathophysiology\/anterior-cruciate-ligament-surgery-acl\/questions-sur-la-chirurgie-du-ligament-croise-anterieur\/#breadcrumb\"},\"inLanguage\":\"en-US\",\"potentialAction\":[{\"@type\":\"ReadAction\",\"target\":[\"https:\/\/chirurgie-orthopedique.info\/en\/knee-anatomy-pathophysiology\/anterior-cruciate-ligament-surgery-acl\/questions-sur-la-chirurgie-du-ligament-croise-anterieur\/\"]}]},{\"@type\":\"BreadcrumbList\",\"@id\":\"https:\/\/chirurgie-orthopedique.info\/en\/knee-anatomy-pathophysiology\/anterior-cruciate-ligament-surgery-acl\/questions-sur-la-chirurgie-du-ligament-croise-anterieur\/#breadcrumb\",\"itemListElement\":[{\"@type\":\"ListItem\",\"position\":1,\"name\":\"Accueil\",\"item\":\"https:\/\/chirurgie-orthopedique.info\/en\/\"},{\"@type\":\"ListItem\",\"position\":2,\"name\":\"Knee anatomy and pathophysiology\",\"item\":\"https:\/\/chirurgie-orthopedique.info\/en\/knee-anatomy-pathophysiology\/\"},{\"@type\":\"ListItem\",\"position\":3,\"name\":\"Anterior Cruciate Ligament surgery (ACL)\",\"item\":\"https:\/\/chirurgie-orthopedique.info\/en\/knee-anatomy-pathophysiology\/anterior-cruciate-ligament-surgery-acl\/\"},{\"@type\":\"ListItem\",\"position\":4,\"name\":\"Questions about anterior cruciate ligament surgery\"}]},{\"@type\":\"WebSite\",\"@id\":\"https:\/\/chirurgie-orthopedique.info\/en\/#website\",\"url\":\"https:\/\/chirurgie-orthopedique.info\/en\/\",\"name\":\"Chirurgie Orthopedique, sp\u00e9cialiste du Genou, Hanche, Epaule \u00e0 Nice\",\"description\":\"Docteur Mandrino sp\u00e9cialis\u00e9 en chirurgie du genou, de la hanche et de l&#039; \u00e9paule \u00e0 Nice\",\"publisher\":{\"@id\":\"https:\/\/chirurgie-orthopedique.info\/en\/#organization\"},\"potentialAction\":[{\"@type\":\"SearchAction\",\"target\":{\"@type\":\"EntryPoint\",\"urlTemplate\":\"https:\/\/chirurgie-orthopedique.info\/en\/?s={search_term_string}\"},\"query-input\":{\"@type\":\"PropertyValueSpecification\",\"valueRequired\":true,\"valueName\":\"search_term_string\"}}],\"inLanguage\":\"en-US\"},{\"@type\":\"Organization\",\"@id\":\"https:\/\/chirurgie-orthopedique.info\/en\/#organization\",\"name\":\"Dr Alain Mandrino chirurgie orthop\u00e9dique \u00e0 Nice\",\"url\":\"https:\/\/chirurgie-orthopedique.info\/en\/\",\"logo\":{\"@type\":\"ImageObject\",\"inLanguage\":\"en-US\",\"@id\":\"https:\/\/chirurgie-orthopedique.info\/en\/#\/schema\/logo\/image\/\",\"url\":\"https:\/\/chirurgie-orthopedique.info\/wp-content\/uploads\/2017\/07\/dr-alain-mandrino-chirurgie-orthopedique-nice.png\",\"contentUrl\":\"https:\/\/chirurgie-orthopedique.info\/wp-content\/uploads\/2017\/07\/dr-alain-mandrino-chirurgie-orthopedique-nice.png\",\"width\":443,\"height\":230,\"caption\":\"Dr Alain Mandrino chirurgie orthop\u00e9dique \u00e0 Nice\"},\"image\":{\"@id\":\"https:\/\/chirurgie-orthopedique.info\/en\/#\/schema\/logo\/image\/\"},\"sameAs\":[\"https:\/\/www.facebook.com\/Dr.Mandrino\",\"https:\/\/www.instagram.com\/dralainmandrino\/\",\"https:\/\/www.youtube.com\/user\/amandrino\"]}]}<\/script>\n<!-- \/ Yoast SEO plugin. -->","yoast_head_json":{"title":"Questions about Anterior cruciate ligament surgery","description":"Anterior cruciate ligament arthroscopic surgery (ACL) rupture of the anterior cruciate ligament is the most common serious ligament injury","robots":{"index":"index","follow":"follow","max-snippet":"max-snippet:-1","max-image-preview":"max-image-preview:large","max-video-preview":"max-video-preview:-1"},"canonical":"https:\/\/chirurgie-orthopedique.info\/en\/knee-anatomy-pathophysiology\/anterior-cruciate-ligament-surgery-acl\/questions-sur-la-chirurgie-du-ligament-croise-anterieur\/","og_locale":"en_US","og_type":"article","og_title":"Questions about Anterior cruciate ligament surgery","og_description":"Anterior cruciate ligament arthroscopic surgery (ACL) rupture of the anterior cruciate ligament is the most common serious ligament injury","og_url":"https:\/\/chirurgie-orthopedique.info\/en\/knee-anatomy-pathophysiology\/anterior-cruciate-ligament-surgery-acl\/questions-sur-la-chirurgie-du-ligament-croise-anterieur\/","og_site_name":"Chirurgie Orthopedique, sp\u00e9cialiste du Genou, Hanche, Epaule \u00e0 Nice","article_publisher":"https:\/\/www.facebook.com\/Dr.Mandrino","article_modified_time":"2021-05-04T16:59:57+00:00","og_image":[{"width":1921,"height":1100,"url":"https:\/\/chirurgie-orthopedique.info\/wp-content\/uploads\/2017\/07\/Chirurgie-du-genou-nice.jpg","type":"image\/jpeg"}],"twitter_card":"summary_large_image","twitter_misc":{"Est. reading time":"2 minutes"},"schema":{"@context":"https:\/\/schema.org","@graph":[{"@type":"WebPage","@id":"https:\/\/chirurgie-orthopedique.info\/en\/knee-anatomy-pathophysiology\/anterior-cruciate-ligament-surgery-acl\/questions-sur-la-chirurgie-du-ligament-croise-anterieur\/","url":"https:\/\/chirurgie-orthopedique.info\/en\/knee-anatomy-pathophysiology\/anterior-cruciate-ligament-surgery-acl\/questions-sur-la-chirurgie-du-ligament-croise-anterieur\/","name":"Questions about Anterior cruciate ligament surgery","isPartOf":{"@id":"https:\/\/chirurgie-orthopedique.info\/en\/#website"},"datePublished":"2021-05-04T16:56:46+00:00","dateModified":"2021-05-04T16:59:57+00:00","description":"Anterior cruciate ligament arthroscopic surgery (ACL) rupture of the anterior cruciate ligament is the most common serious ligament injury","breadcrumb":{"@id":"https:\/\/chirurgie-orthopedique.info\/en\/knee-anatomy-pathophysiology\/anterior-cruciate-ligament-surgery-acl\/questions-sur-la-chirurgie-du-ligament-croise-anterieur\/#breadcrumb"},"inLanguage":"en-US","potentialAction":[{"@type":"ReadAction","target":["https:\/\/chirurgie-orthopedique.info\/en\/knee-anatomy-pathophysiology\/anterior-cruciate-ligament-surgery-acl\/questions-sur-la-chirurgie-du-ligament-croise-anterieur\/"]}]},{"@type":"BreadcrumbList","@id":"https:\/\/chirurgie-orthopedique.info\/en\/knee-anatomy-pathophysiology\/anterior-cruciate-ligament-surgery-acl\/questions-sur-la-chirurgie-du-ligament-croise-anterieur\/#breadcrumb","itemListElement":[{"@type":"ListItem","position":1,"name":"Accueil","item":"https:\/\/chirurgie-orthopedique.info\/en\/"},{"@type":"ListItem","position":2,"name":"Knee anatomy and pathophysiology","item":"https:\/\/chirurgie-orthopedique.info\/en\/knee-anatomy-pathophysiology\/"},{"@type":"ListItem","position":3,"name":"Anterior Cruciate Ligament surgery (ACL)","item":"https:\/\/chirurgie-orthopedique.info\/en\/knee-anatomy-pathophysiology\/anterior-cruciate-ligament-surgery-acl\/"},{"@type":"ListItem","position":4,"name":"Questions about anterior cruciate ligament surgery"}]},{"@type":"WebSite","@id":"https:\/\/chirurgie-orthopedique.info\/en\/#website","url":"https:\/\/chirurgie-orthopedique.info\/en\/","name":"Chirurgie Orthopedique, sp\u00e9cialiste du Genou, Hanche, Epaule \u00e0 Nice","description":"Docteur Mandrino sp\u00e9cialis\u00e9 en chirurgie du genou, de la hanche et de l&#039; \u00e9paule \u00e0 Nice","publisher":{"@id":"https:\/\/chirurgie-orthopedique.info\/en\/#organization"},"potentialAction":[{"@type":"SearchAction","target":{"@type":"EntryPoint","urlTemplate":"https:\/\/chirurgie-orthopedique.info\/en\/?s={search_term_string}"},"query-input":{"@type":"PropertyValueSpecification","valueRequired":true,"valueName":"search_term_string"}}],"inLanguage":"en-US"},{"@type":"Organization","@id":"https:\/\/chirurgie-orthopedique.info\/en\/#organization","name":"Dr Alain Mandrino chirurgie orthop\u00e9dique \u00e0 Nice","url":"https:\/\/chirurgie-orthopedique.info\/en\/","logo":{"@type":"ImageObject","inLanguage":"en-US","@id":"https:\/\/chirurgie-orthopedique.info\/en\/#\/schema\/logo\/image\/","url":"https:\/\/chirurgie-orthopedique.info\/wp-content\/uploads\/2017\/07\/dr-alain-mandrino-chirurgie-orthopedique-nice.png","contentUrl":"https:\/\/chirurgie-orthopedique.info\/wp-content\/uploads\/2017\/07\/dr-alain-mandrino-chirurgie-orthopedique-nice.png","width":443,"height":230,"caption":"Dr Alain Mandrino chirurgie orthop\u00e9dique \u00e0 Nice"},"image":{"@id":"https:\/\/chirurgie-orthopedique.info\/en\/#\/schema\/logo\/image\/"},"sameAs":["https:\/\/www.facebook.com\/Dr.Mandrino","https:\/\/www.instagram.com\/dralainmandrino\/","https:\/\/www.youtube.com\/user\/amandrino"]}]}},"jetpack_sharing_enabled":true,"_links":{"self":[{"href":"https:\/\/chirurgie-orthopedique.info\/en\/wp-json\/wp\/v2\/pages\/8084","targetHints":{"allow":["GET"]}}],"collection":[{"href":"https:\/\/chirurgie-orthopedique.info\/en\/wp-json\/wp\/v2\/pages"}],"about":[{"href":"https:\/\/chirurgie-orthopedique.info\/en\/wp-json\/wp\/v2\/types\/page"}],"author":[{"embeddable":true,"href":"https:\/\/chirurgie-orthopedique.info\/en\/wp-json\/wp\/v2\/users\/1"}],"replies":[{"embeddable":true,"href":"https:\/\/chirurgie-orthopedique.info\/en\/wp-json\/wp\/v2\/comments?post=8084"}],"version-history":[{"count":0,"href":"https:\/\/chirurgie-orthopedique.info\/en\/wp-json\/wp\/v2\/pages\/8084\/revisions"}],"up":[{"embeddable":true,"href":"https:\/\/chirurgie-orthopedique.info\/en\/wp-json\/wp\/v2\/pages\/8067"}],"wp:attachment":[{"href":"https:\/\/chirurgie-orthopedique.info\/en\/wp-json\/wp\/v2\/media?parent=8084"}],"curies":[{"name":"wp","href":"https:\/\/api.w.org\/{rel}","templated":true}]}}