{"id":8094,"date":"2021-05-05T16:02:20","date_gmt":"2021-05-05T16:02:20","guid":{"rendered":"https:\/\/toty.fr\/wordpress\/?page_id=8094"},"modified":"2021-05-05T16:05:12","modified_gmt":"2021-05-05T16:05:12","slug":"posterior-cruciate-ligament-surgery-pcl","status":"publish","type":"page","link":"https:\/\/chirurgie-orthopedique.info\/en\/knee-anatomy-pathophysiology\/posterior-cruciate-ligament-surgery-pcl\/","title":{"rendered":"Posterior cruciate ligament surgery (PCL)"},"content":{"rendered":"<p>[vc_row][vc_column][vc_row_inner][vc_column_inner width=&#8221;1\/4&#8243;][\/vc_column_inner][vc_column_inner width=&#8221;1\/2&#8243;][vc_single_image image=&#8221;7536&#8243; img_size=&#8221;100&#215;100&#8243; alignment=&#8221;center&#8221; css=&#8221;.vc_custom_1618843077322{margin-top: 0px !important;margin-right: 20px !important;margin-bottom: 0px !important;margin-left: 20px !important;}&#8221;][\/vc_column_inner][vc_column_inner width=&#8221;1\/4&#8243;][\/vc_column_inner][\/vc_row_inner][vc_column_text css=&#8221;.vc_custom_1620230593689{margin-bottom: 10px !important;}&#8221;]<\/p>\n<h2 style=\"text-align: center;\">Posterior cruciate ligament surgery (PCL)<\/h2>\n<p>[\/vc_column_text][vc_separator color=&#8221;custom&#8221; style=&#8221;dotted&#8221; accent_color=&#8221;#2f3762&#8243; css=&#8221;.vc_custom_1618682358889{margin-top: 0px !important;}&#8221;][vc_column_text]<\/p>\n<p style=\"text-align: justify;\"><strong>A ligament is a short strip of fibrous connective tissue made out of long collagen molecules.<\/strong> It is an extremely strong structure that ties the bones together within the joints. Ligaments control joints\u2019 movements. They protect the joint in case of forced movements during a sprain. There are four main ligaments involved in the knee area: two lateral ligaments (internal lateral ligament and external lateral ligament) on each side of the knee, and two central ligaments called \u201ccruciate,\u201d as they cross in the middle of the knee: the anterior cruciate ligament (ACL) and the posterior cruciate ligament (PCL).<\/p>\n<p>[\/vc_column_text][vc_row_inner][vc_column_inner width=&#8221;1\/6&#8243;][\/vc_column_inner][vc_column_inner width=&#8221;2\/3&#8243;][vc_single_image image=&#8221;7232&#8243; img_size=&#8221;full&#8221; add_caption=&#8221;yes&#8221; alignment=&#8221;center&#8221; onclick=&#8221;link_image&#8221;][\/vc_column_inner][vc_column_inner width=&#8221;1\/6&#8243;][\/vc_column_inner][\/vc_row_inner][vc_column_text]<\/p>\n<p style=\"text-align: justify;\">Rupture of the posterior cruciate ligament (PCL) is not a common injury, and is usually misdiagnosed due to\u00a0 good functional adjustment 85{88b696bf2700d12398c30964f41039de701ab1baffac505c8144f3e2e2571fd4} of the time (discomfort and pain during deceleration). Unlike anterior cruciate ligament ruptures (ACL), there is almost no unsteadiness. It is also a difficult surgery&#8211;all the more reason for neglecting this procedure over the years. Today, many authors insist on the long-term arthrosic potential of posterior laxity resulting from PCL ruptures. This is due to the increased stress on the patellar cartilage and internal tibiofemoral compartment. In recent years, research has allowed for improved procedures, thanks to better anatomical and biomechanical knowledge and advanced arthroscopy techniques.<br \/>\nAt the acute stage, treatment is usually functional, not surgical. A physiotherapy program is scheduled. Surgery is indicated in cases of ruptures that lead to extreme posterior laxity, especially when combined with peripheral lesions. Posterior laxity has to be measured using dynamic X-rays. Later on, the need for surgery depends only on unsteadiness or a painful patellofemoral joint.<\/p>\n<p>[\/vc_column_text][vc_row_inner][vc_column_inner width=&#8221;5\/6&#8243;][vc_column_text]<\/p>\n<p style=\"text-align: justify;\"><strong>Au stade aigu, le traitement est le plus souvent fonctionnel, non chirurgical.<\/strong> Un programme de r\u00e9\u00e9ducation est mis en place. Une intervention chirurgicale est r\u00e9serv\u00e9e \u00e0 des ruptures responsables d\u2019embl\u00e9e d\u2019une laxit\u00e9\u00a0 post\u00e9rieure tr\u00e8s importante surtout si elle est associ\u00e9e \u00e0 des l\u00e9sions p\u00e9riph\u00e9riques notamment des formations externes. La laxit\u00e9 post\u00e9rieure diff\u00e9rentielle doit \u00eatre mesur\u00e9e par des radiographies dynamiques.<br \/>\nPlus tard, la n\u00e9cessit\u00e9 de cette r\u00e9paration chirurgicale d\u00e9pend uniquement d\u2019une \u00e9ventuelle instabilit\u00e9 ou plus souvent de douleurs de la f\u00e9moro-patellaire.<\/p>\n<p>[\/vc_column_text][vc_column_text]<\/p>\n<p style=\"text-align: justify;\"><strong>Les suites op\u00e9ratoires et la r\u00e9\u00e9ducation sont beaucoup plus difficiles et beaucoup plus longues que celles du crois\u00e9 ant\u00e9rieur. <\/strong>Il peut persister une petite laxit\u00e9 post\u00e9rieure r\u00e9siduelle mais le r\u00e9sultat fonctionnel est en g\u00e9n\u00e9ral bon.<\/p>\n<p>[\/vc_column_text][\/vc_column_inner][vc_column_inner width=&#8221;1\/6&#8243;][vc_single_image image=&#8221;7233&#8243; img_size=&#8221;full&#8221; add_caption=&#8221;yes&#8221; alignment=&#8221;center&#8221; onclick=&#8221;link_image&#8221;][\/vc_column_inner][\/vc_row_inner][\/vc_column][\/vc_row]<\/p>\n","protected":false},"excerpt":{"rendered":"<p>[vc_row][vc_column][vc_row_inner][vc_column_inner width=&#8221;1\/4&#8243;][\/vc_column_inner][vc_column_inner width=&#8221;1\/2&#8243;][vc_single_image image=&#8221;7536&#8243; img_size=&#8221;100&#215;100&#8243; alignment=&#8221;center&#8221; css=&#8221;.vc_custom_1618843077322{margin-top: 0px !important;margin-right: 20px !important;margin-bottom: 0px !important;margin-left: 20px !important;}&#8221;][\/vc_column_inner][vc_column_inner width=&#8221;1\/4&#8243;][\/vc_column_inner][\/vc_row_inner][vc_column_text css=&#8221;.vc_custom_1620230593689{margin-bottom: 10px !important;}&#8221;] Posterior cruciate ligament surgery (PCL) [\/vc_column_text][vc_separator color=&#8221;custom&#8221; style=&#8221;dotted&#8221; accent_color=&#8221;#2f3762&#8243; css=&#8221;.vc_custom_1618682358889{margin-top: 0px !important;}&#8221;][vc_column_text] A ligament is a short strip of fibrous connective tissue made out of long collagen molecules. It is an extremely strong structure that ties the bones together within the joints. Ligaments control joints\u2019 movements. They protect the joint in case of forced movements during a sprain. There are four main ligaments involved in the knee area: two lateral ligaments (internal lateral ligament and external lateral ligament) on each side of the knee, and two central ligaments called \u201ccruciate,\u201d as they cross in the middle of the knee: the anterior cruciate ligament (ACL) and the posterior cruciate ligament (PCL). [\/vc_column_text][vc_row_inner][vc_column_inner width=&#8221;1\/6&#8243;][\/vc_column_inner][vc_column_inner width=&#8221;2\/3&#8243;][vc_single_image image=&#8221;7232&#8243; img_size=&#8221;full&#8221; add_caption=&#8221;yes&#8221; alignment=&#8221;center&#8221; onclick=&#8221;link_image&#8221;][\/vc_column_inner][vc_column_inner width=&#8221;1\/6&#8243;][\/vc_column_inner][\/vc_row_inner][vc_column_text] Rupture of the posterior cruciate ligament (PCL) is not a common injury, [&hellip;]<\/p>\n","protected":false},"author":1,"featured_media":0,"parent":8045,"menu_order":0,"comment_status":"closed","ping_status":"closed","template":"","meta":{"inline_featured_image":false,"footnotes":""},"class_list":["post-8094","page","type-page","status-publish","hentry"],"yoast_head":"<!-- This site is optimized with the Yoast SEO plugin v24.7 - https:\/\/yoast.com\/wordpress\/plugins\/seo\/ -->\n<title>Knee surgery - Posterior cruciate ligament in Nice Dr Mandrino<\/title>\n<meta name=\"description\" content=\"Posterior cruciate ligament (PCL) in Nice after the ligament connecting the posterior cruciate ligament (PCL) surgery.\" \/>\n<meta name=\"robots\" content=\"index, follow, max-snippet:-1, max-image-preview:large, max-video-preview:-1\" \/>\n<link rel=\"canonical\" href=\"https:\/\/chirurgie-orthopedique.info\/en\/knee-anatomy-pathophysiology\/posterior-cruciate-ligament-surgery-pcl\/\" \/>\n<meta property=\"og:locale\" content=\"en_US\" \/>\n<meta property=\"og:type\" content=\"article\" \/>\n<meta property=\"og:title\" content=\"Knee surgery - Posterior cruciate ligament in Nice Dr Mandrino\" \/>\n<meta property=\"og:description\" content=\"Posterior cruciate ligament (PCL) in Nice after the ligament connecting the posterior cruciate ligament (PCL) surgery.\" \/>\n<meta property=\"og:url\" content=\"https:\/\/chirurgie-orthopedique.info\/en\/knee-anatomy-pathophysiology\/posterior-cruciate-ligament-surgery-pcl\/\" \/>\n<meta property=\"og:site_name\" content=\"Chirurgie Orthopedique, sp\u00e9cialiste du Genou, Hanche, Epaule \u00e0 Nice\" \/>\n<meta property=\"article:publisher\" content=\"https:\/\/www.facebook.com\/Dr.Mandrino\" \/>\n<meta property=\"article:modified_time\" content=\"2021-05-05T16:05:12+00:00\" \/>\n<meta property=\"og:image\" content=\"https:\/\/chirurgie-orthopedique.info\/wp-content\/uploads\/2017\/07\/Chirurgie-du-genou-nice.jpg\" \/>\n\t<meta property=\"og:image:width\" content=\"1921\" \/>\n\t<meta property=\"og:image:height\" content=\"1100\" \/>\n\t<meta property=\"og:image:type\" content=\"image\/jpeg\" \/>\n<meta name=\"twitter:card\" content=\"summary_large_image\" \/>\n<meta name=\"twitter:label1\" content=\"Est. reading time\" \/>\n\t<meta name=\"twitter:data1\" content=\"2 minutes\" \/>\n<script type=\"application\/ld+json\" class=\"yoast-schema-graph\">{\"@context\":\"https:\/\/schema.org\",\"@graph\":[{\"@type\":\"WebPage\",\"@id\":\"https:\/\/chirurgie-orthopedique.info\/en\/knee-anatomy-pathophysiology\/posterior-cruciate-ligament-surgery-pcl\/\",\"url\":\"https:\/\/chirurgie-orthopedique.info\/en\/knee-anatomy-pathophysiology\/posterior-cruciate-ligament-surgery-pcl\/\",\"name\":\"Knee surgery - Posterior cruciate ligament in Nice Dr Mandrino\",\"isPartOf\":{\"@id\":\"https:\/\/chirurgie-orthopedique.info\/en\/#website\"},\"datePublished\":\"2021-05-05T16:02:20+00:00\",\"dateModified\":\"2021-05-05T16:05:12+00:00\",\"description\":\"Posterior cruciate ligament (PCL) in Nice after the ligament connecting the posterior cruciate ligament (PCL) surgery.\",\"breadcrumb\":{\"@id\":\"https:\/\/chirurgie-orthopedique.info\/en\/knee-anatomy-pathophysiology\/posterior-cruciate-ligament-surgery-pcl\/#breadcrumb\"},\"inLanguage\":\"en-US\",\"potentialAction\":[{\"@type\":\"ReadAction\",\"target\":[\"https:\/\/chirurgie-orthopedique.info\/en\/knee-anatomy-pathophysiology\/posterior-cruciate-ligament-surgery-pcl\/\"]}]},{\"@type\":\"BreadcrumbList\",\"@id\":\"https:\/\/chirurgie-orthopedique.info\/en\/knee-anatomy-pathophysiology\/posterior-cruciate-ligament-surgery-pcl\/#breadcrumb\",\"itemListElement\":[{\"@type\":\"ListItem\",\"position\":1,\"name\":\"Accueil\",\"item\":\"https:\/\/chirurgie-orthopedique.info\/en\/\"},{\"@type\":\"ListItem\",\"position\":2,\"name\":\"Knee anatomy and pathophysiology\",\"item\":\"https:\/\/chirurgie-orthopedique.info\/en\/knee-anatomy-pathophysiology\/\"},{\"@type\":\"ListItem\",\"position\":3,\"name\":\"Posterior cruciate ligament surgery (PCL)\"}]},{\"@type\":\"WebSite\",\"@id\":\"https:\/\/chirurgie-orthopedique.info\/en\/#website\",\"url\":\"https:\/\/chirurgie-orthopedique.info\/en\/\",\"name\":\"Chirurgie Orthopedique, sp\u00e9cialiste du Genou, Hanche, Epaule \u00e0 Nice\",\"description\":\"Docteur Mandrino sp\u00e9cialis\u00e9 en chirurgie du genou, de la hanche et de l&#039; \u00e9paule \u00e0 Nice\",\"publisher\":{\"@id\":\"https:\/\/chirurgie-orthopedique.info\/en\/#organization\"},\"potentialAction\":[{\"@type\":\"SearchAction\",\"target\":{\"@type\":\"EntryPoint\",\"urlTemplate\":\"https:\/\/chirurgie-orthopedique.info\/en\/?s={search_term_string}\"},\"query-input\":{\"@type\":\"PropertyValueSpecification\",\"valueRequired\":true,\"valueName\":\"search_term_string\"}}],\"inLanguage\":\"en-US\"},{\"@type\":\"Organization\",\"@id\":\"https:\/\/chirurgie-orthopedique.info\/en\/#organization\",\"name\":\"Dr Alain Mandrino chirurgie orthop\u00e9dique \u00e0 Nice\",\"url\":\"https:\/\/chirurgie-orthopedique.info\/en\/\",\"logo\":{\"@type\":\"ImageObject\",\"inLanguage\":\"en-US\",\"@id\":\"https:\/\/chirurgie-orthopedique.info\/en\/#\/schema\/logo\/image\/\",\"url\":\"https:\/\/chirurgie-orthopedique.info\/wp-content\/uploads\/2017\/07\/dr-alain-mandrino-chirurgie-orthopedique-nice.png\",\"contentUrl\":\"https:\/\/chirurgie-orthopedique.info\/wp-content\/uploads\/2017\/07\/dr-alain-mandrino-chirurgie-orthopedique-nice.png\",\"width\":443,\"height\":230,\"caption\":\"Dr Alain Mandrino chirurgie orthop\u00e9dique \u00e0 Nice\"},\"image\":{\"@id\":\"https:\/\/chirurgie-orthopedique.info\/en\/#\/schema\/logo\/image\/\"},\"sameAs\":[\"https:\/\/www.facebook.com\/Dr.Mandrino\",\"https:\/\/www.instagram.com\/dralainmandrino\/\",\"https:\/\/www.youtube.com\/user\/amandrino\"]}]}<\/script>\n<!-- \/ Yoast SEO plugin. -->","yoast_head_json":{"title":"Knee surgery - Posterior cruciate ligament in Nice Dr Mandrino","description":"Posterior cruciate ligament (PCL) in Nice after the ligament connecting the posterior cruciate ligament (PCL) surgery.","robots":{"index":"index","follow":"follow","max-snippet":"max-snippet:-1","max-image-preview":"max-image-preview:large","max-video-preview":"max-video-preview:-1"},"canonical":"https:\/\/chirurgie-orthopedique.info\/en\/knee-anatomy-pathophysiology\/posterior-cruciate-ligament-surgery-pcl\/","og_locale":"en_US","og_type":"article","og_title":"Knee surgery - Posterior cruciate ligament in Nice Dr Mandrino","og_description":"Posterior cruciate ligament (PCL) in Nice after the ligament connecting the posterior cruciate ligament (PCL) surgery.","og_url":"https:\/\/chirurgie-orthopedique.info\/en\/knee-anatomy-pathophysiology\/posterior-cruciate-ligament-surgery-pcl\/","og_site_name":"Chirurgie Orthopedique, sp\u00e9cialiste du Genou, Hanche, Epaule \u00e0 Nice","article_publisher":"https:\/\/www.facebook.com\/Dr.Mandrino","article_modified_time":"2021-05-05T16:05:12+00:00","og_image":[{"width":1921,"height":1100,"url":"https:\/\/chirurgie-orthopedique.info\/wp-content\/uploads\/2017\/07\/Chirurgie-du-genou-nice.jpg","type":"image\/jpeg"}],"twitter_card":"summary_large_image","twitter_misc":{"Est. reading time":"2 minutes"},"schema":{"@context":"https:\/\/schema.org","@graph":[{"@type":"WebPage","@id":"https:\/\/chirurgie-orthopedique.info\/en\/knee-anatomy-pathophysiology\/posterior-cruciate-ligament-surgery-pcl\/","url":"https:\/\/chirurgie-orthopedique.info\/en\/knee-anatomy-pathophysiology\/posterior-cruciate-ligament-surgery-pcl\/","name":"Knee surgery - Posterior cruciate ligament in Nice Dr Mandrino","isPartOf":{"@id":"https:\/\/chirurgie-orthopedique.info\/en\/#website"},"datePublished":"2021-05-05T16:02:20+00:00","dateModified":"2021-05-05T16:05:12+00:00","description":"Posterior cruciate ligament (PCL) in Nice after the ligament connecting the posterior cruciate ligament (PCL) surgery.","breadcrumb":{"@id":"https:\/\/chirurgie-orthopedique.info\/en\/knee-anatomy-pathophysiology\/posterior-cruciate-ligament-surgery-pcl\/#breadcrumb"},"inLanguage":"en-US","potentialAction":[{"@type":"ReadAction","target":["https:\/\/chirurgie-orthopedique.info\/en\/knee-anatomy-pathophysiology\/posterior-cruciate-ligament-surgery-pcl\/"]}]},{"@type":"BreadcrumbList","@id":"https:\/\/chirurgie-orthopedique.info\/en\/knee-anatomy-pathophysiology\/posterior-cruciate-ligament-surgery-pcl\/#breadcrumb","itemListElement":[{"@type":"ListItem","position":1,"name":"Accueil","item":"https:\/\/chirurgie-orthopedique.info\/en\/"},{"@type":"ListItem","position":2,"name":"Knee anatomy and pathophysiology","item":"https:\/\/chirurgie-orthopedique.info\/en\/knee-anatomy-pathophysiology\/"},{"@type":"ListItem","position":3,"name":"Posterior cruciate ligament surgery (PCL)"}]},{"@type":"WebSite","@id":"https:\/\/chirurgie-orthopedique.info\/en\/#website","url":"https:\/\/chirurgie-orthopedique.info\/en\/","name":"Chirurgie Orthopedique, sp\u00e9cialiste du Genou, Hanche, Epaule \u00e0 Nice","description":"Docteur Mandrino sp\u00e9cialis\u00e9 en chirurgie du genou, de la hanche et de l&#039; \u00e9paule \u00e0 Nice","publisher":{"@id":"https:\/\/chirurgie-orthopedique.info\/en\/#organization"},"potentialAction":[{"@type":"SearchAction","target":{"@type":"EntryPoint","urlTemplate":"https:\/\/chirurgie-orthopedique.info\/en\/?s={search_term_string}"},"query-input":{"@type":"PropertyValueSpecification","valueRequired":true,"valueName":"search_term_string"}}],"inLanguage":"en-US"},{"@type":"Organization","@id":"https:\/\/chirurgie-orthopedique.info\/en\/#organization","name":"Dr Alain Mandrino chirurgie orthop\u00e9dique \u00e0 Nice","url":"https:\/\/chirurgie-orthopedique.info\/en\/","logo":{"@type":"ImageObject","inLanguage":"en-US","@id":"https:\/\/chirurgie-orthopedique.info\/en\/#\/schema\/logo\/image\/","url":"https:\/\/chirurgie-orthopedique.info\/wp-content\/uploads\/2017\/07\/dr-alain-mandrino-chirurgie-orthopedique-nice.png","contentUrl":"https:\/\/chirurgie-orthopedique.info\/wp-content\/uploads\/2017\/07\/dr-alain-mandrino-chirurgie-orthopedique-nice.png","width":443,"height":230,"caption":"Dr Alain Mandrino chirurgie orthop\u00e9dique \u00e0 Nice"},"image":{"@id":"https:\/\/chirurgie-orthopedique.info\/en\/#\/schema\/logo\/image\/"},"sameAs":["https:\/\/www.facebook.com\/Dr.Mandrino","https:\/\/www.instagram.com\/dralainmandrino\/","https:\/\/www.youtube.com\/user\/amandrino"]}]}},"jetpack_sharing_enabled":true,"_links":{"self":[{"href":"https:\/\/chirurgie-orthopedique.info\/en\/wp-json\/wp\/v2\/pages\/8094","targetHints":{"allow":["GET"]}}],"collection":[{"href":"https:\/\/chirurgie-orthopedique.info\/en\/wp-json\/wp\/v2\/pages"}],"about":[{"href":"https:\/\/chirurgie-orthopedique.info\/en\/wp-json\/wp\/v2\/types\/page"}],"author":[{"embeddable":true,"href":"https:\/\/chirurgie-orthopedique.info\/en\/wp-json\/wp\/v2\/users\/1"}],"replies":[{"embeddable":true,"href":"https:\/\/chirurgie-orthopedique.info\/en\/wp-json\/wp\/v2\/comments?post=8094"}],"version-history":[{"count":0,"href":"https:\/\/chirurgie-orthopedique.info\/en\/wp-json\/wp\/v2\/pages\/8094\/revisions"}],"up":[{"embeddable":true,"href":"https:\/\/chirurgie-orthopedique.info\/en\/wp-json\/wp\/v2\/pages\/8045"}],"wp:attachment":[{"href":"https:\/\/chirurgie-orthopedique.info\/en\/wp-json\/wp\/v2\/media?parent=8094"}],"curies":[{"name":"wp","href":"https:\/\/api.w.org\/{rel}","templated":true}]}}