{"id":8127,"date":"2021-05-05T16:44:58","date_gmt":"2021-05-05T16:44:58","guid":{"rendered":"https:\/\/toty.fr\/wordpress\/?page_id=8127"},"modified":"2021-05-05T16:50:21","modified_gmt":"2021-05-05T16:50:21","slug":"knee-prostheses","status":"publish","type":"page","link":"https:\/\/chirurgie-orthopedique.info\/en\/knee-anatomy-pathophysiology\/chirurgie-du-menisque-par-arthroscopie\/arthrosis-knee-arthroplasty\/knee-prostheses\/","title":{"rendered":"knee prostheses"},"content":{"rendered":"<p>[vc_row][vc_column][vc_row_inner][vc_column_inner width=&#8221;1\/4&#8243;][\/vc_column_inner][vc_column_inner width=&#8221;1\/2&#8243;][vc_single_image image=&#8221;7536&#8243; img_size=&#8221;100&#215;100&#8243; alignment=&#8221;center&#8221; css=&#8221;.vc_custom_1618843493954{margin-top: 0px !important;margin-right: 20px !important;margin-bottom: 0px !important;margin-left: 20px !important;}&#8221;][\/vc_column_inner][vc_column_inner width=&#8221;1\/4&#8243;][\/vc_column_inner][\/vc_row_inner][vc_column_text css=&#8221;.vc_custom_1620233216067{margin-bottom: 10px !important;}&#8221;]<\/p>\n<h3 style=\"text-align: center;\"><strong>Knee prostheses<\/strong><\/h3>\n<p>[\/vc_column_text][vc_separator color=&#8221;custom&#8221; style=&#8221;dotted&#8221; accent_color=&#8221;#2f3762&#8243; css=&#8221;.vc_custom_1618682358889{margin-top: 0px !important;}&#8221;][vc_column_text]<\/p>\n<p style=\"text-align: justify;\"><strong>The first knee prostheses were developed about 30 years ago and changed the lives of many patients<\/strong> who could barely walk without pain. Placing knee prosthesis should be considered when pain, disability or effusions get worse, and medical treatments (anti-inflammatory drugs, infiltrations, viscosupplementation) are ineffective to the point where standing up, going upstairs, and walking become a problem. The patient has to decide according to his level of disability.<\/p>\n<p style=\"text-align: justify;\">The surgeon can either replace the entire knee or part of the articular surfaces on the femur, tibia, and patella with a prosthesis made out of two to three different implants:<br \/>\nThe femoral prosthesis (made out of chromium and cobalt) will slide on the polyethylene tibial plateau.<br \/>\nThe tibial prosthesis comprises two parts:<\/p>\n<ul>\n<li style=\"text-align: justify;\">a metal plateau made out of chromium and cobalt or titanium and anchored to the tibia<\/li>\n<li style=\"text-align: justify;\">a polyethylene plateau resting on the tibial metallic plateau. This plateau can be either fixed or rotational. It ensures friction between the tibia and the femur.<\/li>\n<\/ul>\n<p>[\/vc_column_text][vc_row_inner][vc_column_inner width=&#8221;1\/6&#8243;][\/vc_column_inner][vc_column_inner width=&#8221;2\/3&#8243;][vc_single_image image=&#8221;7251&#8243; img_size=&#8221;full&#8221; alignment=&#8221;center&#8221; onclick=&#8221;link_image&#8221;][\/vc_column_inner][vc_column_inner width=&#8221;1\/6&#8243;][\/vc_column_inner][\/vc_row_inner][vc_column_text]<\/p>\n<p style=\"text-align: justify;\">The kneecap polyethylene prosthesis is only used when the patellar cartilage is severely worn-out.<br \/>\nPlacing a prosthesis is a very common, well-standardized procedure, which usually takes 1 hour to 1.5 hours, depending on possible complications during surgery.<\/p>\n<p style=\"text-align: justify;\">Placing knee prosthesis can be done using computerized monitoring, which allows for accurate positioning of the prosthetic parts.<br \/>\nThe application system can be tailor-made based on MRI data obtained prior to the procedure. A \u201cnavigation\u201d system can also be used.<\/p>\n<p style=\"text-align: justify;\">Postoperative pain is managed using strict pain control protocols and by inserting a catheter at the root of the thigh in order to insure\u00a0 postoperative analgesia.<br \/>\nAnticoagulation and support stockings are prescribed so as to prevent phlebitis.<\/p>\n<p>[\/vc_column_text][vc_row_inner content_placement=&#8221;middle&#8221;][vc_column_inner width=&#8221;2\/3&#8243;][vc_column_text]<\/p>\n<h3><strong>1- Unicompartmental knee arthroplasty<\/strong><\/h3>\n<p style=\"text-align: justify;\">If the knee damage is limited to the joint\u2019s inner side or to its outer side, the injured part\u2019s articular surfaces can simply be replaced.<\/p>\n<p>[\/vc_column_text][\/vc_column_inner][vc_column_inner width=&#8221;1\/3&#8243;][vc_single_image image=&#8221;7252&#8243; img_size=&#8221;full&#8221; onclick=&#8221;link_image&#8221;][\/vc_column_inner][\/vc_row_inner][vc_column_text]<\/p>\n<p style=\"text-align: justify;\">Single compartment prostheses are indicated in the following cases: The injury is limited to one of the tibiofemoral compartments (the other compartments are healthy), the cruciate ligaments are intact, the body mass index is below 30, there is no stiffness in the knee, and the deviation is less than or equal to 15\u00b0.<br \/>\nAs previously mentioned, this prosthesis includes a femoral implant, a tibial implant, and a pad that only replace \u201chalf of the knee.\u201d<br \/>\nIncisions and the surgical approach in general are less invasive than a few years ago, thanks to improvements in equipment and procedure. These new techniques are called minimally invasive surgeries (MIS).<br \/>\nThis procedure involves a skin incision (6-8cm), an opening of the knee without cutting tendons or muscles more than 1cm, spreading the patella without reversing it, and equipment adapted to this minimally surgical approach.<\/p>\n<p style=\"text-align: justify;\">This procedure facilitates faster recovery and decreases pain and bleeding.<br \/>\n<strong>Once the bone slices are made and the trial implants placed, ligament balance and stability during knee flexion are checked.<\/strong><br \/>\n<strong>All of these benefits combined with pain control protocols allow for easier postoperative recoveries and shorter hospitalization periods.<\/strong><\/p>\n<p>[\/vc_column_text][vc_row_inner content_placement=&#8221;middle&#8221; css=&#8221;.vc_custom_1618691201937{margin-bottom: 0px !important;}&#8221;][vc_column_inner width=&#8221;2\/3&#8243;][vc_column_text]<\/p>\n<h3 style=\"text-align: justify;\"><strong>2 \u2013\u00a0Tolal knee arthroplasty\u00a0<\/strong><\/h3>\n<ul>\n<li style=\"text-align: justify;\">This type of prothesis completely replaces the joint, except for the patella, which can be left without putting a polyethylene button prosthesis (provided the cartilage is still in good condition).<br \/>\nAside from the joint reconstruction, the procedure allows for the reduction of preoperative deformations (varus or valgus on the lower limb).<br \/>\n<strong>Ligament balance and stability and patellar alignment are checked once the bone slices are made and the trial implants are placed. Kneecap resurfacing through a polyethylene button is not mandatory.<\/strong><\/li>\n<\/ul>\n<p>[\/vc_column_text][\/vc_column_inner][vc_column_inner width=&#8221;1\/3&#8243;][vc_single_image image=&#8221;7258&#8243; img_size=&#8221;full&#8221; onclick=&#8221;link_image&#8221;][\/vc_column_inner][\/vc_row_inner][vc_column_text css=&#8221;.vc_custom_1620233345510{margin-top: 0px !important;}&#8221;]<\/p>\n<p style=\"text-align: justify;\">Patients\u2019 blood is recovered during and right after surgery (Cell Save), which reduces the need for blood transfusions.\u00a0\u00a0Your blood is recovered during and right after surgery (Cell Saver) which reduces transfusions.<\/p>\n<p>[\/vc_column_text][\/vc_column][\/vc_row]<\/p>\n","protected":false},"excerpt":{"rendered":"<p>[vc_row][vc_column][vc_row_inner][vc_column_inner width=&#8221;1\/4&#8243;][\/vc_column_inner][vc_column_inner width=&#8221;1\/2&#8243;][vc_single_image image=&#8221;7536&#8243; img_size=&#8221;100&#215;100&#8243; alignment=&#8221;center&#8221; css=&#8221;.vc_custom_1618843493954{margin-top: 0px !important;margin-right: 20px !important;margin-bottom: 0px !important;margin-left: 20px !important;}&#8221;][\/vc_column_inner][vc_column_inner width=&#8221;1\/4&#8243;][\/vc_column_inner][\/vc_row_inner][vc_column_text css=&#8221;.vc_custom_1620233216067{margin-bottom: 10px !important;}&#8221;] Knee prostheses [\/vc_column_text][vc_separator color=&#8221;custom&#8221; style=&#8221;dotted&#8221; accent_color=&#8221;#2f3762&#8243; css=&#8221;.vc_custom_1618682358889{margin-top: 0px !important;}&#8221;][vc_column_text] The first knee prostheses were developed about 30 years ago and changed the lives of many patients who could barely walk without pain. Placing knee prosthesis should be considered when pain, disability or effusions get worse, and medical treatments (anti-inflammatory drugs, infiltrations, viscosupplementation) are ineffective to the point where standing up, going upstairs, and walking become a problem. The patient has to decide according to his level of disability. The surgeon can either replace the entire knee or part of the articular surfaces on the femur, tibia, and patella with a prosthesis made out of two to three different implants: The femoral prosthesis (made out of chromium and cobalt) will slide on the polyethylene tibial plateau. The tibial prosthesis comprises two parts: [&hellip;]<\/p>\n","protected":false},"author":1,"featured_media":0,"parent":8102,"menu_order":0,"comment_status":"closed","ping_status":"closed","template":"","meta":{"inline_featured_image":false,"footnotes":""},"class_list":["post-8127","page","type-page","status-publish","hentry"],"yoast_head":"<!-- This site is optimized with the Yoast SEO plugin v24.7 - https:\/\/yoast.com\/wordpress\/plugins\/seo\/ -->\n<title>Knee prostheses - Dr Mandrino Orthopedic surgeon<\/title>\n<meta name=\"description\" content=\"Discover all you need to know about knee prostheses with specialist Dr Mandrino Orthopedic surgeon in Nice French Riviera\" \/>\n<meta name=\"robots\" content=\"index, follow, max-snippet:-1, max-image-preview:large, max-video-preview:-1\" \/>\n<link rel=\"canonical\" href=\"https:\/\/chirurgie-orthopedique.info\/en\/knee-anatomy-pathophysiology\/chirurgie-du-menisque-par-arthroscopie\/arthrosis-knee-arthroplasty\/knee-prostheses\/\" \/>\n<meta property=\"og:locale\" content=\"en_US\" \/>\n<meta property=\"og:type\" content=\"article\" \/>\n<meta property=\"og:title\" content=\"Knee prostheses - Dr Mandrino Orthopedic surgeon\" \/>\n<meta property=\"og:description\" content=\"Discover all you need to know about knee prostheses with specialist Dr Mandrino Orthopedic surgeon in Nice French Riviera\" \/>\n<meta property=\"og:url\" content=\"https:\/\/chirurgie-orthopedique.info\/en\/knee-anatomy-pathophysiology\/chirurgie-du-menisque-par-arthroscopie\/arthrosis-knee-arthroplasty\/knee-prostheses\/\" \/>\n<meta property=\"og:site_name\" content=\"Chirurgie Orthopedique, sp\u00e9cialiste du Genou, Hanche, Epaule \u00e0 Nice\" \/>\n<meta property=\"article:publisher\" content=\"https:\/\/www.facebook.com\/Dr.Mandrino\" \/>\n<meta property=\"article:modified_time\" content=\"2021-05-05T16:50:21+00:00\" \/>\n<meta property=\"og:image\" content=\"https:\/\/chirurgie-orthopedique.info\/wp-content\/uploads\/2017\/07\/Chirurgie-du-genou-nice.jpg\" \/>\n\t<meta property=\"og:image:width\" content=\"1921\" \/>\n\t<meta property=\"og:image:height\" content=\"1100\" \/>\n\t<meta property=\"og:image:type\" content=\"image\/jpeg\" \/>\n<meta name=\"twitter:card\" content=\"summary_large_image\" \/>\n<meta name=\"twitter:label1\" content=\"Est. reading time\" \/>\n\t<meta name=\"twitter:data1\" content=\"3 minutes\" \/>\n<script type=\"application\/ld+json\" class=\"yoast-schema-graph\">{\"@context\":\"https:\/\/schema.org\",\"@graph\":[{\"@type\":\"WebPage\",\"@id\":\"https:\/\/chirurgie-orthopedique.info\/en\/knee-anatomy-pathophysiology\/chirurgie-du-menisque-par-arthroscopie\/arthrosis-knee-arthroplasty\/knee-prostheses\/\",\"url\":\"https:\/\/chirurgie-orthopedique.info\/en\/knee-anatomy-pathophysiology\/chirurgie-du-menisque-par-arthroscopie\/arthrosis-knee-arthroplasty\/knee-prostheses\/\",\"name\":\"Knee prostheses - Dr Mandrino Orthopedic surgeon\",\"isPartOf\":{\"@id\":\"https:\/\/chirurgie-orthopedique.info\/en\/#website\"},\"datePublished\":\"2021-05-05T16:44:58+00:00\",\"dateModified\":\"2021-05-05T16:50:21+00:00\",\"description\":\"Discover all you need to know about knee prostheses with specialist Dr Mandrino Orthopedic surgeon in Nice French Riviera\",\"breadcrumb\":{\"@id\":\"https:\/\/chirurgie-orthopedique.info\/en\/knee-anatomy-pathophysiology\/chirurgie-du-menisque-par-arthroscopie\/arthrosis-knee-arthroplasty\/knee-prostheses\/#breadcrumb\"},\"inLanguage\":\"en-US\",\"potentialAction\":[{\"@type\":\"ReadAction\",\"target\":[\"https:\/\/chirurgie-orthopedique.info\/en\/knee-anatomy-pathophysiology\/chirurgie-du-menisque-par-arthroscopie\/arthrosis-knee-arthroplasty\/knee-prostheses\/\"]}]},{\"@type\":\"BreadcrumbList\",\"@id\":\"https:\/\/chirurgie-orthopedique.info\/en\/knee-anatomy-pathophysiology\/chirurgie-du-menisque-par-arthroscopie\/arthrosis-knee-arthroplasty\/knee-prostheses\/#breadcrumb\",\"itemListElement\":[{\"@type\":\"ListItem\",\"position\":1,\"name\":\"Accueil\",\"item\":\"https:\/\/chirurgie-orthopedique.info\/en\/\"},{\"@type\":\"ListItem\",\"position\":2,\"name\":\"Knee anatomy and pathophysiology\",\"item\":\"https:\/\/chirurgie-orthopedique.info\/en\/knee-anatomy-pathophysiology\/\"},{\"@type\":\"ListItem\",\"position\":3,\"name\":\"Meniscus\",\"item\":\"https:\/\/chirurgie-orthopedique.info\/en\/knee-anatomy-pathophysiology\/chirurgie-du-menisque-par-arthroscopie\/\"},{\"@type\":\"ListItem\",\"position\":4,\"name\":\"Arthrosis \/ Knee arthroplasty\",\"item\":\"https:\/\/chirurgie-orthopedique.info\/en\/knee-anatomy-pathophysiology\/chirurgie-du-menisque-par-arthroscopie\/arthrosis-knee-arthroplasty\/\"},{\"@type\":\"ListItem\",\"position\":5,\"name\":\"knee prostheses\"}]},{\"@type\":\"WebSite\",\"@id\":\"https:\/\/chirurgie-orthopedique.info\/en\/#website\",\"url\":\"https:\/\/chirurgie-orthopedique.info\/en\/\",\"name\":\"Chirurgie Orthopedique, sp\u00e9cialiste du Genou, Hanche, Epaule \u00e0 Nice\",\"description\":\"Docteur Mandrino sp\u00e9cialis\u00e9 en chirurgie du genou, de la hanche et de l&#039; \u00e9paule \u00e0 Nice\",\"publisher\":{\"@id\":\"https:\/\/chirurgie-orthopedique.info\/en\/#organization\"},\"potentialAction\":[{\"@type\":\"SearchAction\",\"target\":{\"@type\":\"EntryPoint\",\"urlTemplate\":\"https:\/\/chirurgie-orthopedique.info\/en\/?s={search_term_string}\"},\"query-input\":{\"@type\":\"PropertyValueSpecification\",\"valueRequired\":true,\"valueName\":\"search_term_string\"}}],\"inLanguage\":\"en-US\"},{\"@type\":\"Organization\",\"@id\":\"https:\/\/chirurgie-orthopedique.info\/en\/#organization\",\"name\":\"Dr Alain Mandrino chirurgie orthop\u00e9dique \u00e0 Nice\",\"url\":\"https:\/\/chirurgie-orthopedique.info\/en\/\",\"logo\":{\"@type\":\"ImageObject\",\"inLanguage\":\"en-US\",\"@id\":\"https:\/\/chirurgie-orthopedique.info\/en\/#\/schema\/logo\/image\/\",\"url\":\"https:\/\/chirurgie-orthopedique.info\/wp-content\/uploads\/2017\/07\/dr-alain-mandrino-chirurgie-orthopedique-nice.png\",\"contentUrl\":\"https:\/\/chirurgie-orthopedique.info\/wp-content\/uploads\/2017\/07\/dr-alain-mandrino-chirurgie-orthopedique-nice.png\",\"width\":443,\"height\":230,\"caption\":\"Dr Alain Mandrino chirurgie orthop\u00e9dique \u00e0 Nice\"},\"image\":{\"@id\":\"https:\/\/chirurgie-orthopedique.info\/en\/#\/schema\/logo\/image\/\"},\"sameAs\":[\"https:\/\/www.facebook.com\/Dr.Mandrino\",\"https:\/\/www.instagram.com\/dralainmandrino\/\",\"https:\/\/www.youtube.com\/user\/amandrino\"]}]}<\/script>\n<!-- \/ Yoast SEO plugin. -->","yoast_head_json":{"title":"Knee prostheses - Dr Mandrino Orthopedic surgeon","description":"Discover all you need to know about knee prostheses with specialist Dr Mandrino Orthopedic surgeon in Nice French Riviera","robots":{"index":"index","follow":"follow","max-snippet":"max-snippet:-1","max-image-preview":"max-image-preview:large","max-video-preview":"max-video-preview:-1"},"canonical":"https:\/\/chirurgie-orthopedique.info\/en\/knee-anatomy-pathophysiology\/chirurgie-du-menisque-par-arthroscopie\/arthrosis-knee-arthroplasty\/knee-prostheses\/","og_locale":"en_US","og_type":"article","og_title":"Knee prostheses - Dr Mandrino Orthopedic surgeon","og_description":"Discover all you need to know about knee prostheses with specialist Dr Mandrino Orthopedic surgeon in Nice French Riviera","og_url":"https:\/\/chirurgie-orthopedique.info\/en\/knee-anatomy-pathophysiology\/chirurgie-du-menisque-par-arthroscopie\/arthrosis-knee-arthroplasty\/knee-prostheses\/","og_site_name":"Chirurgie Orthopedique, sp\u00e9cialiste du Genou, Hanche, Epaule \u00e0 Nice","article_publisher":"https:\/\/www.facebook.com\/Dr.Mandrino","article_modified_time":"2021-05-05T16:50:21+00:00","og_image":[{"width":1921,"height":1100,"url":"https:\/\/chirurgie-orthopedique.info\/wp-content\/uploads\/2017\/07\/Chirurgie-du-genou-nice.jpg","type":"image\/jpeg"}],"twitter_card":"summary_large_image","twitter_misc":{"Est. reading time":"3 minutes"},"schema":{"@context":"https:\/\/schema.org","@graph":[{"@type":"WebPage","@id":"https:\/\/chirurgie-orthopedique.info\/en\/knee-anatomy-pathophysiology\/chirurgie-du-menisque-par-arthroscopie\/arthrosis-knee-arthroplasty\/knee-prostheses\/","url":"https:\/\/chirurgie-orthopedique.info\/en\/knee-anatomy-pathophysiology\/chirurgie-du-menisque-par-arthroscopie\/arthrosis-knee-arthroplasty\/knee-prostheses\/","name":"Knee prostheses - Dr Mandrino Orthopedic surgeon","isPartOf":{"@id":"https:\/\/chirurgie-orthopedique.info\/en\/#website"},"datePublished":"2021-05-05T16:44:58+00:00","dateModified":"2021-05-05T16:50:21+00:00","description":"Discover all you need to know about knee prostheses with specialist Dr Mandrino Orthopedic surgeon in Nice French Riviera","breadcrumb":{"@id":"https:\/\/chirurgie-orthopedique.info\/en\/knee-anatomy-pathophysiology\/chirurgie-du-menisque-par-arthroscopie\/arthrosis-knee-arthroplasty\/knee-prostheses\/#breadcrumb"},"inLanguage":"en-US","potentialAction":[{"@type":"ReadAction","target":["https:\/\/chirurgie-orthopedique.info\/en\/knee-anatomy-pathophysiology\/chirurgie-du-menisque-par-arthroscopie\/arthrosis-knee-arthroplasty\/knee-prostheses\/"]}]},{"@type":"BreadcrumbList","@id":"https:\/\/chirurgie-orthopedique.info\/en\/knee-anatomy-pathophysiology\/chirurgie-du-menisque-par-arthroscopie\/arthrosis-knee-arthroplasty\/knee-prostheses\/#breadcrumb","itemListElement":[{"@type":"ListItem","position":1,"name":"Accueil","item":"https:\/\/chirurgie-orthopedique.info\/en\/"},{"@type":"ListItem","position":2,"name":"Knee anatomy and pathophysiology","item":"https:\/\/chirurgie-orthopedique.info\/en\/knee-anatomy-pathophysiology\/"},{"@type":"ListItem","position":3,"name":"Meniscus","item":"https:\/\/chirurgie-orthopedique.info\/en\/knee-anatomy-pathophysiology\/chirurgie-du-menisque-par-arthroscopie\/"},{"@type":"ListItem","position":4,"name":"Arthrosis \/ Knee arthroplasty","item":"https:\/\/chirurgie-orthopedique.info\/en\/knee-anatomy-pathophysiology\/chirurgie-du-menisque-par-arthroscopie\/arthrosis-knee-arthroplasty\/"},{"@type":"ListItem","position":5,"name":"knee prostheses"}]},{"@type":"WebSite","@id":"https:\/\/chirurgie-orthopedique.info\/en\/#website","url":"https:\/\/chirurgie-orthopedique.info\/en\/","name":"Chirurgie Orthopedique, sp\u00e9cialiste du Genou, Hanche, Epaule \u00e0 Nice","description":"Docteur Mandrino sp\u00e9cialis\u00e9 en chirurgie du genou, de la hanche et de l&#039; \u00e9paule \u00e0 Nice","publisher":{"@id":"https:\/\/chirurgie-orthopedique.info\/en\/#organization"},"potentialAction":[{"@type":"SearchAction","target":{"@type":"EntryPoint","urlTemplate":"https:\/\/chirurgie-orthopedique.info\/en\/?s={search_term_string}"},"query-input":{"@type":"PropertyValueSpecification","valueRequired":true,"valueName":"search_term_string"}}],"inLanguage":"en-US"},{"@type":"Organization","@id":"https:\/\/chirurgie-orthopedique.info\/en\/#organization","name":"Dr Alain Mandrino chirurgie orthop\u00e9dique \u00e0 Nice","url":"https:\/\/chirurgie-orthopedique.info\/en\/","logo":{"@type":"ImageObject","inLanguage":"en-US","@id":"https:\/\/chirurgie-orthopedique.info\/en\/#\/schema\/logo\/image\/","url":"https:\/\/chirurgie-orthopedique.info\/wp-content\/uploads\/2017\/07\/dr-alain-mandrino-chirurgie-orthopedique-nice.png","contentUrl":"https:\/\/chirurgie-orthopedique.info\/wp-content\/uploads\/2017\/07\/dr-alain-mandrino-chirurgie-orthopedique-nice.png","width":443,"height":230,"caption":"Dr Alain Mandrino chirurgie orthop\u00e9dique \u00e0 Nice"},"image":{"@id":"https:\/\/chirurgie-orthopedique.info\/en\/#\/schema\/logo\/image\/"},"sameAs":["https:\/\/www.facebook.com\/Dr.Mandrino","https:\/\/www.instagram.com\/dralainmandrino\/","https:\/\/www.youtube.com\/user\/amandrino"]}]}},"jetpack_sharing_enabled":true,"_links":{"self":[{"href":"https:\/\/chirurgie-orthopedique.info\/en\/wp-json\/wp\/v2\/pages\/8127","targetHints":{"allow":["GET"]}}],"collection":[{"href":"https:\/\/chirurgie-orthopedique.info\/en\/wp-json\/wp\/v2\/pages"}],"about":[{"href":"https:\/\/chirurgie-orthopedique.info\/en\/wp-json\/wp\/v2\/types\/page"}],"author":[{"embeddable":true,"href":"https:\/\/chirurgie-orthopedique.info\/en\/wp-json\/wp\/v2\/users\/1"}],"replies":[{"embeddable":true,"href":"https:\/\/chirurgie-orthopedique.info\/en\/wp-json\/wp\/v2\/comments?post=8127"}],"version-history":[{"count":0,"href":"https:\/\/chirurgie-orthopedique.info\/en\/wp-json\/wp\/v2\/pages\/8127\/revisions"}],"up":[{"embeddable":true,"href":"https:\/\/chirurgie-orthopedique.info\/en\/wp-json\/wp\/v2\/pages\/8102"}],"wp:attachment":[{"href":"https:\/\/chirurgie-orthopedique.info\/en\/wp-json\/wp\/v2\/media?parent=8127"}],"curies":[{"name":"wp","href":"https:\/\/api.w.org\/{rel}","templated":true}]}}