{"id":8137,"date":"2021-05-06T07:22:53","date_gmt":"2021-05-06T07:22:53","guid":{"rendered":"https:\/\/toty.fr\/wordpress\/?page_id=8137"},"modified":"2021-05-06T07:47:15","modified_gmt":"2021-05-06T07:47:15","slug":"vos-questions-sur-lintervention-de-prothese-du-genou","status":"publish","type":"page","link":"https:\/\/chirurgie-orthopedique.info\/en\/knee-anatomy-pathophysiology\/chirurgie-du-menisque-par-arthroscopie\/vos-questions-sur-lintervention-de-prothese-du-genou\/","title":{"rendered":"Your questions on prosthetic knee surgery"},"content":{"rendered":"<p>[vc_row][vc_column width=&#8221;5\/6&#8243;][vc_row_inner][vc_column_inner width=&#8221;1\/4&#8243;][\/vc_column_inner][vc_column_inner width=&#8221;1\/2&#8243;][vc_single_image image=&#8221;7536&#8243; img_size=&#8221;100&#215;100&#8243; alignment=&#8221;center&#8221; css=&#8221;.vc_custom_1618843764813{margin-top: 0px !important;margin-right: 20px !important;margin-bottom: 0px !important;margin-left: 20px !important;}&#8221;][\/vc_column_inner][vc_column_inner width=&#8221;1\/4&#8243;][\/vc_column_inner][\/vc_row_inner][vc_column_text css=&#8221;.vc_custom_1620285815071{margin-bottom: 10px !important;}&#8221;]<\/p>\n<h3 style=\"text-align: center;\">Your questions on prosthetic knee surgery<\/h3>\n<p>[\/vc_column_text][vc_separator color=&#8221;custom&#8221; style=&#8221;dotted&#8221; accent_color=&#8221;#2f3762&#8243; css=&#8221;.vc_custom_1618682358889{margin-top: 0px !important;}&#8221;][vc_tta_accordion][vc_tta_section i_icon_fontawesome=&#8221;fas fa-arrow-alt-circle-right&#8221; add_icon=&#8221;true&#8221; title=&#8221;How long is the hospitalization ?&#8221; tab_id=&#8221;1618685947652-943b1ddc-8feb&#8221;][vc_column_text]<\/p>\n<p style=\"text-align: justify;\">The hospital stay is 2 to 3 days, but the operation is increasingly performed on an outpatient basis for total prostheses and almost systematically for unicompartmental prostheses. In this case, care is organized as soon as you return home at 6 p.m. with a nursing follow-up managed by specialized companies, which ensures better safety for the patient.<\/p>\n<p>[\/vc_column_text][\/vc_tta_section][vc_tta_section i_icon_fontawesome=&#8221;fas fa-arrow-alt-circle-right&#8221; add_icon=&#8221;true&#8221; title=&#8221;Which type of anesthesia is used ?&#8221; tab_id=&#8221;1618685947673-2d6bfee2-36d6&#8243;][vc_column_text]<\/p>\n<p style=\"text-align: justify;\">Anesthesia of the lower limb\u2019s nerve trunks will be induced prior to surgery under ultrasound control. A crural catheter will also be placed to ensure postoperative analgesia. This local anesthesia will be additional to a light general anesthesia during the surgical procedure.<\/p>\n<p>[\/vc_column_text][\/vc_tta_section][vc_tta_section i_icon_fontawesome=&#8221;fas fa-arrow-alt-circle-right&#8221; add_icon=&#8221;true&#8221; title=&#8221;Will I have to go to a rehabilitation center ?&#8221; tab_id=&#8221;1618691375626-bc578cd9-fb04&#8243;][vc_column_text]<\/p>\n<p style=\"text-align: justify;\">Returning home is possible, provided the patient\u2019s family can take care of him. Otherwise, it is better to stay in a rehabilitation center for a few weeks.<\/p>\n<p>[\/vc_column_text][\/vc_tta_section][vc_tta_section i_icon_fontawesome=&#8221;fas fa-arrow-alt-circle-right&#8221; add_icon=&#8221;true&#8221; title=&#8221;Will I need a blood transfusion ?&#8221; tab_id=&#8221;1618691425962-1fe64fa5-f7a1&#8243;][vc_column_text]<\/p>\n<p style=\"text-align: justify;\">Blood transfusions can be avoided with the use of a Cell Saver during surgery. Also, for patients with low hemoglobin levels, erythropoietin (EPO) may be administered before the procedure.<\/p>\n<p>[\/vc_column_text][\/vc_tta_section][vc_tta_section i_icon_fontawesome=&#8221;fas fa-arrow-alt-circle-right&#8221; add_icon=&#8221;true&#8221; title=&#8221;How is the resumption of everyday life ?&#8221; tab_id=&#8221;1618691464598-49127163-a757&#8243;][vc_column_text]<\/p>\n<p style=\"text-align: justify;\">A month after surgery, most patients can start walking without crutches and drive their cars. Rehabilitation should continue for 2 to 3 months. Resumption of recreational sports like biking, playing tennis, or skiing is possible.<\/p>\n<p>[\/vc_column_text][\/vc_tta_section][vc_tta_section i_icon_fontawesome=&#8221;fas fa-arrow-alt-circle-right&#8221; add_icon=&#8221;true&#8221; title=&#8221;What are the possible complications ?&#8221; tab_id=&#8221;1618686103251-ec0ff90c-2f75&#8243;][vc_column_text]<\/p>\n<p style=\"text-align: justify;\">During the procedure, in cases of significant osteoporosis or bone fracture, we might have to install a prosthesis with longer anchoring skittles or osteosynthesis equipment. Vascular or nervous injuries may occur and require proper treatment. These complications remain uncommon, especially when the surgical team is very experienced in this type of procedure.<br \/>\nAfter surgery, power Doppler ultrasonography will be used to check for phlebitis if it is suspected during the clinical examination. Urine retention may occur (especially to male patients) due to the local anesthesia, and could require catheterization. An infection may occur days after surgery. This complication is very uncommon.<br \/>\nLater on, algodystrophy may cause pain and stiffness or delay rehabilitation. This phenomenon usually decreases over the following months.<\/p>\n<p>[\/vc_column_text][\/vc_tta_section][vc_tta_section i_icon_fontawesome=&#8221;fas fa-arrow-alt-circle-right&#8221; add_icon=&#8221;true&#8221; title=&#8221;How long do prosthesis last ?&#8221; tab_id=&#8221;1618686062658-28c9dafd-499f&#8221;][vc_column_text]<\/p>\n<p style=\"text-align: justify;\">Prostheses usually last for 15 years.<\/p>\n<p>[\/vc_column_text][\/vc_tta_section][\/vc_tta_accordion][\/vc_column][vc_column width=&#8221;1\/6&#8243;][\/vc_column][\/vc_row]<\/p>\n","protected":false},"excerpt":{"rendered":"<p>[vc_row][vc_column width=&#8221;5\/6&#8243;][vc_row_inner][vc_column_inner width=&#8221;1\/4&#8243;][\/vc_column_inner][vc_column_inner width=&#8221;1\/2&#8243;][vc_single_image image=&#8221;7536&#8243; img_size=&#8221;100&#215;100&#8243; alignment=&#8221;center&#8221; css=&#8221;.vc_custom_1618843764813{margin-top: 0px !important;margin-right: 20px !important;margin-bottom: 0px !important;margin-left: 20px !important;}&#8221;][\/vc_column_inner][vc_column_inner width=&#8221;1\/4&#8243;][\/vc_column_inner][\/vc_row_inner][vc_column_text css=&#8221;.vc_custom_1620285815071{margin-bottom: 10px !important;}&#8221;] Your questions on prosthetic knee surgery [\/vc_column_text][vc_separator color=&#8221;custom&#8221; style=&#8221;dotted&#8221; accent_color=&#8221;#2f3762&#8243; css=&#8221;.vc_custom_1618682358889{margin-top: 0px !important;}&#8221;][vc_tta_accordion][vc_tta_section i_icon_fontawesome=&#8221;fas fa-arrow-alt-circle-right&#8221; add_icon=&#8221;true&#8221; title=&#8221;How long is the hospitalization ?&#8221; tab_id=&#8221;1618685947652-943b1ddc-8feb&#8221;][vc_column_text] The hospital stay is 2 to 3 days, but the operation is increasingly performed on an outpatient basis for total prostheses and almost systematically for unicompartmental prostheses. In this case, care is organized as soon as you return home at 6 p.m. with a nursing follow-up managed by specialized companies, which ensures better safety for the patient. [\/vc_column_text][\/vc_tta_section][vc_tta_section i_icon_fontawesome=&#8221;fas fa-arrow-alt-circle-right&#8221; add_icon=&#8221;true&#8221; title=&#8221;Which type of anesthesia is used ?&#8221; tab_id=&#8221;1618685947673-2d6bfee2-36d6&#8243;][vc_column_text] Anesthesia of the lower limb\u2019s nerve trunks will be induced prior to surgery under ultrasound control. A crural catheter will also be placed to ensure postoperative analgesia. This local anesthesia will be additional to a light general anesthesia [&hellip;]<\/p>\n","protected":false},"author":1,"featured_media":0,"parent":8054,"menu_order":0,"comment_status":"closed","ping_status":"closed","template":"","meta":{"inline_featured_image":false,"footnotes":""},"class_list":["post-8137","page","type-page","status-publish","hentry"],"yoast_head":"<!-- This site is optimized with the Yoast SEO plugin v24.7 - https:\/\/yoast.com\/wordpress\/plugins\/seo\/ -->\n<title>Your questions on prosthetic knee surgery - Dr Mandrino<\/title>\n<meta name=\"description\" content=\"Dr Mandrino, specialist orthopedic surgeon, answers to all of your questions on prosthetic knee surgery in Nice.\" \/>\n<meta name=\"robots\" content=\"index, follow, max-snippet:-1, max-image-preview:large, max-video-preview:-1\" \/>\n<link rel=\"canonical\" href=\"https:\/\/chirurgie-orthopedique.info\/en\/knee-anatomy-pathophysiology\/chirurgie-du-menisque-par-arthroscopie\/vos-questions-sur-lintervention-de-prothese-du-genou\/\" \/>\n<meta property=\"og:locale\" content=\"en_US\" \/>\n<meta property=\"og:type\" content=\"article\" \/>\n<meta property=\"og:title\" content=\"Your questions on prosthetic knee surgery - Dr Mandrino\" \/>\n<meta property=\"og:description\" content=\"Dr Mandrino, specialist orthopedic surgeon, answers to all of your questions on prosthetic knee surgery in Nice.\" \/>\n<meta property=\"og:url\" content=\"https:\/\/chirurgie-orthopedique.info\/en\/knee-anatomy-pathophysiology\/chirurgie-du-menisque-par-arthroscopie\/vos-questions-sur-lintervention-de-prothese-du-genou\/\" \/>\n<meta property=\"og:site_name\" content=\"Chirurgie Orthopedique, sp\u00e9cialiste du Genou, Hanche, Epaule \u00e0 Nice\" \/>\n<meta property=\"article:publisher\" content=\"https:\/\/www.facebook.com\/Dr.Mandrino\" \/>\n<meta property=\"article:modified_time\" content=\"2021-05-06T07:47:15+00:00\" \/>\n<meta property=\"og:image\" content=\"https:\/\/chirurgie-orthopedique.info\/wp-content\/uploads\/2017\/07\/Chirurgie-du-genou-nice.jpg\" \/>\n\t<meta property=\"og:image:width\" content=\"1921\" \/>\n\t<meta property=\"og:image:height\" content=\"1100\" \/>\n\t<meta property=\"og:image:type\" content=\"image\/jpeg\" \/>\n<meta name=\"twitter:card\" content=\"summary_large_image\" \/>\n<meta name=\"twitter:label1\" content=\"Est. reading time\" \/>\n\t<meta name=\"twitter:data1\" content=\"2 minutes\" \/>\n<script type=\"application\/ld+json\" class=\"yoast-schema-graph\">{\"@context\":\"https:\/\/schema.org\",\"@graph\":[{\"@type\":\"WebPage\",\"@id\":\"https:\/\/chirurgie-orthopedique.info\/en\/knee-anatomy-pathophysiology\/chirurgie-du-menisque-par-arthroscopie\/vos-questions-sur-lintervention-de-prothese-du-genou\/\",\"url\":\"https:\/\/chirurgie-orthopedique.info\/en\/knee-anatomy-pathophysiology\/chirurgie-du-menisque-par-arthroscopie\/vos-questions-sur-lintervention-de-prothese-du-genou\/\",\"name\":\"Your questions on prosthetic knee surgery - Dr Mandrino\",\"isPartOf\":{\"@id\":\"https:\/\/chirurgie-orthopedique.info\/en\/#website\"},\"datePublished\":\"2021-05-06T07:22:53+00:00\",\"dateModified\":\"2021-05-06T07:47:15+00:00\",\"description\":\"Dr Mandrino, specialist orthopedic surgeon, answers to all of your questions on prosthetic knee surgery in Nice.\",\"breadcrumb\":{\"@id\":\"https:\/\/chirurgie-orthopedique.info\/en\/knee-anatomy-pathophysiology\/chirurgie-du-menisque-par-arthroscopie\/vos-questions-sur-lintervention-de-prothese-du-genou\/#breadcrumb\"},\"inLanguage\":\"en-US\",\"potentialAction\":[{\"@type\":\"ReadAction\",\"target\":[\"https:\/\/chirurgie-orthopedique.info\/en\/knee-anatomy-pathophysiology\/chirurgie-du-menisque-par-arthroscopie\/vos-questions-sur-lintervention-de-prothese-du-genou\/\"]}]},{\"@type\":\"BreadcrumbList\",\"@id\":\"https:\/\/chirurgie-orthopedique.info\/en\/knee-anatomy-pathophysiology\/chirurgie-du-menisque-par-arthroscopie\/vos-questions-sur-lintervention-de-prothese-du-genou\/#breadcrumb\",\"itemListElement\":[{\"@type\":\"ListItem\",\"position\":1,\"name\":\"Accueil\",\"item\":\"https:\/\/chirurgie-orthopedique.info\/en\/\"},{\"@type\":\"ListItem\",\"position\":2,\"name\":\"Knee anatomy and pathophysiology\",\"item\":\"https:\/\/chirurgie-orthopedique.info\/en\/knee-anatomy-pathophysiology\/\"},{\"@type\":\"ListItem\",\"position\":3,\"name\":\"Meniscus\",\"item\":\"https:\/\/chirurgie-orthopedique.info\/en\/knee-anatomy-pathophysiology\/chirurgie-du-menisque-par-arthroscopie\/\"},{\"@type\":\"ListItem\",\"position\":4,\"name\":\"Your questions on prosthetic knee surgery\"}]},{\"@type\":\"WebSite\",\"@id\":\"https:\/\/chirurgie-orthopedique.info\/en\/#website\",\"url\":\"https:\/\/chirurgie-orthopedique.info\/en\/\",\"name\":\"Chirurgie Orthopedique, sp\u00e9cialiste du Genou, Hanche, Epaule \u00e0 Nice\",\"description\":\"Docteur Mandrino sp\u00e9cialis\u00e9 en chirurgie du genou, de la hanche et de l&#039; \u00e9paule \u00e0 Nice\",\"publisher\":{\"@id\":\"https:\/\/chirurgie-orthopedique.info\/en\/#organization\"},\"potentialAction\":[{\"@type\":\"SearchAction\",\"target\":{\"@type\":\"EntryPoint\",\"urlTemplate\":\"https:\/\/chirurgie-orthopedique.info\/en\/?s={search_term_string}\"},\"query-input\":{\"@type\":\"PropertyValueSpecification\",\"valueRequired\":true,\"valueName\":\"search_term_string\"}}],\"inLanguage\":\"en-US\"},{\"@type\":\"Organization\",\"@id\":\"https:\/\/chirurgie-orthopedique.info\/en\/#organization\",\"name\":\"Dr Alain Mandrino chirurgie orthop\u00e9dique \u00e0 Nice\",\"url\":\"https:\/\/chirurgie-orthopedique.info\/en\/\",\"logo\":{\"@type\":\"ImageObject\",\"inLanguage\":\"en-US\",\"@id\":\"https:\/\/chirurgie-orthopedique.info\/en\/#\/schema\/logo\/image\/\",\"url\":\"https:\/\/chirurgie-orthopedique.info\/wp-content\/uploads\/2017\/07\/dr-alain-mandrino-chirurgie-orthopedique-nice.png\",\"contentUrl\":\"https:\/\/chirurgie-orthopedique.info\/wp-content\/uploads\/2017\/07\/dr-alain-mandrino-chirurgie-orthopedique-nice.png\",\"width\":443,\"height\":230,\"caption\":\"Dr Alain Mandrino chirurgie orthop\u00e9dique \u00e0 Nice\"},\"image\":{\"@id\":\"https:\/\/chirurgie-orthopedique.info\/en\/#\/schema\/logo\/image\/\"},\"sameAs\":[\"https:\/\/www.facebook.com\/Dr.Mandrino\",\"https:\/\/www.instagram.com\/dralainmandrino\/\",\"https:\/\/www.youtube.com\/user\/amandrino\"]}]}<\/script>\n<!-- \/ Yoast SEO plugin. -->","yoast_head_json":{"title":"Your questions on prosthetic knee surgery - Dr Mandrino","description":"Dr Mandrino, specialist orthopedic surgeon, answers to all of your questions on prosthetic knee surgery in Nice.","robots":{"index":"index","follow":"follow","max-snippet":"max-snippet:-1","max-image-preview":"max-image-preview:large","max-video-preview":"max-video-preview:-1"},"canonical":"https:\/\/chirurgie-orthopedique.info\/en\/knee-anatomy-pathophysiology\/chirurgie-du-menisque-par-arthroscopie\/vos-questions-sur-lintervention-de-prothese-du-genou\/","og_locale":"en_US","og_type":"article","og_title":"Your questions on prosthetic knee surgery - Dr Mandrino","og_description":"Dr Mandrino, specialist orthopedic surgeon, answers to all of your questions on prosthetic knee surgery in Nice.","og_url":"https:\/\/chirurgie-orthopedique.info\/en\/knee-anatomy-pathophysiology\/chirurgie-du-menisque-par-arthroscopie\/vos-questions-sur-lintervention-de-prothese-du-genou\/","og_site_name":"Chirurgie Orthopedique, sp\u00e9cialiste du Genou, Hanche, Epaule \u00e0 Nice","article_publisher":"https:\/\/www.facebook.com\/Dr.Mandrino","article_modified_time":"2021-05-06T07:47:15+00:00","og_image":[{"width":1921,"height":1100,"url":"https:\/\/chirurgie-orthopedique.info\/wp-content\/uploads\/2017\/07\/Chirurgie-du-genou-nice.jpg","type":"image\/jpeg"}],"twitter_card":"summary_large_image","twitter_misc":{"Est. reading time":"2 minutes"},"schema":{"@context":"https:\/\/schema.org","@graph":[{"@type":"WebPage","@id":"https:\/\/chirurgie-orthopedique.info\/en\/knee-anatomy-pathophysiology\/chirurgie-du-menisque-par-arthroscopie\/vos-questions-sur-lintervention-de-prothese-du-genou\/","url":"https:\/\/chirurgie-orthopedique.info\/en\/knee-anatomy-pathophysiology\/chirurgie-du-menisque-par-arthroscopie\/vos-questions-sur-lintervention-de-prothese-du-genou\/","name":"Your questions on prosthetic knee surgery - Dr Mandrino","isPartOf":{"@id":"https:\/\/chirurgie-orthopedique.info\/en\/#website"},"datePublished":"2021-05-06T07:22:53+00:00","dateModified":"2021-05-06T07:47:15+00:00","description":"Dr Mandrino, specialist orthopedic surgeon, answers to all of your questions on prosthetic knee surgery in Nice.","breadcrumb":{"@id":"https:\/\/chirurgie-orthopedique.info\/en\/knee-anatomy-pathophysiology\/chirurgie-du-menisque-par-arthroscopie\/vos-questions-sur-lintervention-de-prothese-du-genou\/#breadcrumb"},"inLanguage":"en-US","potentialAction":[{"@type":"ReadAction","target":["https:\/\/chirurgie-orthopedique.info\/en\/knee-anatomy-pathophysiology\/chirurgie-du-menisque-par-arthroscopie\/vos-questions-sur-lintervention-de-prothese-du-genou\/"]}]},{"@type":"BreadcrumbList","@id":"https:\/\/chirurgie-orthopedique.info\/en\/knee-anatomy-pathophysiology\/chirurgie-du-menisque-par-arthroscopie\/vos-questions-sur-lintervention-de-prothese-du-genou\/#breadcrumb","itemListElement":[{"@type":"ListItem","position":1,"name":"Accueil","item":"https:\/\/chirurgie-orthopedique.info\/en\/"},{"@type":"ListItem","position":2,"name":"Knee anatomy and pathophysiology","item":"https:\/\/chirurgie-orthopedique.info\/en\/knee-anatomy-pathophysiology\/"},{"@type":"ListItem","position":3,"name":"Meniscus","item":"https:\/\/chirurgie-orthopedique.info\/en\/knee-anatomy-pathophysiology\/chirurgie-du-menisque-par-arthroscopie\/"},{"@type":"ListItem","position":4,"name":"Your questions on prosthetic knee surgery"}]},{"@type":"WebSite","@id":"https:\/\/chirurgie-orthopedique.info\/en\/#website","url":"https:\/\/chirurgie-orthopedique.info\/en\/","name":"Chirurgie Orthopedique, sp\u00e9cialiste du Genou, Hanche, Epaule \u00e0 Nice","description":"Docteur Mandrino sp\u00e9cialis\u00e9 en chirurgie du genou, de la hanche et de l&#039; \u00e9paule \u00e0 Nice","publisher":{"@id":"https:\/\/chirurgie-orthopedique.info\/en\/#organization"},"potentialAction":[{"@type":"SearchAction","target":{"@type":"EntryPoint","urlTemplate":"https:\/\/chirurgie-orthopedique.info\/en\/?s={search_term_string}"},"query-input":{"@type":"PropertyValueSpecification","valueRequired":true,"valueName":"search_term_string"}}],"inLanguage":"en-US"},{"@type":"Organization","@id":"https:\/\/chirurgie-orthopedique.info\/en\/#organization","name":"Dr Alain Mandrino chirurgie orthop\u00e9dique \u00e0 Nice","url":"https:\/\/chirurgie-orthopedique.info\/en\/","logo":{"@type":"ImageObject","inLanguage":"en-US","@id":"https:\/\/chirurgie-orthopedique.info\/en\/#\/schema\/logo\/image\/","url":"https:\/\/chirurgie-orthopedique.info\/wp-content\/uploads\/2017\/07\/dr-alain-mandrino-chirurgie-orthopedique-nice.png","contentUrl":"https:\/\/chirurgie-orthopedique.info\/wp-content\/uploads\/2017\/07\/dr-alain-mandrino-chirurgie-orthopedique-nice.png","width":443,"height":230,"caption":"Dr Alain Mandrino chirurgie orthop\u00e9dique \u00e0 Nice"},"image":{"@id":"https:\/\/chirurgie-orthopedique.info\/en\/#\/schema\/logo\/image\/"},"sameAs":["https:\/\/www.facebook.com\/Dr.Mandrino","https:\/\/www.instagram.com\/dralainmandrino\/","https:\/\/www.youtube.com\/user\/amandrino"]}]}},"jetpack_sharing_enabled":true,"_links":{"self":[{"href":"https:\/\/chirurgie-orthopedique.info\/en\/wp-json\/wp\/v2\/pages\/8137","targetHints":{"allow":["GET"]}}],"collection":[{"href":"https:\/\/chirurgie-orthopedique.info\/en\/wp-json\/wp\/v2\/pages"}],"about":[{"href":"https:\/\/chirurgie-orthopedique.info\/en\/wp-json\/wp\/v2\/types\/page"}],"author":[{"embeddable":true,"href":"https:\/\/chirurgie-orthopedique.info\/en\/wp-json\/wp\/v2\/users\/1"}],"replies":[{"embeddable":true,"href":"https:\/\/chirurgie-orthopedique.info\/en\/wp-json\/wp\/v2\/comments?post=8137"}],"version-history":[{"count":0,"href":"https:\/\/chirurgie-orthopedique.info\/en\/wp-json\/wp\/v2\/pages\/8137\/revisions"}],"up":[{"embeddable":true,"href":"https:\/\/chirurgie-orthopedique.info\/en\/wp-json\/wp\/v2\/pages\/8054"}],"wp:attachment":[{"href":"https:\/\/chirurgie-orthopedique.info\/en\/wp-json\/wp\/v2\/media?parent=8137"}],"curies":[{"name":"wp","href":"https:\/\/api.w.org\/{rel}","templated":true}]}}