{"id":7956,"date":"2021-05-04T13:13:12","date_gmt":"2021-05-04T13:13:12","guid":{"rendered":"https:\/\/toty.fr\/wordpress\/?page_id=7956"},"modified":"2021-05-04T13:14:39","modified_gmt":"2021-05-04T13:14:39","slug":"chirurgia-mini-invasiva","status":"publish","type":"page","link":"https:\/\/chirurgie-orthopedique.info\/it\/chirurgia-mini-invasiva\/","title":{"rendered":"Chirurgia mini invasiva"},"content":{"rendered":"<p>[vc_row][vc_column][vc_row_inner][vc_column_inner width=&#8221;1\/4&#8243;][\/vc_column_inner][vc_column_inner width=&#8221;1\/2&#8243;][vc_single_image image=&#8221;7536&#8243; img_size=&#8221;100&#215;100&#8243; alignment=&#8221;center&#8221; css=&#8221;.vc_custom_1618993449047{margin-top: 0px !important;margin-right: 20px !important;margin-bottom: 0px !important;margin-left: 20px !important;}&#8221;][\/vc_column_inner][vc_column_inner width=&#8221;1\/4&#8243;][\/vc_column_inner][\/vc_row_inner][vc_column_text css=&#8221;.vc_custom_1620134020000{margin-bottom: 10px !important;}&#8221;]<\/p>\n<h2 style=\"text-align: center;\">Chirurgia mini invasiva<\/h2>\n<p>[\/vc_column_text][vc_separator color=&#8221;custom&#8221; style=&#8221;dotted&#8221; accent_color=&#8221;#2f3762&#8243; css=&#8221;.vc_custom_1618680006860{margin-top: 0px !important;}&#8221;][vc_column_text]<\/p>\n<p style=\"text-align: justify;\"><strong><img decoding=\"async\" class=\"wp-image-7369 size-full alignright\" title=\"chirurgie mini invasive\" src=\"https:\/\/chirurgie-orthopedique.info\/wp-content\/uploads\/2021\/04\/abord-mini-invasif-PTH.png\" alt=\"CHIRURGIE MINI INVASIVE\" width=\"227\" height=\"170\" srcset=\"https:\/\/chirurgie-orthopedique.info\/wp-content\/uploads\/2021\/04\/abord-mini-invasif-PTH.png 227w, https:\/\/chirurgie-orthopedique.info\/wp-content\/uploads\/2021\/04\/abord-mini-invasif-PTH-125x94.png 125w\" sizes=\"(max-width: 227px) 100vw, 227px\" \/><\/strong><\/p>\n<p style=\"text-align: justify;\"><strong>La generalizzazione per pi\u00f9 di 20 anni di tecniche artroscopiche in chirurgia ortopedica (meniscectomia ricostruzione di legamento crociato, la riparazione della cuffia dei rotatori &#8230;) \u00e8 stato utilizzato per valutare la loro importanza nel recupero del paziente post-operatorio<\/strong>.<\/p>\n<p style=\"text-align: justify;\"><strong>Oltre alla riduzione o eliminazione di cicatrici, consentono una riduzione del dolore postoperatorio,<\/strong> riabilitazione molto pi\u00f9 facile e significativamente maggiore recupero funzionale, pur garantendo una riparazione o la ricostruzione di qualit\u00e0 equivalente a quello che sarebbe stato fatto a cielo aperto.<\/p>\n<p style=\"text-align: justify;\">Naturalmente, i chirurghi hanno cercato di estendere queste tecniche di chirurgia mini invasiva per gli interventi chirurgici pi\u00f9 pesanti come la chirurgia protesica. Il loro sviluppo \u00e8 stato dai primi anni 2000 per l&#8217;impianto di protesi totale d&#8217;anca. Lavorando sulle tecniche di poso protesico, abbiamo progressivamente indipendentemente l&#8217;approccio chirurgico utilizzato, ridurre la lunghezza delle nostre incisioni e quindi il trauma chirurgico mantenendo la stessa qualit\u00e0 e la precisione dei nostri impianti protesici.<\/p>\n<p>[\/vc_column_text][vc_column_text]<\/p>\n<p style=\"text-align: justify;\"><b><img decoding=\"async\" class=\"wp-image-7373 size-full alignleft\" title=\"chirurgie mini invasive\" src=\"https:\/\/chirurgie-orthopedique.info\/wp-content\/uploads\/2021\/04\/chirurgie-mini-invasive.png\" alt=\"chirurgie mini invasive\" width=\"250\" height=\"188\" srcset=\"https:\/\/chirurgie-orthopedique.info\/wp-content\/uploads\/2021\/04\/chirurgie-mini-invasive.png 250w, https:\/\/chirurgie-orthopedique.info\/wp-content\/uploads\/2021\/04\/chirurgie-mini-invasive-125x94.png 125w\" sizes=\"(max-width: 250px) 100vw, 250px\" \/><\/b><\/p>\n<p style=\"text-align: justify;\"><b>L&#8217;incisione standard da 15 a 20 cm \u00e8 stato cosi ridotta a una incisione di circa 6-7 cm per pazienti di dimensioni normali del corpo. <\/b><\/p>\n<p style=\"text-align: justify;\"><b>Ho usato queste tecniche dal 2004. Esse riducono la durata della degenza.<\/b><\/p>\n<p style=\"text-align: justify;\">L\u2019abbandono delle stampelle \u00e8 progressivamente posibile a partire dalla seconda settimana postoperatoria. Se la riduzione \u00e8 meno drammatico per la protesi totale del ginocchio, dei supporti specifici sono stati sviluppati per le protesi unicompartimentale permettendo di ridurre le dimensioni della incisione e soprattutto per evitare quasi tutti primo livello e quadricipite. queste tecniche ed i loro benefici sono ora validati durante il primo mese postoperatorio anche se oltre l&#8217;esercizio, i risultati convergono con tecnica tradizionale. Fanno parte delle tecniche chirurgiche standard e standardizzate.<\/p>\n<p>[\/vc_column_text][\/vc_column][\/vc_row]<\/p>\n","protected":false},"excerpt":{"rendered":"<p>[vc_row][vc_column][vc_row_inner][vc_column_inner width=&#8221;1\/4&#8243;][\/vc_column_inner][vc_column_inner width=&#8221;1\/2&#8243;][vc_single_image image=&#8221;7536&#8243; img_size=&#8221;100&#215;100&#8243; alignment=&#8221;center&#8221; css=&#8221;.vc_custom_1618993449047{margin-top: 0px !important;margin-right: 20px !important;margin-bottom: 0px !important;margin-left: 20px !important;}&#8221;][\/vc_column_inner][vc_column_inner width=&#8221;1\/4&#8243;][\/vc_column_inner][\/vc_row_inner][vc_column_text css=&#8221;.vc_custom_1620134020000{margin-bottom: 10px !important;}&#8221;] Chirurgia mini invasiva [\/vc_column_text][vc_separator color=&#8221;custom&#8221; style=&#8221;dotted&#8221; accent_color=&#8221;#2f3762&#8243; css=&#8221;.vc_custom_1618680006860{margin-top: 0px !important;}&#8221;][vc_column_text] La generalizzazione per pi\u00f9 di 20 anni di tecniche artroscopiche in chirurgia ortopedica (meniscectomia ricostruzione di legamento crociato, la riparazione della cuffia dei rotatori &#8230;) \u00e8 stato utilizzato per valutare la loro importanza nel recupero del paziente post-operatorio. Oltre alla riduzione o eliminazione di cicatrici, consentono una riduzione del dolore postoperatorio, riabilitazione molto pi\u00f9 facile e significativamente maggiore recupero funzionale, pur garantendo una riparazione o la ricostruzione di qualit\u00e0 equivalente a quello che sarebbe stato fatto a cielo aperto. Naturalmente, i chirurghi hanno cercato di estendere queste tecniche di chirurgia mini invasiva per gli interventi chirurgici pi\u00f9 pesanti come la chirurgia protesica. Il loro sviluppo \u00e8 stato dai primi anni 2000 per l&#8217;impianto di protesi totale d&#8217;anca. Lavorando sulle tecniche di [&hellip;]<\/p>\n","protected":false},"author":1,"featured_media":0,"parent":0,"menu_order":0,"comment_status":"closed","ping_status":"closed","template":"","meta":{"inline_featured_image":false,"footnotes":""},"class_list":["post-7956","page","type-page","status-publish","hentry"],"yoast_head":"<!-- This site is optimized with the Yoast SEO plugin v24.7 - https:\/\/yoast.com\/wordpress\/plugins\/seo\/ -->\n<title>Chirurgia mini invasiva - Chirurgia ortopedica Nizza<\/title>\n<meta name=\"description\" content=\"Chirurgia mini invasiva Oltre alla riduzione o eliminazione di cicatrici, consentono una riduzione del dolore postoperatorio.\" \/>\n<meta name=\"robots\" content=\"index, follow, max-snippet:-1, max-image-preview:large, max-video-preview:-1\" \/>\n<link rel=\"canonical\" href=\"https:\/\/chirurgie-orthopedique.info\/it\/chirurgia-mini-invasiva\/\" \/>\n<meta property=\"og:locale\" content=\"it_IT\" \/>\n<meta property=\"og:type\" content=\"article\" \/>\n<meta property=\"og:title\" content=\"Chirurgia mini invasiva - Chirurgia ortopedica Nizza\" \/>\n<meta property=\"og:description\" content=\"Chirurgia mini invasiva Oltre alla riduzione o eliminazione di cicatrici, consentono una riduzione del dolore postoperatorio.\" \/>\n<meta property=\"og:url\" content=\"https:\/\/chirurgie-orthopedique.info\/it\/chirurgia-mini-invasiva\/\" \/>\n<meta property=\"og:site_name\" content=\"Chirurgie Orthopedique, sp\u00e9cialiste du Genou, Hanche, Epaule \u00e0 Nice\" \/>\n<meta property=\"article:publisher\" content=\"https:\/\/www.facebook.com\/Dr.Mandrino\" \/>\n<meta property=\"article:modified_time\" content=\"2021-05-04T13:14:39+00:00\" \/>\n<meta property=\"og:image\" content=\"https:\/\/chirurgie-orthopedique.info\/wp-content\/uploads\/2021\/04\/abord-mini-invasif-PTH.png\" \/>\n<meta name=\"twitter:card\" content=\"summary_large_image\" \/>\n<meta name=\"twitter:label1\" content=\"Tempo di lettura stimato\" \/>\n\t<meta name=\"twitter:data1\" content=\"2 minuti\" \/>\n<script type=\"application\/ld+json\" class=\"yoast-schema-graph\">{\"@context\":\"https:\/\/schema.org\",\"@graph\":[{\"@type\":\"WebPage\",\"@id\":\"https:\/\/chirurgie-orthopedique.info\/it\/chirurgia-mini-invasiva\/\",\"url\":\"https:\/\/chirurgie-orthopedique.info\/it\/chirurgia-mini-invasiva\/\",\"name\":\"Chirurgia mini invasiva - Chirurgia ortopedica Nizza\",\"isPartOf\":{\"@id\":\"https:\/\/chirurgie-orthopedique.info\/it\/#website\"},\"primaryImageOfPage\":{\"@id\":\"https:\/\/chirurgie-orthopedique.info\/it\/chirurgia-mini-invasiva\/#primaryimage\"},\"image\":{\"@id\":\"https:\/\/chirurgie-orthopedique.info\/it\/chirurgia-mini-invasiva\/#primaryimage\"},\"thumbnailUrl\":\"https:\/\/chirurgie-orthopedique.info\/wp-content\/uploads\/2021\/04\/abord-mini-invasif-PTH.png\",\"datePublished\":\"2021-05-04T13:13:12+00:00\",\"dateModified\":\"2021-05-04T13:14:39+00:00\",\"description\":\"Chirurgia mini invasiva Oltre alla riduzione o eliminazione di cicatrici, consentono una riduzione del dolore postoperatorio.\",\"breadcrumb\":{\"@id\":\"https:\/\/chirurgie-orthopedique.info\/it\/chirurgia-mini-invasiva\/#breadcrumb\"},\"inLanguage\":\"it-IT\",\"potentialAction\":[{\"@type\":\"ReadAction\",\"target\":[\"https:\/\/chirurgie-orthopedique.info\/it\/chirurgia-mini-invasiva\/\"]}]},{\"@type\":\"ImageObject\",\"inLanguage\":\"it-IT\",\"@id\":\"https:\/\/chirurgie-orthopedique.info\/it\/chirurgia-mini-invasiva\/#primaryimage\",\"url\":\"https:\/\/chirurgie-orthopedique.info\/wp-content\/uploads\/2021\/04\/abord-mini-invasif-PTH.png\",\"contentUrl\":\"https:\/\/chirurgie-orthopedique.info\/wp-content\/uploads\/2021\/04\/abord-mini-invasif-PTH.png\"},{\"@type\":\"BreadcrumbList\",\"@id\":\"https:\/\/chirurgie-orthopedique.info\/it\/chirurgia-mini-invasiva\/#breadcrumb\",\"itemListElement\":[{\"@type\":\"ListItem\",\"position\":1,\"name\":\"Accueil\",\"item\":\"https:\/\/chirurgie-orthopedique.info\/it\/\"},{\"@type\":\"ListItem\",\"position\":2,\"name\":\"Chirurgia mini invasiva\"}]},{\"@type\":\"WebSite\",\"@id\":\"https:\/\/chirurgie-orthopedique.info\/it\/#website\",\"url\":\"https:\/\/chirurgie-orthopedique.info\/it\/\",\"name\":\"Chirurgie Orthopedique, sp\u00e9cialiste du Genou, Hanche, Epaule \u00e0 Nice\",\"description\":\"Docteur Mandrino sp\u00e9cialis\u00e9 en chirurgie du genou, de la hanche et de l&#039; \u00e9paule \u00e0 Nice\",\"publisher\":{\"@id\":\"https:\/\/chirurgie-orthopedique.info\/it\/#organization\"},\"potentialAction\":[{\"@type\":\"SearchAction\",\"target\":{\"@type\":\"EntryPoint\",\"urlTemplate\":\"https:\/\/chirurgie-orthopedique.info\/it\/?s={search_term_string}\"},\"query-input\":{\"@type\":\"PropertyValueSpecification\",\"valueRequired\":true,\"valueName\":\"search_term_string\"}}],\"inLanguage\":\"it-IT\"},{\"@type\":\"Organization\",\"@id\":\"https:\/\/chirurgie-orthopedique.info\/it\/#organization\",\"name\":\"Dr Alain Mandrino chirurgie orthop\u00e9dique \u00e0 Nice\",\"url\":\"https:\/\/chirurgie-orthopedique.info\/it\/\",\"logo\":{\"@type\":\"ImageObject\",\"inLanguage\":\"it-IT\",\"@id\":\"https:\/\/chirurgie-orthopedique.info\/it\/#\/schema\/logo\/image\/\",\"url\":\"https:\/\/chirurgie-orthopedique.info\/wp-content\/uploads\/2017\/07\/dr-alain-mandrino-chirurgie-orthopedique-nice.png\",\"contentUrl\":\"https:\/\/chirurgie-orthopedique.info\/wp-content\/uploads\/2017\/07\/dr-alain-mandrino-chirurgie-orthopedique-nice.png\",\"width\":443,\"height\":230,\"caption\":\"Dr Alain Mandrino chirurgie orthop\u00e9dique \u00e0 Nice\"},\"image\":{\"@id\":\"https:\/\/chirurgie-orthopedique.info\/it\/#\/schema\/logo\/image\/\"},\"sameAs\":[\"https:\/\/www.facebook.com\/Dr.Mandrino\",\"https:\/\/www.instagram.com\/dralainmandrino\/\",\"https:\/\/www.youtube.com\/user\/amandrino\"]}]}<\/script>\n<!-- \/ Yoast SEO plugin. -->","yoast_head_json":{"title":"Chirurgia mini invasiva - Chirurgia ortopedica Nizza","description":"Chirurgia mini invasiva Oltre alla riduzione o eliminazione di cicatrici, consentono una riduzione del dolore postoperatorio.","robots":{"index":"index","follow":"follow","max-snippet":"max-snippet:-1","max-image-preview":"max-image-preview:large","max-video-preview":"max-video-preview:-1"},"canonical":"https:\/\/chirurgie-orthopedique.info\/it\/chirurgia-mini-invasiva\/","og_locale":"it_IT","og_type":"article","og_title":"Chirurgia mini invasiva - Chirurgia ortopedica Nizza","og_description":"Chirurgia mini invasiva Oltre alla riduzione o eliminazione di cicatrici, consentono una riduzione del dolore postoperatorio.","og_url":"https:\/\/chirurgie-orthopedique.info\/it\/chirurgia-mini-invasiva\/","og_site_name":"Chirurgie Orthopedique, sp\u00e9cialiste du Genou, Hanche, Epaule \u00e0 Nice","article_publisher":"https:\/\/www.facebook.com\/Dr.Mandrino","article_modified_time":"2021-05-04T13:14:39+00:00","og_image":[{"url":"https:\/\/chirurgie-orthopedique.info\/wp-content\/uploads\/2021\/04\/abord-mini-invasif-PTH.png","type":"","width":"","height":""}],"twitter_card":"summary_large_image","twitter_misc":{"Tempo di lettura stimato":"2 minuti"},"schema":{"@context":"https:\/\/schema.org","@graph":[{"@type":"WebPage","@id":"https:\/\/chirurgie-orthopedique.info\/it\/chirurgia-mini-invasiva\/","url":"https:\/\/chirurgie-orthopedique.info\/it\/chirurgia-mini-invasiva\/","name":"Chirurgia mini invasiva - Chirurgia ortopedica Nizza","isPartOf":{"@id":"https:\/\/chirurgie-orthopedique.info\/it\/#website"},"primaryImageOfPage":{"@id":"https:\/\/chirurgie-orthopedique.info\/it\/chirurgia-mini-invasiva\/#primaryimage"},"image":{"@id":"https:\/\/chirurgie-orthopedique.info\/it\/chirurgia-mini-invasiva\/#primaryimage"},"thumbnailUrl":"https:\/\/chirurgie-orthopedique.info\/wp-content\/uploads\/2021\/04\/abord-mini-invasif-PTH.png","datePublished":"2021-05-04T13:13:12+00:00","dateModified":"2021-05-04T13:14:39+00:00","description":"Chirurgia mini invasiva Oltre alla riduzione o eliminazione di cicatrici, consentono una riduzione del dolore postoperatorio.","breadcrumb":{"@id":"https:\/\/chirurgie-orthopedique.info\/it\/chirurgia-mini-invasiva\/#breadcrumb"},"inLanguage":"it-IT","potentialAction":[{"@type":"ReadAction","target":["https:\/\/chirurgie-orthopedique.info\/it\/chirurgia-mini-invasiva\/"]}]},{"@type":"ImageObject","inLanguage":"it-IT","@id":"https:\/\/chirurgie-orthopedique.info\/it\/chirurgia-mini-invasiva\/#primaryimage","url":"https:\/\/chirurgie-orthopedique.info\/wp-content\/uploads\/2021\/04\/abord-mini-invasif-PTH.png","contentUrl":"https:\/\/chirurgie-orthopedique.info\/wp-content\/uploads\/2021\/04\/abord-mini-invasif-PTH.png"},{"@type":"BreadcrumbList","@id":"https:\/\/chirurgie-orthopedique.info\/it\/chirurgia-mini-invasiva\/#breadcrumb","itemListElement":[{"@type":"ListItem","position":1,"name":"Accueil","item":"https:\/\/chirurgie-orthopedique.info\/it\/"},{"@type":"ListItem","position":2,"name":"Chirurgia mini invasiva"}]},{"@type":"WebSite","@id":"https:\/\/chirurgie-orthopedique.info\/it\/#website","url":"https:\/\/chirurgie-orthopedique.info\/it\/","name":"Chirurgie Orthopedique, sp\u00e9cialiste du Genou, Hanche, Epaule \u00e0 Nice","description":"Docteur Mandrino sp\u00e9cialis\u00e9 en chirurgie du genou, de la hanche et de l&#039; \u00e9paule \u00e0 Nice","publisher":{"@id":"https:\/\/chirurgie-orthopedique.info\/it\/#organization"},"potentialAction":[{"@type":"SearchAction","target":{"@type":"EntryPoint","urlTemplate":"https:\/\/chirurgie-orthopedique.info\/it\/?s={search_term_string}"},"query-input":{"@type":"PropertyValueSpecification","valueRequired":true,"valueName":"search_term_string"}}],"inLanguage":"it-IT"},{"@type":"Organization","@id":"https:\/\/chirurgie-orthopedique.info\/it\/#organization","name":"Dr Alain Mandrino chirurgie orthop\u00e9dique \u00e0 Nice","url":"https:\/\/chirurgie-orthopedique.info\/it\/","logo":{"@type":"ImageObject","inLanguage":"it-IT","@id":"https:\/\/chirurgie-orthopedique.info\/it\/#\/schema\/logo\/image\/","url":"https:\/\/chirurgie-orthopedique.info\/wp-content\/uploads\/2017\/07\/dr-alain-mandrino-chirurgie-orthopedique-nice.png","contentUrl":"https:\/\/chirurgie-orthopedique.info\/wp-content\/uploads\/2017\/07\/dr-alain-mandrino-chirurgie-orthopedique-nice.png","width":443,"height":230,"caption":"Dr Alain Mandrino chirurgie orthop\u00e9dique \u00e0 Nice"},"image":{"@id":"https:\/\/chirurgie-orthopedique.info\/it\/#\/schema\/logo\/image\/"},"sameAs":["https:\/\/www.facebook.com\/Dr.Mandrino","https:\/\/www.instagram.com\/dralainmandrino\/","https:\/\/www.youtube.com\/user\/amandrino"]}]}},"jetpack_sharing_enabled":true,"_links":{"self":[{"href":"https:\/\/chirurgie-orthopedique.info\/it\/wp-json\/wp\/v2\/pages\/7956","targetHints":{"allow":["GET"]}}],"collection":[{"href":"https:\/\/chirurgie-orthopedique.info\/it\/wp-json\/wp\/v2\/pages"}],"about":[{"href":"https:\/\/chirurgie-orthopedique.info\/it\/wp-json\/wp\/v2\/types\/page"}],"author":[{"embeddable":true,"href":"https:\/\/chirurgie-orthopedique.info\/it\/wp-json\/wp\/v2\/users\/1"}],"replies":[{"embeddable":true,"href":"https:\/\/chirurgie-orthopedique.info\/it\/wp-json\/wp\/v2\/comments?post=7956"}],"version-history":[{"count":0,"href":"https:\/\/chirurgie-orthopedique.info\/it\/wp-json\/wp\/v2\/pages\/7956\/revisions"}],"wp:attachment":[{"href":"https:\/\/chirurgie-orthopedique.info\/it\/wp-json\/wp\/v2\/media?parent=7956"}],"curies":[{"name":"wp","href":"https:\/\/api.w.org\/{rel}","templated":true}]}}