{"id":7964,"date":"2021-05-04T13:24:37","date_gmt":"2021-05-04T13:24:37","guid":{"rendered":"https:\/\/toty.fr\/wordpress\/?page_id=7964"},"modified":"2021-05-06T13:49:56","modified_gmt":"2021-05-06T13:49:56","slug":"galerie-videos","status":"publish","type":"page","link":"https:\/\/chirurgie-orthopedique.info\/it\/galerie-videos\/","title":{"rendered":"Galleria video"},"content":{"rendered":"<p>[vc_row][vc_column][vc_row_inner][vc_column_inner width=&#8221;1\/4&#8243;][\/vc_column_inner][vc_column_inner width=&#8221;1\/2&#8243;][vc_single_image image=&#8221;8655&#8243; img_size=&#8221;100&#215;100&#8243; alignment=&#8221;center&#8221; css=&#8221;.vc_custom_1620308992857{margin-top: 0px !important;margin-right: 20px !important;margin-bottom: 0px !important;margin-left: 20px !important;}&#8221;][\/vc_column_inner][vc_column_inner width=&#8221;1\/4&#8243;][\/vc_column_inner][\/vc_row_inner][vc_column_text css=&#8221;.vc_custom_1620134705772{margin-bottom: 10px !important;}&#8221;]<\/p>\n<h2 style=\"text-align: center;\">Galleria video<\/h2>\n<p>[\/vc_column_text][vc_separator color=&#8221;custom&#8221; style=&#8221;dotted&#8221; accent_color=&#8221;#2f3762&#8243; css=&#8221;.vc_custom_1618680006860{margin-top: 0px !important;}&#8221;][\/vc_column][\/vc_row][vc_row][vc_column width=&#8221;1\/2&#8243;][vc_video link=&#8221;https:\/\/youtu.be\/mzpYaMq__SA&#8221;][vc_column_text]<\/p>\n<p style=\"text-align: center;\"><strong>Rapido recupero dopo la chirurgia protesica<\/strong><\/p>\n<p>[\/vc_column_text][\/vc_column][vc_column width=&#8221;1\/2&#8243;][vc_video link=&#8221;https:\/\/youtu.be\/51sNrj8mxzM&#8221;][vc_column_text]<\/p>\n<p style=\"text-align: center;\"><strong>Indicazione delle diverse tecniche nelle tendinopatie<\/strong><\/p>\n<p>[\/vc_column_text][\/vc_column][\/vc_row][vc_row][vc_column width=&#8221;1\/2&#8243;][vc_video link=&#8221;https:\/\/youtu.be\/GBCSKFuUXm8&#8243;][vc_column_text]<\/p>\n<p style=\"text-align: justify;\"><strong>Presentazione della 6a giornata nizzarda di chirurgia e riabilitazione del sistema muscolo-scheletrico.<\/strong><\/p>\n<p>[\/vc_column_text][\/vc_column][vc_column width=&#8221;1\/2&#8243;][vc_video link=&#8221;https:\/\/youtu.be\/lb9ka8YVdZA&#8221;][vc_column_text]<\/p>\n<p style=\"text-align: center;\"><strong>Sostituzione totale del ginocchio: 1 \u00b0 giorno dopo l&#8217;intervento<\/strong><\/p>\n<p>[\/vc_column_text][\/vc_column][\/vc_row][vc_row][vc_column width=&#8221;1\/2&#8243;][vc_video link=&#8221;https:\/\/youtu.be\/Ixxa2hZhDpk&#8221;][vc_column_text]<\/p>\n<p class=\"item-title upload-cursor-pointer\" style=\"text-align: center;\"><strong>Sostituzione totale del ginocchio: 3 \u00b0 giorno dopo l&#8217;intervento<\/strong><\/p>\n<p>[\/vc_column_text][\/vc_column][vc_column width=&#8221;1\/2&#8243;][vc_video link=&#8221;https:\/\/youtu.be\/tj_dLD2Pukc&#8221;][vc_column_text]<\/p>\n<p class=\"item-title upload-cursor-pointer\" style=\"text-align: center;\"><strong>Sostituzione totale del ginocchio: 3 \u00b0 giorno di camminata dopo l&#8217;intervento<\/strong><\/p>\n<p>[\/vc_column_text][\/vc_column][\/vc_row][vc_row][vc_column width=&#8221;1\/2&#8243;][vc_video link=&#8221;https:\/\/youtu.be\/uNKaxfL0gaw&#8221;][vc_column_text]<\/p>\n<p class=\"item-title upload-cursor-pointer\" style=\"text-align: center;\"><strong>Sostituzione totale del ginocchio: 4 \u00b0 giorno di camminata dopo l&#8217;intervento<\/strong><\/p>\n<p>[\/vc_column_text][\/vc_column][vc_column width=&#8221;1\/2&#8243;][vc_video link=&#8221;https:\/\/youtu.be\/ZD8y4f1-2n4&#8243;][vc_column_text]<\/p>\n<p class=\"item-title upload-cursor-pointer\" style=\"text-align: center;\"><strong>Sostituzione totale del ginocchio: camminare 7 \u00b0 giorno dopo l&#8217;intervento<\/strong><\/p>\n<p>[\/vc_column_text][\/vc_column][\/vc_row][vc_row][vc_column width=&#8221;1\/2&#8243;][vc_video link=&#8221;https:\/\/youtu.be\/4sokUIRpLXc&#8221;][vc_column_text]<\/p>\n<p class=\"item-title upload-cursor-pointer\" style=\"text-align: center;\"><strong>Sostituzione totale del ginocchio: 4 \u00b0 giorno di camminata dopo l&#8217;intervento<\/strong><\/p>\n<p>[\/vc_column_text][\/vc_column][vc_column width=&#8221;1\/2&#8243;][vc_video link=&#8221;https:\/\/youtu.be\/ywoYZJbdXK8&#8243;][vc_column_text]<\/p>\n<p class=\"item-title upload-cursor-pointer\" style=\"text-align: center;\"><strong>Protesi totale d&#8217;anca con tecnica mininvasiva: 2 \u00b0 giorno dopo l&#8217;intervento<\/strong><\/p>\n<p>[\/vc_column_text][\/vc_column][\/vc_row][vc_row][vc_column width=&#8221;1\/2&#8243;][vc_video link=&#8221;https:\/\/youtu.be\/1i_jXL9NL5g&#8221;][vc_column_text]<\/p>\n<p class=\"item-title upload-cursor-pointer\" style=\"text-align: center;\"><strong>Protesi totale d&#8217;anca con tecnica mininvasiva: 3 \u00b0 giorno dopo l&#8217;intervento<\/strong><\/p>\n<p>[\/vc_column_text][\/vc_column][vc_column width=&#8221;1\/2&#8243;][vc_video link=&#8221;https:\/\/youtu.be\/GwUtX8tiCRs&#8221;][vc_column_text]<\/p>\n<p class=\"item-title upload-cursor-pointer\" style=\"text-align: center;\"><strong>Protesi totale d&#8217;anca con tecnica mininvasiva: 3 \u00b0 giorno dopo l&#8217;intervento<\/strong><\/p>\n<p>[\/vc_column_text][\/vc_column][\/vc_row]<\/p>\n","protected":false},"excerpt":{"rendered":"<p>[vc_row][vc_column][vc_row_inner][vc_column_inner width=&#8221;1\/4&#8243;][\/vc_column_inner][vc_column_inner width=&#8221;1\/2&#8243;][vc_single_image image=&#8221;8655&#8243; img_size=&#8221;100&#215;100&#8243; alignment=&#8221;center&#8221; css=&#8221;.vc_custom_1620308992857{margin-top: 0px !important;margin-right: 20px !important;margin-bottom: 0px !important;margin-left: 20px !important;}&#8221;][\/vc_column_inner][vc_column_inner width=&#8221;1\/4&#8243;][\/vc_column_inner][\/vc_row_inner][vc_column_text css=&#8221;.vc_custom_1620134705772{margin-bottom: 10px !important;}&#8221;] Galleria video [\/vc_column_text][vc_separator color=&#8221;custom&#8221; style=&#8221;dotted&#8221; accent_color=&#8221;#2f3762&#8243; css=&#8221;.vc_custom_1618680006860{margin-top: 0px !important;}&#8221;][\/vc_column][\/vc_row][vc_row][vc_column width=&#8221;1\/2&#8243;][vc_video link=&#8221;https:\/\/youtu.be\/mzpYaMq__SA&#8221;][vc_column_text] Rapido recupero dopo la chirurgia protesica [\/vc_column_text][\/vc_column][vc_column width=&#8221;1\/2&#8243;][vc_video link=&#8221;https:\/\/youtu.be\/51sNrj8mxzM&#8221;][vc_column_text] Indicazione delle diverse tecniche nelle tendinopatie [\/vc_column_text][\/vc_column][\/vc_row][vc_row][vc_column width=&#8221;1\/2&#8243;][vc_video link=&#8221;https:\/\/youtu.be\/GBCSKFuUXm8&#8243;][vc_column_text] Presentazione della 6a giornata nizzarda di chirurgia e riabilitazione del sistema muscolo-scheletrico. [\/vc_column_text][\/vc_column][vc_column width=&#8221;1\/2&#8243;][vc_video link=&#8221;https:\/\/youtu.be\/lb9ka8YVdZA&#8221;][vc_column_text] Sostituzione totale del ginocchio: 1 \u00b0 giorno dopo l&#8217;intervento [\/vc_column_text][\/vc_column][\/vc_row][vc_row][vc_column width=&#8221;1\/2&#8243;][vc_video link=&#8221;https:\/\/youtu.be\/Ixxa2hZhDpk&#8221;][vc_column_text] Sostituzione totale del ginocchio: 3 \u00b0 giorno dopo l&#8217;intervento [\/vc_column_text][\/vc_column][vc_column width=&#8221;1\/2&#8243;][vc_video link=&#8221;https:\/\/youtu.be\/tj_dLD2Pukc&#8221;][vc_column_text] Sostituzione totale del ginocchio: 3 \u00b0 giorno di camminata dopo l&#8217;intervento [\/vc_column_text][\/vc_column][\/vc_row][vc_row][vc_column width=&#8221;1\/2&#8243;][vc_video link=&#8221;https:\/\/youtu.be\/uNKaxfL0gaw&#8221;][vc_column_text] Sostituzione totale del ginocchio: 4 \u00b0 giorno di camminata dopo l&#8217;intervento [\/vc_column_text][\/vc_column][vc_column width=&#8221;1\/2&#8243;][vc_video link=&#8221;https:\/\/youtu.be\/ZD8y4f1-2n4&#8243;][vc_column_text] Sostituzione totale del ginocchio: camminare 7 \u00b0 giorno dopo l&#8217;intervento [\/vc_column_text][\/vc_column][\/vc_row][vc_row][vc_column width=&#8221;1\/2&#8243;][vc_video link=&#8221;https:\/\/youtu.be\/4sokUIRpLXc&#8221;][vc_column_text] Sostituzione totale del ginocchio: 4 \u00b0 giorno di camminata dopo l&#8217;intervento [\/vc_column_text][\/vc_column][vc_column width=&#8221;1\/2&#8243;][vc_video link=&#8221;https:\/\/youtu.be\/ywoYZJbdXK8&#8243;][vc_column_text] Protesi totale d&#8217;anca con tecnica mininvasiva: 2 \u00b0 [&hellip;]<\/p>\n","protected":false},"author":1,"featured_media":0,"parent":0,"menu_order":0,"comment_status":"closed","ping_status":"closed","template":"","meta":{"inline_featured_image":false,"footnotes":""},"class_list":["post-7964","page","type-page","status-publish","hentry"],"yoast_head":"<!-- This site is optimized with the Yoast SEO plugin v24.7 - https:\/\/yoast.com\/wordpress\/plugins\/seo\/ -->\n<title>Galleria video - Dottor Mandrino chirurgo ortopedico in Nizza<\/title>\n<meta name=\"description\" content=\"Scopri la video gallery del dottor Mandrino, chirurgo ortopedico di Nizza, sul ginocchio e sugli interventi postoperatori.\" \/>\n<meta name=\"robots\" content=\"index, follow, max-snippet:-1, max-image-preview:large, max-video-preview:-1\" \/>\n<link rel=\"canonical\" href=\"https:\/\/chirurgie-orthopedique.info\/it\/galerie-videos\/\" \/>\n<meta property=\"og:locale\" content=\"it_IT\" \/>\n<meta property=\"og:type\" content=\"article\" \/>\n<meta property=\"og:title\" content=\"Galleria video - Dottor Mandrino chirurgo ortopedico in Nizza\" \/>\n<meta property=\"og:description\" content=\"Scopri la video gallery del dottor Mandrino, chirurgo ortopedico di Nizza, sul ginocchio e sugli interventi postoperatori.\" \/>\n<meta property=\"og:url\" content=\"https:\/\/chirurgie-orthopedique.info\/it\/galerie-videos\/\" \/>\n<meta property=\"og:site_name\" content=\"Chirurgie Orthopedique, sp\u00e9cialiste du Genou, Hanche, Epaule \u00e0 Nice\" \/>\n<meta property=\"article:publisher\" content=\"https:\/\/www.facebook.com\/Dr.Mandrino\" \/>\n<meta property=\"article:modified_time\" content=\"2021-05-06T13:49:56+00:00\" \/>\n<meta property=\"og:image\" content=\"https:\/\/chirurgie-orthopedique.info\/wp-content\/uploads\/2017\/07\/Chirurgie-du-genou-nice.jpg\" \/>\n\t<meta property=\"og:image:width\" content=\"1921\" \/>\n\t<meta property=\"og:image:height\" content=\"1100\" \/>\n\t<meta property=\"og:image:type\" content=\"image\/jpeg\" \/>\n<meta name=\"twitter:card\" content=\"summary_large_image\" \/>\n<meta name=\"twitter:label1\" content=\"Tempo di lettura stimato\" \/>\n\t<meta name=\"twitter:data1\" content=\"1 minuto\" \/>\n<script type=\"application\/ld+json\" class=\"yoast-schema-graph\">{\"@context\":\"https:\/\/schema.org\",\"@graph\":[{\"@type\":\"WebPage\",\"@id\":\"https:\/\/chirurgie-orthopedique.info\/it\/galerie-videos\/\",\"url\":\"https:\/\/chirurgie-orthopedique.info\/it\/galerie-videos\/\",\"name\":\"Galleria video - Dottor Mandrino chirurgo ortopedico in Nizza\",\"isPartOf\":{\"@id\":\"https:\/\/chirurgie-orthopedique.info\/it\/#website\"},\"datePublished\":\"2021-05-04T13:24:37+00:00\",\"dateModified\":\"2021-05-06T13:49:56+00:00\",\"description\":\"Scopri la video gallery del dottor Mandrino, chirurgo ortopedico di Nizza, sul ginocchio e sugli interventi postoperatori.\",\"breadcrumb\":{\"@id\":\"https:\/\/chirurgie-orthopedique.info\/it\/galerie-videos\/#breadcrumb\"},\"inLanguage\":\"it-IT\",\"potentialAction\":[{\"@type\":\"ReadAction\",\"target\":[\"https:\/\/chirurgie-orthopedique.info\/it\/galerie-videos\/\"]}]},{\"@type\":\"BreadcrumbList\",\"@id\":\"https:\/\/chirurgie-orthopedique.info\/it\/galerie-videos\/#breadcrumb\",\"itemListElement\":[{\"@type\":\"ListItem\",\"position\":1,\"name\":\"Accueil\",\"item\":\"https:\/\/chirurgie-orthopedique.info\/it\/\"},{\"@type\":\"ListItem\",\"position\":2,\"name\":\"Galleria video\"}]},{\"@type\":\"WebSite\",\"@id\":\"https:\/\/chirurgie-orthopedique.info\/it\/#website\",\"url\":\"https:\/\/chirurgie-orthopedique.info\/it\/\",\"name\":\"Chirurgie Orthopedique, sp\u00e9cialiste du Genou, Hanche, Epaule \u00e0 Nice\",\"description\":\"Docteur Mandrino sp\u00e9cialis\u00e9 en chirurgie du genou, de la hanche et de l&#039; \u00e9paule \u00e0 Nice\",\"publisher\":{\"@id\":\"https:\/\/chirurgie-orthopedique.info\/it\/#organization\"},\"potentialAction\":[{\"@type\":\"SearchAction\",\"target\":{\"@type\":\"EntryPoint\",\"urlTemplate\":\"https:\/\/chirurgie-orthopedique.info\/it\/?s={search_term_string}\"},\"query-input\":{\"@type\":\"PropertyValueSpecification\",\"valueRequired\":true,\"valueName\":\"search_term_string\"}}],\"inLanguage\":\"it-IT\"},{\"@type\":\"Organization\",\"@id\":\"https:\/\/chirurgie-orthopedique.info\/it\/#organization\",\"name\":\"Dr Alain Mandrino chirurgie orthop\u00e9dique \u00e0 Nice\",\"url\":\"https:\/\/chirurgie-orthopedique.info\/it\/\",\"logo\":{\"@type\":\"ImageObject\",\"inLanguage\":\"it-IT\",\"@id\":\"https:\/\/chirurgie-orthopedique.info\/it\/#\/schema\/logo\/image\/\",\"url\":\"https:\/\/chirurgie-orthopedique.info\/wp-content\/uploads\/2017\/07\/dr-alain-mandrino-chirurgie-orthopedique-nice.png\",\"contentUrl\":\"https:\/\/chirurgie-orthopedique.info\/wp-content\/uploads\/2017\/07\/dr-alain-mandrino-chirurgie-orthopedique-nice.png\",\"width\":443,\"height\":230,\"caption\":\"Dr Alain Mandrino chirurgie orthop\u00e9dique \u00e0 Nice\"},\"image\":{\"@id\":\"https:\/\/chirurgie-orthopedique.info\/it\/#\/schema\/logo\/image\/\"},\"sameAs\":[\"https:\/\/www.facebook.com\/Dr.Mandrino\",\"https:\/\/www.instagram.com\/dralainmandrino\/\",\"https:\/\/www.youtube.com\/user\/amandrino\"]}]}<\/script>\n<!-- \/ Yoast SEO plugin. -->","yoast_head_json":{"title":"Galleria video - Dottor Mandrino chirurgo ortopedico in Nizza","description":"Scopri la video gallery del dottor Mandrino, chirurgo ortopedico di Nizza, sul ginocchio e sugli interventi postoperatori.","robots":{"index":"index","follow":"follow","max-snippet":"max-snippet:-1","max-image-preview":"max-image-preview:large","max-video-preview":"max-video-preview:-1"},"canonical":"https:\/\/chirurgie-orthopedique.info\/it\/galerie-videos\/","og_locale":"it_IT","og_type":"article","og_title":"Galleria video - Dottor Mandrino chirurgo ortopedico in Nizza","og_description":"Scopri la video gallery del dottor Mandrino, chirurgo ortopedico di Nizza, sul ginocchio e sugli interventi postoperatori.","og_url":"https:\/\/chirurgie-orthopedique.info\/it\/galerie-videos\/","og_site_name":"Chirurgie Orthopedique, sp\u00e9cialiste du Genou, Hanche, Epaule \u00e0 Nice","article_publisher":"https:\/\/www.facebook.com\/Dr.Mandrino","article_modified_time":"2021-05-06T13:49:56+00:00","og_image":[{"width":1921,"height":1100,"url":"https:\/\/chirurgie-orthopedique.info\/wp-content\/uploads\/2017\/07\/Chirurgie-du-genou-nice.jpg","type":"image\/jpeg"}],"twitter_card":"summary_large_image","twitter_misc":{"Tempo di lettura stimato":"1 minuto"},"schema":{"@context":"https:\/\/schema.org","@graph":[{"@type":"WebPage","@id":"https:\/\/chirurgie-orthopedique.info\/it\/galerie-videos\/","url":"https:\/\/chirurgie-orthopedique.info\/it\/galerie-videos\/","name":"Galleria video - Dottor Mandrino chirurgo ortopedico in Nizza","isPartOf":{"@id":"https:\/\/chirurgie-orthopedique.info\/it\/#website"},"datePublished":"2021-05-04T13:24:37+00:00","dateModified":"2021-05-06T13:49:56+00:00","description":"Scopri la video gallery del dottor Mandrino, chirurgo ortopedico di Nizza, sul ginocchio e sugli interventi postoperatori.","breadcrumb":{"@id":"https:\/\/chirurgie-orthopedique.info\/it\/galerie-videos\/#breadcrumb"},"inLanguage":"it-IT","potentialAction":[{"@type":"ReadAction","target":["https:\/\/chirurgie-orthopedique.info\/it\/galerie-videos\/"]}]},{"@type":"BreadcrumbList","@id":"https:\/\/chirurgie-orthopedique.info\/it\/galerie-videos\/#breadcrumb","itemListElement":[{"@type":"ListItem","position":1,"name":"Accueil","item":"https:\/\/chirurgie-orthopedique.info\/it\/"},{"@type":"ListItem","position":2,"name":"Galleria video"}]},{"@type":"WebSite","@id":"https:\/\/chirurgie-orthopedique.info\/it\/#website","url":"https:\/\/chirurgie-orthopedique.info\/it\/","name":"Chirurgie Orthopedique, sp\u00e9cialiste du Genou, Hanche, Epaule \u00e0 Nice","description":"Docteur Mandrino sp\u00e9cialis\u00e9 en chirurgie du genou, de la hanche et de l&#039; \u00e9paule \u00e0 Nice","publisher":{"@id":"https:\/\/chirurgie-orthopedique.info\/it\/#organization"},"potentialAction":[{"@type":"SearchAction","target":{"@type":"EntryPoint","urlTemplate":"https:\/\/chirurgie-orthopedique.info\/it\/?s={search_term_string}"},"query-input":{"@type":"PropertyValueSpecification","valueRequired":true,"valueName":"search_term_string"}}],"inLanguage":"it-IT"},{"@type":"Organization","@id":"https:\/\/chirurgie-orthopedique.info\/it\/#organization","name":"Dr Alain Mandrino chirurgie orthop\u00e9dique \u00e0 Nice","url":"https:\/\/chirurgie-orthopedique.info\/it\/","logo":{"@type":"ImageObject","inLanguage":"it-IT","@id":"https:\/\/chirurgie-orthopedique.info\/it\/#\/schema\/logo\/image\/","url":"https:\/\/chirurgie-orthopedique.info\/wp-content\/uploads\/2017\/07\/dr-alain-mandrino-chirurgie-orthopedique-nice.png","contentUrl":"https:\/\/chirurgie-orthopedique.info\/wp-content\/uploads\/2017\/07\/dr-alain-mandrino-chirurgie-orthopedique-nice.png","width":443,"height":230,"caption":"Dr Alain Mandrino chirurgie orthop\u00e9dique \u00e0 Nice"},"image":{"@id":"https:\/\/chirurgie-orthopedique.info\/it\/#\/schema\/logo\/image\/"},"sameAs":["https:\/\/www.facebook.com\/Dr.Mandrino","https:\/\/www.instagram.com\/dralainmandrino\/","https:\/\/www.youtube.com\/user\/amandrino"]}]}},"jetpack_sharing_enabled":true,"_links":{"self":[{"href":"https:\/\/chirurgie-orthopedique.info\/it\/wp-json\/wp\/v2\/pages\/7964","targetHints":{"allow":["GET"]}}],"collection":[{"href":"https:\/\/chirurgie-orthopedique.info\/it\/wp-json\/wp\/v2\/pages"}],"about":[{"href":"https:\/\/chirurgie-orthopedique.info\/it\/wp-json\/wp\/v2\/types\/page"}],"author":[{"embeddable":true,"href":"https:\/\/chirurgie-orthopedique.info\/it\/wp-json\/wp\/v2\/users\/1"}],"replies":[{"embeddable":true,"href":"https:\/\/chirurgie-orthopedique.info\/it\/wp-json\/wp\/v2\/comments?post=7964"}],"version-history":[{"count":0,"href":"https:\/\/chirurgie-orthopedique.info\/it\/wp-json\/wp\/v2\/pages\/7964\/revisions"}],"wp:attachment":[{"href":"https:\/\/chirurgie-orthopedique.info\/it\/wp-json\/wp\/v2\/media?parent=7964"}],"curies":[{"name":"wp","href":"https:\/\/api.w.org\/{rel}","templated":true}]}}