{"id":8001,"date":"2021-05-04T13:56:44","date_gmt":"2021-05-04T13:56:44","guid":{"rendered":"https:\/\/toty.fr\/wordpress\/?page_id=8001"},"modified":"2021-05-04T14:01:00","modified_gmt":"2021-05-04T14:01:00","slug":"total-hip-replacement","status":"publish","type":"page","link":"https:\/\/chirurgie-orthopedique.info\/it\/anatomia-dellanca\/total-hip-replacement\/","title":{"rendered":"Protesi totale"},"content":{"rendered":"<p>[vc_row][vc_column][vc_single_image image=&#8221;7532&#8243; img_size=&#8221;100&#215;100&#8243; alignment=&#8221;center&#8221; css=&#8221;.vc_custom_1618907606065{margin-bottom: 0px !important;}&#8221;][vc_column_text css=&#8221;.vc_custom_1620136637393{margin-bottom: 10px !important;}&#8221;]<\/p>\n<h2 style=\"text-align: center;\">Protesi totale<\/h2>\n<p>[\/vc_column_text][vc_separator color=&#8221;custom&#8221; style=&#8221;dotted&#8221; accent_color=&#8221;#2f3762&#8243; css=&#8221;.vc_custom_1618680006860{margin-top: 0px !important;}&#8221;][vc_column_text]<\/p>\n<p style=\"text-align: justify;\"><strong><img decoding=\"async\" class=\"alignright wp-image-7296 size-full\" title=\"Proth\u00e8se totale de hanche\" src=\"https:\/\/chirurgie-orthopedique.info\/wp-content\/uploads\/2021\/04\/prothese-totale-hanche-1.jpg\" alt=\"prothese totale de hanche\" width=\"184\" height=\"300\" srcset=\"https:\/\/chirurgie-orthopedique.info\/wp-content\/uploads\/2021\/04\/prothese-totale-hanche-1.jpg 184w, https:\/\/chirurgie-orthopedique.info\/wp-content\/uploads\/2021\/04\/prothese-totale-hanche-1-77x125.jpg 77w\" sizes=\"(max-width: 184px) 100vw, 184px\" \/><\/strong><strong>Divenne oggetto di una domanda sempre pi\u00f9 importante da parte dei pazienti (circa 120.000 protesi d&#8217;anca sono allevati ogni anno in Francia). \u00c8 generalmente indicata nei casi di usura della superficie di cartilagine che copre la testa del femore e il rivestimento all&#8217;interno dell&#8217;acetabolo.<\/strong><\/p>\n<p>[\/vc_column_text][vc_column_text]<\/p>\n<h4 style=\"text-align: justify;\"><b>La Protesi consiste di<\/b><\/h4>\n<ul>\n<li style=\"text-align: justify;\">un lungo tratto, composto di una lega di corpo in titanio \u00e8 influenzato nel femore (femore)<\/li>\n<li style=\"text-align: justify;\">sul quale \u00e8 fissata una sfera (testa del femore), generalmente in ceramica<\/li>\n<li style=\"text-align: justify;\">una lega di titanio cava tazza o in acciaio inciso nell&#8217;acetabolo<\/li>\n<li style=\"text-align: justify;\">in cui \u00e8 inserire una tazza di polietilene o ceramica attrita garantendo con la testa del femore<\/li>\n<li style=\"text-align: justify;\">Ci pu\u00f2 essere un ulteriore mobilit\u00e0 tra il polietilene e la coppa acetabolare. Questo \u00e8 chiamato coppa acetabolare con doppia mobilit\u00e0.<\/li>\n<\/ul>\n<p>[\/vc_column_text][vc_column_text]<\/p>\n<p style=\"text-align: justify;\"><img decoding=\"async\" class=\"alignright wp-image-7300 size-full\" title=\"Proth\u00e8se totale de hanche\" src=\"https:\/\/chirurgie-orthopedique.info\/wp-content\/uploads\/2021\/04\/PTH-ceramique-.jpg\" alt=\"Proth\u00e8se totale de hanche\" width=\"147\" height=\"300\" srcset=\"https:\/\/chirurgie-orthopedique.info\/wp-content\/uploads\/2021\/04\/PTH-ceramique-.jpg 147w, https:\/\/chirurgie-orthopedique.info\/wp-content\/uploads\/2021\/04\/PTH-ceramique--61x125.jpg 61w\" sizes=\"(max-width: 147px) 100vw, 147px\" \/><\/p>\n<p style=\"text-align: justify;\">Fissazione primaria \u00e8 ottenuta per impatto i componenti d&#8217;impianto nell&#8217;osso. Per garantire che la fissazione iniziale, si parla di stabilit\u00e0 primaria. Questa preparazione deve stare attento. L&#8217;acetabolo \u00e8 preparato con le fragole che crescono di diametro, che ha un impatto sulla protesi acetabolare emisfero. Il femore \u00e8 preparato con lui grattugie dimensioni crescenti, la forma della protesi definitiva. \u00c8 allora impatto in questa cavit\u00e0 la componente femorale. I componenti protesici hanno una dimensione di 1 mm a 1,5 mm superiore alle fragole e raspe, che assicura stabilit\u00e0 primaria. Essi sono rivestite con idrossiapatite. Idrossiapatite \u00e8 uno dei costituenti minerali dell&#8217;osso. Essa promuover\u00e0 la ricrescita dell&#8217;osso e la sua adesione alla stabilit\u00e0 garantendo protesi definitiva e stabilit\u00e0 secondaria.<\/p>\n<p>[\/vc_column_text][vc_row_inner][vc_column_inner][vc_column_text]<\/p>\n<p style=\"text-align: justify;\"><img decoding=\"async\" class=\"alignright wp-image-7303 size-full\" title=\"Proth\u00e8se totale de hanche\" src=\"https:\/\/chirurgie-orthopedique.info\/wp-content\/uploads\/2021\/04\/Rx-PTH-F-cer-cer.jpg\" alt=\"Proth\u00e8se totale de hanche\" width=\"269\" height=\"200\" srcset=\"https:\/\/chirurgie-orthopedique.info\/wp-content\/uploads\/2021\/04\/Rx-PTH-F-cer-cer.jpg 269w, https:\/\/chirurgie-orthopedique.info\/wp-content\/uploads\/2021\/04\/Rx-PTH-F-cer-cer-125x93.jpg 125w\" sizes=\"(max-width: 269px) 100vw, 269px\" \/><\/p>\n<p style=\"text-align: justify;\"><b>La decisione chirurgica viene fatta dal paziente in base alla loro compromissione funzionale (dolore, perdita di mobilit\u00e0, l&#8217;importanza di prendere antidolorifici e anti-infiammatori&#8230;).<\/b><\/p>\n<p style=\"text-align: justify;\">Generalmente, la durata dell&#8217;intervento non superi un&#8217;ora e mezza. Inserimento di una protesi d&#8217;anca \u00e8 studiato in funzione dell&#8217;et\u00e0 del paziente, idealmente dopo 60 anni. Prima di questa et\u00e0, il montaggio di una protesi a volte \u00e8 necessario quando si hanno esaurito tutte le cure mediche, comprese le iniezioni intra-articolari di acido ialuronico (visco-supplementazione).<\/p>\n<p style=\"text-align: justify;\">Pi\u00f9 il paziente \u00e8 pi\u00f9 giovane, cercano di sviluppare il miglior trattamento medico per il suo impianto ritardare di questa protesi. In questo caso, si concentrer\u00e0 su pazienti giovani coppie indossare &#8220;hard-drive&#8221;, vale a dire, in ceramica \/ ceramica o acciaio \/ acciaio nel caso di tazze resurfacing. complicazioni sono purtroppo ancora possibile (danni vascolari e nervosi come allungamento del nervo sciatico pu\u00f2 causare paralisi parziale generalmente risolto dopo tre mesi, fratture ossee o crepa in generale alla diafisi femorale) o dopo l&#8217;intervento chirurgico (flebite e \/ o embolia polmonare, la dislocazione della protesi in genere che si verificano nei primi tre mesi dopo l&#8217;intervento). Il rischio di lussazione \u00e8 notevolmente ridotto e vicino a zero con doppia mobilit\u00e0 dire ci\u00f2 che deve preferire il loro uso in pazienti anziani con protesi pi\u00f9 poveri di controllo muscolare.<\/p>\n<p style=\"text-align: justify;\"><b>Tecniche mini-invasive<\/b> sono state sviluppate dagli inizi del 2000. Io uso dal 2004. Riducono la dimensione dell\u2019incisione chirurgica e soprattutto nei muscoli. Di solito sono realizzati con un\u2019incisione di circa 6 cm di persone di corporatura normale. Essi consentono minor dolore postoperatorio e un recupero pi\u00f9 rapido di camminare. L&#8217;abbandono delle aste \u00e8 generalmente possibile a partire dalla seconda settimana postoperatoria, ma la riabilitazione costante \u00e8 ovviamente essenziale per ottenere una buona caratteristica articolazione e un buon controllo dei muscoli tanto pi\u00f9 che vi \u00e8 un deficit di muscolare sistematico nei pazienti con osteoartrosi dell&#8217;anca e dolorosi anni.<\/p>\n<p>[\/vc_column_text][\/vc_column_inner][\/vc_row_inner][\/vc_column][\/vc_row]<\/p>\n","protected":false},"excerpt":{"rendered":"<p>[vc_row][vc_column][vc_single_image image=&#8221;7532&#8243; img_size=&#8221;100&#215;100&#8243; alignment=&#8221;center&#8221; css=&#8221;.vc_custom_1618907606065{margin-bottom: 0px !important;}&#8221;][vc_column_text css=&#8221;.vc_custom_1620136637393{margin-bottom: 10px !important;}&#8221;] Protesi totale [\/vc_column_text][vc_separator color=&#8221;custom&#8221; style=&#8221;dotted&#8221; accent_color=&#8221;#2f3762&#8243; css=&#8221;.vc_custom_1618680006860{margin-top: 0px !important;}&#8221;][vc_column_text] Divenne oggetto di una domanda sempre pi\u00f9 importante da parte dei pazienti (circa 120.000 protesi d&#8217;anca sono allevati ogni anno in Francia). \u00c8 generalmente indicata nei casi di usura della superficie di cartilagine che copre la testa del femore e il rivestimento all&#8217;interno dell&#8217;acetabolo. [\/vc_column_text][vc_column_text] La Protesi consiste di un lungo tratto, composto di una lega di corpo in titanio \u00e8 influenzato nel femore (femore) sul quale \u00e8 fissata una sfera (testa del femore), generalmente in ceramica una lega di titanio cava tazza o in acciaio inciso nell&#8217;acetabolo in cui \u00e8 inserire una tazza di polietilene o ceramica attrita garantendo con la testa del femore Ci pu\u00f2 essere un ulteriore mobilit\u00e0 tra il polietilene e la coppa acetabolare. Questo \u00e8 chiamato coppa acetabolare con doppia mobilit\u00e0. [\/vc_column_text][vc_column_text] Fissazione primaria \u00e8 ottenuta [&hellip;]<\/p>\n","protected":false},"author":1,"featured_media":0,"parent":7981,"menu_order":0,"comment_status":"closed","ping_status":"closed","template":"","meta":{"inline_featured_image":false,"footnotes":""},"class_list":["post-8001","page","type-page","status-publish","hentry"],"yoast_head":"<!-- This site is optimized with the Yoast SEO plugin v24.7 - https:\/\/yoast.com\/wordpress\/plugins\/seo\/ -->\n<title>Protesi totale dell&#039;anche<\/title>\n<meta name=\"description\" content=\"\u00c8rotesi totale dell&#039;anche indicata nei casi di usura della superficie di cartilagine che copre la testa del femore e il rivestimento all&#039;interno dell&#039;acetabolo.\" \/>\n<meta name=\"robots\" content=\"index, follow, max-snippet:-1, max-image-preview:large, max-video-preview:-1\" \/>\n<link rel=\"canonical\" href=\"https:\/\/chirurgie-orthopedique.info\/it\/anatomia-dellanca\/total-hip-replacement\/\" \/>\n<meta property=\"og:locale\" content=\"it_IT\" \/>\n<meta property=\"og:type\" content=\"article\" \/>\n<meta property=\"og:title\" content=\"Protesi totale dell&#039;anche\" \/>\n<meta property=\"og:description\" content=\"\u00c8rotesi totale dell&#039;anche indicata nei casi di usura della superficie di cartilagine che copre la testa del femore e il rivestimento all&#039;interno dell&#039;acetabolo.\" \/>\n<meta property=\"og:url\" content=\"https:\/\/chirurgie-orthopedique.info\/it\/anatomia-dellanca\/total-hip-replacement\/\" \/>\n<meta property=\"og:site_name\" content=\"Chirurgie Orthopedique, sp\u00e9cialiste du Genou, Hanche, Epaule \u00e0 Nice\" \/>\n<meta property=\"article:publisher\" content=\"https:\/\/www.facebook.com\/Dr.Mandrino\" \/>\n<meta property=\"article:modified_time\" content=\"2021-05-04T14:01:00+00:00\" \/>\n<meta property=\"og:image\" content=\"https:\/\/chirurgie-orthopedique.info\/wp-content\/uploads\/2021\/04\/prothese-totale-hanche-1.jpg\" \/>\n<meta name=\"twitter:card\" content=\"summary_large_image\" \/>\n<meta name=\"twitter:label1\" content=\"Tempo di lettura stimato\" \/>\n\t<meta name=\"twitter:data1\" content=\"4 minuti\" \/>\n<script type=\"application\/ld+json\" class=\"yoast-schema-graph\">{\"@context\":\"https:\/\/schema.org\",\"@graph\":[{\"@type\":\"WebPage\",\"@id\":\"https:\/\/chirurgie-orthopedique.info\/it\/anatomia-dellanca\/total-hip-replacement\/\",\"url\":\"https:\/\/chirurgie-orthopedique.info\/it\/anatomia-dellanca\/total-hip-replacement\/\",\"name\":\"Protesi totale dell'anche\",\"isPartOf\":{\"@id\":\"https:\/\/chirurgie-orthopedique.info\/it\/#website\"},\"primaryImageOfPage\":{\"@id\":\"https:\/\/chirurgie-orthopedique.info\/it\/anatomia-dellanca\/total-hip-replacement\/#primaryimage\"},\"image\":{\"@id\":\"https:\/\/chirurgie-orthopedique.info\/it\/anatomia-dellanca\/total-hip-replacement\/#primaryimage\"},\"thumbnailUrl\":\"https:\/\/chirurgie-orthopedique.info\/wp-content\/uploads\/2021\/04\/prothese-totale-hanche-1.jpg\",\"datePublished\":\"2021-05-04T13:56:44+00:00\",\"dateModified\":\"2021-05-04T14:01:00+00:00\",\"description\":\"\u00c8rotesi totale dell'anche indicata nei casi di usura della superficie di cartilagine che copre la testa del femore e il rivestimento all'interno dell'acetabolo.\",\"breadcrumb\":{\"@id\":\"https:\/\/chirurgie-orthopedique.info\/it\/anatomia-dellanca\/total-hip-replacement\/#breadcrumb\"},\"inLanguage\":\"it-IT\",\"potentialAction\":[{\"@type\":\"ReadAction\",\"target\":[\"https:\/\/chirurgie-orthopedique.info\/it\/anatomia-dellanca\/total-hip-replacement\/\"]}]},{\"@type\":\"ImageObject\",\"inLanguage\":\"it-IT\",\"@id\":\"https:\/\/chirurgie-orthopedique.info\/it\/anatomia-dellanca\/total-hip-replacement\/#primaryimage\",\"url\":\"https:\/\/chirurgie-orthopedique.info\/wp-content\/uploads\/2021\/04\/prothese-totale-hanche-1.jpg\",\"contentUrl\":\"https:\/\/chirurgie-orthopedique.info\/wp-content\/uploads\/2021\/04\/prothese-totale-hanche-1.jpg\"},{\"@type\":\"BreadcrumbList\",\"@id\":\"https:\/\/chirurgie-orthopedique.info\/it\/anatomia-dellanca\/total-hip-replacement\/#breadcrumb\",\"itemListElement\":[{\"@type\":\"ListItem\",\"position\":1,\"name\":\"Accueil\",\"item\":\"https:\/\/chirurgie-orthopedique.info\/it\/\"},{\"@type\":\"ListItem\",\"position\":2,\"name\":\"Anatomia dell&#8217;anca\",\"item\":\"https:\/\/chirurgie-orthopedique.info\/it\/anatomia-dellanca\/\"},{\"@type\":\"ListItem\",\"position\":3,\"name\":\"Protesi totale\"}]},{\"@type\":\"WebSite\",\"@id\":\"https:\/\/chirurgie-orthopedique.info\/it\/#website\",\"url\":\"https:\/\/chirurgie-orthopedique.info\/it\/\",\"name\":\"Chirurgie Orthopedique, sp\u00e9cialiste du Genou, Hanche, Epaule \u00e0 Nice\",\"description\":\"Docteur Mandrino sp\u00e9cialis\u00e9 en chirurgie du genou, de la hanche et de l&#039; \u00e9paule \u00e0 Nice\",\"publisher\":{\"@id\":\"https:\/\/chirurgie-orthopedique.info\/it\/#organization\"},\"potentialAction\":[{\"@type\":\"SearchAction\",\"target\":{\"@type\":\"EntryPoint\",\"urlTemplate\":\"https:\/\/chirurgie-orthopedique.info\/it\/?s={search_term_string}\"},\"query-input\":{\"@type\":\"PropertyValueSpecification\",\"valueRequired\":true,\"valueName\":\"search_term_string\"}}],\"inLanguage\":\"it-IT\"},{\"@type\":\"Organization\",\"@id\":\"https:\/\/chirurgie-orthopedique.info\/it\/#organization\",\"name\":\"Dr Alain Mandrino chirurgie orthop\u00e9dique \u00e0 Nice\",\"url\":\"https:\/\/chirurgie-orthopedique.info\/it\/\",\"logo\":{\"@type\":\"ImageObject\",\"inLanguage\":\"it-IT\",\"@id\":\"https:\/\/chirurgie-orthopedique.info\/it\/#\/schema\/logo\/image\/\",\"url\":\"https:\/\/chirurgie-orthopedique.info\/wp-content\/uploads\/2017\/07\/dr-alain-mandrino-chirurgie-orthopedique-nice.png\",\"contentUrl\":\"https:\/\/chirurgie-orthopedique.info\/wp-content\/uploads\/2017\/07\/dr-alain-mandrino-chirurgie-orthopedique-nice.png\",\"width\":443,\"height\":230,\"caption\":\"Dr Alain Mandrino chirurgie orthop\u00e9dique \u00e0 Nice\"},\"image\":{\"@id\":\"https:\/\/chirurgie-orthopedique.info\/it\/#\/schema\/logo\/image\/\"},\"sameAs\":[\"https:\/\/www.facebook.com\/Dr.Mandrino\",\"https:\/\/www.instagram.com\/dralainmandrino\/\",\"https:\/\/www.youtube.com\/user\/amandrino\"]}]}<\/script>\n<!-- \/ Yoast SEO plugin. -->","yoast_head_json":{"title":"Protesi totale dell'anche","description":"\u00c8rotesi totale dell'anche indicata nei casi di usura della superficie di cartilagine che copre la testa del femore e il rivestimento all'interno dell'acetabolo.","robots":{"index":"index","follow":"follow","max-snippet":"max-snippet:-1","max-image-preview":"max-image-preview:large","max-video-preview":"max-video-preview:-1"},"canonical":"https:\/\/chirurgie-orthopedique.info\/it\/anatomia-dellanca\/total-hip-replacement\/","og_locale":"it_IT","og_type":"article","og_title":"Protesi totale dell'anche","og_description":"\u00c8rotesi totale dell'anche indicata nei casi di usura della superficie di cartilagine che copre la testa del femore e il rivestimento all'interno dell'acetabolo.","og_url":"https:\/\/chirurgie-orthopedique.info\/it\/anatomia-dellanca\/total-hip-replacement\/","og_site_name":"Chirurgie Orthopedique, sp\u00e9cialiste du Genou, Hanche, Epaule \u00e0 Nice","article_publisher":"https:\/\/www.facebook.com\/Dr.Mandrino","article_modified_time":"2021-05-04T14:01:00+00:00","og_image":[{"url":"https:\/\/chirurgie-orthopedique.info\/wp-content\/uploads\/2021\/04\/prothese-totale-hanche-1.jpg","type":"","width":"","height":""}],"twitter_card":"summary_large_image","twitter_misc":{"Tempo di lettura stimato":"4 minuti"},"schema":{"@context":"https:\/\/schema.org","@graph":[{"@type":"WebPage","@id":"https:\/\/chirurgie-orthopedique.info\/it\/anatomia-dellanca\/total-hip-replacement\/","url":"https:\/\/chirurgie-orthopedique.info\/it\/anatomia-dellanca\/total-hip-replacement\/","name":"Protesi totale dell'anche","isPartOf":{"@id":"https:\/\/chirurgie-orthopedique.info\/it\/#website"},"primaryImageOfPage":{"@id":"https:\/\/chirurgie-orthopedique.info\/it\/anatomia-dellanca\/total-hip-replacement\/#primaryimage"},"image":{"@id":"https:\/\/chirurgie-orthopedique.info\/it\/anatomia-dellanca\/total-hip-replacement\/#primaryimage"},"thumbnailUrl":"https:\/\/chirurgie-orthopedique.info\/wp-content\/uploads\/2021\/04\/prothese-totale-hanche-1.jpg","datePublished":"2021-05-04T13:56:44+00:00","dateModified":"2021-05-04T14:01:00+00:00","description":"\u00c8rotesi totale dell'anche indicata nei casi di usura della superficie di cartilagine che copre la testa del femore e il rivestimento all'interno dell'acetabolo.","breadcrumb":{"@id":"https:\/\/chirurgie-orthopedique.info\/it\/anatomia-dellanca\/total-hip-replacement\/#breadcrumb"},"inLanguage":"it-IT","potentialAction":[{"@type":"ReadAction","target":["https:\/\/chirurgie-orthopedique.info\/it\/anatomia-dellanca\/total-hip-replacement\/"]}]},{"@type":"ImageObject","inLanguage":"it-IT","@id":"https:\/\/chirurgie-orthopedique.info\/it\/anatomia-dellanca\/total-hip-replacement\/#primaryimage","url":"https:\/\/chirurgie-orthopedique.info\/wp-content\/uploads\/2021\/04\/prothese-totale-hanche-1.jpg","contentUrl":"https:\/\/chirurgie-orthopedique.info\/wp-content\/uploads\/2021\/04\/prothese-totale-hanche-1.jpg"},{"@type":"BreadcrumbList","@id":"https:\/\/chirurgie-orthopedique.info\/it\/anatomia-dellanca\/total-hip-replacement\/#breadcrumb","itemListElement":[{"@type":"ListItem","position":1,"name":"Accueil","item":"https:\/\/chirurgie-orthopedique.info\/it\/"},{"@type":"ListItem","position":2,"name":"Anatomia dell&#8217;anca","item":"https:\/\/chirurgie-orthopedique.info\/it\/anatomia-dellanca\/"},{"@type":"ListItem","position":3,"name":"Protesi totale"}]},{"@type":"WebSite","@id":"https:\/\/chirurgie-orthopedique.info\/it\/#website","url":"https:\/\/chirurgie-orthopedique.info\/it\/","name":"Chirurgie Orthopedique, sp\u00e9cialiste du Genou, Hanche, Epaule \u00e0 Nice","description":"Docteur Mandrino sp\u00e9cialis\u00e9 en chirurgie du genou, de la hanche et de l&#039; \u00e9paule \u00e0 Nice","publisher":{"@id":"https:\/\/chirurgie-orthopedique.info\/it\/#organization"},"potentialAction":[{"@type":"SearchAction","target":{"@type":"EntryPoint","urlTemplate":"https:\/\/chirurgie-orthopedique.info\/it\/?s={search_term_string}"},"query-input":{"@type":"PropertyValueSpecification","valueRequired":true,"valueName":"search_term_string"}}],"inLanguage":"it-IT"},{"@type":"Organization","@id":"https:\/\/chirurgie-orthopedique.info\/it\/#organization","name":"Dr Alain Mandrino chirurgie orthop\u00e9dique \u00e0 Nice","url":"https:\/\/chirurgie-orthopedique.info\/it\/","logo":{"@type":"ImageObject","inLanguage":"it-IT","@id":"https:\/\/chirurgie-orthopedique.info\/it\/#\/schema\/logo\/image\/","url":"https:\/\/chirurgie-orthopedique.info\/wp-content\/uploads\/2017\/07\/dr-alain-mandrino-chirurgie-orthopedique-nice.png","contentUrl":"https:\/\/chirurgie-orthopedique.info\/wp-content\/uploads\/2017\/07\/dr-alain-mandrino-chirurgie-orthopedique-nice.png","width":443,"height":230,"caption":"Dr Alain Mandrino chirurgie orthop\u00e9dique \u00e0 Nice"},"image":{"@id":"https:\/\/chirurgie-orthopedique.info\/it\/#\/schema\/logo\/image\/"},"sameAs":["https:\/\/www.facebook.com\/Dr.Mandrino","https:\/\/www.instagram.com\/dralainmandrino\/","https:\/\/www.youtube.com\/user\/amandrino"]}]}},"jetpack_sharing_enabled":true,"_links":{"self":[{"href":"https:\/\/chirurgie-orthopedique.info\/it\/wp-json\/wp\/v2\/pages\/8001","targetHints":{"allow":["GET"]}}],"collection":[{"href":"https:\/\/chirurgie-orthopedique.info\/it\/wp-json\/wp\/v2\/pages"}],"about":[{"href":"https:\/\/chirurgie-orthopedique.info\/it\/wp-json\/wp\/v2\/types\/page"}],"author":[{"embeddable":true,"href":"https:\/\/chirurgie-orthopedique.info\/it\/wp-json\/wp\/v2\/users\/1"}],"replies":[{"embeddable":true,"href":"https:\/\/chirurgie-orthopedique.info\/it\/wp-json\/wp\/v2\/comments?post=8001"}],"version-history":[{"count":0,"href":"https:\/\/chirurgie-orthopedique.info\/it\/wp-json\/wp\/v2\/pages\/8001\/revisions"}],"up":[{"embeddable":true,"href":"https:\/\/chirurgie-orthopedique.info\/it\/wp-json\/wp\/v2\/pages\/7981"}],"wp:attachment":[{"href":"https:\/\/chirurgie-orthopedique.info\/it\/wp-json\/wp\/v2\/media?parent=8001"}],"curies":[{"name":"wp","href":"https:\/\/api.w.org\/{rel}","templated":true}]}}