{"id":8009,"date":"2021-05-04T14:13:10","date_gmt":"2021-05-04T14:13:10","guid":{"rendered":"https:\/\/toty.fr\/wordpress\/?page_id=8009"},"modified":"2021-05-04T14:22:34","modified_gmt":"2021-05-04T14:22:34","slug":"questions-about-total-hip-replacement","status":"publish","type":"page","link":"https:\/\/chirurgie-orthopedique.info\/it\/anatomia-dellanca\/total-hip-replacement\/questions-about-total-hip-replacement\/","title":{"rendered":"Le tue domande sulla protesi d&#8217;anca"},"content":{"rendered":"<p>[vc_row][vc_column][vc_row_inner][vc_column_inner width=&#8221;1\/4&#8243;][\/vc_column_inner][vc_column_inner width=&#8221;1\/2&#8243;][vc_single_image image=&#8221;7532&#8243; img_size=&#8221;100&#215;100&#8243; alignment=&#8221;center&#8221; css=&#8221;.vc_custom_1618907903011{margin-top: 0px !important;margin-right: 20px !important;margin-bottom: 0px !important;margin-left: 20px !important;}&#8221;][\/vc_column_inner][vc_column_inner width=&#8221;1\/4&#8243;][\/vc_column_inner][\/vc_row_inner][vc_column_text css=&#8221;.vc_custom_1620137657575{margin-bottom: 10px !important;}&#8221;]<\/p>\n<h3 style=\"text-align: center;\">Le tue domande sulla protesi d&#8217;anca<\/h3>\n<p>[\/vc_column_text][vc_separator color=&#8221;custom&#8221; style=&#8221;dotted&#8221; accent_color=&#8221;#2f3762&#8243; css=&#8221;.vc_custom_1618682358889{margin-top: 0px !important;}&#8221;][vc_tta_accordion][vc_tta_section i_icon_fontawesome=&#8221;fas fa-arrow-alt-circle-right&#8221; add_icon=&#8221;true&#8221; title=&#8221;Qual \u00e8 la durata del ricovero?&#8221; tab_id=&#8221;1618685947652-943b1ddc-8feb&#8221;][vc_column_text]<\/p>\n<p style=\"text-align: justify;\">La degenza ospedaliera \u00e8 di 2-3 giorni, ma l&#8217;intervento \u00e8 sempre pi\u00f9 eseguito in regime ambulatoriale.<\/p>\n<p style=\"text-align: justify;\">In questo caso, l&#8217;assistenza viene organizzata non appena torni a casa alle 18:00. con un follow-up infermieristico gestito da aziende specializzate, che garantisce una maggiore sicurezza per il paziente.<\/p>\n<p>[\/vc_column_text][\/vc_tta_section][vc_tta_section i_icon_fontawesome=&#8221;fas fa-arrow-alt-circle-right&#8221; add_icon=&#8221;true&#8221; title=&#8221;Che tipo di anestesia?&#8221; tab_id=&#8221;1618685947673-2d6bfee2-36d6&#8243;][vc_column_text]L&#8217;anestesia per la chirurgia sostitutiva totale dell&#8217;anca \u00e8 generale o locoregionale.<\/p>\n<p>Un&#8217;iniezione di anestetici locali viene eseguita dal chirurgo nel sito operatorio per migliorare l&#8217;analgesia postoperatoria[\/vc_column_text][\/vc_tta_section][vc_tta_section i_icon_fontawesome=&#8221;fas fa-arrow-alt-circle-right&#8221; add_icon=&#8221;true&#8221; title=&#8221;Devo andare in un centro di riabilitazione?&#8221; tab_id=&#8221;1618734116420-78feccc6-fbde&#8221;][vc_column_text]<\/p>\n<p style=\"text-align: justify;\">Il ritorno a casa \u00e8 possibile, a condizione che la famiglia del paziente possa prendersi cura di lui. Altrimenti, il ricovero in un centro di riabilitazione per alcune settimane \u00e8 un&#8217;opzione migliore.<\/p>\n<p>[\/vc_column_text][\/vc_tta_section][vc_tta_section i_icon_fontawesome=&#8221;fas fa-arrow-alt-circle-right&#8221; add_icon=&#8221;true&#8221; title=&#8221;C&#8217;\u00e8 bisogno di una trasfusione?&#8221; tab_id=&#8221;1618734175751-65d2849d-21b6&#8243;][vc_column_text]<\/p>\n<p style=\"text-align: justify;\">L\u2019uso di un risparmiatore cellula durante la chirurgia ed eventualmente l\u2019uso di EPO prima dell\u2019intervento chirurgico per i pazienti con bassa emoglobina possono generalmente evitare trasfusioni.<\/p>\n<p>[\/vc_column_text][\/vc_tta_section][vc_tta_section i_icon_fontawesome=&#8221;fas fa-arrow-alt-circle-right&#8221; add_icon=&#8221;true&#8221; title=&#8221;Le conseguenze dell&#8217;intervento ?&#8221; tab_id=&#8221;1618734222502-49bff332-e34d&#8221;][vc_column_text]<\/p>\n<p style=\"text-align: justify;\">L\u2019ascensore \u00e8 possibile immediatamente dopo l\u2019intervento. Camminando con il supporto \u00e8 permesso. L\u2019abbandono di canna \u00e8 a poco a poco e, per quanto possibile, a partire dalla seconda settimana postoperatoria a causa di tecniche mini-invasive. La guida \u00e8 possibile a seconda dell\u2019evoluzione dalla terza settimana postoperatoria.<\/p>\n<p>[\/vc_column_text][\/vc_tta_section][vc_tta_section i_icon_fontawesome=&#8221;fas fa-arrow-alt-circle-right&#8221; add_icon=&#8221;true&#8221; title=&#8221;Le complicanze sono loro possibili?&#8221; tab_id=&#8221;1618686103251-ec0ff90c-2f75&#8243;][vc_column_text]<\/p>\n<p style=\"text-align: justify;\">Le complicazioni possono verificarsi durante la procedura di crack tipo di osso o di lesioni vascolari e nervose. Queste complicazioni sono rare. Nel periodo successivo l\u2019intervento, il paziente pu\u00f2 avere una flebite, che deve essere individuata e trattata eccezionalmente o embolia polmonare. La ritenzione urinaria pu\u00f2 verificarsi soprattutto negli esseri umani se l\u2019anestesia regionale \u00e8 stata eseguita. Infezione postoperatoria precoce o tardiva pu\u00f2 verificarsi che richiedono un trattamento speciale. Dislocazione della protesi si verifica quando il movimento pericoloso che sar\u00e0 spiegato al paziente e deve evitare soprattutto nei primi tre mesi postoperatori.<\/p>\n<p>[\/vc_column_text][\/vc_tta_section][vc_tta_section i_icon_fontawesome=&#8221;fas fa-arrow-alt-circle-right&#8221; add_icon=&#8221;true&#8221; title=&#8221;Quanto dura una protesi?&#8221; tab_id=&#8221;1618686062658-28c9dafd-499f&#8221;][vc_column_text]<\/p>\n<p style=\"text-align: justify;\">La vita media di una protesi \u00e8 di quindici anni.<\/p>\n<p>[\/vc_column_text][\/vc_tta_section][\/vc_tta_accordion][\/vc_column][\/vc_row]<\/p>\n","protected":false},"excerpt":{"rendered":"<p>[vc_row][vc_column][vc_row_inner][vc_column_inner width=&#8221;1\/4&#8243;][\/vc_column_inner][vc_column_inner width=&#8221;1\/2&#8243;][vc_single_image image=&#8221;7532&#8243; img_size=&#8221;100&#215;100&#8243; alignment=&#8221;center&#8221; css=&#8221;.vc_custom_1618907903011{margin-top: 0px !important;margin-right: 20px !important;margin-bottom: 0px !important;margin-left: 20px !important;}&#8221;][\/vc_column_inner][vc_column_inner width=&#8221;1\/4&#8243;][\/vc_column_inner][\/vc_row_inner][vc_column_text css=&#8221;.vc_custom_1620137657575{margin-bottom: 10px !important;}&#8221;] Le tue domande sulla protesi d&#8217;anca [\/vc_column_text][vc_separator color=&#8221;custom&#8221; style=&#8221;dotted&#8221; accent_color=&#8221;#2f3762&#8243; css=&#8221;.vc_custom_1618682358889{margin-top: 0px !important;}&#8221;][vc_tta_accordion][vc_tta_section i_icon_fontawesome=&#8221;fas fa-arrow-alt-circle-right&#8221; add_icon=&#8221;true&#8221; title=&#8221;Qual \u00e8 la durata del ricovero?&#8221; tab_id=&#8221;1618685947652-943b1ddc-8feb&#8221;][vc_column_text] La degenza ospedaliera \u00e8 di 2-3 giorni, ma l&#8217;intervento \u00e8 sempre pi\u00f9 eseguito in regime ambulatoriale. In questo caso, l&#8217;assistenza viene organizzata non appena torni a casa alle 18:00. con un follow-up infermieristico gestito da aziende specializzate, che garantisce una maggiore sicurezza per il paziente. [\/vc_column_text][\/vc_tta_section][vc_tta_section i_icon_fontawesome=&#8221;fas fa-arrow-alt-circle-right&#8221; add_icon=&#8221;true&#8221; title=&#8221;Che tipo di anestesia?&#8221; tab_id=&#8221;1618685947673-2d6bfee2-36d6&#8243;][vc_column_text]L&#8217;anestesia per la chirurgia sostitutiva totale dell&#8217;anca \u00e8 generale o locoregionale. Un&#8217;iniezione di anestetici locali viene eseguita dal chirurgo nel sito operatorio per migliorare l&#8217;analgesia postoperatoria[\/vc_column_text][\/vc_tta_section][vc_tta_section i_icon_fontawesome=&#8221;fas fa-arrow-alt-circle-right&#8221; add_icon=&#8221;true&#8221; title=&#8221;Devo andare in un centro di riabilitazione?&#8221; tab_id=&#8221;1618734116420-78feccc6-fbde&#8221;][vc_column_text] Il ritorno a casa \u00e8 possibile, a condizione che la famiglia del paziente possa prendersi cura di lui. [&hellip;]<\/p>\n","protected":false},"author":1,"featured_media":0,"parent":8001,"menu_order":0,"comment_status":"closed","ping_status":"closed","template":"","meta":{"inline_featured_image":false,"footnotes":""},"class_list":["post-8009","page","type-page","status-publish","hentry"],"yoast_head":"<!-- This site is optimized with the Yoast SEO plugin v24.7 - https:\/\/yoast.com\/wordpress\/plugins\/seo\/ -->\n<title>Le tue domande sulla protesi d&#039;anca - Dottor Mandrino<\/title>\n<meta name=\"description\" content=\"Il dottor Mandrino risponde a tutte le domande sulla sostituzione totale dell&#039;anca. Fissa un appuntamento online.\" \/>\n<meta name=\"robots\" content=\"index, follow, max-snippet:-1, max-image-preview:large, max-video-preview:-1\" \/>\n<link rel=\"canonical\" href=\"https:\/\/chirurgie-orthopedique.info\/it\/anatomia-dellanca\/total-hip-replacement\/questions-about-total-hip-replacement\/\" \/>\n<meta property=\"og:locale\" content=\"it_IT\" \/>\n<meta property=\"og:type\" content=\"article\" \/>\n<meta property=\"og:title\" content=\"Le tue domande sulla protesi d&#039;anca - Dottor Mandrino\" \/>\n<meta property=\"og:description\" content=\"Il dottor Mandrino risponde a tutte le domande sulla sostituzione totale dell&#039;anca. Fissa un appuntamento online.\" \/>\n<meta property=\"og:url\" content=\"https:\/\/chirurgie-orthopedique.info\/it\/anatomia-dellanca\/total-hip-replacement\/questions-about-total-hip-replacement\/\" \/>\n<meta property=\"og:site_name\" content=\"Chirurgie Orthopedique, sp\u00e9cialiste du Genou, Hanche, Epaule \u00e0 Nice\" \/>\n<meta property=\"article:publisher\" content=\"https:\/\/www.facebook.com\/Dr.Mandrino\" \/>\n<meta property=\"article:modified_time\" content=\"2021-05-04T14:22:34+00:00\" \/>\n<meta property=\"og:image\" content=\"https:\/\/chirurgie-orthopedique.info\/wp-content\/uploads\/2017\/07\/Chirurgie-du-genou-nice.jpg\" \/>\n\t<meta property=\"og:image:width\" content=\"1921\" \/>\n\t<meta property=\"og:image:height\" content=\"1100\" \/>\n\t<meta property=\"og:image:type\" content=\"image\/jpeg\" \/>\n<meta name=\"twitter:card\" content=\"summary_large_image\" \/>\n<meta name=\"twitter:label1\" content=\"Tempo di lettura stimato\" \/>\n\t<meta name=\"twitter:data1\" content=\"2 minuti\" \/>\n<script type=\"application\/ld+json\" class=\"yoast-schema-graph\">{\"@context\":\"https:\/\/schema.org\",\"@graph\":[{\"@type\":\"WebPage\",\"@id\":\"https:\/\/chirurgie-orthopedique.info\/it\/anatomia-dellanca\/total-hip-replacement\/questions-about-total-hip-replacement\/\",\"url\":\"https:\/\/chirurgie-orthopedique.info\/it\/anatomia-dellanca\/total-hip-replacement\/questions-about-total-hip-replacement\/\",\"name\":\"Le tue domande sulla protesi d'anca - Dottor Mandrino\",\"isPartOf\":{\"@id\":\"https:\/\/chirurgie-orthopedique.info\/it\/#website\"},\"datePublished\":\"2021-05-04T14:13:10+00:00\",\"dateModified\":\"2021-05-04T14:22:34+00:00\",\"description\":\"Il dottor Mandrino risponde a tutte le domande sulla sostituzione totale dell'anca. Fissa un appuntamento online.\",\"breadcrumb\":{\"@id\":\"https:\/\/chirurgie-orthopedique.info\/it\/anatomia-dellanca\/total-hip-replacement\/questions-about-total-hip-replacement\/#breadcrumb\"},\"inLanguage\":\"it-IT\",\"potentialAction\":[{\"@type\":\"ReadAction\",\"target\":[\"https:\/\/chirurgie-orthopedique.info\/it\/anatomia-dellanca\/total-hip-replacement\/questions-about-total-hip-replacement\/\"]}]},{\"@type\":\"BreadcrumbList\",\"@id\":\"https:\/\/chirurgie-orthopedique.info\/it\/anatomia-dellanca\/total-hip-replacement\/questions-about-total-hip-replacement\/#breadcrumb\",\"itemListElement\":[{\"@type\":\"ListItem\",\"position\":1,\"name\":\"Accueil\",\"item\":\"https:\/\/chirurgie-orthopedique.info\/it\/\"},{\"@type\":\"ListItem\",\"position\":2,\"name\":\"Anatomia dell&#8217;anca\",\"item\":\"https:\/\/chirurgie-orthopedique.info\/it\/anatomia-dellanca\/\"},{\"@type\":\"ListItem\",\"position\":3,\"name\":\"Protesi totale\",\"item\":\"https:\/\/chirurgie-orthopedique.info\/it\/anatomia-dellanca\/total-hip-replacement\/\"},{\"@type\":\"ListItem\",\"position\":4,\"name\":\"Le tue domande sulla protesi d&#8217;anca\"}]},{\"@type\":\"WebSite\",\"@id\":\"https:\/\/chirurgie-orthopedique.info\/it\/#website\",\"url\":\"https:\/\/chirurgie-orthopedique.info\/it\/\",\"name\":\"Chirurgie Orthopedique, sp\u00e9cialiste du Genou, Hanche, Epaule \u00e0 Nice\",\"description\":\"Docteur Mandrino sp\u00e9cialis\u00e9 en chirurgie du genou, de la hanche et de l&#039; \u00e9paule \u00e0 Nice\",\"publisher\":{\"@id\":\"https:\/\/chirurgie-orthopedique.info\/it\/#organization\"},\"potentialAction\":[{\"@type\":\"SearchAction\",\"target\":{\"@type\":\"EntryPoint\",\"urlTemplate\":\"https:\/\/chirurgie-orthopedique.info\/it\/?s={search_term_string}\"},\"query-input\":{\"@type\":\"PropertyValueSpecification\",\"valueRequired\":true,\"valueName\":\"search_term_string\"}}],\"inLanguage\":\"it-IT\"},{\"@type\":\"Organization\",\"@id\":\"https:\/\/chirurgie-orthopedique.info\/it\/#organization\",\"name\":\"Dr Alain Mandrino chirurgie orthop\u00e9dique \u00e0 Nice\",\"url\":\"https:\/\/chirurgie-orthopedique.info\/it\/\",\"logo\":{\"@type\":\"ImageObject\",\"inLanguage\":\"it-IT\",\"@id\":\"https:\/\/chirurgie-orthopedique.info\/it\/#\/schema\/logo\/image\/\",\"url\":\"https:\/\/chirurgie-orthopedique.info\/wp-content\/uploads\/2017\/07\/dr-alain-mandrino-chirurgie-orthopedique-nice.png\",\"contentUrl\":\"https:\/\/chirurgie-orthopedique.info\/wp-content\/uploads\/2017\/07\/dr-alain-mandrino-chirurgie-orthopedique-nice.png\",\"width\":443,\"height\":230,\"caption\":\"Dr Alain Mandrino chirurgie orthop\u00e9dique \u00e0 Nice\"},\"image\":{\"@id\":\"https:\/\/chirurgie-orthopedique.info\/it\/#\/schema\/logo\/image\/\"},\"sameAs\":[\"https:\/\/www.facebook.com\/Dr.Mandrino\",\"https:\/\/www.instagram.com\/dralainmandrino\/\",\"https:\/\/www.youtube.com\/user\/amandrino\"]}]}<\/script>\n<!-- \/ Yoast SEO plugin. -->","yoast_head_json":{"title":"Le tue domande sulla protesi d'anca - Dottor Mandrino","description":"Il dottor Mandrino risponde a tutte le domande sulla sostituzione totale dell'anca. Fissa un appuntamento online.","robots":{"index":"index","follow":"follow","max-snippet":"max-snippet:-1","max-image-preview":"max-image-preview:large","max-video-preview":"max-video-preview:-1"},"canonical":"https:\/\/chirurgie-orthopedique.info\/it\/anatomia-dellanca\/total-hip-replacement\/questions-about-total-hip-replacement\/","og_locale":"it_IT","og_type":"article","og_title":"Le tue domande sulla protesi d'anca - Dottor Mandrino","og_description":"Il dottor Mandrino risponde a tutte le domande sulla sostituzione totale dell'anca. Fissa un appuntamento online.","og_url":"https:\/\/chirurgie-orthopedique.info\/it\/anatomia-dellanca\/total-hip-replacement\/questions-about-total-hip-replacement\/","og_site_name":"Chirurgie Orthopedique, sp\u00e9cialiste du Genou, Hanche, Epaule \u00e0 Nice","article_publisher":"https:\/\/www.facebook.com\/Dr.Mandrino","article_modified_time":"2021-05-04T14:22:34+00:00","og_image":[{"width":1921,"height":1100,"url":"https:\/\/chirurgie-orthopedique.info\/wp-content\/uploads\/2017\/07\/Chirurgie-du-genou-nice.jpg","type":"image\/jpeg"}],"twitter_card":"summary_large_image","twitter_misc":{"Tempo di lettura stimato":"2 minuti"},"schema":{"@context":"https:\/\/schema.org","@graph":[{"@type":"WebPage","@id":"https:\/\/chirurgie-orthopedique.info\/it\/anatomia-dellanca\/total-hip-replacement\/questions-about-total-hip-replacement\/","url":"https:\/\/chirurgie-orthopedique.info\/it\/anatomia-dellanca\/total-hip-replacement\/questions-about-total-hip-replacement\/","name":"Le tue domande sulla protesi d'anca - Dottor Mandrino","isPartOf":{"@id":"https:\/\/chirurgie-orthopedique.info\/it\/#website"},"datePublished":"2021-05-04T14:13:10+00:00","dateModified":"2021-05-04T14:22:34+00:00","description":"Il dottor Mandrino risponde a tutte le domande sulla sostituzione totale dell'anca. Fissa un appuntamento online.","breadcrumb":{"@id":"https:\/\/chirurgie-orthopedique.info\/it\/anatomia-dellanca\/total-hip-replacement\/questions-about-total-hip-replacement\/#breadcrumb"},"inLanguage":"it-IT","potentialAction":[{"@type":"ReadAction","target":["https:\/\/chirurgie-orthopedique.info\/it\/anatomia-dellanca\/total-hip-replacement\/questions-about-total-hip-replacement\/"]}]},{"@type":"BreadcrumbList","@id":"https:\/\/chirurgie-orthopedique.info\/it\/anatomia-dellanca\/total-hip-replacement\/questions-about-total-hip-replacement\/#breadcrumb","itemListElement":[{"@type":"ListItem","position":1,"name":"Accueil","item":"https:\/\/chirurgie-orthopedique.info\/it\/"},{"@type":"ListItem","position":2,"name":"Anatomia dell&#8217;anca","item":"https:\/\/chirurgie-orthopedique.info\/it\/anatomia-dellanca\/"},{"@type":"ListItem","position":3,"name":"Protesi totale","item":"https:\/\/chirurgie-orthopedique.info\/it\/anatomia-dellanca\/total-hip-replacement\/"},{"@type":"ListItem","position":4,"name":"Le tue domande sulla protesi d&#8217;anca"}]},{"@type":"WebSite","@id":"https:\/\/chirurgie-orthopedique.info\/it\/#website","url":"https:\/\/chirurgie-orthopedique.info\/it\/","name":"Chirurgie Orthopedique, sp\u00e9cialiste du Genou, Hanche, Epaule \u00e0 Nice","description":"Docteur Mandrino sp\u00e9cialis\u00e9 en chirurgie du genou, de la hanche et de l&#039; \u00e9paule \u00e0 Nice","publisher":{"@id":"https:\/\/chirurgie-orthopedique.info\/it\/#organization"},"potentialAction":[{"@type":"SearchAction","target":{"@type":"EntryPoint","urlTemplate":"https:\/\/chirurgie-orthopedique.info\/it\/?s={search_term_string}"},"query-input":{"@type":"PropertyValueSpecification","valueRequired":true,"valueName":"search_term_string"}}],"inLanguage":"it-IT"},{"@type":"Organization","@id":"https:\/\/chirurgie-orthopedique.info\/it\/#organization","name":"Dr Alain Mandrino chirurgie orthop\u00e9dique \u00e0 Nice","url":"https:\/\/chirurgie-orthopedique.info\/it\/","logo":{"@type":"ImageObject","inLanguage":"it-IT","@id":"https:\/\/chirurgie-orthopedique.info\/it\/#\/schema\/logo\/image\/","url":"https:\/\/chirurgie-orthopedique.info\/wp-content\/uploads\/2017\/07\/dr-alain-mandrino-chirurgie-orthopedique-nice.png","contentUrl":"https:\/\/chirurgie-orthopedique.info\/wp-content\/uploads\/2017\/07\/dr-alain-mandrino-chirurgie-orthopedique-nice.png","width":443,"height":230,"caption":"Dr Alain Mandrino chirurgie orthop\u00e9dique \u00e0 Nice"},"image":{"@id":"https:\/\/chirurgie-orthopedique.info\/it\/#\/schema\/logo\/image\/"},"sameAs":["https:\/\/www.facebook.com\/Dr.Mandrino","https:\/\/www.instagram.com\/dralainmandrino\/","https:\/\/www.youtube.com\/user\/amandrino"]}]}},"jetpack_sharing_enabled":true,"_links":{"self":[{"href":"https:\/\/chirurgie-orthopedique.info\/it\/wp-json\/wp\/v2\/pages\/8009","targetHints":{"allow":["GET"]}}],"collection":[{"href":"https:\/\/chirurgie-orthopedique.info\/it\/wp-json\/wp\/v2\/pages"}],"about":[{"href":"https:\/\/chirurgie-orthopedique.info\/it\/wp-json\/wp\/v2\/types\/page"}],"author":[{"embeddable":true,"href":"https:\/\/chirurgie-orthopedique.info\/it\/wp-json\/wp\/v2\/users\/1"}],"replies":[{"embeddable":true,"href":"https:\/\/chirurgie-orthopedique.info\/it\/wp-json\/wp\/v2\/comments?post=8009"}],"version-history":[{"count":0,"href":"https:\/\/chirurgie-orthopedique.info\/it\/wp-json\/wp\/v2\/pages\/8009\/revisions"}],"up":[{"embeddable":true,"href":"https:\/\/chirurgie-orthopedique.info\/it\/wp-json\/wp\/v2\/pages\/8001"}],"wp:attachment":[{"href":"https:\/\/chirurgie-orthopedique.info\/it\/wp-json\/wp\/v2\/media?parent=8009"}],"curies":[{"name":"wp","href":"https:\/\/api.w.org\/{rel}","templated":true}]}}