{"id":8017,"date":"2021-05-04T14:31:36","date_gmt":"2021-05-04T14:31:36","guid":{"rendered":"https:\/\/toty.fr\/wordpress\/?page_id=8017"},"modified":"2021-05-04T14:33:45","modified_gmt":"2021-05-04T14:33:45","slug":"shoulder-anatomy","status":"publish","type":"page","link":"https:\/\/chirurgie-orthopedique.info\/it\/shoulder-anatomy\/","title":{"rendered":"Anatomia della spalla"},"content":{"rendered":"<p>[vc_row][vc_column][vc_row_inner][vc_column_inner width=&#8221;1\/4&#8243;][\/vc_column_inner][vc_column_inner width=&#8221;1\/2&#8243;][vc_single_image image=&#8221;7530&#8243; img_size=&#8221;100&#215;100&#8243; alignment=&#8221;center&#8221; css=&#8221;.vc_custom_1618991472878{margin-top: 0px !important;margin-right: 20px !important;margin-bottom: 0px !important;margin-left: 20px !important;}&#8221;][\/vc_column_inner][vc_column_inner width=&#8221;1\/4&#8243;][\/vc_column_inner][\/vc_row_inner][vc_column_text css=&#8221;.vc_custom_1620138725974{margin-bottom: 10px !important;}&#8221;]<\/p>\n<h2 style=\"text-align: center;\">Anatomia della spalla<\/h2>\n<p>[\/vc_column_text][vc_separator color=&#8221;custom&#8221; style=&#8221;dotted&#8221; accent_color=&#8221;#2f3762&#8243; css=&#8221;.vc_custom_1618680006860{margin-top: 0px !important;}&#8221;][vc_column_text]<\/p>\n<p style=\"text-align: justify;\"><img decoding=\"async\" class=\"wp-image-7320 size-medium alignright\" title=\"Anatomie de l\u2019\u00e9paule\" src=\"https:\/\/chirurgie-orthopedique.info\/wp-content\/uploads\/2021\/04\/anatomie-epaule-300x240.jpg\" alt=\"Anatomie de l\u2019\u00e9paule\" width=\"300\" height=\"240\" srcset=\"https:\/\/chirurgie-orthopedique.info\/wp-content\/uploads\/2021\/04\/anatomie-epaule-300x240.jpg 300w, https:\/\/chirurgie-orthopedique.info\/wp-content\/uploads\/2021\/04\/anatomie-epaule-125x100.jpg 125w, https:\/\/chirurgie-orthopedique.info\/wp-content\/uploads\/2021\/04\/anatomie-epaule.jpg 359w\" sizes=\"(max-width: 300px) 100vw, 300px\" \/><\/p>\n<p style=\"text-align: justify;\"><strong>Anatomicamente l\u2019articolazione della spalla consente la giunzione del tronco con arti superiori.<\/strong> Ha diverse articolazioni che la rendono l&#8217;articolazione pi\u00f9 mobile del corpo umano,\u00a0 per questo facilmente instabile. Essa aiuta a guidare l&#8217;arto superiore nello spazio, con grandi archi di mobilit\u00e0 i tre piani dello spazio per specialmente la sua estremit\u00e0, in parte, assicurano i ruoli di presa e di comunicazione con l&#8217;ambiente nel campo di applicazione. Si articola con la testa dell&#8217;omero con la clavicola e la scapola.<\/p>\n<p style=\"text-align: justify;\">La scapola comprende due apofisi, l&#8217;acromion che cresce sopra la testa dell&#8217;omero e il processo coracoideo avanti e all&#8217;interno di esso. La testa dell&#8217;omero si articola con la cavit\u00e0 glenoidea della scapola che forma l&#8217;articolazione gleno-omerale.<\/p>\n<p style=\"text-align: justify;\">La mobilit\u00e0 dell&#8217;articolazione \u00e8 completata dalla mobilit\u00e0 dell&#8217;articolazione scapolo-toracica che permette alla lama di scorrere sulla parete toracica posteriore. La clavicola \u00e8 collegato alla lama mobile da una articolazione.<br \/>\nL&#8217;articolazione gleno-omerale \u00e8 l&#8217;articolazione principale della spalla \u00e8 stabilizzata da una fibro-cartilagine che circonda la glena, il bordo glenoideo e dei legamenti gleno-omerali.<\/p>\n<p>[\/vc_column_text][\/vc_column][\/vc_row]<\/p>\n","protected":false},"excerpt":{"rendered":"<p>[vc_row][vc_column][vc_row_inner][vc_column_inner width=&#8221;1\/4&#8243;][\/vc_column_inner][vc_column_inner width=&#8221;1\/2&#8243;][vc_single_image image=&#8221;7530&#8243; img_size=&#8221;100&#215;100&#8243; alignment=&#8221;center&#8221; css=&#8221;.vc_custom_1618991472878{margin-top: 0px !important;margin-right: 20px !important;margin-bottom: 0px !important;margin-left: 20px !important;}&#8221;][\/vc_column_inner][vc_column_inner width=&#8221;1\/4&#8243;][\/vc_column_inner][\/vc_row_inner][vc_column_text css=&#8221;.vc_custom_1620138725974{margin-bottom: 10px !important;}&#8221;] Anatomia della spalla [\/vc_column_text][vc_separator color=&#8221;custom&#8221; style=&#8221;dotted&#8221; accent_color=&#8221;#2f3762&#8243; css=&#8221;.vc_custom_1618680006860{margin-top: 0px !important;}&#8221;][vc_column_text] Anatomicamente l\u2019articolazione della spalla consente la giunzione del tronco con arti superiori. Ha diverse articolazioni che la rendono l&#8217;articolazione pi\u00f9 mobile del corpo umano,\u00a0 per questo facilmente instabile. Essa aiuta a guidare l&#8217;arto superiore nello spazio, con grandi archi di mobilit\u00e0 i tre piani dello spazio per specialmente la sua estremit\u00e0, in parte, assicurano i ruoli di presa e di comunicazione con l&#8217;ambiente nel campo di applicazione. Si articola con la testa dell&#8217;omero con la clavicola e la scapola. La scapola comprende due apofisi, l&#8217;acromion che cresce sopra la testa dell&#8217;omero e il processo coracoideo avanti e all&#8217;interno di esso. La testa dell&#8217;omero si articola con la cavit\u00e0 glenoidea della scapola che forma l&#8217;articolazione gleno-omerale. La mobilit\u00e0 dell&#8217;articolazione \u00e8 completata dalla [&hellip;]<\/p>\n","protected":false},"author":1,"featured_media":0,"parent":0,"menu_order":0,"comment_status":"closed","ping_status":"closed","template":"","meta":{"inline_featured_image":false,"footnotes":""},"class_list":["post-8017","page","type-page","status-publish","hentry"],"yoast_head":"<!-- This site is optimized with the Yoast SEO plugin v24.7 - https:\/\/yoast.com\/wordpress\/plugins\/seo\/ -->\n<title>Anatomia della spalla - chirurgia ortopedica - Nizza Francia<\/title>\n<meta name=\"description\" content=\"Anatomia della spalla - chirurgia ortopedica - Dottor Mandrino - Nizza Francia\" \/>\n<meta name=\"robots\" content=\"index, follow, max-snippet:-1, max-image-preview:large, max-video-preview:-1\" \/>\n<link rel=\"canonical\" href=\"https:\/\/chirurgie-orthopedique.info\/it\/shoulder-anatomy\/\" \/>\n<meta property=\"og:locale\" content=\"it_IT\" \/>\n<meta property=\"og:type\" content=\"article\" \/>\n<meta property=\"og:title\" content=\"Anatomia della spalla - chirurgia ortopedica - Nizza Francia\" \/>\n<meta property=\"og:description\" content=\"Anatomia della spalla - chirurgia ortopedica - Dottor Mandrino - Nizza Francia\" \/>\n<meta property=\"og:url\" content=\"https:\/\/chirurgie-orthopedique.info\/it\/shoulder-anatomy\/\" \/>\n<meta property=\"og:site_name\" content=\"Chirurgie Orthopedique, sp\u00e9cialiste du Genou, Hanche, Epaule \u00e0 Nice\" \/>\n<meta property=\"article:publisher\" content=\"https:\/\/www.facebook.com\/Dr.Mandrino\" \/>\n<meta property=\"article:modified_time\" content=\"2021-05-04T14:33:45+00:00\" \/>\n<meta property=\"og:image\" content=\"https:\/\/chirurgie-orthopedique.info\/wp-content\/uploads\/2021\/04\/anatomie-epaule-300x240.jpg\" \/>\n<meta name=\"twitter:card\" content=\"summary_large_image\" \/>\n<meta name=\"twitter:label1\" content=\"Tempo di lettura stimato\" \/>\n\t<meta name=\"twitter:data1\" content=\"2 minuti\" \/>\n<script type=\"application\/ld+json\" class=\"yoast-schema-graph\">{\"@context\":\"https:\/\/schema.org\",\"@graph\":[{\"@type\":\"WebPage\",\"@id\":\"https:\/\/chirurgie-orthopedique.info\/it\/shoulder-anatomy\/\",\"url\":\"https:\/\/chirurgie-orthopedique.info\/it\/shoulder-anatomy\/\",\"name\":\"Anatomia della spalla - chirurgia ortopedica - Nizza Francia\",\"isPartOf\":{\"@id\":\"https:\/\/chirurgie-orthopedique.info\/it\/#website\"},\"primaryImageOfPage\":{\"@id\":\"https:\/\/chirurgie-orthopedique.info\/it\/shoulder-anatomy\/#primaryimage\"},\"image\":{\"@id\":\"https:\/\/chirurgie-orthopedique.info\/it\/shoulder-anatomy\/#primaryimage\"},\"thumbnailUrl\":\"https:\/\/chirurgie-orthopedique.info\/wp-content\/uploads\/2021\/04\/anatomie-epaule-300x240.jpg\",\"datePublished\":\"2021-05-04T14:31:36+00:00\",\"dateModified\":\"2021-05-04T14:33:45+00:00\",\"description\":\"Anatomia della spalla - chirurgia ortopedica - Dottor Mandrino - Nizza Francia\",\"breadcrumb\":{\"@id\":\"https:\/\/chirurgie-orthopedique.info\/it\/shoulder-anatomy\/#breadcrumb\"},\"inLanguage\":\"it-IT\",\"potentialAction\":[{\"@type\":\"ReadAction\",\"target\":[\"https:\/\/chirurgie-orthopedique.info\/it\/shoulder-anatomy\/\"]}]},{\"@type\":\"ImageObject\",\"inLanguage\":\"it-IT\",\"@id\":\"https:\/\/chirurgie-orthopedique.info\/it\/shoulder-anatomy\/#primaryimage\",\"url\":\"https:\/\/chirurgie-orthopedique.info\/wp-content\/uploads\/2021\/04\/anatomie-epaule-300x240.jpg\",\"contentUrl\":\"https:\/\/chirurgie-orthopedique.info\/wp-content\/uploads\/2021\/04\/anatomie-epaule-300x240.jpg\"},{\"@type\":\"BreadcrumbList\",\"@id\":\"https:\/\/chirurgie-orthopedique.info\/it\/shoulder-anatomy\/#breadcrumb\",\"itemListElement\":[{\"@type\":\"ListItem\",\"position\":1,\"name\":\"Accueil\",\"item\":\"https:\/\/chirurgie-orthopedique.info\/it\/\"},{\"@type\":\"ListItem\",\"position\":2,\"name\":\"Anatomia della spalla\"}]},{\"@type\":\"WebSite\",\"@id\":\"https:\/\/chirurgie-orthopedique.info\/it\/#website\",\"url\":\"https:\/\/chirurgie-orthopedique.info\/it\/\",\"name\":\"Chirurgie Orthopedique, sp\u00e9cialiste du Genou, Hanche, Epaule \u00e0 Nice\",\"description\":\"Docteur Mandrino sp\u00e9cialis\u00e9 en chirurgie du genou, de la hanche et de l&#039; \u00e9paule \u00e0 Nice\",\"publisher\":{\"@id\":\"https:\/\/chirurgie-orthopedique.info\/it\/#organization\"},\"potentialAction\":[{\"@type\":\"SearchAction\",\"target\":{\"@type\":\"EntryPoint\",\"urlTemplate\":\"https:\/\/chirurgie-orthopedique.info\/it\/?s={search_term_string}\"},\"query-input\":{\"@type\":\"PropertyValueSpecification\",\"valueRequired\":true,\"valueName\":\"search_term_string\"}}],\"inLanguage\":\"it-IT\"},{\"@type\":\"Organization\",\"@id\":\"https:\/\/chirurgie-orthopedique.info\/it\/#organization\",\"name\":\"Dr Alain Mandrino chirurgie orthop\u00e9dique \u00e0 Nice\",\"url\":\"https:\/\/chirurgie-orthopedique.info\/it\/\",\"logo\":{\"@type\":\"ImageObject\",\"inLanguage\":\"it-IT\",\"@id\":\"https:\/\/chirurgie-orthopedique.info\/it\/#\/schema\/logo\/image\/\",\"url\":\"https:\/\/chirurgie-orthopedique.info\/wp-content\/uploads\/2017\/07\/dr-alain-mandrino-chirurgie-orthopedique-nice.png\",\"contentUrl\":\"https:\/\/chirurgie-orthopedique.info\/wp-content\/uploads\/2017\/07\/dr-alain-mandrino-chirurgie-orthopedique-nice.png\",\"width\":443,\"height\":230,\"caption\":\"Dr Alain Mandrino chirurgie orthop\u00e9dique \u00e0 Nice\"},\"image\":{\"@id\":\"https:\/\/chirurgie-orthopedique.info\/it\/#\/schema\/logo\/image\/\"},\"sameAs\":[\"https:\/\/www.facebook.com\/Dr.Mandrino\",\"https:\/\/www.instagram.com\/dralainmandrino\/\",\"https:\/\/www.youtube.com\/user\/amandrino\"]}]}<\/script>\n<!-- \/ Yoast SEO plugin. -->","yoast_head_json":{"title":"Anatomia della spalla - chirurgia ortopedica - Nizza Francia","description":"Anatomia della spalla - chirurgia ortopedica - Dottor Mandrino - Nizza Francia","robots":{"index":"index","follow":"follow","max-snippet":"max-snippet:-1","max-image-preview":"max-image-preview:large","max-video-preview":"max-video-preview:-1"},"canonical":"https:\/\/chirurgie-orthopedique.info\/it\/shoulder-anatomy\/","og_locale":"it_IT","og_type":"article","og_title":"Anatomia della spalla - chirurgia ortopedica - Nizza Francia","og_description":"Anatomia della spalla - chirurgia ortopedica - Dottor Mandrino - Nizza Francia","og_url":"https:\/\/chirurgie-orthopedique.info\/it\/shoulder-anatomy\/","og_site_name":"Chirurgie Orthopedique, sp\u00e9cialiste du Genou, Hanche, Epaule \u00e0 Nice","article_publisher":"https:\/\/www.facebook.com\/Dr.Mandrino","article_modified_time":"2021-05-04T14:33:45+00:00","og_image":[{"url":"https:\/\/chirurgie-orthopedique.info\/wp-content\/uploads\/2021\/04\/anatomie-epaule-300x240.jpg","type":"","width":"","height":""}],"twitter_card":"summary_large_image","twitter_misc":{"Tempo di lettura stimato":"2 minuti"},"schema":{"@context":"https:\/\/schema.org","@graph":[{"@type":"WebPage","@id":"https:\/\/chirurgie-orthopedique.info\/it\/shoulder-anatomy\/","url":"https:\/\/chirurgie-orthopedique.info\/it\/shoulder-anatomy\/","name":"Anatomia della spalla - chirurgia ortopedica - Nizza Francia","isPartOf":{"@id":"https:\/\/chirurgie-orthopedique.info\/it\/#website"},"primaryImageOfPage":{"@id":"https:\/\/chirurgie-orthopedique.info\/it\/shoulder-anatomy\/#primaryimage"},"image":{"@id":"https:\/\/chirurgie-orthopedique.info\/it\/shoulder-anatomy\/#primaryimage"},"thumbnailUrl":"https:\/\/chirurgie-orthopedique.info\/wp-content\/uploads\/2021\/04\/anatomie-epaule-300x240.jpg","datePublished":"2021-05-04T14:31:36+00:00","dateModified":"2021-05-04T14:33:45+00:00","description":"Anatomia della spalla - chirurgia ortopedica - Dottor Mandrino - Nizza Francia","breadcrumb":{"@id":"https:\/\/chirurgie-orthopedique.info\/it\/shoulder-anatomy\/#breadcrumb"},"inLanguage":"it-IT","potentialAction":[{"@type":"ReadAction","target":["https:\/\/chirurgie-orthopedique.info\/it\/shoulder-anatomy\/"]}]},{"@type":"ImageObject","inLanguage":"it-IT","@id":"https:\/\/chirurgie-orthopedique.info\/it\/shoulder-anatomy\/#primaryimage","url":"https:\/\/chirurgie-orthopedique.info\/wp-content\/uploads\/2021\/04\/anatomie-epaule-300x240.jpg","contentUrl":"https:\/\/chirurgie-orthopedique.info\/wp-content\/uploads\/2021\/04\/anatomie-epaule-300x240.jpg"},{"@type":"BreadcrumbList","@id":"https:\/\/chirurgie-orthopedique.info\/it\/shoulder-anatomy\/#breadcrumb","itemListElement":[{"@type":"ListItem","position":1,"name":"Accueil","item":"https:\/\/chirurgie-orthopedique.info\/it\/"},{"@type":"ListItem","position":2,"name":"Anatomia della spalla"}]},{"@type":"WebSite","@id":"https:\/\/chirurgie-orthopedique.info\/it\/#website","url":"https:\/\/chirurgie-orthopedique.info\/it\/","name":"Chirurgie Orthopedique, sp\u00e9cialiste du Genou, Hanche, Epaule \u00e0 Nice","description":"Docteur Mandrino sp\u00e9cialis\u00e9 en chirurgie du genou, de la hanche et de l&#039; \u00e9paule \u00e0 Nice","publisher":{"@id":"https:\/\/chirurgie-orthopedique.info\/it\/#organization"},"potentialAction":[{"@type":"SearchAction","target":{"@type":"EntryPoint","urlTemplate":"https:\/\/chirurgie-orthopedique.info\/it\/?s={search_term_string}"},"query-input":{"@type":"PropertyValueSpecification","valueRequired":true,"valueName":"search_term_string"}}],"inLanguage":"it-IT"},{"@type":"Organization","@id":"https:\/\/chirurgie-orthopedique.info\/it\/#organization","name":"Dr Alain Mandrino chirurgie orthop\u00e9dique \u00e0 Nice","url":"https:\/\/chirurgie-orthopedique.info\/it\/","logo":{"@type":"ImageObject","inLanguage":"it-IT","@id":"https:\/\/chirurgie-orthopedique.info\/it\/#\/schema\/logo\/image\/","url":"https:\/\/chirurgie-orthopedique.info\/wp-content\/uploads\/2017\/07\/dr-alain-mandrino-chirurgie-orthopedique-nice.png","contentUrl":"https:\/\/chirurgie-orthopedique.info\/wp-content\/uploads\/2017\/07\/dr-alain-mandrino-chirurgie-orthopedique-nice.png","width":443,"height":230,"caption":"Dr Alain Mandrino chirurgie orthop\u00e9dique \u00e0 Nice"},"image":{"@id":"https:\/\/chirurgie-orthopedique.info\/it\/#\/schema\/logo\/image\/"},"sameAs":["https:\/\/www.facebook.com\/Dr.Mandrino","https:\/\/www.instagram.com\/dralainmandrino\/","https:\/\/www.youtube.com\/user\/amandrino"]}]}},"jetpack_sharing_enabled":true,"_links":{"self":[{"href":"https:\/\/chirurgie-orthopedique.info\/it\/wp-json\/wp\/v2\/pages\/8017","targetHints":{"allow":["GET"]}}],"collection":[{"href":"https:\/\/chirurgie-orthopedique.info\/it\/wp-json\/wp\/v2\/pages"}],"about":[{"href":"https:\/\/chirurgie-orthopedique.info\/it\/wp-json\/wp\/v2\/types\/page"}],"author":[{"embeddable":true,"href":"https:\/\/chirurgie-orthopedique.info\/it\/wp-json\/wp\/v2\/users\/1"}],"replies":[{"embeddable":true,"href":"https:\/\/chirurgie-orthopedique.info\/it\/wp-json\/wp\/v2\/comments?post=8017"}],"version-history":[{"count":0,"href":"https:\/\/chirurgie-orthopedique.info\/it\/wp-json\/wp\/v2\/pages\/8017\/revisions"}],"wp:attachment":[{"href":"https:\/\/chirurgie-orthopedique.info\/it\/wp-json\/wp\/v2\/media?parent=8017"}],"curies":[{"name":"wp","href":"https:\/\/api.w.org\/{rel}","templated":true}]}}