{"id":8041,"date":"2021-05-04T15:23:02","date_gmt":"2021-05-04T15:23:02","guid":{"rendered":"https:\/\/toty.fr\/wordpress\/?page_id=8041"},"modified":"2021-05-04T15:28:37","modified_gmt":"2021-05-04T15:28:37","slug":"domanda-riguardo-cuffia-dei-rotatori","status":"publish","type":"page","link":"https:\/\/chirurgie-orthopedique.info\/it\/shoulder-anatomy\/riparazione-della-cuffia-dei-rotatori\/domanda-riguardo-cuffia-dei-rotatori\/","title":{"rendered":"Domanda riguardo cuffia dei rotatori"},"content":{"rendered":"<p>[vc_row][vc_column][vc_row_inner][vc_column_inner width=&#8221;1\/4&#8243;][\/vc_column_inner][vc_column_inner width=&#8221;1\/2&#8243;][vc_single_image image=&#8221;7530&#8243; img_size=&#8221;100&#215;100&#8243; alignment=&#8221;center&#8221; css=&#8221;.vc_custom_1618992548172{margin-top: 0px !important;margin-right: 20px !important;margin-bottom: 0px !important;margin-left: 20px !important;}&#8221;][\/vc_column_inner][vc_column_inner width=&#8221;1\/4&#8243;][\/vc_column_inner][\/vc_row_inner][vc_column_text css=&#8221;.vc_custom_1620141858847{margin-bottom: 10px !important;}&#8221;]<\/p>\n<h3 style=\"text-align: center;\">Domanda riguardo cuffia dei rotatori<\/h3>\n<p>[\/vc_column_text][vc_separator color=&#8221;custom&#8221; style=&#8221;dotted&#8221; accent_color=&#8221;#2f3762&#8243; css=&#8221;.vc_custom_1618682358889{margin-top: 0px !important;}&#8221;][vc_tta_accordion][vc_tta_section i_icon_fontawesome=&#8221;fas fa-arrow-circle-right&#8221; add_icon=&#8221;true&#8221; title=&#8221;Qual \u00e8 la durata del ricovero?&#8221; tab_id=&#8221;1618734116420-78feccc6-fbde&#8221;][vc_column_text]<\/p>\n<p style=\"text-align: justify;\">48 ore<\/p>\n<p>[\/vc_column_text][\/vc_tta_section][vc_tta_section i_icon_fontawesome=&#8221;fas fa-arrow-alt-circle-right&#8221; add_icon=&#8221;true&#8221; title=&#8221;Che tipo di anestesia?&#8221; tab_id=&#8221;1618685947673-2d6bfee2-36d6&#8243;][vc_column_text]<\/p>\n<p style=\"text-align: justify;\">Un anestesia regionale (interscalenico blocco) sar\u00e0 effettuata sotto guida ecografica dall&#8217;anestesista prima dell&#8217;intervento chirurgico per garantire analgesia intra e postoperatoria. Esso sar\u00e0 integrato da una leggera anestesia generale.<\/p>\n<p>[\/vc_column_text][\/vc_tta_section][vc_tta_section i_icon_fontawesome=&#8221;fas fa-arrow-alt-circle-right&#8221; add_icon=&#8221;true&#8221; title=&#8221;Quali sono gli immediato post-operatorio \u00a0?&#8221; tab_id=&#8221;1618734222502-49bff332-e34d&#8221;][vc_column_text]<\/p>\n<p style=\"text-align: justify;\">L&#8217;arto superiore \u00e8 immobilizzata per sei settimane con un corpo collare o rapimento in bose e l&#8217;importanza della retrazione della rottura. Un ritorno alla vita normale &#8220;di base&#8221; non pu\u00f2 essere considerato fino a quando non prima di otto settimane dall&#8217;intervento. La riabilitazione deve essere iniziato al pi\u00f9 presto possibile ed eseguito regolarmente.<\/p>\n<p>[\/vc_column_text][\/vc_tta_section][vc_tta_section i_icon_fontawesome=&#8221;fas fa-arrow-alt-circle-right&#8221; add_icon=&#8221;true&#8221; title=&#8221;Le complicanze sono loro possibili \u00a0?&#8221; tab_id=&#8221;1618686103251-ec0ff90c-2f75&#8243;][vc_column_text]<\/p>\n<p style=\"text-align: justify;\">Ematomi e infezioni possono verificarsi a seguito dell&#8217;intervento. Rigidit\u00e0 della riabilitazione articolare o ritardata \u00e8 possibile, soprattutto se il paziente presenta nella suite capsulite adesiva. Iterativo cuffia dei rotatori piccola dimensione pu\u00f2 verificarsi anche pi\u00f9 frequentemente di rottura e degenerazione del tendine \u00e8 stato significativo in fase preoperatoria.<\/p>\n<p>[\/vc_column_text][\/vc_tta_section][\/vc_tta_accordion][\/vc_column][\/vc_row]<\/p>\n","protected":false},"excerpt":{"rendered":"<p>[vc_row][vc_column][vc_row_inner][vc_column_inner width=&#8221;1\/4&#8243;][\/vc_column_inner][vc_column_inner width=&#8221;1\/2&#8243;][vc_single_image image=&#8221;7530&#8243; img_size=&#8221;100&#215;100&#8243; alignment=&#8221;center&#8221; css=&#8221;.vc_custom_1618992548172{margin-top: 0px !important;margin-right: 20px !important;margin-bottom: 0px !important;margin-left: 20px !important;}&#8221;][\/vc_column_inner][vc_column_inner width=&#8221;1\/4&#8243;][\/vc_column_inner][\/vc_row_inner][vc_column_text css=&#8221;.vc_custom_1620141858847{margin-bottom: 10px !important;}&#8221;] Domanda riguardo cuffia dei rotatori [\/vc_column_text][vc_separator color=&#8221;custom&#8221; style=&#8221;dotted&#8221; accent_color=&#8221;#2f3762&#8243; css=&#8221;.vc_custom_1618682358889{margin-top: 0px !important;}&#8221;][vc_tta_accordion][vc_tta_section i_icon_fontawesome=&#8221;fas fa-arrow-circle-right&#8221; add_icon=&#8221;true&#8221; title=&#8221;Qual \u00e8 la durata del ricovero?&#8221; tab_id=&#8221;1618734116420-78feccc6-fbde&#8221;][vc_column_text] 48 ore [\/vc_column_text][\/vc_tta_section][vc_tta_section i_icon_fontawesome=&#8221;fas fa-arrow-alt-circle-right&#8221; add_icon=&#8221;true&#8221; title=&#8221;Che tipo di anestesia?&#8221; tab_id=&#8221;1618685947673-2d6bfee2-36d6&#8243;][vc_column_text] Un anestesia regionale (interscalenico blocco) sar\u00e0 effettuata sotto guida ecografica dall&#8217;anestesista prima dell&#8217;intervento chirurgico per garantire analgesia intra e postoperatoria. Esso sar\u00e0 integrato da una leggera anestesia generale. [\/vc_column_text][\/vc_tta_section][vc_tta_section i_icon_fontawesome=&#8221;fas fa-arrow-alt-circle-right&#8221; add_icon=&#8221;true&#8221; title=&#8221;Quali sono gli immediato post-operatorio \u00a0?&#8221; tab_id=&#8221;1618734222502-49bff332-e34d&#8221;][vc_column_text] L&#8217;arto superiore \u00e8 immobilizzata per sei settimane con un corpo collare o rapimento in bose e l&#8217;importanza della retrazione della rottura. Un ritorno alla vita normale &#8220;di base&#8221; non pu\u00f2 essere considerato fino a quando non prima di otto settimane dall&#8217;intervento. La riabilitazione deve essere iniziato al pi\u00f9 presto possibile ed eseguito regolarmente. [\/vc_column_text][\/vc_tta_section][vc_tta_section i_icon_fontawesome=&#8221;fas fa-arrow-alt-circle-right&#8221; add_icon=&#8221;true&#8221; title=&#8221;Le complicanze [&hellip;]<\/p>\n","protected":false},"author":1,"featured_media":0,"parent":8033,"menu_order":0,"comment_status":"closed","ping_status":"closed","template":"","meta":{"inline_featured_image":false,"footnotes":""},"class_list":["post-8041","page","type-page","status-publish","hentry"],"yoast_head":"<!-- This site is optimized with the Yoast SEO plugin v24.7 - https:\/\/yoast.com\/wordpress\/plugins\/seo\/ -->\n<title>Domanda riguardo cuffia dei rotatori - Dr Mandrino in Nizza<\/title>\n<meta name=\"description\" content=\"Il dottor Mandrino risponde a domande riguardo cuffia dei rotatori - Dottor Mandrino\" \/>\n<meta name=\"robots\" content=\"index, follow, max-snippet:-1, max-image-preview:large, max-video-preview:-1\" \/>\n<link rel=\"canonical\" href=\"https:\/\/chirurgie-orthopedique.info\/it\/shoulder-anatomy\/riparazione-della-cuffia-dei-rotatori\/domanda-riguardo-cuffia-dei-rotatori\/\" \/>\n<meta property=\"og:locale\" content=\"it_IT\" \/>\n<meta property=\"og:type\" content=\"article\" \/>\n<meta property=\"og:title\" content=\"Domanda riguardo cuffia dei rotatori - Dr Mandrino in Nizza\" \/>\n<meta property=\"og:description\" content=\"Il dottor Mandrino risponde a domande riguardo cuffia dei rotatori - Dottor Mandrino\" \/>\n<meta property=\"og:url\" content=\"https:\/\/chirurgie-orthopedique.info\/it\/shoulder-anatomy\/riparazione-della-cuffia-dei-rotatori\/domanda-riguardo-cuffia-dei-rotatori\/\" \/>\n<meta property=\"og:site_name\" content=\"Chirurgie Orthopedique, sp\u00e9cialiste du Genou, Hanche, Epaule \u00e0 Nice\" \/>\n<meta property=\"article:publisher\" content=\"https:\/\/www.facebook.com\/Dr.Mandrino\" \/>\n<meta property=\"article:modified_time\" content=\"2021-05-04T15:28:37+00:00\" \/>\n<meta property=\"og:image\" content=\"https:\/\/chirurgie-orthopedique.info\/wp-content\/uploads\/2017\/07\/Chirurgie-du-genou-nice.jpg\" \/>\n\t<meta property=\"og:image:width\" content=\"1921\" \/>\n\t<meta property=\"og:image:height\" content=\"1100\" \/>\n\t<meta property=\"og:image:type\" content=\"image\/jpeg\" \/>\n<meta name=\"twitter:card\" content=\"summary_large_image\" \/>\n<meta name=\"twitter:label1\" content=\"Tempo di lettura stimato\" \/>\n\t<meta name=\"twitter:data1\" content=\"1 minuto\" \/>\n<script type=\"application\/ld+json\" class=\"yoast-schema-graph\">{\"@context\":\"https:\/\/schema.org\",\"@graph\":[{\"@type\":\"WebPage\",\"@id\":\"https:\/\/chirurgie-orthopedique.info\/it\/shoulder-anatomy\/riparazione-della-cuffia-dei-rotatori\/domanda-riguardo-cuffia-dei-rotatori\/\",\"url\":\"https:\/\/chirurgie-orthopedique.info\/it\/shoulder-anatomy\/riparazione-della-cuffia-dei-rotatori\/domanda-riguardo-cuffia-dei-rotatori\/\",\"name\":\"Domanda riguardo cuffia dei rotatori - Dr Mandrino in Nizza\",\"isPartOf\":{\"@id\":\"https:\/\/chirurgie-orthopedique.info\/it\/#website\"},\"datePublished\":\"2021-05-04T15:23:02+00:00\",\"dateModified\":\"2021-05-04T15:28:37+00:00\",\"description\":\"Il dottor Mandrino risponde a domande riguardo cuffia dei rotatori - Dottor Mandrino\",\"breadcrumb\":{\"@id\":\"https:\/\/chirurgie-orthopedique.info\/it\/shoulder-anatomy\/riparazione-della-cuffia-dei-rotatori\/domanda-riguardo-cuffia-dei-rotatori\/#breadcrumb\"},\"inLanguage\":\"it-IT\",\"potentialAction\":[{\"@type\":\"ReadAction\",\"target\":[\"https:\/\/chirurgie-orthopedique.info\/it\/shoulder-anatomy\/riparazione-della-cuffia-dei-rotatori\/domanda-riguardo-cuffia-dei-rotatori\/\"]}]},{\"@type\":\"BreadcrumbList\",\"@id\":\"https:\/\/chirurgie-orthopedique.info\/it\/shoulder-anatomy\/riparazione-della-cuffia-dei-rotatori\/domanda-riguardo-cuffia-dei-rotatori\/#breadcrumb\",\"itemListElement\":[{\"@type\":\"ListItem\",\"position\":1,\"name\":\"Accueil\",\"item\":\"https:\/\/chirurgie-orthopedique.info\/it\/\"},{\"@type\":\"ListItem\",\"position\":2,\"name\":\"Anatomia della spalla\",\"item\":\"https:\/\/chirurgie-orthopedique.info\/it\/shoulder-anatomy\/\"},{\"@type\":\"ListItem\",\"position\":3,\"name\":\"Riparazione della cuffia dei rotatori\",\"item\":\"https:\/\/chirurgie-orthopedique.info\/it\/shoulder-anatomy\/riparazione-della-cuffia-dei-rotatori\/\"},{\"@type\":\"ListItem\",\"position\":4,\"name\":\"Domanda riguardo cuffia dei rotatori\"}]},{\"@type\":\"WebSite\",\"@id\":\"https:\/\/chirurgie-orthopedique.info\/it\/#website\",\"url\":\"https:\/\/chirurgie-orthopedique.info\/it\/\",\"name\":\"Chirurgie Orthopedique, sp\u00e9cialiste du Genou, Hanche, Epaule \u00e0 Nice\",\"description\":\"Docteur Mandrino sp\u00e9cialis\u00e9 en chirurgie du genou, de la hanche et de l&#039; \u00e9paule \u00e0 Nice\",\"publisher\":{\"@id\":\"https:\/\/chirurgie-orthopedique.info\/it\/#organization\"},\"potentialAction\":[{\"@type\":\"SearchAction\",\"target\":{\"@type\":\"EntryPoint\",\"urlTemplate\":\"https:\/\/chirurgie-orthopedique.info\/it\/?s={search_term_string}\"},\"query-input\":{\"@type\":\"PropertyValueSpecification\",\"valueRequired\":true,\"valueName\":\"search_term_string\"}}],\"inLanguage\":\"it-IT\"},{\"@type\":\"Organization\",\"@id\":\"https:\/\/chirurgie-orthopedique.info\/it\/#organization\",\"name\":\"Dr Alain Mandrino chirurgie orthop\u00e9dique \u00e0 Nice\",\"url\":\"https:\/\/chirurgie-orthopedique.info\/it\/\",\"logo\":{\"@type\":\"ImageObject\",\"inLanguage\":\"it-IT\",\"@id\":\"https:\/\/chirurgie-orthopedique.info\/it\/#\/schema\/logo\/image\/\",\"url\":\"https:\/\/chirurgie-orthopedique.info\/wp-content\/uploads\/2017\/07\/dr-alain-mandrino-chirurgie-orthopedique-nice.png\",\"contentUrl\":\"https:\/\/chirurgie-orthopedique.info\/wp-content\/uploads\/2017\/07\/dr-alain-mandrino-chirurgie-orthopedique-nice.png\",\"width\":443,\"height\":230,\"caption\":\"Dr Alain Mandrino chirurgie orthop\u00e9dique \u00e0 Nice\"},\"image\":{\"@id\":\"https:\/\/chirurgie-orthopedique.info\/it\/#\/schema\/logo\/image\/\"},\"sameAs\":[\"https:\/\/www.facebook.com\/Dr.Mandrino\",\"https:\/\/www.instagram.com\/dralainmandrino\/\",\"https:\/\/www.youtube.com\/user\/amandrino\"]}]}<\/script>\n<!-- \/ Yoast SEO plugin. -->","yoast_head_json":{"title":"Domanda riguardo cuffia dei rotatori - Dr Mandrino in Nizza","description":"Il dottor Mandrino risponde a domande riguardo cuffia dei rotatori - Dottor Mandrino","robots":{"index":"index","follow":"follow","max-snippet":"max-snippet:-1","max-image-preview":"max-image-preview:large","max-video-preview":"max-video-preview:-1"},"canonical":"https:\/\/chirurgie-orthopedique.info\/it\/shoulder-anatomy\/riparazione-della-cuffia-dei-rotatori\/domanda-riguardo-cuffia-dei-rotatori\/","og_locale":"it_IT","og_type":"article","og_title":"Domanda riguardo cuffia dei rotatori - Dr Mandrino in Nizza","og_description":"Il dottor Mandrino risponde a domande riguardo cuffia dei rotatori - Dottor Mandrino","og_url":"https:\/\/chirurgie-orthopedique.info\/it\/shoulder-anatomy\/riparazione-della-cuffia-dei-rotatori\/domanda-riguardo-cuffia-dei-rotatori\/","og_site_name":"Chirurgie Orthopedique, sp\u00e9cialiste du Genou, Hanche, Epaule \u00e0 Nice","article_publisher":"https:\/\/www.facebook.com\/Dr.Mandrino","article_modified_time":"2021-05-04T15:28:37+00:00","og_image":[{"width":1921,"height":1100,"url":"https:\/\/chirurgie-orthopedique.info\/wp-content\/uploads\/2017\/07\/Chirurgie-du-genou-nice.jpg","type":"image\/jpeg"}],"twitter_card":"summary_large_image","twitter_misc":{"Tempo di lettura stimato":"1 minuto"},"schema":{"@context":"https:\/\/schema.org","@graph":[{"@type":"WebPage","@id":"https:\/\/chirurgie-orthopedique.info\/it\/shoulder-anatomy\/riparazione-della-cuffia-dei-rotatori\/domanda-riguardo-cuffia-dei-rotatori\/","url":"https:\/\/chirurgie-orthopedique.info\/it\/shoulder-anatomy\/riparazione-della-cuffia-dei-rotatori\/domanda-riguardo-cuffia-dei-rotatori\/","name":"Domanda riguardo cuffia dei rotatori - Dr Mandrino in Nizza","isPartOf":{"@id":"https:\/\/chirurgie-orthopedique.info\/it\/#website"},"datePublished":"2021-05-04T15:23:02+00:00","dateModified":"2021-05-04T15:28:37+00:00","description":"Il dottor Mandrino risponde a domande riguardo cuffia dei rotatori - Dottor Mandrino","breadcrumb":{"@id":"https:\/\/chirurgie-orthopedique.info\/it\/shoulder-anatomy\/riparazione-della-cuffia-dei-rotatori\/domanda-riguardo-cuffia-dei-rotatori\/#breadcrumb"},"inLanguage":"it-IT","potentialAction":[{"@type":"ReadAction","target":["https:\/\/chirurgie-orthopedique.info\/it\/shoulder-anatomy\/riparazione-della-cuffia-dei-rotatori\/domanda-riguardo-cuffia-dei-rotatori\/"]}]},{"@type":"BreadcrumbList","@id":"https:\/\/chirurgie-orthopedique.info\/it\/shoulder-anatomy\/riparazione-della-cuffia-dei-rotatori\/domanda-riguardo-cuffia-dei-rotatori\/#breadcrumb","itemListElement":[{"@type":"ListItem","position":1,"name":"Accueil","item":"https:\/\/chirurgie-orthopedique.info\/it\/"},{"@type":"ListItem","position":2,"name":"Anatomia della spalla","item":"https:\/\/chirurgie-orthopedique.info\/it\/shoulder-anatomy\/"},{"@type":"ListItem","position":3,"name":"Riparazione della cuffia dei rotatori","item":"https:\/\/chirurgie-orthopedique.info\/it\/shoulder-anatomy\/riparazione-della-cuffia-dei-rotatori\/"},{"@type":"ListItem","position":4,"name":"Domanda riguardo cuffia dei rotatori"}]},{"@type":"WebSite","@id":"https:\/\/chirurgie-orthopedique.info\/it\/#website","url":"https:\/\/chirurgie-orthopedique.info\/it\/","name":"Chirurgie Orthopedique, sp\u00e9cialiste du Genou, Hanche, Epaule \u00e0 Nice","description":"Docteur Mandrino sp\u00e9cialis\u00e9 en chirurgie du genou, de la hanche et de l&#039; \u00e9paule \u00e0 Nice","publisher":{"@id":"https:\/\/chirurgie-orthopedique.info\/it\/#organization"},"potentialAction":[{"@type":"SearchAction","target":{"@type":"EntryPoint","urlTemplate":"https:\/\/chirurgie-orthopedique.info\/it\/?s={search_term_string}"},"query-input":{"@type":"PropertyValueSpecification","valueRequired":true,"valueName":"search_term_string"}}],"inLanguage":"it-IT"},{"@type":"Organization","@id":"https:\/\/chirurgie-orthopedique.info\/it\/#organization","name":"Dr Alain Mandrino chirurgie orthop\u00e9dique \u00e0 Nice","url":"https:\/\/chirurgie-orthopedique.info\/it\/","logo":{"@type":"ImageObject","inLanguage":"it-IT","@id":"https:\/\/chirurgie-orthopedique.info\/it\/#\/schema\/logo\/image\/","url":"https:\/\/chirurgie-orthopedique.info\/wp-content\/uploads\/2017\/07\/dr-alain-mandrino-chirurgie-orthopedique-nice.png","contentUrl":"https:\/\/chirurgie-orthopedique.info\/wp-content\/uploads\/2017\/07\/dr-alain-mandrino-chirurgie-orthopedique-nice.png","width":443,"height":230,"caption":"Dr Alain Mandrino chirurgie orthop\u00e9dique \u00e0 Nice"},"image":{"@id":"https:\/\/chirurgie-orthopedique.info\/it\/#\/schema\/logo\/image\/"},"sameAs":["https:\/\/www.facebook.com\/Dr.Mandrino","https:\/\/www.instagram.com\/dralainmandrino\/","https:\/\/www.youtube.com\/user\/amandrino"]}]}},"jetpack_sharing_enabled":true,"_links":{"self":[{"href":"https:\/\/chirurgie-orthopedique.info\/it\/wp-json\/wp\/v2\/pages\/8041","targetHints":{"allow":["GET"]}}],"collection":[{"href":"https:\/\/chirurgie-orthopedique.info\/it\/wp-json\/wp\/v2\/pages"}],"about":[{"href":"https:\/\/chirurgie-orthopedique.info\/it\/wp-json\/wp\/v2\/types\/page"}],"author":[{"embeddable":true,"href":"https:\/\/chirurgie-orthopedique.info\/it\/wp-json\/wp\/v2\/users\/1"}],"replies":[{"embeddable":true,"href":"https:\/\/chirurgie-orthopedique.info\/it\/wp-json\/wp\/v2\/comments?post=8041"}],"version-history":[{"count":0,"href":"https:\/\/chirurgie-orthopedique.info\/it\/wp-json\/wp\/v2\/pages\/8041\/revisions"}],"up":[{"embeddable":true,"href":"https:\/\/chirurgie-orthopedique.info\/it\/wp-json\/wp\/v2\/pages\/8033"}],"wp:attachment":[{"href":"https:\/\/chirurgie-orthopedique.info\/it\/wp-json\/wp\/v2\/media?parent=8041"}],"curies":[{"name":"wp","href":"https:\/\/api.w.org\/{rel}","templated":true}]}}