{"id":8049,"date":"2021-05-04T15:35:53","date_gmt":"2021-05-04T15:35:53","guid":{"rendered":"https:\/\/toty.fr\/wordpress\/?page_id=8049"},"modified":"2021-05-04T15:38:12","modified_gmt":"2021-05-04T15:38:12","slug":"anatomia-e-fisiopatologia-del-ginocchio","status":"publish","type":"page","link":"https:\/\/chirurgie-orthopedique.info\/it\/anatomia-e-fisiopatologia-del-ginocchio\/","title":{"rendered":"Anatomia e fisiopatologia del ginocchio"},"content":{"rendered":"<p>[vc_row][vc_column][vc_row_inner][vc_column_inner width=&#8221;1\/4&#8243;][\/vc_column_inner][vc_column_inner width=&#8221;1\/2&#8243;][vc_single_image image=&#8221;7536&#8243; img_size=&#8221;100&#215;100&#8243; alignment=&#8221;center&#8221; css=&#8221;.vc_custom_1618991419350{margin-top: 0px !important;margin-right: 20px !important;margin-bottom: 0px !important;margin-left: 20px !important;}&#8221;][\/vc_column_inner][vc_column_inner width=&#8221;1\/4&#8243;][\/vc_column_inner][\/vc_row_inner][vc_column_text css=&#8221;.vc_custom_1620142583949{margin-bottom: 10px !important;}&#8221;]<\/p>\n<h2 style=\"text-align: center;\">Anatomia e fisiopatologia del ginocchio<\/h2>\n<p>[\/vc_column_text][vc_separator color=&#8221;custom&#8221; style=&#8221;dotted&#8221; accent_color=&#8221;#2f3762&#8243; css=&#8221;.vc_custom_1618680006860{margin-top: 0px !important;}&#8221;][vc_column_text]<\/p>\n<p style=\"text-align: justify;\"><b>L&#8217;articolazione del ginocchio offre la connessione tra la tibia (osso della gamba inferiore) e femore (osso della coscia).<\/b><br \/>\nA livello operativo, \u00e8 la pi\u00f9 complessa articolazione del corpo umano. Si tratta di tre ossa: <b>il femore, tibia e rotula,<\/b>attraverso tre articolazioni, l&#8217;articolazione femoro-rotulea e la doppia articolazione femoro-tibiale.<\/p>\n<p style=\"text-align: justify;\">La <b>cartilagine<\/b> (tessuto elastico fine) garantisce movimenti fluidi ginocchio. Protegge l&#8217;osso e fa in modo che le superfici articolari scorrano facilmente l\u2019una contro l&#8217;altra. Il ginocchio contiene due tipi di cartilagine articolare: cartilagine fibrosa (menisco) e cartilagine ialina. La cartilagine si consuma nel tempo, ma anche in termini di utilizzo ed ha una limitata capacit\u00e0 di rigenerare. La sua capacit\u00e0 rigenerativa bassa \u00e8 dovuta all&#8217;assenza di vasi sanguigni. Il tessuto cicatriziale che sostituisce quando la lesione consiste principalmente di cartilagine fibrosa di qualit\u00e0 inferiore rispetto alla cartilagine ialina originale.<\/p>\n<p>[\/vc_column_text][vc_single_image image=&#8221;7133&#8243; img_size=&#8221;full&#8221; alignment=&#8221;center&#8221; style=&#8221;vc_box_outline&#8221; border_color=&#8221;blue&#8221;][vc_column_text]<\/p>\n<p style=\"text-align: justify;\"><b>Strato di cartilagine pu\u00f2 continuare a consumarsi e portare gradualmente all\u2019osteoartrite.<\/b> Questo \u00e8 il meccanismo pi\u00f9 comune, anche se questa lesione pu\u00f2 essere dovuta ad un trauma in et\u00e0 giovanile e da attivit\u00e0 atletica. Tale usura pu\u00f2 essere promossa da vari fattori artrogenetici (microtraumi ripetuti, in sovrappeso, un grande movimento degli arti inferiori in varo o valgo, lassit\u00e0 legamentosa cronica e vecchia, tra cui postumi traumatici di frattura che coinvolge le superfici articolari) o malattia locale (osteonecrosi del condilo femorale) o generale come reumatismi infiammatori.<\/p>\n<p style=\"text-align: justify;\">L\u2019articolazione \u00e8 circondata da una membrana, la membrana sinoviale, che prevede la secrezione del liquido articolare. Questa membrana pu\u00f2 essere il sito d\u2019infiammazione secondaria a una disfunzione articolare (lesione del menisco, lesioni della cartilagine &#8230;) o di una malattia autonoma (tumore benigno della sinoviale come le sinoviti Villo nodulari o le ost\u00e9ocondromatosi).<\/p>\n<p>[\/vc_column_text][\/vc_column][\/vc_row]<\/p>\n","protected":false},"excerpt":{"rendered":"<p>[vc_row][vc_column][vc_row_inner][vc_column_inner width=&#8221;1\/4&#8243;][\/vc_column_inner][vc_column_inner width=&#8221;1\/2&#8243;][vc_single_image image=&#8221;7536&#8243; img_size=&#8221;100&#215;100&#8243; alignment=&#8221;center&#8221; css=&#8221;.vc_custom_1618991419350{margin-top: 0px !important;margin-right: 20px !important;margin-bottom: 0px !important;margin-left: 20px !important;}&#8221;][\/vc_column_inner][vc_column_inner width=&#8221;1\/4&#8243;][\/vc_column_inner][\/vc_row_inner][vc_column_text css=&#8221;.vc_custom_1620142583949{margin-bottom: 10px !important;}&#8221;] Anatomia e fisiopatologia del ginocchio [\/vc_column_text][vc_separator color=&#8221;custom&#8221; style=&#8221;dotted&#8221; accent_color=&#8221;#2f3762&#8243; css=&#8221;.vc_custom_1618680006860{margin-top: 0px !important;}&#8221;][vc_column_text] L&#8217;articolazione del ginocchio offre la connessione tra la tibia (osso della gamba inferiore) e femore (osso della coscia). A livello operativo, \u00e8 la pi\u00f9 complessa articolazione del corpo umano. Si tratta di tre ossa: il femore, tibia e rotula,attraverso tre articolazioni, l&#8217;articolazione femoro-rotulea e la doppia articolazione femoro-tibiale. La cartilagine (tessuto elastico fine) garantisce movimenti fluidi ginocchio. Protegge l&#8217;osso e fa in modo che le superfici articolari scorrano facilmente l\u2019una contro l&#8217;altra. Il ginocchio contiene due tipi di cartilagine articolare: cartilagine fibrosa (menisco) e cartilagine ialina. La cartilagine si consuma nel tempo, ma anche in termini di utilizzo ed ha una limitata capacit\u00e0 di rigenerare. La sua capacit\u00e0 rigenerativa bassa \u00e8 dovuta all&#8217;assenza di vasi sanguigni. Il tessuto cicatriziale [&hellip;]<\/p>\n","protected":false},"author":1,"featured_media":0,"parent":0,"menu_order":0,"comment_status":"closed","ping_status":"closed","template":"","meta":{"inline_featured_image":false,"footnotes":""},"class_list":["post-8049","page","type-page","status-publish","hentry"],"yoast_head":"<!-- This site is optimized with the Yoast SEO plugin v24.7 - https:\/\/yoast.com\/wordpress\/plugins\/seo\/ -->\n<title>Dr. Alain Mandrino - anatomia e fisiopatologia del ginocchio<\/title>\n<meta name=\"description\" content=\"Dr. Alain Mandrino - anatomia e fisiopatologia della genouDocteur Alain Mandrino Chirurgo Ortopedico a Nizza\" \/>\n<meta name=\"robots\" content=\"index, follow, max-snippet:-1, max-image-preview:large, max-video-preview:-1\" \/>\n<link rel=\"canonical\" href=\"https:\/\/chirurgie-orthopedique.info\/it\/anatomia-e-fisiopatologia-del-ginocchio\/\" \/>\n<meta property=\"og:locale\" content=\"it_IT\" \/>\n<meta property=\"og:type\" content=\"article\" \/>\n<meta property=\"og:title\" content=\"Dr. Alain Mandrino - anatomia e fisiopatologia del ginocchio\" \/>\n<meta property=\"og:description\" content=\"Dr. Alain Mandrino - anatomia e fisiopatologia della genouDocteur Alain Mandrino Chirurgo Ortopedico a Nizza\" \/>\n<meta property=\"og:url\" content=\"https:\/\/chirurgie-orthopedique.info\/it\/anatomia-e-fisiopatologia-del-ginocchio\/\" \/>\n<meta property=\"og:site_name\" content=\"Chirurgie Orthopedique, sp\u00e9cialiste du Genou, Hanche, Epaule \u00e0 Nice\" \/>\n<meta property=\"article:publisher\" content=\"https:\/\/www.facebook.com\/Dr.Mandrino\" \/>\n<meta property=\"article:modified_time\" content=\"2021-05-04T15:38:12+00:00\" \/>\n<meta property=\"og:image\" content=\"https:\/\/chirurgie-orthopedique.info\/wp-content\/uploads\/2017\/07\/Chirurgie-du-genou-nice.jpg\" \/>\n\t<meta property=\"og:image:width\" content=\"1921\" \/>\n\t<meta property=\"og:image:height\" content=\"1100\" \/>\n\t<meta property=\"og:image:type\" content=\"image\/jpeg\" \/>\n<meta name=\"twitter:card\" content=\"summary_large_image\" \/>\n<meta name=\"twitter:label1\" content=\"Tempo di lettura stimato\" \/>\n\t<meta name=\"twitter:data1\" content=\"2 minuti\" \/>\n<script type=\"application\/ld+json\" class=\"yoast-schema-graph\">{\"@context\":\"https:\/\/schema.org\",\"@graph\":[{\"@type\":\"WebPage\",\"@id\":\"https:\/\/chirurgie-orthopedique.info\/it\/anatomia-e-fisiopatologia-del-ginocchio\/\",\"url\":\"https:\/\/chirurgie-orthopedique.info\/it\/anatomia-e-fisiopatologia-del-ginocchio\/\",\"name\":\"Dr. Alain Mandrino - anatomia e fisiopatologia del ginocchio\",\"isPartOf\":{\"@id\":\"https:\/\/chirurgie-orthopedique.info\/it\/#website\"},\"datePublished\":\"2021-05-04T15:35:53+00:00\",\"dateModified\":\"2021-05-04T15:38:12+00:00\",\"description\":\"Dr. Alain Mandrino - anatomia e fisiopatologia della genouDocteur Alain Mandrino Chirurgo Ortopedico a Nizza\",\"breadcrumb\":{\"@id\":\"https:\/\/chirurgie-orthopedique.info\/it\/anatomia-e-fisiopatologia-del-ginocchio\/#breadcrumb\"},\"inLanguage\":\"it-IT\",\"potentialAction\":[{\"@type\":\"ReadAction\",\"target\":[\"https:\/\/chirurgie-orthopedique.info\/it\/anatomia-e-fisiopatologia-del-ginocchio\/\"]}]},{\"@type\":\"BreadcrumbList\",\"@id\":\"https:\/\/chirurgie-orthopedique.info\/it\/anatomia-e-fisiopatologia-del-ginocchio\/#breadcrumb\",\"itemListElement\":[{\"@type\":\"ListItem\",\"position\":1,\"name\":\"Accueil\",\"item\":\"https:\/\/chirurgie-orthopedique.info\/it\/\"},{\"@type\":\"ListItem\",\"position\":2,\"name\":\"Anatomia e fisiopatologia del ginocchio\"}]},{\"@type\":\"WebSite\",\"@id\":\"https:\/\/chirurgie-orthopedique.info\/it\/#website\",\"url\":\"https:\/\/chirurgie-orthopedique.info\/it\/\",\"name\":\"Chirurgie Orthopedique, sp\u00e9cialiste du Genou, Hanche, Epaule \u00e0 Nice\",\"description\":\"Docteur Mandrino sp\u00e9cialis\u00e9 en chirurgie du genou, de la hanche et de l&#039; \u00e9paule \u00e0 Nice\",\"publisher\":{\"@id\":\"https:\/\/chirurgie-orthopedique.info\/it\/#organization\"},\"potentialAction\":[{\"@type\":\"SearchAction\",\"target\":{\"@type\":\"EntryPoint\",\"urlTemplate\":\"https:\/\/chirurgie-orthopedique.info\/it\/?s={search_term_string}\"},\"query-input\":{\"@type\":\"PropertyValueSpecification\",\"valueRequired\":true,\"valueName\":\"search_term_string\"}}],\"inLanguage\":\"it-IT\"},{\"@type\":\"Organization\",\"@id\":\"https:\/\/chirurgie-orthopedique.info\/it\/#organization\",\"name\":\"Dr Alain Mandrino chirurgie orthop\u00e9dique \u00e0 Nice\",\"url\":\"https:\/\/chirurgie-orthopedique.info\/it\/\",\"logo\":{\"@type\":\"ImageObject\",\"inLanguage\":\"it-IT\",\"@id\":\"https:\/\/chirurgie-orthopedique.info\/it\/#\/schema\/logo\/image\/\",\"url\":\"https:\/\/chirurgie-orthopedique.info\/wp-content\/uploads\/2017\/07\/dr-alain-mandrino-chirurgie-orthopedique-nice.png\",\"contentUrl\":\"https:\/\/chirurgie-orthopedique.info\/wp-content\/uploads\/2017\/07\/dr-alain-mandrino-chirurgie-orthopedique-nice.png\",\"width\":443,\"height\":230,\"caption\":\"Dr Alain Mandrino chirurgie orthop\u00e9dique \u00e0 Nice\"},\"image\":{\"@id\":\"https:\/\/chirurgie-orthopedique.info\/it\/#\/schema\/logo\/image\/\"},\"sameAs\":[\"https:\/\/www.facebook.com\/Dr.Mandrino\",\"https:\/\/www.instagram.com\/dralainmandrino\/\",\"https:\/\/www.youtube.com\/user\/amandrino\"]}]}<\/script>\n<!-- \/ Yoast SEO plugin. -->","yoast_head_json":{"title":"Dr. Alain Mandrino - anatomia e fisiopatologia del ginocchio","description":"Dr. Alain Mandrino - anatomia e fisiopatologia della genouDocteur Alain Mandrino Chirurgo Ortopedico a Nizza","robots":{"index":"index","follow":"follow","max-snippet":"max-snippet:-1","max-image-preview":"max-image-preview:large","max-video-preview":"max-video-preview:-1"},"canonical":"https:\/\/chirurgie-orthopedique.info\/it\/anatomia-e-fisiopatologia-del-ginocchio\/","og_locale":"it_IT","og_type":"article","og_title":"Dr. Alain Mandrino - anatomia e fisiopatologia del ginocchio","og_description":"Dr. Alain Mandrino - anatomia e fisiopatologia della genouDocteur Alain Mandrino Chirurgo Ortopedico a Nizza","og_url":"https:\/\/chirurgie-orthopedique.info\/it\/anatomia-e-fisiopatologia-del-ginocchio\/","og_site_name":"Chirurgie Orthopedique, sp\u00e9cialiste du Genou, Hanche, Epaule \u00e0 Nice","article_publisher":"https:\/\/www.facebook.com\/Dr.Mandrino","article_modified_time":"2021-05-04T15:38:12+00:00","og_image":[{"width":1921,"height":1100,"url":"https:\/\/chirurgie-orthopedique.info\/wp-content\/uploads\/2017\/07\/Chirurgie-du-genou-nice.jpg","type":"image\/jpeg"}],"twitter_card":"summary_large_image","twitter_misc":{"Tempo di lettura stimato":"2 minuti"},"schema":{"@context":"https:\/\/schema.org","@graph":[{"@type":"WebPage","@id":"https:\/\/chirurgie-orthopedique.info\/it\/anatomia-e-fisiopatologia-del-ginocchio\/","url":"https:\/\/chirurgie-orthopedique.info\/it\/anatomia-e-fisiopatologia-del-ginocchio\/","name":"Dr. Alain Mandrino - anatomia e fisiopatologia del ginocchio","isPartOf":{"@id":"https:\/\/chirurgie-orthopedique.info\/it\/#website"},"datePublished":"2021-05-04T15:35:53+00:00","dateModified":"2021-05-04T15:38:12+00:00","description":"Dr. Alain Mandrino - anatomia e fisiopatologia della genouDocteur Alain Mandrino Chirurgo Ortopedico a Nizza","breadcrumb":{"@id":"https:\/\/chirurgie-orthopedique.info\/it\/anatomia-e-fisiopatologia-del-ginocchio\/#breadcrumb"},"inLanguage":"it-IT","potentialAction":[{"@type":"ReadAction","target":["https:\/\/chirurgie-orthopedique.info\/it\/anatomia-e-fisiopatologia-del-ginocchio\/"]}]},{"@type":"BreadcrumbList","@id":"https:\/\/chirurgie-orthopedique.info\/it\/anatomia-e-fisiopatologia-del-ginocchio\/#breadcrumb","itemListElement":[{"@type":"ListItem","position":1,"name":"Accueil","item":"https:\/\/chirurgie-orthopedique.info\/it\/"},{"@type":"ListItem","position":2,"name":"Anatomia e fisiopatologia del ginocchio"}]},{"@type":"WebSite","@id":"https:\/\/chirurgie-orthopedique.info\/it\/#website","url":"https:\/\/chirurgie-orthopedique.info\/it\/","name":"Chirurgie Orthopedique, sp\u00e9cialiste du Genou, Hanche, Epaule \u00e0 Nice","description":"Docteur Mandrino sp\u00e9cialis\u00e9 en chirurgie du genou, de la hanche et de l&#039; \u00e9paule \u00e0 Nice","publisher":{"@id":"https:\/\/chirurgie-orthopedique.info\/it\/#organization"},"potentialAction":[{"@type":"SearchAction","target":{"@type":"EntryPoint","urlTemplate":"https:\/\/chirurgie-orthopedique.info\/it\/?s={search_term_string}"},"query-input":{"@type":"PropertyValueSpecification","valueRequired":true,"valueName":"search_term_string"}}],"inLanguage":"it-IT"},{"@type":"Organization","@id":"https:\/\/chirurgie-orthopedique.info\/it\/#organization","name":"Dr Alain Mandrino chirurgie orthop\u00e9dique \u00e0 Nice","url":"https:\/\/chirurgie-orthopedique.info\/it\/","logo":{"@type":"ImageObject","inLanguage":"it-IT","@id":"https:\/\/chirurgie-orthopedique.info\/it\/#\/schema\/logo\/image\/","url":"https:\/\/chirurgie-orthopedique.info\/wp-content\/uploads\/2017\/07\/dr-alain-mandrino-chirurgie-orthopedique-nice.png","contentUrl":"https:\/\/chirurgie-orthopedique.info\/wp-content\/uploads\/2017\/07\/dr-alain-mandrino-chirurgie-orthopedique-nice.png","width":443,"height":230,"caption":"Dr Alain Mandrino chirurgie orthop\u00e9dique \u00e0 Nice"},"image":{"@id":"https:\/\/chirurgie-orthopedique.info\/it\/#\/schema\/logo\/image\/"},"sameAs":["https:\/\/www.facebook.com\/Dr.Mandrino","https:\/\/www.instagram.com\/dralainmandrino\/","https:\/\/www.youtube.com\/user\/amandrino"]}]}},"jetpack_sharing_enabled":true,"_links":{"self":[{"href":"https:\/\/chirurgie-orthopedique.info\/it\/wp-json\/wp\/v2\/pages\/8049","targetHints":{"allow":["GET"]}}],"collection":[{"href":"https:\/\/chirurgie-orthopedique.info\/it\/wp-json\/wp\/v2\/pages"}],"about":[{"href":"https:\/\/chirurgie-orthopedique.info\/it\/wp-json\/wp\/v2\/types\/page"}],"author":[{"embeddable":true,"href":"https:\/\/chirurgie-orthopedique.info\/it\/wp-json\/wp\/v2\/users\/1"}],"replies":[{"embeddable":true,"href":"https:\/\/chirurgie-orthopedique.info\/it\/wp-json\/wp\/v2\/comments?post=8049"}],"version-history":[{"count":0,"href":"https:\/\/chirurgie-orthopedique.info\/it\/wp-json\/wp\/v2\/pages\/8049\/revisions"}],"wp:attachment":[{"href":"https:\/\/chirurgie-orthopedique.info\/it\/wp-json\/wp\/v2\/media?parent=8049"}],"curies":[{"name":"wp","href":"https:\/\/api.w.org\/{rel}","templated":true}]}}