{"id":8058,"date":"2021-05-04T15:51:15","date_gmt":"2021-05-04T15:51:15","guid":{"rendered":"https:\/\/toty.fr\/wordpress\/?page_id=8058"},"modified":"2021-05-10T16:03:13","modified_gmt":"2021-05-10T16:03:13","slug":"chirurgia-artroscopica-del-menisco","status":"publish","type":"page","link":"https:\/\/chirurgie-orthopedique.info\/it\/anatomia-e-fisiopatologia-del-ginocchio\/chirurgia-artroscopica-del-menisco\/","title":{"rendered":"Chirurgia artroscopica del menisco"},"content":{"rendered":"<p>[vc_row][vc_column][vc_row_inner][vc_column_inner][vc_single_image image=&#8221;8655&#8243; img_size=&#8221;100&#215;100&#8243; alignment=&#8221;center&#8221; css=&#8221;.vc_custom_1618842796168{margin-top: 0px !important;margin-right: 20px !important;margin-bottom: 0px !important;margin-left: 20px !important;}&#8221;][\/vc_column_inner][\/vc_row_inner][vc_column_text css=&#8221;.vc_custom_1620143508460{margin-bottom: 10px !important;}&#8221;]<\/p>\n<h2 style=\"text-align: center;\">Chirurgia artroscopica del menisco<\/h2>\n<p>[\/vc_column_text][vc_separator color=&#8221;custom&#8221; style=&#8221;dotted&#8221; accent_color=&#8221;#2f3762&#8243; css=&#8221;.vc_custom_1618682358889{margin-top: 0px !important;}&#8221;][vc_column_text]<\/p>\n<p style=\"text-align: justify;\"><b>I menischi del ginocchio possono essere influenzati a qualsiasi et\u00e0.<\/b> Tra i pazienti pi\u00f9 giovani, le lesioni pi\u00f9 spesso si verificano a seguito di traumi sportivi (trauma torsione), o per sollecitazioni ripetute flessione (piastrellisti posizione accovacciata). \u00a0Se<b>trattamento di una lesione meniscale \u00e8 l&#8217;indicazione pi\u00f9 comune per artroscopia ginocchio.<\/b><\/p>\n<p style=\"text-align: justify;\">Esistono due menischi: <b>. interno (MI) ed esterno (ME)<\/b> Hanno la forma di mezzaluna posti sulla periferia delle superfici articolari della tibia. Essi sono attaccati alla tibia per i corni anteriori e posteriori, e sono attaccati alla periferia della capsula. Loro sezione triangolare fornendo un cuneo interposto tra il femore e la tibia. Questi sono fibrocartilagine elastica che non pu\u00f2 essere visto nelle radiografie.<br \/>\nScavano la superficie tibiale, aumentando cos\u00ec la superficie di contatto tibio-femorale e consentono un migliore adattamento delle superfici articolari e stabilit\u00e0 che aiuta a distribuire la pressione e assorbire sollecitazioni eccessive che si verificano durante l&#8217;esercizio. L\u2019artroscopia \u00e8 una procedura minimamente invasiva che permette di esplorare l&#8217;interno di un giunto mediante fibra ottica chiamato un artroscopio pochi millimetri di diametro, collegato ad una telecamera che proietta l&#8217;immagine su uno schermo televisivo esterno.<br \/>\n<strong>Dell&#8217;artroscopio<\/strong> viene inserito nel ginocchio da pi\u00f9 porte (2-4) piccoli (5 mm di media). Artroscopia non \u00e8 una procedura diagnostica semplice ma permette la produzione di procedure intra-articolari.<br \/>\n<strong>Chirurgia artroscopica<\/strong> come tecnica operatoria mininvasiva ora ai metodi standard d\u2019intervento in chirurgia articolare. Quando il menisco \u00e8 danneggiato, quasi mai guarisce spontaneamente. \u00c8 pertanto necessario operare sia la sutura o di cancellare, a seconda della misura e del tipo di danno.<\/p>\n<p>[\/vc_column_text][vc_column_text]<\/p>\n<h3 style=\"text-align: justify;\"><strong>1-\u00a0<b>Sutura<\/b> :<\/strong><\/h3>\n<p style=\"text-align: justify;\"><strong>La sutura \u00e8 possibile solo nei giovani e se la lesione \u00e8 situata nella porzione vascolare periferica del menisco.<\/strong> Menischi con condizione degenerativa dei pazienti non possono essere suturati. Sono possibili due tipi di sutura, o al di fuori del comune con aghi e filo vengono recuperati da un primo percorso per la cravatta supplementare al di fuori del comune, o la sutura \u00e8 fatta interamente da dentro dell\u2019articolazione. E \u2018quindi necessario un particolare materiale di sutura (in genere un cavo supportato su piccola ancora intra-meniscale.)<br \/>\n<b>Dopo una sutura \u00e8 possibile mobilitare il ginocchio il giorno dopo e camminare con il supporto con l\u2019ausilio di una stampella che si terr\u00e0 per quattro settimane. Recupero di flessione sar\u00e0 limitato generalmente a 90 \u00b0 durante le prime tre settimane. Esso si blocca il ginocchio e ricevere la terapia anticoagulante per dieci giorni. Recupero Sport non sar\u00e0 considerato fino a tre mesi post-operatori.\u00a0<\/b>L\u2019incapacit\u00e0 di suture tasso \u00e8 del 25%.<\/p>\n<p>[\/vc_column_text][vc_column_text]<\/p>\n<h3 style=\"text-align: left;\"><strong>2-\u00a0<b>Resezione<\/b> :<\/strong><\/h3>\n<p style=\"text-align: left;\">La resezione utilizza pinze a mano o roditori motorizzati (rasoi), cercando di essere il pi\u00f9 efficiente possibile. <b>Dopo questa procedura, \u00e8 possibile aumentare immediatamente il ginocchio, supporto e piedi sono ammessi.<br \/>\nNessuna attivit\u00e0 \u00e8 vietata, ma \u00e8 consigliabile rimanere a riposo, e di applicare ghiaccio al ginocchio per tre o quattro giorni. Riabilitazione in centro di fisioterapia sar\u00e0 avviata subito dopo l\u2019intervento.<br \/>\nLa ripresa delle attivit\u00e0 sedentarie di base \u00e8 possibile entro una settimana, ma la vita quotidiana normale e jogging in genere richiedono 3-4 settimane.<\/b><br \/>\nSe il danno della cartilagine trovato e corretto in artroscopia secondariamente causare dolore residuo, allora possiamo trattarli con iniezione intra-articolare di acido ialuronico (di solito un\u2019iniezione a settimana per 3 settimane), chiamato anche viscosupplementatione.<\/p>\n<p>[\/vc_column_text][\/vc_column][\/vc_row]<\/p>\n","protected":false},"excerpt":{"rendered":"<p>[vc_row][vc_column][vc_row_inner][vc_column_inner][vc_single_image image=&#8221;8655&#8243; img_size=&#8221;100&#215;100&#8243; alignment=&#8221;center&#8221; css=&#8221;.vc_custom_1618842796168{margin-top: 0px !important;margin-right: 20px !important;margin-bottom: 0px !important;margin-left: 20px !important;}&#8221;][\/vc_column_inner][\/vc_row_inner][vc_column_text css=&#8221;.vc_custom_1620143508460{margin-bottom: 10px !important;}&#8221;] Chirurgia artroscopica del menisco [\/vc_column_text][vc_separator color=&#8221;custom&#8221; style=&#8221;dotted&#8221; accent_color=&#8221;#2f3762&#8243; css=&#8221;.vc_custom_1618682358889{margin-top: 0px !important;}&#8221;][vc_column_text] I menischi del ginocchio possono essere influenzati a qualsiasi et\u00e0. Tra i pazienti pi\u00f9 giovani, le lesioni pi\u00f9 spesso si verificano a seguito di traumi sportivi (trauma torsione), o per sollecitazioni ripetute flessione (piastrellisti posizione accovacciata). \u00a0Setrattamento di una lesione meniscale \u00e8 l&#8217;indicazione pi\u00f9 comune per artroscopia ginocchio. Esistono due menischi: . interno (MI) ed esterno (ME) Hanno la forma di mezzaluna posti sulla periferia delle superfici articolari della tibia. Essi sono attaccati alla tibia per i corni anteriori e posteriori, e sono attaccati alla periferia della capsula. Loro sezione triangolare fornendo un cuneo interposto tra il femore e la tibia. Questi sono fibrocartilagine elastica che non pu\u00f2 essere visto nelle radiografie. Scavano la superficie tibiale, aumentando cos\u00ec la superficie di contatto tibio-femorale [&hellip;]<\/p>\n","protected":false},"author":1,"featured_media":0,"parent":8049,"menu_order":0,"comment_status":"closed","ping_status":"closed","template":"","meta":{"inline_featured_image":false,"footnotes":""},"class_list":["post-8058","page","type-page","status-publish","hentry"],"yoast_head":"<!-- This site is optimized with the Yoast SEO plugin v24.7 - https:\/\/yoast.com\/wordpress\/plugins\/seo\/ -->\n<title>Chirurgia artroscopica del menisco - Chirurgia Nissa Francia<\/title>\n<meta name=\"description\" content=\"Chirurgia artroscopica del menisco : Il trattamento di lesioni del menisco di artroscopia del ginocchio - Dr. Alain Mandrino\" \/>\n<meta name=\"robots\" content=\"index, follow, max-snippet:-1, max-image-preview:large, max-video-preview:-1\" \/>\n<link rel=\"canonical\" href=\"https:\/\/chirurgie-orthopedique.info\/it\/anatomia-e-fisiopatologia-del-ginocchio\/chirurgia-artroscopica-del-menisco\/\" \/>\n<meta property=\"og:locale\" content=\"it_IT\" \/>\n<meta property=\"og:type\" content=\"article\" \/>\n<meta property=\"og:title\" content=\"Chirurgia artroscopica del menisco - Chirurgia Nissa Francia\" \/>\n<meta property=\"og:description\" content=\"Chirurgia artroscopica del menisco : Il trattamento di lesioni del menisco di artroscopia del ginocchio - Dr. Alain Mandrino\" \/>\n<meta property=\"og:url\" content=\"https:\/\/chirurgie-orthopedique.info\/it\/anatomia-e-fisiopatologia-del-ginocchio\/chirurgia-artroscopica-del-menisco\/\" \/>\n<meta property=\"og:site_name\" content=\"Chirurgie Orthopedique, sp\u00e9cialiste du Genou, Hanche, Epaule \u00e0 Nice\" \/>\n<meta property=\"article:publisher\" content=\"https:\/\/www.facebook.com\/Dr.Mandrino\" \/>\n<meta property=\"article:modified_time\" content=\"2021-05-10T16:03:13+00:00\" \/>\n<meta property=\"og:image\" content=\"https:\/\/chirurgie-orthopedique.info\/wp-content\/uploads\/2017\/07\/Chirurgie-du-genou-nice.jpg\" \/>\n\t<meta property=\"og:image:width\" content=\"1921\" \/>\n\t<meta property=\"og:image:height\" content=\"1100\" \/>\n\t<meta property=\"og:image:type\" content=\"image\/jpeg\" \/>\n<meta name=\"twitter:card\" content=\"summary_large_image\" \/>\n<meta name=\"twitter:label1\" content=\"Tempo di lettura stimato\" \/>\n\t<meta name=\"twitter:data1\" content=\"3 minuti\" \/>\n<script type=\"application\/ld+json\" class=\"yoast-schema-graph\">{\"@context\":\"https:\/\/schema.org\",\"@graph\":[{\"@type\":\"WebPage\",\"@id\":\"https:\/\/chirurgie-orthopedique.info\/it\/anatomia-e-fisiopatologia-del-ginocchio\/chirurgia-artroscopica-del-menisco\/\",\"url\":\"https:\/\/chirurgie-orthopedique.info\/it\/anatomia-e-fisiopatologia-del-ginocchio\/chirurgia-artroscopica-del-menisco\/\",\"name\":\"Chirurgia artroscopica del menisco - Chirurgia Nissa Francia\",\"isPartOf\":{\"@id\":\"https:\/\/chirurgie-orthopedique.info\/it\/#website\"},\"datePublished\":\"2021-05-04T15:51:15+00:00\",\"dateModified\":\"2021-05-10T16:03:13+00:00\",\"description\":\"Chirurgia artroscopica del menisco : Il trattamento di lesioni del menisco di artroscopia del ginocchio - Dr. Alain Mandrino\",\"breadcrumb\":{\"@id\":\"https:\/\/chirurgie-orthopedique.info\/it\/anatomia-e-fisiopatologia-del-ginocchio\/chirurgia-artroscopica-del-menisco\/#breadcrumb\"},\"inLanguage\":\"it-IT\",\"potentialAction\":[{\"@type\":\"ReadAction\",\"target\":[\"https:\/\/chirurgie-orthopedique.info\/it\/anatomia-e-fisiopatologia-del-ginocchio\/chirurgia-artroscopica-del-menisco\/\"]}]},{\"@type\":\"BreadcrumbList\",\"@id\":\"https:\/\/chirurgie-orthopedique.info\/it\/anatomia-e-fisiopatologia-del-ginocchio\/chirurgia-artroscopica-del-menisco\/#breadcrumb\",\"itemListElement\":[{\"@type\":\"ListItem\",\"position\":1,\"name\":\"Accueil\",\"item\":\"https:\/\/chirurgie-orthopedique.info\/it\/\"},{\"@type\":\"ListItem\",\"position\":2,\"name\":\"Anatomia e fisiopatologia del ginocchio\",\"item\":\"https:\/\/chirurgie-orthopedique.info\/it\/anatomia-e-fisiopatologia-del-ginocchio\/\"},{\"@type\":\"ListItem\",\"position\":3,\"name\":\"Chirurgia artroscopica del menisco\"}]},{\"@type\":\"WebSite\",\"@id\":\"https:\/\/chirurgie-orthopedique.info\/it\/#website\",\"url\":\"https:\/\/chirurgie-orthopedique.info\/it\/\",\"name\":\"Chirurgie Orthopedique, sp\u00e9cialiste du Genou, Hanche, Epaule \u00e0 Nice\",\"description\":\"Docteur Mandrino sp\u00e9cialis\u00e9 en chirurgie du genou, de la hanche et de l&#039; \u00e9paule \u00e0 Nice\",\"publisher\":{\"@id\":\"https:\/\/chirurgie-orthopedique.info\/it\/#organization\"},\"potentialAction\":[{\"@type\":\"SearchAction\",\"target\":{\"@type\":\"EntryPoint\",\"urlTemplate\":\"https:\/\/chirurgie-orthopedique.info\/it\/?s={search_term_string}\"},\"query-input\":{\"@type\":\"PropertyValueSpecification\",\"valueRequired\":true,\"valueName\":\"search_term_string\"}}],\"inLanguage\":\"it-IT\"},{\"@type\":\"Organization\",\"@id\":\"https:\/\/chirurgie-orthopedique.info\/it\/#organization\",\"name\":\"Dr Alain Mandrino chirurgie orthop\u00e9dique \u00e0 Nice\",\"url\":\"https:\/\/chirurgie-orthopedique.info\/it\/\",\"logo\":{\"@type\":\"ImageObject\",\"inLanguage\":\"it-IT\",\"@id\":\"https:\/\/chirurgie-orthopedique.info\/it\/#\/schema\/logo\/image\/\",\"url\":\"https:\/\/chirurgie-orthopedique.info\/wp-content\/uploads\/2017\/07\/dr-alain-mandrino-chirurgie-orthopedique-nice.png\",\"contentUrl\":\"https:\/\/chirurgie-orthopedique.info\/wp-content\/uploads\/2017\/07\/dr-alain-mandrino-chirurgie-orthopedique-nice.png\",\"width\":443,\"height\":230,\"caption\":\"Dr Alain Mandrino chirurgie orthop\u00e9dique \u00e0 Nice\"},\"image\":{\"@id\":\"https:\/\/chirurgie-orthopedique.info\/it\/#\/schema\/logo\/image\/\"},\"sameAs\":[\"https:\/\/www.facebook.com\/Dr.Mandrino\",\"https:\/\/www.instagram.com\/dralainmandrino\/\",\"https:\/\/www.youtube.com\/user\/amandrino\"]}]}<\/script>\n<!-- \/ Yoast SEO plugin. -->","yoast_head_json":{"title":"Chirurgia artroscopica del menisco - Chirurgia Nissa Francia","description":"Chirurgia artroscopica del menisco : Il trattamento di lesioni del menisco di artroscopia del ginocchio - Dr. Alain Mandrino","robots":{"index":"index","follow":"follow","max-snippet":"max-snippet:-1","max-image-preview":"max-image-preview:large","max-video-preview":"max-video-preview:-1"},"canonical":"https:\/\/chirurgie-orthopedique.info\/it\/anatomia-e-fisiopatologia-del-ginocchio\/chirurgia-artroscopica-del-menisco\/","og_locale":"it_IT","og_type":"article","og_title":"Chirurgia artroscopica del menisco - Chirurgia Nissa Francia","og_description":"Chirurgia artroscopica del menisco : Il trattamento di lesioni del menisco di artroscopia del ginocchio - Dr. Alain Mandrino","og_url":"https:\/\/chirurgie-orthopedique.info\/it\/anatomia-e-fisiopatologia-del-ginocchio\/chirurgia-artroscopica-del-menisco\/","og_site_name":"Chirurgie Orthopedique, sp\u00e9cialiste du Genou, Hanche, Epaule \u00e0 Nice","article_publisher":"https:\/\/www.facebook.com\/Dr.Mandrino","article_modified_time":"2021-05-10T16:03:13+00:00","og_image":[{"width":1921,"height":1100,"url":"https:\/\/chirurgie-orthopedique.info\/wp-content\/uploads\/2017\/07\/Chirurgie-du-genou-nice.jpg","type":"image\/jpeg"}],"twitter_card":"summary_large_image","twitter_misc":{"Tempo di lettura stimato":"3 minuti"},"schema":{"@context":"https:\/\/schema.org","@graph":[{"@type":"WebPage","@id":"https:\/\/chirurgie-orthopedique.info\/it\/anatomia-e-fisiopatologia-del-ginocchio\/chirurgia-artroscopica-del-menisco\/","url":"https:\/\/chirurgie-orthopedique.info\/it\/anatomia-e-fisiopatologia-del-ginocchio\/chirurgia-artroscopica-del-menisco\/","name":"Chirurgia artroscopica del menisco - Chirurgia Nissa Francia","isPartOf":{"@id":"https:\/\/chirurgie-orthopedique.info\/it\/#website"},"datePublished":"2021-05-04T15:51:15+00:00","dateModified":"2021-05-10T16:03:13+00:00","description":"Chirurgia artroscopica del menisco : Il trattamento di lesioni del menisco di artroscopia del ginocchio - Dr. Alain Mandrino","breadcrumb":{"@id":"https:\/\/chirurgie-orthopedique.info\/it\/anatomia-e-fisiopatologia-del-ginocchio\/chirurgia-artroscopica-del-menisco\/#breadcrumb"},"inLanguage":"it-IT","potentialAction":[{"@type":"ReadAction","target":["https:\/\/chirurgie-orthopedique.info\/it\/anatomia-e-fisiopatologia-del-ginocchio\/chirurgia-artroscopica-del-menisco\/"]}]},{"@type":"BreadcrumbList","@id":"https:\/\/chirurgie-orthopedique.info\/it\/anatomia-e-fisiopatologia-del-ginocchio\/chirurgia-artroscopica-del-menisco\/#breadcrumb","itemListElement":[{"@type":"ListItem","position":1,"name":"Accueil","item":"https:\/\/chirurgie-orthopedique.info\/it\/"},{"@type":"ListItem","position":2,"name":"Anatomia e fisiopatologia del ginocchio","item":"https:\/\/chirurgie-orthopedique.info\/it\/anatomia-e-fisiopatologia-del-ginocchio\/"},{"@type":"ListItem","position":3,"name":"Chirurgia artroscopica del menisco"}]},{"@type":"WebSite","@id":"https:\/\/chirurgie-orthopedique.info\/it\/#website","url":"https:\/\/chirurgie-orthopedique.info\/it\/","name":"Chirurgie Orthopedique, sp\u00e9cialiste du Genou, Hanche, Epaule \u00e0 Nice","description":"Docteur Mandrino sp\u00e9cialis\u00e9 en chirurgie du genou, de la hanche et de l&#039; \u00e9paule \u00e0 Nice","publisher":{"@id":"https:\/\/chirurgie-orthopedique.info\/it\/#organization"},"potentialAction":[{"@type":"SearchAction","target":{"@type":"EntryPoint","urlTemplate":"https:\/\/chirurgie-orthopedique.info\/it\/?s={search_term_string}"},"query-input":{"@type":"PropertyValueSpecification","valueRequired":true,"valueName":"search_term_string"}}],"inLanguage":"it-IT"},{"@type":"Organization","@id":"https:\/\/chirurgie-orthopedique.info\/it\/#organization","name":"Dr Alain Mandrino chirurgie orthop\u00e9dique \u00e0 Nice","url":"https:\/\/chirurgie-orthopedique.info\/it\/","logo":{"@type":"ImageObject","inLanguage":"it-IT","@id":"https:\/\/chirurgie-orthopedique.info\/it\/#\/schema\/logo\/image\/","url":"https:\/\/chirurgie-orthopedique.info\/wp-content\/uploads\/2017\/07\/dr-alain-mandrino-chirurgie-orthopedique-nice.png","contentUrl":"https:\/\/chirurgie-orthopedique.info\/wp-content\/uploads\/2017\/07\/dr-alain-mandrino-chirurgie-orthopedique-nice.png","width":443,"height":230,"caption":"Dr Alain Mandrino chirurgie orthop\u00e9dique \u00e0 Nice"},"image":{"@id":"https:\/\/chirurgie-orthopedique.info\/it\/#\/schema\/logo\/image\/"},"sameAs":["https:\/\/www.facebook.com\/Dr.Mandrino","https:\/\/www.instagram.com\/dralainmandrino\/","https:\/\/www.youtube.com\/user\/amandrino"]}]}},"jetpack_sharing_enabled":true,"_links":{"self":[{"href":"https:\/\/chirurgie-orthopedique.info\/it\/wp-json\/wp\/v2\/pages\/8058","targetHints":{"allow":["GET"]}}],"collection":[{"href":"https:\/\/chirurgie-orthopedique.info\/it\/wp-json\/wp\/v2\/pages"}],"about":[{"href":"https:\/\/chirurgie-orthopedique.info\/it\/wp-json\/wp\/v2\/types\/page"}],"author":[{"embeddable":true,"href":"https:\/\/chirurgie-orthopedique.info\/it\/wp-json\/wp\/v2\/users\/1"}],"replies":[{"embeddable":true,"href":"https:\/\/chirurgie-orthopedique.info\/it\/wp-json\/wp\/v2\/comments?post=8058"}],"version-history":[{"count":0,"href":"https:\/\/chirurgie-orthopedique.info\/it\/wp-json\/wp\/v2\/pages\/8058\/revisions"}],"up":[{"embeddable":true,"href":"https:\/\/chirurgie-orthopedique.info\/it\/wp-json\/wp\/v2\/pages\/8049"}],"wp:attachment":[{"href":"https:\/\/chirurgie-orthopedique.info\/it\/wp-json\/wp\/v2\/media?parent=8058"}],"curies":[{"name":"wp","href":"https:\/\/api.w.org\/{rel}","templated":true}]}}