{"id":8071,"date":"2021-05-04T16:28:10","date_gmt":"2021-05-04T16:28:10","guid":{"rendered":"https:\/\/toty.fr\/wordpress\/?page_id=8071"},"modified":"2021-05-04T16:33:47","modified_gmt":"2021-05-04T16:33:47","slug":"legamento-crociato-anteriore-chirurgia","status":"publish","type":"page","link":"https:\/\/chirurgie-orthopedique.info\/it\/anatomia-e-fisiopatologia-del-ginocchio\/legamento-crociato-anteriore-chirurgia\/","title":{"rendered":"Chirurgia legamento crociato anteriore"},"content":{"rendered":"<p>[vc_row][vc_column][vc_row_inner][vc_column_inner width=&#8221;1\/4&#8243;][\/vc_column_inner][vc_column_inner width=&#8221;1\/2&#8243;][vc_single_image image=&#8221;7536&#8243; img_size=&#8221;100&#215;100&#8243; alignment=&#8221;center&#8221; css=&#8221;.vc_custom_1618842757951{margin-top: 0px !important;margin-right: 20px !important;margin-bottom: 0px !important;margin-left: 20px !important;}&#8221;][\/vc_column_inner][vc_column_inner width=&#8221;1\/4&#8243;][\/vc_column_inner][\/vc_row_inner][vc_column_text css=&#8221;.vc_custom_1620145782781{margin-bottom: 10px !important;}&#8221;]<\/p>\n<h2 style=\"text-align: center;\">Chirurgia legamento crociato anteriore<\/h2>\n<p>[\/vc_column_text][vc_separator color=&#8221;custom&#8221; style=&#8221;dotted&#8221; accent_color=&#8221;#2f3762&#8243; css=&#8221;.vc_custom_1618682358889{margin-top: 0px !important;}&#8221;][vc_column_text]<\/p>\n<h4 style=\"text-align: justify;\"><strong>1\/ Anatomia<br \/>\n<\/strong><\/h4>\n<p style=\"text-align: justify;\"><strong>Un legamento<\/strong> \u00e8 una breve striscia di tessuto connettivo fibroso costituito principalmente da molecole di collagene lunghi. Questa \u00e8 una struttura estremamente solida che collegano insieme le ossa nelle articolazioni. Legamenti per controllare la mobilit\u00e0 delle articolazioni. Essi proteggono l\u2019integrit\u00e0 del giunto durante i movimenti forzati durante una distorsione. Al ginocchio, ci sono quattro principali legamenti, legamenti laterali 2 (mediale o laterale e mediale legamento collaterale, legamento collaterale laterale e) su ogni lato del ginocchio, e due legamenti trasversali centrali chiamati perch\u00e9 incontrano il centro del ginocchio : il legamento crociato anteriore (LCA) e legamento crociato posteriore (PCL).<\/p>\n<p>[\/vc_column_text][vc_row_inner][vc_column_inner width=&#8221;1\/6&#8243;][\/vc_column_inner][vc_column_inner width=&#8221;2\/3&#8243;][vc_single_image image=&#8221;7200&#8243; img_size=&#8221;full&#8221; add_caption=&#8221;yes&#8221; alignment=&#8221;center&#8221; onclick=&#8221;link_image&#8221;][\/vc_column_inner][vc_column_inner width=&#8221;1\/6&#8243;][\/vc_column_inner][\/vc_row_inner][vc_column_text]<\/p>\n<h4 style=\"text-align: justify;\"><strong>2\/ Risoluzione dei problemi<br \/>\n<\/strong><\/h4>\n<p style=\"text-align: justify;\">L\u2019ACL \u00e8 pi\u00f9 spesso raggiunto in una torsione o iperestensione. Il paziente pu\u00f2 sentirsi una crisi e hanno un gonfiore al ginocchio e una sensazione di instabilit\u00e0 (sciolto ginocchio).<\/p>\n<p style=\"text-align: justify;\">La diagnosi di lesione del LCA \u00e8 rappresentata dal l\u2019esame e la misurazione della lassit\u00e0 del ginocchio. Questa misura viene effettuata da un dispositivo (o GenouRob artrometro) o radiografie dinamiche. Dispositivi come il artrometro (misure manuali) o GenouRob (misurazioni computerizzate) effettuare una misura di spostamento anteriore in funzione della forza rispetto al ginocchio sano. Quando l\u2019ACL \u00e8 infortunato, questo movimento \u00e8 pi\u00f9 importante e riflette l\u2019 lesione del LCA. RM pu\u00f2 visualizzare l\u2019ACL, ma ci sono \u201cfalsi negativi\u201d e \u201cfalsi positivi\u201d. E \u2018particolarmente interessante rivedere lesioni meniscali principalmente associate.<\/p>\n<p>[\/vc_column_text][vc_row_inner][vc_column_inner width=&#8221;1\/6&#8243;][\/vc_column_inner][vc_column_inner width=&#8221;2\/3&#8243;][vc_single_image image=&#8221;7203&#8243; img_size=&#8221;full&#8221; add_caption=&#8221;yes&#8221; alignment=&#8221;center&#8221; onclick=&#8221;link_image&#8221;][\/vc_column_inner][vc_column_inner width=&#8221;1\/6&#8243;][\/vc_column_inner][\/vc_row_inner][vc_column_text]<\/p>\n<h4 style=\"text-align: justify;\"><strong>3\/ Indicazioni<\/strong><\/h4>\n<p style=\"text-align: justify;\">Per evitare incidenti instabilit\u00e0 alla ripresa delle attivit\u00e0 sportive, viene presa la decisione per un intervento chirurgico per ricostruire l\u2019ACL, sulla base di vari parametri valutati dal chirurgo ed il paziente (soprattutto l\u2019et\u00e0, il livello e l\u2019intensit\u00e0 dello sport e vincoli professionali). Questi episodi di instabilit\u00e0 portano inevitabilmente ad una rottura del menisco secondaria, che insieme al legamento crociato, promuove l\u2019artrosi. All\u2019inizio ricostruzione del LCA evita queste lesioni meniscali secondarie, che \u00e8 particolarmente importante nei pazienti giovani.<\/p>\n<p style=\"text-align: justify;\" align=\"left\"><strong>Perschematicamente possono distinguere tre gruppi di pazienti:<\/strong><\/p>\n<ul style=\"text-align: justify;\">\n<li><strong>Un gruppo di giovani pazienti<\/strong> per i quali \u00e8 meglio considerare immediatamente l\u2019 ricostruzione del LCA senza cercare di tornare allo sport, perch\u00e9 il rischio di instabilit\u00e0 \u00e8 forte e significativo il rischio di lesioni meniscali.<\/li>\n<li><strong>Un gruppo di pazienti anziani<\/strong> e non-sport per i quali egli deve contestare l\u2019intervento, messo in atto un programma di riabilitazione e prendere in considerazione l\u2019intervento chirurgico solo se conseguente instabilit\u00e0<\/li>\n<li><strong>E infine un gruppo di pazienti chiamato \u201cintermedio\u201d<\/strong>, per la quale decider\u00e0 secondo la sua volont\u00e0 sportiva e di lavoro e dei vincoli familiari sia per un programma di riabilitazione e funzionare solo se conseguente instabilit\u00e0 \u00e8 quello di considerare subito un intervento chirurgico.<\/li>\n<\/ul>\n<p style=\"text-align: justify;\" align=\"left\">Un breve periodo di riabilitazione \u00e8 spesso redditizio per un paio di settimane prima dell\u2019intervento chirurgico per preparare il ginocchio se \u00e8 inizialmente molto doloroso, molto ripida e molto gonfio.<br \/>\ncontrario, pu\u00f2 essere importante per operare in tempi relativamente brevi rotture attraversano lesioni associate con grandi legamenti laterali, in modo da consentire una migliore guarigione della stessa.<\/p>\n<p>[\/vc_column_text][\/vc_column][\/vc_row]<\/p>\n","protected":false},"excerpt":{"rendered":"<p>[vc_row][vc_column][vc_row_inner][vc_column_inner width=&#8221;1\/4&#8243;][\/vc_column_inner][vc_column_inner width=&#8221;1\/2&#8243;][vc_single_image image=&#8221;7536&#8243; img_size=&#8221;100&#215;100&#8243; alignment=&#8221;center&#8221; css=&#8221;.vc_custom_1618842757951{margin-top: 0px !important;margin-right: 20px !important;margin-bottom: 0px !important;margin-left: 20px !important;}&#8221;][\/vc_column_inner][vc_column_inner width=&#8221;1\/4&#8243;][\/vc_column_inner][\/vc_row_inner][vc_column_text css=&#8221;.vc_custom_1620145782781{margin-bottom: 10px !important;}&#8221;] Chirurgia legamento crociato anteriore [\/vc_column_text][vc_separator color=&#8221;custom&#8221; style=&#8221;dotted&#8221; accent_color=&#8221;#2f3762&#8243; css=&#8221;.vc_custom_1618682358889{margin-top: 0px !important;}&#8221;][vc_column_text] 1\/ Anatomia Un legamento \u00e8 una breve striscia di tessuto connettivo fibroso costituito principalmente da molecole di collagene lunghi. Questa \u00e8 una struttura estremamente solida che collegano insieme le ossa nelle articolazioni. Legamenti per controllare la mobilit\u00e0 delle articolazioni. Essi proteggono l\u2019integrit\u00e0 del giunto durante i movimenti forzati durante una distorsione. Al ginocchio, ci sono quattro principali legamenti, legamenti laterali 2 (mediale o laterale e mediale legamento collaterale, legamento collaterale laterale e) su ogni lato del ginocchio, e due legamenti trasversali centrali chiamati perch\u00e9 incontrano il centro del ginocchio : il legamento crociato anteriore (LCA) e legamento crociato posteriore (PCL). [\/vc_column_text][vc_row_inner][vc_column_inner width=&#8221;1\/6&#8243;][\/vc_column_inner][vc_column_inner width=&#8221;2\/3&#8243;][vc_single_image image=&#8221;7200&#8243; img_size=&#8221;full&#8221; add_caption=&#8221;yes&#8221; alignment=&#8221;center&#8221; onclick=&#8221;link_image&#8221;][\/vc_column_inner][vc_column_inner width=&#8221;1\/6&#8243;][\/vc_column_inner][\/vc_row_inner][vc_column_text] 2\/ Risoluzione dei problemi L\u2019ACL \u00e8 pi\u00f9 spesso raggiunto in una [&hellip;]<\/p>\n","protected":false},"author":1,"featured_media":0,"parent":8049,"menu_order":0,"comment_status":"closed","ping_status":"closed","template":"","meta":{"inline_featured_image":false,"footnotes":""},"class_list":["post-8071","page","type-page","status-publish","hentry"],"yoast_head":"<!-- This site is optimized with the Yoast SEO plugin v24.7 - https:\/\/yoast.com\/wordpress\/plugins\/seo\/ -->\n<title>Chirurgia del legamento crociato anteriore - Chirurgia del ginocchio<\/title>\n<meta name=\"description\" content=\"Chirurgia artroscopica del legamento crociato anteriore (LCA) rottura del legamento crociato anteriore \u00e8 il grave infortunio ai legamenti pi\u00f9 comuni\" \/>\n<meta name=\"robots\" content=\"index, follow, max-snippet:-1, max-image-preview:large, max-video-preview:-1\" \/>\n<link rel=\"canonical\" href=\"https:\/\/chirurgie-orthopedique.info\/it\/anatomia-e-fisiopatologia-del-ginocchio\/legamento-crociato-anteriore-chirurgia\/\" \/>\n<meta property=\"og:locale\" content=\"it_IT\" \/>\n<meta property=\"og:type\" content=\"article\" \/>\n<meta property=\"og:title\" content=\"Chirurgia del legamento crociato anteriore - Chirurgia del ginocchio\" \/>\n<meta property=\"og:description\" content=\"Chirurgia artroscopica del legamento crociato anteriore (LCA) rottura del legamento crociato anteriore \u00e8 il grave infortunio ai legamenti pi\u00f9 comuni\" \/>\n<meta property=\"og:url\" content=\"https:\/\/chirurgie-orthopedique.info\/it\/anatomia-e-fisiopatologia-del-ginocchio\/legamento-crociato-anteriore-chirurgia\/\" \/>\n<meta property=\"og:site_name\" content=\"Chirurgie Orthopedique, sp\u00e9cialiste du Genou, Hanche, Epaule \u00e0 Nice\" \/>\n<meta property=\"article:publisher\" content=\"https:\/\/www.facebook.com\/Dr.Mandrino\" \/>\n<meta property=\"article:modified_time\" content=\"2021-05-04T16:33:47+00:00\" \/>\n<meta property=\"og:image\" content=\"https:\/\/chirurgie-orthopedique.info\/wp-content\/uploads\/2017\/07\/Chirurgie-du-genou-nice.jpg\" \/>\n\t<meta property=\"og:image:width\" content=\"1921\" \/>\n\t<meta property=\"og:image:height\" content=\"1100\" \/>\n\t<meta property=\"og:image:type\" content=\"image\/jpeg\" \/>\n<meta name=\"twitter:card\" content=\"summary_large_image\" \/>\n<meta name=\"twitter:label1\" content=\"Tempo di lettura stimato\" \/>\n\t<meta name=\"twitter:data1\" content=\"3 minuti\" \/>\n<script type=\"application\/ld+json\" class=\"yoast-schema-graph\">{\"@context\":\"https:\/\/schema.org\",\"@graph\":[{\"@type\":\"WebPage\",\"@id\":\"https:\/\/chirurgie-orthopedique.info\/it\/anatomia-e-fisiopatologia-del-ginocchio\/legamento-crociato-anteriore-chirurgia\/\",\"url\":\"https:\/\/chirurgie-orthopedique.info\/it\/anatomia-e-fisiopatologia-del-ginocchio\/legamento-crociato-anteriore-chirurgia\/\",\"name\":\"Chirurgia del legamento crociato anteriore - Chirurgia del ginocchio\",\"isPartOf\":{\"@id\":\"https:\/\/chirurgie-orthopedique.info\/it\/#website\"},\"datePublished\":\"2021-05-04T16:28:10+00:00\",\"dateModified\":\"2021-05-04T16:33:47+00:00\",\"description\":\"Chirurgia artroscopica del legamento crociato anteriore (LCA) rottura del legamento crociato anteriore \u00e8 il grave infortunio ai legamenti pi\u00f9 comuni\",\"breadcrumb\":{\"@id\":\"https:\/\/chirurgie-orthopedique.info\/it\/anatomia-e-fisiopatologia-del-ginocchio\/legamento-crociato-anteriore-chirurgia\/#breadcrumb\"},\"inLanguage\":\"it-IT\",\"potentialAction\":[{\"@type\":\"ReadAction\",\"target\":[\"https:\/\/chirurgie-orthopedique.info\/it\/anatomia-e-fisiopatologia-del-ginocchio\/legamento-crociato-anteriore-chirurgia\/\"]}]},{\"@type\":\"BreadcrumbList\",\"@id\":\"https:\/\/chirurgie-orthopedique.info\/it\/anatomia-e-fisiopatologia-del-ginocchio\/legamento-crociato-anteriore-chirurgia\/#breadcrumb\",\"itemListElement\":[{\"@type\":\"ListItem\",\"position\":1,\"name\":\"Accueil\",\"item\":\"https:\/\/chirurgie-orthopedique.info\/it\/\"},{\"@type\":\"ListItem\",\"position\":2,\"name\":\"Anatomia e fisiopatologia del ginocchio\",\"item\":\"https:\/\/chirurgie-orthopedique.info\/it\/anatomia-e-fisiopatologia-del-ginocchio\/\"},{\"@type\":\"ListItem\",\"position\":3,\"name\":\"Chirurgia legamento crociato anteriore\"}]},{\"@type\":\"WebSite\",\"@id\":\"https:\/\/chirurgie-orthopedique.info\/it\/#website\",\"url\":\"https:\/\/chirurgie-orthopedique.info\/it\/\",\"name\":\"Chirurgie Orthopedique, sp\u00e9cialiste du Genou, Hanche, Epaule \u00e0 Nice\",\"description\":\"Docteur Mandrino sp\u00e9cialis\u00e9 en chirurgie du genou, de la hanche et de l&#039; \u00e9paule \u00e0 Nice\",\"publisher\":{\"@id\":\"https:\/\/chirurgie-orthopedique.info\/it\/#organization\"},\"potentialAction\":[{\"@type\":\"SearchAction\",\"target\":{\"@type\":\"EntryPoint\",\"urlTemplate\":\"https:\/\/chirurgie-orthopedique.info\/it\/?s={search_term_string}\"},\"query-input\":{\"@type\":\"PropertyValueSpecification\",\"valueRequired\":true,\"valueName\":\"search_term_string\"}}],\"inLanguage\":\"it-IT\"},{\"@type\":\"Organization\",\"@id\":\"https:\/\/chirurgie-orthopedique.info\/it\/#organization\",\"name\":\"Dr Alain Mandrino chirurgie orthop\u00e9dique \u00e0 Nice\",\"url\":\"https:\/\/chirurgie-orthopedique.info\/it\/\",\"logo\":{\"@type\":\"ImageObject\",\"inLanguage\":\"it-IT\",\"@id\":\"https:\/\/chirurgie-orthopedique.info\/it\/#\/schema\/logo\/image\/\",\"url\":\"https:\/\/chirurgie-orthopedique.info\/wp-content\/uploads\/2017\/07\/dr-alain-mandrino-chirurgie-orthopedique-nice.png\",\"contentUrl\":\"https:\/\/chirurgie-orthopedique.info\/wp-content\/uploads\/2017\/07\/dr-alain-mandrino-chirurgie-orthopedique-nice.png\",\"width\":443,\"height\":230,\"caption\":\"Dr Alain Mandrino chirurgie orthop\u00e9dique \u00e0 Nice\"},\"image\":{\"@id\":\"https:\/\/chirurgie-orthopedique.info\/it\/#\/schema\/logo\/image\/\"},\"sameAs\":[\"https:\/\/www.facebook.com\/Dr.Mandrino\",\"https:\/\/www.instagram.com\/dralainmandrino\/\",\"https:\/\/www.youtube.com\/user\/amandrino\"]}]}<\/script>\n<!-- \/ Yoast SEO plugin. -->","yoast_head_json":{"title":"Chirurgia del legamento crociato anteriore - Chirurgia del ginocchio","description":"Chirurgia artroscopica del legamento crociato anteriore (LCA) rottura del legamento crociato anteriore \u00e8 il grave infortunio ai legamenti pi\u00f9 comuni","robots":{"index":"index","follow":"follow","max-snippet":"max-snippet:-1","max-image-preview":"max-image-preview:large","max-video-preview":"max-video-preview:-1"},"canonical":"https:\/\/chirurgie-orthopedique.info\/it\/anatomia-e-fisiopatologia-del-ginocchio\/legamento-crociato-anteriore-chirurgia\/","og_locale":"it_IT","og_type":"article","og_title":"Chirurgia del legamento crociato anteriore - Chirurgia del ginocchio","og_description":"Chirurgia artroscopica del legamento crociato anteriore (LCA) rottura del legamento crociato anteriore \u00e8 il grave infortunio ai legamenti pi\u00f9 comuni","og_url":"https:\/\/chirurgie-orthopedique.info\/it\/anatomia-e-fisiopatologia-del-ginocchio\/legamento-crociato-anteriore-chirurgia\/","og_site_name":"Chirurgie Orthopedique, sp\u00e9cialiste du Genou, Hanche, Epaule \u00e0 Nice","article_publisher":"https:\/\/www.facebook.com\/Dr.Mandrino","article_modified_time":"2021-05-04T16:33:47+00:00","og_image":[{"width":1921,"height":1100,"url":"https:\/\/chirurgie-orthopedique.info\/wp-content\/uploads\/2017\/07\/Chirurgie-du-genou-nice.jpg","type":"image\/jpeg"}],"twitter_card":"summary_large_image","twitter_misc":{"Tempo di lettura stimato":"3 minuti"},"schema":{"@context":"https:\/\/schema.org","@graph":[{"@type":"WebPage","@id":"https:\/\/chirurgie-orthopedique.info\/it\/anatomia-e-fisiopatologia-del-ginocchio\/legamento-crociato-anteriore-chirurgia\/","url":"https:\/\/chirurgie-orthopedique.info\/it\/anatomia-e-fisiopatologia-del-ginocchio\/legamento-crociato-anteriore-chirurgia\/","name":"Chirurgia del legamento crociato anteriore - Chirurgia del ginocchio","isPartOf":{"@id":"https:\/\/chirurgie-orthopedique.info\/it\/#website"},"datePublished":"2021-05-04T16:28:10+00:00","dateModified":"2021-05-04T16:33:47+00:00","description":"Chirurgia artroscopica del legamento crociato anteriore (LCA) rottura del legamento crociato anteriore \u00e8 il grave infortunio ai legamenti pi\u00f9 comuni","breadcrumb":{"@id":"https:\/\/chirurgie-orthopedique.info\/it\/anatomia-e-fisiopatologia-del-ginocchio\/legamento-crociato-anteriore-chirurgia\/#breadcrumb"},"inLanguage":"it-IT","potentialAction":[{"@type":"ReadAction","target":["https:\/\/chirurgie-orthopedique.info\/it\/anatomia-e-fisiopatologia-del-ginocchio\/legamento-crociato-anteriore-chirurgia\/"]}]},{"@type":"BreadcrumbList","@id":"https:\/\/chirurgie-orthopedique.info\/it\/anatomia-e-fisiopatologia-del-ginocchio\/legamento-crociato-anteriore-chirurgia\/#breadcrumb","itemListElement":[{"@type":"ListItem","position":1,"name":"Accueil","item":"https:\/\/chirurgie-orthopedique.info\/it\/"},{"@type":"ListItem","position":2,"name":"Anatomia e fisiopatologia del ginocchio","item":"https:\/\/chirurgie-orthopedique.info\/it\/anatomia-e-fisiopatologia-del-ginocchio\/"},{"@type":"ListItem","position":3,"name":"Chirurgia legamento crociato anteriore"}]},{"@type":"WebSite","@id":"https:\/\/chirurgie-orthopedique.info\/it\/#website","url":"https:\/\/chirurgie-orthopedique.info\/it\/","name":"Chirurgie Orthopedique, sp\u00e9cialiste du Genou, Hanche, Epaule \u00e0 Nice","description":"Docteur Mandrino sp\u00e9cialis\u00e9 en chirurgie du genou, de la hanche et de l&#039; \u00e9paule \u00e0 Nice","publisher":{"@id":"https:\/\/chirurgie-orthopedique.info\/it\/#organization"},"potentialAction":[{"@type":"SearchAction","target":{"@type":"EntryPoint","urlTemplate":"https:\/\/chirurgie-orthopedique.info\/it\/?s={search_term_string}"},"query-input":{"@type":"PropertyValueSpecification","valueRequired":true,"valueName":"search_term_string"}}],"inLanguage":"it-IT"},{"@type":"Organization","@id":"https:\/\/chirurgie-orthopedique.info\/it\/#organization","name":"Dr Alain Mandrino chirurgie orthop\u00e9dique \u00e0 Nice","url":"https:\/\/chirurgie-orthopedique.info\/it\/","logo":{"@type":"ImageObject","inLanguage":"it-IT","@id":"https:\/\/chirurgie-orthopedique.info\/it\/#\/schema\/logo\/image\/","url":"https:\/\/chirurgie-orthopedique.info\/wp-content\/uploads\/2017\/07\/dr-alain-mandrino-chirurgie-orthopedique-nice.png","contentUrl":"https:\/\/chirurgie-orthopedique.info\/wp-content\/uploads\/2017\/07\/dr-alain-mandrino-chirurgie-orthopedique-nice.png","width":443,"height":230,"caption":"Dr Alain Mandrino chirurgie orthop\u00e9dique \u00e0 Nice"},"image":{"@id":"https:\/\/chirurgie-orthopedique.info\/it\/#\/schema\/logo\/image\/"},"sameAs":["https:\/\/www.facebook.com\/Dr.Mandrino","https:\/\/www.instagram.com\/dralainmandrino\/","https:\/\/www.youtube.com\/user\/amandrino"]}]}},"jetpack_sharing_enabled":true,"_links":{"self":[{"href":"https:\/\/chirurgie-orthopedique.info\/it\/wp-json\/wp\/v2\/pages\/8071","targetHints":{"allow":["GET"]}}],"collection":[{"href":"https:\/\/chirurgie-orthopedique.info\/it\/wp-json\/wp\/v2\/pages"}],"about":[{"href":"https:\/\/chirurgie-orthopedique.info\/it\/wp-json\/wp\/v2\/types\/page"}],"author":[{"embeddable":true,"href":"https:\/\/chirurgie-orthopedique.info\/it\/wp-json\/wp\/v2\/users\/1"}],"replies":[{"embeddable":true,"href":"https:\/\/chirurgie-orthopedique.info\/it\/wp-json\/wp\/v2\/comments?post=8071"}],"version-history":[{"count":0,"href":"https:\/\/chirurgie-orthopedique.info\/it\/wp-json\/wp\/v2\/pages\/8071\/revisions"}],"up":[{"embeddable":true,"href":"https:\/\/chirurgie-orthopedique.info\/it\/wp-json\/wp\/v2\/pages\/8049"}],"wp:attachment":[{"href":"https:\/\/chirurgie-orthopedique.info\/it\/wp-json\/wp\/v2\/media?parent=8071"}],"curies":[{"name":"wp","href":"https:\/\/api.w.org\/{rel}","templated":true}]}}