{"id":8080,"date":"2021-05-04T16:50:07","date_gmt":"2021-05-04T16:50:07","guid":{"rendered":"https:\/\/toty.fr\/wordpress\/?page_id=8080"},"modified":"2023-04-14T15:38:42","modified_gmt":"2023-04-14T15:38:42","slug":"legamento-crociato-anteriore-chirurgia","status":"publish","type":"page","link":"https:\/\/chirurgie-orthopedique.info\/it\/anatomia-e-fisiopatologia-del-ginocchio\/legamento-crociato-anteriore-chirurgia\/legamento-crociato-anteriore-chirurgia\/","title":{"rendered":"Chirurgia (ACL)"},"content":{"rendered":"<p>[vc_row][vc_column][vc_row_inner][vc_column_inner width=&#8221;1\/4&#8243;][\/vc_column_inner][vc_column_inner width=&#8221;1\/2&#8243;][vc_single_image image=&#8221;8655&#8243; img_size=&#8221;100&#215;100&#8243; alignment=&#8221;center&#8221; css=&#8221;.vc_custom_1618842983203{margin-top: 0px !important;margin-right: 20px !important;margin-bottom: 0px !important;margin-left: 20px !important;}&#8221;][\/vc_column_inner][vc_column_inner width=&#8221;1\/4&#8243;][\/vc_column_inner][\/vc_row_inner][vc_column_text css=&#8221;.vc_custom_1620147050329{margin-bottom: 10px !important;}&#8221;]<\/p>\n<h2 style=\"text-align: center;\">Chirurgia del legamento crociato anteriore (LCA)<\/h2>\n<p>[\/vc_column_text][vc_separator color=&#8221;custom&#8221; style=&#8221;dotted&#8221; accent_color=&#8221;#2f3762&#8243; css=&#8221;.vc_custom_1618682358889{margin-top: 0px !important;}&#8221;][vc_column_text]<\/p>\n<p style=\"text-align: justify;\"><strong>Lo scopo di questa procedura \u00e8 senza aprire la cerniera (cio\u00e8, dire artroscopico) per sostituire il legamento rotto nella sua esatta posizione anatomica, un tendine raccolto dal medesimo ginocchio (autologo).<\/strong> Rimozione del tendine senza alcun impatto sulle prestazioni finali del giunto. Questo innesto o trapianto viene introdotto nel giunto attraverso piccoli tunnel ossei nella tibia e femore. Sempre intra-articolare questa procedura viene eseguita sotto controllo artroscopico, limitando in tal modo la dimensione di cicatrici, permettendo cos\u00ec una riabilitazione pi\u00f9 rapida e meno dolorosa.<\/p>\n<p style=\"text-align: justify;\"><strong>Sono prese Tendini:<br \/>\n<\/strong><\/p>\n<ul>\n<li style=\"text-align: justify;\"><strong>Il tendini adduttori jambiens o \u201czampe di gallina\u201d che si trova sul lato interno del ginocchio. L\u2019intervento poi chiamato il legamento del tendine del ginocchio (destro interno e Demi tendinee).<\/strong><\/li>\n<\/ul>\n<p>[\/vc_column_text][vc_row_inner][vc_column_inner width=&#8221;1\/6&#8243;][\/vc_column_inner][vc_column_inner width=&#8221;2\/3&#8243;][vc_single_image image=&#8221;8527&#8243; img_size=&#8221;full&#8221; add_caption=&#8221;yes&#8221; alignment=&#8221;center&#8221; onclick=&#8221;link_image&#8221;][\/vc_column_inner][vc_column_inner width=&#8221;1\/6&#8243;][\/vc_column_inner][\/vc_row_inner][vc_row_inner][vc_column_inner width=&#8221;1\/6&#8243;][\/vc_column_inner][vc_column_inner width=&#8221;2\/3&#8243;][vc_single_image image=&#8221;8529&#8243; img_size=&#8221;full&#8221; add_caption=&#8221;yes&#8221; alignment=&#8221;center&#8221; onclick=&#8221;link_image&#8221;][\/vc_column_inner][vc_column_inner width=&#8221;1\/6&#8243;][\/vc_column_inner][\/vc_row_inner][vc_row_inner][vc_column_inner width=&#8221;1\/6&#8243;][\/vc_column_inner][vc_column_inner width=&#8221;2\/3&#8243;][vc_single_image image=&#8221;8533&#8243; img_size=&#8221;full&#8221; add_caption=&#8221;yes&#8221; alignment=&#8221;center&#8221; onclick=&#8221;link_image&#8221;][\/vc_column_inner][vc_column_inner width=&#8221;1\/6&#8243;][\/vc_column_inner][\/vc_row_inner][vc_row_inner][vc_column_inner width=&#8221;1\/6&#8243;][\/vc_column_inner][vc_column_inner width=&#8221;2\/3&#8243;][vc_single_image image=&#8221;8535&#8243; img_size=&#8221;full&#8221; add_caption=&#8221;yes&#8221; alignment=&#8221;center&#8221; onclick=&#8221;link_image&#8221;][\/vc_column_inner][vc_column_inner width=&#8221;1\/6&#8243;][\/vc_column_inner][\/vc_row_inner][vc_column_text]<\/p>\n<p style=\"text-align: justify;\">Diritto nazionale e la met\u00e0 del tendine sono due muscoli identici, che con un terzo, il progettista, \u00e8 chiamato i tendini adduttori o jambiens zampe di gallina. Si trovano nella porzione mediale posteriore della coscia. Tendini, molto lungo, si collega alla superficie della tibia. E &#8216;possibile fare una piccola incisione di pochi centimetri dall&#8217;uso di uno strumento, il &#8220;stripper&#8221;, che li separa su tutta la loro lunghezza.<\/p>\n<ul style=\"text-align: justify;\">\n<li>Una volta raccolte, questi tendini sono piegati in due, che permette di ottenere un innesto avente quattro fili di cui la resistenza alla trazione \u00e8 quindi maggiore di quella di un normale ACL.<strong>A<\/strong>v<strong>antaggi didt tecnici:<\/strong> Semplicit\u00e0 di postoperatorio immediato, senza dolore residuo e successive risultati &#8220;funzionali&#8221; superiori a quelli di KJ. Contro: problemi di impostazione questi tendini che esistevano intialement ora sono stati risolti dai nuovi metodi di fissazione.<\/li>\n<li style=\"text-align: justify;\"><strong>O il tendine rotuleo sotto la rotula intervento poi chiamato il legamento di Kenneth Jones (KJ) <\/strong><br \/>\nIn questa tecnica, il terzo medio del tendine rotuleo viene rimosso con una piccola bacchetta di osso ad ogni estremit\u00e0: sostituisce il legamento crociato anteriore nella tacca, e le bacchette consentono un montaggio sicuro.<\/li>\n<\/ul>\n<p>[\/vc_column_text][vc_row_inner][vc_column_inner width=&#8221;1\/6&#8243;][\/vc_column_inner][vc_column_inner width=&#8221;2\/3&#8243;][vc_single_image image=&#8221;8537&#8243; img_size=&#8221;full&#8221; add_caption=&#8221;yes&#8221; alignment=&#8221;center&#8221; onclick=&#8221;link_image&#8221;][\/vc_column_inner][vc_column_inner width=&#8221;1\/6&#8243;][\/vc_column_inner][\/vc_row_inner][vc_column_text]<\/p>\n<ul>\n<li style=\"text-align: justify;\"><strong>vantaggi della tecnica KJ:<\/strong> la tecnica pi\u00f9 antica, e quindi con i pi\u00f9 noti risultati a lungo termine.<\/li>\n<li style=\"text-align: justify;\"><strong>svantaggi di KJ tecnica:<\/strong> a volte doloroso periodo immediatamente successivo, possibilit\u00e0 di persistente livello di raccolta del tendine rotuleo con disagio in ginocchio nel 30{88b696bf2700d12398c30964f41039de701ab1baffac505c8144f3e2e2571fd4} di dolore<a href=\"https:\/\/chirurgie-orthopedique.info\/wp-content\/uploads\/2021\/04\/TR.png\"><br \/>\n<\/a><\/p>\n<p style=\"text-align: justify;\" align=\"left\">In alcuni pazienti (lassit\u00e0 costituzionale, ACL iterativo, sport molto violento) pu\u00f2 essere necessario per ottenere la stessa operazione, una ricostruzione extra-articolare antero-laterale plasty tipo Lemaire con un fascialata striscia da un piccolo incisione supplementare sul bordo esterno del ginocchio.<\/p>\n<p style=\"text-align: justify;\" align=\"left\">Se l&#8217;instabilit\u00e0 rotazionale molto importante, siamo in grado di offrire al paziente una tecnica per ricostruire i due fasci anatomiche del LCA (fascio antero-mediale e fascio postero-laterale) eseguendo gallerie separate. Questa tecnica \u00e8 pi\u00f9 lungo e pi\u00f9 difficile e deve essere riservato ai casi specifici.<\/p>\n<\/li>\n<\/ul>\n<p>[\/vc_column_text][vc_row_inner][vc_column_inner width=&#8221;1\/6&#8243;][\/vc_column_inner][vc_column_inner width=&#8221;2\/3&#8243;][vc_single_image image=&#8221;8539&#8243; img_size=&#8221;full&#8221; add_caption=&#8221;yes&#8221; alignment=&#8221;center&#8221; onclick=&#8221;link_image&#8221;][\/vc_column_inner][vc_column_inner width=&#8221;1\/6&#8243;][\/vc_column_inner][\/vc_row_inner][vc_row_inner][vc_column_inner width=&#8221;1\/6&#8243;][\/vc_column_inner][vc_column_inner width=&#8221;2\/3&#8243;][vc_video link=&#8221;https:\/\/youtu.be\/QDqpeyz2yW4&#8243; css=&#8221;.vc_custom_1618688768356{margin-bottom: 10px !important;}&#8221;][vc_column_text css=&#8221;.vc_custom_1618688774568{margin-top: 0px !important;}&#8221;]<\/p>\n<p class=\"title style-scope ytd-video-primary-info-renderer\" style=\"text-align: center;\"><span style=\"font-size: 10pt;\">Ligament crois\u00e9 ant\u00e9rieur Technique DIDT<\/span><\/p>\n<p>[\/vc_column_text][vc_video link=&#8221;https:\/\/youtu.be\/rhcHAyAZtBk&#8221; css=&#8221;.vc_custom_1618688781549{margin-bottom: 10px !important;}&#8221;][vc_column_text css=&#8221;.vc_custom_1618688787385{margin-top: 0px !important;}&#8221;]<\/p>\n<p class=\"title style-scope ytd-video-primary-info-renderer\" style=\"text-align: center;\"><span style=\"font-size: 10pt;\">Ligamentoplastie selon Kenneth-Jones (KJ)<\/span><\/p>\n<p>[\/vc_column_text][\/vc_column_inner][vc_column_inner width=&#8221;1\/6&#8243;][\/vc_column_inner][\/vc_row_inner][\/vc_column][\/vc_row]<\/p>\n","protected":false},"excerpt":{"rendered":"<p>[vc_row][vc_column][vc_row_inner][vc_column_inner width=&#8221;1\/4&#8243;][\/vc_column_inner][vc_column_inner width=&#8221;1\/2&#8243;][vc_single_image image=&#8221;8655&#8243; img_size=&#8221;100&#215;100&#8243; alignment=&#8221;center&#8221; css=&#8221;.vc_custom_1618842983203{margin-top: 0px !important;margin-right: 20px !important;margin-bottom: 0px !important;margin-left: 20px !important;}&#8221;][\/vc_column_inner][vc_column_inner width=&#8221;1\/4&#8243;][\/vc_column_inner][\/vc_row_inner][vc_column_text css=&#8221;.vc_custom_1620147050329{margin-bottom: 10px !important;}&#8221;] Chirurgia del legamento crociato anteriore (LCA) [\/vc_column_text][vc_separator color=&#8221;custom&#8221; style=&#8221;dotted&#8221; accent_color=&#8221;#2f3762&#8243; css=&#8221;.vc_custom_1618682358889{margin-top: 0px !important;}&#8221;][vc_column_text] Lo scopo di questa procedura \u00e8 senza aprire la cerniera (cio\u00e8, dire artroscopico) per sostituire il legamento rotto nella sua esatta posizione anatomica, un tendine raccolto dal medesimo ginocchio (autologo). Rimozione del tendine senza alcun impatto sulle prestazioni finali del giunto. Questo innesto o trapianto viene introdotto nel giunto attraverso piccoli tunnel ossei nella tibia e femore. Sempre intra-articolare questa procedura viene eseguita sotto controllo artroscopico, limitando in tal modo la dimensione di cicatrici, permettendo cos\u00ec una riabilitazione pi\u00f9 rapida e meno dolorosa. Sono prese Tendini: Il tendini adduttori jambiens o \u201czampe di gallina\u201d che si trova sul lato interno del ginocchio. L\u2019intervento poi chiamato il legamento del tendine del ginocchio (destro interno e Demi tendinee). [\/vc_column_text][vc_row_inner][vc_column_inner width=&#8221;1\/6&#8243;][\/vc_column_inner][vc_column_inner [&hellip;]<\/p>\n","protected":false},"author":1,"featured_media":0,"parent":8071,"menu_order":0,"comment_status":"closed","ping_status":"closed","template":"","meta":{"inline_featured_image":false,"footnotes":""},"class_list":["post-8080","page","type-page","status-publish","hentry"],"yoast_head":"<!-- This site is optimized with the Yoast SEO plugin v24.7 - https:\/\/yoast.com\/wordpress\/plugins\/seo\/ -->\n<title>Chirurgia del legamento crociato anteriore - Chirurgia del ginocchio<\/title>\n<meta name=\"description\" content=\"Chirurgia artroscopica del legamento crociato anteriore (LCA) rottura del legamento crociato anteriore \u00e8 il grave infortunio ai legamenti pi\u00f9 comuni\" \/>\n<meta name=\"robots\" content=\"index, follow, max-snippet:-1, max-image-preview:large, max-video-preview:-1\" \/>\n<link rel=\"canonical\" href=\"https:\/\/chirurgie-orthopedique.info\/it\/anatomia-e-fisiopatologia-del-ginocchio\/legamento-crociato-anteriore-chirurgia\/legamento-crociato-anteriore-chirurgia\/\" \/>\n<meta property=\"og:locale\" content=\"it_IT\" \/>\n<meta property=\"og:type\" content=\"article\" \/>\n<meta property=\"og:title\" content=\"Chirurgia del legamento crociato anteriore - Chirurgia del ginocchio\" \/>\n<meta property=\"og:description\" content=\"Chirurgia artroscopica del legamento crociato anteriore (LCA) rottura del legamento crociato anteriore \u00e8 il grave infortunio ai legamenti pi\u00f9 comuni\" \/>\n<meta property=\"og:url\" content=\"https:\/\/chirurgie-orthopedique.info\/it\/anatomia-e-fisiopatologia-del-ginocchio\/legamento-crociato-anteriore-chirurgia\/legamento-crociato-anteriore-chirurgia\/\" \/>\n<meta property=\"og:site_name\" content=\"Chirurgie Orthopedique, sp\u00e9cialiste du Genou, Hanche, Epaule \u00e0 Nice\" \/>\n<meta property=\"article:publisher\" content=\"https:\/\/www.facebook.com\/Dr.Mandrino\" \/>\n<meta property=\"article:modified_time\" content=\"2023-04-14T15:38:42+00:00\" \/>\n<meta property=\"og:image\" content=\"https:\/\/chirurgie-orthopedique.info\/wp-content\/uploads\/2017\/07\/Chirurgie-du-genou-nice.jpg\" \/>\n\t<meta property=\"og:image:width\" content=\"1921\" \/>\n\t<meta property=\"og:image:height\" content=\"1100\" \/>\n\t<meta property=\"og:image:type\" content=\"image\/jpeg\" \/>\n<meta name=\"twitter:card\" content=\"summary_large_image\" \/>\n<meta name=\"twitter:label1\" content=\"Tempo di lettura stimato\" \/>\n\t<meta name=\"twitter:data1\" content=\"3 minuti\" \/>\n<script type=\"application\/ld+json\" class=\"yoast-schema-graph\">{\"@context\":\"https:\/\/schema.org\",\"@graph\":[{\"@type\":\"WebPage\",\"@id\":\"https:\/\/chirurgie-orthopedique.info\/it\/anatomia-e-fisiopatologia-del-ginocchio\/legamento-crociato-anteriore-chirurgia\/legamento-crociato-anteriore-chirurgia\/\",\"url\":\"https:\/\/chirurgie-orthopedique.info\/it\/anatomia-e-fisiopatologia-del-ginocchio\/legamento-crociato-anteriore-chirurgia\/legamento-crociato-anteriore-chirurgia\/\",\"name\":\"Chirurgia del legamento crociato anteriore - Chirurgia del ginocchio\",\"isPartOf\":{\"@id\":\"https:\/\/chirurgie-orthopedique.info\/it\/#website\"},\"datePublished\":\"2021-05-04T16:50:07+00:00\",\"dateModified\":\"2023-04-14T15:38:42+00:00\",\"description\":\"Chirurgia artroscopica del legamento crociato anteriore (LCA) rottura del legamento crociato anteriore \u00e8 il grave infortunio ai legamenti pi\u00f9 comuni\",\"breadcrumb\":{\"@id\":\"https:\/\/chirurgie-orthopedique.info\/it\/anatomia-e-fisiopatologia-del-ginocchio\/legamento-crociato-anteriore-chirurgia\/legamento-crociato-anteriore-chirurgia\/#breadcrumb\"},\"inLanguage\":\"it-IT\",\"potentialAction\":[{\"@type\":\"ReadAction\",\"target\":[\"https:\/\/chirurgie-orthopedique.info\/it\/anatomia-e-fisiopatologia-del-ginocchio\/legamento-crociato-anteriore-chirurgia\/legamento-crociato-anteriore-chirurgia\/\"]}]},{\"@type\":\"BreadcrumbList\",\"@id\":\"https:\/\/chirurgie-orthopedique.info\/it\/anatomia-e-fisiopatologia-del-ginocchio\/legamento-crociato-anteriore-chirurgia\/legamento-crociato-anteriore-chirurgia\/#breadcrumb\",\"itemListElement\":[{\"@type\":\"ListItem\",\"position\":1,\"name\":\"Accueil\",\"item\":\"https:\/\/chirurgie-orthopedique.info\/it\/\"},{\"@type\":\"ListItem\",\"position\":2,\"name\":\"Anatomia e fisiopatologia del ginocchio\",\"item\":\"https:\/\/chirurgie-orthopedique.info\/it\/anatomia-e-fisiopatologia-del-ginocchio\/\"},{\"@type\":\"ListItem\",\"position\":3,\"name\":\"Chirurgia legamento crociato anteriore\",\"item\":\"https:\/\/chirurgie-orthopedique.info\/it\/anatomia-e-fisiopatologia-del-ginocchio\/legamento-crociato-anteriore-chirurgia\/\"},{\"@type\":\"ListItem\",\"position\":4,\"name\":\"Chirurgia (ACL)\"}]},{\"@type\":\"WebSite\",\"@id\":\"https:\/\/chirurgie-orthopedique.info\/it\/#website\",\"url\":\"https:\/\/chirurgie-orthopedique.info\/it\/\",\"name\":\"Chirurgie Orthopedique, sp\u00e9cialiste du Genou, Hanche, Epaule \u00e0 Nice\",\"description\":\"Docteur Mandrino sp\u00e9cialis\u00e9 en chirurgie du genou, de la hanche et de l&#039; \u00e9paule \u00e0 Nice\",\"publisher\":{\"@id\":\"https:\/\/chirurgie-orthopedique.info\/it\/#organization\"},\"potentialAction\":[{\"@type\":\"SearchAction\",\"target\":{\"@type\":\"EntryPoint\",\"urlTemplate\":\"https:\/\/chirurgie-orthopedique.info\/it\/?s={search_term_string}\"},\"query-input\":{\"@type\":\"PropertyValueSpecification\",\"valueRequired\":true,\"valueName\":\"search_term_string\"}}],\"inLanguage\":\"it-IT\"},{\"@type\":\"Organization\",\"@id\":\"https:\/\/chirurgie-orthopedique.info\/it\/#organization\",\"name\":\"Dr Alain Mandrino chirurgie orthop\u00e9dique \u00e0 Nice\",\"url\":\"https:\/\/chirurgie-orthopedique.info\/it\/\",\"logo\":{\"@type\":\"ImageObject\",\"inLanguage\":\"it-IT\",\"@id\":\"https:\/\/chirurgie-orthopedique.info\/it\/#\/schema\/logo\/image\/\",\"url\":\"https:\/\/chirurgie-orthopedique.info\/wp-content\/uploads\/2017\/07\/dr-alain-mandrino-chirurgie-orthopedique-nice.png\",\"contentUrl\":\"https:\/\/chirurgie-orthopedique.info\/wp-content\/uploads\/2017\/07\/dr-alain-mandrino-chirurgie-orthopedique-nice.png\",\"width\":443,\"height\":230,\"caption\":\"Dr Alain Mandrino chirurgie orthop\u00e9dique \u00e0 Nice\"},\"image\":{\"@id\":\"https:\/\/chirurgie-orthopedique.info\/it\/#\/schema\/logo\/image\/\"},\"sameAs\":[\"https:\/\/www.facebook.com\/Dr.Mandrino\",\"https:\/\/www.instagram.com\/dralainmandrino\/\",\"https:\/\/www.youtube.com\/user\/amandrino\"]}]}<\/script>\n<!-- \/ Yoast SEO plugin. -->","yoast_head_json":{"title":"Chirurgia del legamento crociato anteriore - Chirurgia del ginocchio","description":"Chirurgia artroscopica del legamento crociato anteriore (LCA) rottura del legamento crociato anteriore \u00e8 il grave infortunio ai legamenti pi\u00f9 comuni","robots":{"index":"index","follow":"follow","max-snippet":"max-snippet:-1","max-image-preview":"max-image-preview:large","max-video-preview":"max-video-preview:-1"},"canonical":"https:\/\/chirurgie-orthopedique.info\/it\/anatomia-e-fisiopatologia-del-ginocchio\/legamento-crociato-anteriore-chirurgia\/legamento-crociato-anteriore-chirurgia\/","og_locale":"it_IT","og_type":"article","og_title":"Chirurgia del legamento crociato anteriore - Chirurgia del ginocchio","og_description":"Chirurgia artroscopica del legamento crociato anteriore (LCA) rottura del legamento crociato anteriore \u00e8 il grave infortunio ai legamenti pi\u00f9 comuni","og_url":"https:\/\/chirurgie-orthopedique.info\/it\/anatomia-e-fisiopatologia-del-ginocchio\/legamento-crociato-anteriore-chirurgia\/legamento-crociato-anteriore-chirurgia\/","og_site_name":"Chirurgie Orthopedique, sp\u00e9cialiste du Genou, Hanche, Epaule \u00e0 Nice","article_publisher":"https:\/\/www.facebook.com\/Dr.Mandrino","article_modified_time":"2023-04-14T15:38:42+00:00","og_image":[{"width":1921,"height":1100,"url":"https:\/\/chirurgie-orthopedique.info\/wp-content\/uploads\/2017\/07\/Chirurgie-du-genou-nice.jpg","type":"image\/jpeg"}],"twitter_card":"summary_large_image","twitter_misc":{"Tempo di lettura stimato":"3 minuti"},"schema":{"@context":"https:\/\/schema.org","@graph":[{"@type":"WebPage","@id":"https:\/\/chirurgie-orthopedique.info\/it\/anatomia-e-fisiopatologia-del-ginocchio\/legamento-crociato-anteriore-chirurgia\/legamento-crociato-anteriore-chirurgia\/","url":"https:\/\/chirurgie-orthopedique.info\/it\/anatomia-e-fisiopatologia-del-ginocchio\/legamento-crociato-anteriore-chirurgia\/legamento-crociato-anteriore-chirurgia\/","name":"Chirurgia del legamento crociato anteriore - Chirurgia del ginocchio","isPartOf":{"@id":"https:\/\/chirurgie-orthopedique.info\/it\/#website"},"datePublished":"2021-05-04T16:50:07+00:00","dateModified":"2023-04-14T15:38:42+00:00","description":"Chirurgia artroscopica del legamento crociato anteriore (LCA) rottura del legamento crociato anteriore \u00e8 il grave infortunio ai legamenti pi\u00f9 comuni","breadcrumb":{"@id":"https:\/\/chirurgie-orthopedique.info\/it\/anatomia-e-fisiopatologia-del-ginocchio\/legamento-crociato-anteriore-chirurgia\/legamento-crociato-anteriore-chirurgia\/#breadcrumb"},"inLanguage":"it-IT","potentialAction":[{"@type":"ReadAction","target":["https:\/\/chirurgie-orthopedique.info\/it\/anatomia-e-fisiopatologia-del-ginocchio\/legamento-crociato-anteriore-chirurgia\/legamento-crociato-anteriore-chirurgia\/"]}]},{"@type":"BreadcrumbList","@id":"https:\/\/chirurgie-orthopedique.info\/it\/anatomia-e-fisiopatologia-del-ginocchio\/legamento-crociato-anteriore-chirurgia\/legamento-crociato-anteriore-chirurgia\/#breadcrumb","itemListElement":[{"@type":"ListItem","position":1,"name":"Accueil","item":"https:\/\/chirurgie-orthopedique.info\/it\/"},{"@type":"ListItem","position":2,"name":"Anatomia e fisiopatologia del ginocchio","item":"https:\/\/chirurgie-orthopedique.info\/it\/anatomia-e-fisiopatologia-del-ginocchio\/"},{"@type":"ListItem","position":3,"name":"Chirurgia legamento crociato anteriore","item":"https:\/\/chirurgie-orthopedique.info\/it\/anatomia-e-fisiopatologia-del-ginocchio\/legamento-crociato-anteriore-chirurgia\/"},{"@type":"ListItem","position":4,"name":"Chirurgia (ACL)"}]},{"@type":"WebSite","@id":"https:\/\/chirurgie-orthopedique.info\/it\/#website","url":"https:\/\/chirurgie-orthopedique.info\/it\/","name":"Chirurgie Orthopedique, sp\u00e9cialiste du Genou, Hanche, Epaule \u00e0 Nice","description":"Docteur Mandrino sp\u00e9cialis\u00e9 en chirurgie du genou, de la hanche et de l&#039; \u00e9paule \u00e0 Nice","publisher":{"@id":"https:\/\/chirurgie-orthopedique.info\/it\/#organization"},"potentialAction":[{"@type":"SearchAction","target":{"@type":"EntryPoint","urlTemplate":"https:\/\/chirurgie-orthopedique.info\/it\/?s={search_term_string}"},"query-input":{"@type":"PropertyValueSpecification","valueRequired":true,"valueName":"search_term_string"}}],"inLanguage":"it-IT"},{"@type":"Organization","@id":"https:\/\/chirurgie-orthopedique.info\/it\/#organization","name":"Dr Alain Mandrino chirurgie orthop\u00e9dique \u00e0 Nice","url":"https:\/\/chirurgie-orthopedique.info\/it\/","logo":{"@type":"ImageObject","inLanguage":"it-IT","@id":"https:\/\/chirurgie-orthopedique.info\/it\/#\/schema\/logo\/image\/","url":"https:\/\/chirurgie-orthopedique.info\/wp-content\/uploads\/2017\/07\/dr-alain-mandrino-chirurgie-orthopedique-nice.png","contentUrl":"https:\/\/chirurgie-orthopedique.info\/wp-content\/uploads\/2017\/07\/dr-alain-mandrino-chirurgie-orthopedique-nice.png","width":443,"height":230,"caption":"Dr Alain Mandrino chirurgie orthop\u00e9dique \u00e0 Nice"},"image":{"@id":"https:\/\/chirurgie-orthopedique.info\/it\/#\/schema\/logo\/image\/"},"sameAs":["https:\/\/www.facebook.com\/Dr.Mandrino","https:\/\/www.instagram.com\/dralainmandrino\/","https:\/\/www.youtube.com\/user\/amandrino"]}]}},"jetpack_sharing_enabled":true,"_links":{"self":[{"href":"https:\/\/chirurgie-orthopedique.info\/it\/wp-json\/wp\/v2\/pages\/8080","targetHints":{"allow":["GET"]}}],"collection":[{"href":"https:\/\/chirurgie-orthopedique.info\/it\/wp-json\/wp\/v2\/pages"}],"about":[{"href":"https:\/\/chirurgie-orthopedique.info\/it\/wp-json\/wp\/v2\/types\/page"}],"author":[{"embeddable":true,"href":"https:\/\/chirurgie-orthopedique.info\/it\/wp-json\/wp\/v2\/users\/1"}],"replies":[{"embeddable":true,"href":"https:\/\/chirurgie-orthopedique.info\/it\/wp-json\/wp\/v2\/comments?post=8080"}],"version-history":[{"count":3,"href":"https:\/\/chirurgie-orthopedique.info\/it\/wp-json\/wp\/v2\/pages\/8080\/revisions"}],"predecessor-version":[{"id":12599,"href":"https:\/\/chirurgie-orthopedique.info\/it\/wp-json\/wp\/v2\/pages\/8080\/revisions\/12599"}],"up":[{"embeddable":true,"href":"https:\/\/chirurgie-orthopedique.info\/it\/wp-json\/wp\/v2\/pages\/8071"}],"wp:attachment":[{"href":"https:\/\/chirurgie-orthopedique.info\/it\/wp-json\/wp\/v2\/media?parent=8080"}],"curies":[{"name":"wp","href":"https:\/\/api.w.org\/{rel}","templated":true}]}}