{"id":8098,"date":"2021-05-05T16:06:28","date_gmt":"2021-05-05T16:06:28","guid":{"rendered":"https:\/\/toty.fr\/wordpress\/?page_id=8098"},"modified":"2021-05-05T16:08:50","modified_gmt":"2021-05-05T16:08:50","slug":"chirurgia-legamento-crociato-posteriore-lcp","status":"publish","type":"page","link":"https:\/\/chirurgie-orthopedique.info\/it\/anatomia-e-fisiopatologia-del-ginocchio\/chirurgia-legamento-crociato-posteriore-lcp\/","title":{"rendered":"Chirurgia legamento crociato posteriore"},"content":{"rendered":"<p>[vc_row][vc_column][vc_row_inner][vc_column_inner width=&#8221;1\/4&#8243;][\/vc_column_inner][vc_column_inner width=&#8221;1\/2&#8243;][vc_single_image image=&#8221;7536&#8243; img_size=&#8221;100&#215;100&#8243; alignment=&#8221;center&#8221; css=&#8221;.vc_custom_1618843077322{margin-top: 0px !important;margin-right: 20px !important;margin-bottom: 0px !important;margin-left: 20px !important;}&#8221;][\/vc_column_inner][vc_column_inner width=&#8221;1\/4&#8243;][\/vc_column_inner][\/vc_row_inner][vc_column_text css=&#8221;.vc_custom_1620230806236{margin-bottom: 10px !important;}&#8221;]<\/p>\n<h2 style=\"text-align: center;\">Chirurgia legamento crociato posteriore<\/h2>\n<p>[\/vc_column_text][vc_separator color=&#8221;custom&#8221; style=&#8221;dotted&#8221; accent_color=&#8221;#2f3762&#8243; css=&#8221;.vc_custom_1618682358889{margin-top: 0px !important;}&#8221;][vc_column_text]<\/p>\n<p style=\"text-align: justify;\" align=\"left\"><strong>Un legamento \u00e8 una breve banda di tessuto connettivo fibroso composto principalmente di lunghe molecole di collagene.<\/strong> Questa \u00e8 una struttura estremamente solida che collegano insieme le ossa nelle articolazioni.<\/p>\n<p style=\"text-align: justify;\" align=\"left\">I legamenti sono utilizzati per controllare la mobilit\u00e0 delle articolazioni. Essi proteggono l&#8217;integrit\u00e0 del giunto durante i movimenti forzati durante una distorsione. Al ginocchio, ci sono quattro principali legamenti, legamenti articolari due laterali (mediale e laterale o mediale del legamento collaterale, e il legamento collaterale laterale) su ciascun lato del ginocchio, e due legamenti trasversali centrali chiamati perch\u00e9 incontrano il centro del ginocchio : il legamento crociato anteriore (LCA) e legamento crociato posteriore (LCP).<\/p>\n<p>[\/vc_column_text][vc_row_inner][vc_column_inner width=&#8221;1\/6&#8243;][\/vc_column_inner][vc_column_inner width=&#8221;2\/3&#8243;][vc_single_image image=&#8221;7232&#8243; img_size=&#8221;full&#8221; add_caption=&#8221;yes&#8221; alignment=&#8221;center&#8221; onclick=&#8221;link_image&#8221;][\/vc_column_inner][vc_column_inner width=&#8221;1\/6&#8243;][\/vc_column_inner][\/vc_row_inner][vc_column_text]<\/p>\n<p style=\"text-align: justify;\" align=\"left\"><strong>La rottura del legamento crociato posteriore (LCP) \u00e8 una rara ma spesso sotto diagnosticata lesione<\/strong>, che pu\u00f2 essere spiegato con un buon adattamento funzionale nel 85{88b696bf2700d12398c30964f41039de701ab1baffac505c8144f3e2e2571fd4} dei casi (il disagio, il disagio e il dolore durante la decelerazione).<br \/>\nA differenza di rottura del legamento crociato anteriore (LCA), l&#8217;instabilit\u00e0 che ne risulta \u00e8 raro, motivo per cui la riparazione chirurgica \u00e8 stata a lungo trascurata, in particolare in quanto \u00e8 un intervento chirurgico difficile. Tuttavia, molti autori insistono sul presente OA potenziale a lungo termine della lassit\u00e0 posteriore indotta dalla rottura del LCP, che si spiega con l&#8217;aumento dello stress sulla cartilagine della rotula e il compartimento femorale mediale della tibia. Negli ultimi anni, vari studi hanno contribuito a far avanzare questa chirurgia con la conoscenza migliore anatomiche e biomeccaniche e sviluppo di tecniche artroscopiche.<\/p>\n<p style=\"text-align: justify;\">Nella fase acuta, il trattamento \u00e8 generalmente funzionale, non chirurgico. Un programma di riabilitazione \u00e8 sviluppato. La chirurgia \u00e8 riservata a funzionari rompe subito un importante lassit\u00e0 posteriore, soprattutto se si \u00e8 associato con i dispositivi quali le lesioni di formazione esterna. Differenziale lassit\u00e0 posteriore deve essere misurato con radiografie dinamiche.<\/p>\n<p>[\/vc_column_text][vc_row_inner][vc_column_inner width=&#8221;5\/6&#8243;][vc_column_text]<\/p>\n<p style=\"text-align: justify;\"><strong>Successivamente, la necessit\u00e0 di questo intervento chirurgico dipende unicamente una possibile instabilit\u00e0 o pi\u00f9 spesso dolore nel femoro-rotulea. <\/strong>Si consiglia di eseguire questa operatori di chirurgia con l&#8217;esperienza di un intervento chirurgico di ricostruzione del legamento artroscopica. Ricostruzione eseguita in artroscopia usato pi\u00f9 spesso si trova nella tendine del quadricipite sopra la rotula con un perno osseo catturato a questo. Essa viene eseguita sotto controllo artroscopico e fluoroscopico. Dopo l&#8217;intervento chirurgico e la riabilitazione sono molto pi\u00f9 difficili e molto pi\u00f9 lunghi di quelli del crociato anteriore. Pu\u00f2 persistere una piccola lassit\u00e0 posteriore residua ma il risultato funzionale \u00e8 generalmente buona.<\/p>\n<p>[\/vc_column_text][vc_column_text]<\/p>\n<p style=\"text-align: justify;\"><strong>Les suites op\u00e9ratoires et la r\u00e9\u00e9ducation sont beaucoup plus difficiles et beaucoup plus longues que celles du crois\u00e9 ant\u00e9rieur. <\/strong>Il peut persister une petite laxit\u00e9 post\u00e9rieure r\u00e9siduelle mais le r\u00e9sultat fonctionnel est en g\u00e9n\u00e9ral bon.<\/p>\n<p>[\/vc_column_text][\/vc_column_inner][vc_column_inner width=&#8221;1\/6&#8243;][vc_single_image image=&#8221;7233&#8243; img_size=&#8221;full&#8221; add_caption=&#8221;yes&#8221; alignment=&#8221;center&#8221; onclick=&#8221;link_image&#8221;][\/vc_column_inner][\/vc_row_inner][\/vc_column][\/vc_row]<\/p>\n","protected":false},"excerpt":{"rendered":"<p>[vc_row][vc_column][vc_row_inner][vc_column_inner width=&#8221;1\/4&#8243;][\/vc_column_inner][vc_column_inner width=&#8221;1\/2&#8243;][vc_single_image image=&#8221;7536&#8243; img_size=&#8221;100&#215;100&#8243; alignment=&#8221;center&#8221; css=&#8221;.vc_custom_1618843077322{margin-top: 0px !important;margin-right: 20px !important;margin-bottom: 0px !important;margin-left: 20px !important;}&#8221;][\/vc_column_inner][vc_column_inner width=&#8221;1\/4&#8243;][\/vc_column_inner][\/vc_row_inner][vc_column_text css=&#8221;.vc_custom_1620230806236{margin-bottom: 10px !important;}&#8221;] Chirurgia legamento crociato posteriore [\/vc_column_text][vc_separator color=&#8221;custom&#8221; style=&#8221;dotted&#8221; accent_color=&#8221;#2f3762&#8243; css=&#8221;.vc_custom_1618682358889{margin-top: 0px !important;}&#8221;][vc_column_text] Un legamento \u00e8 una breve banda di tessuto connettivo fibroso composto principalmente di lunghe molecole di collagene. Questa \u00e8 una struttura estremamente solida che collegano insieme le ossa nelle articolazioni. I legamenti sono utilizzati per controllare la mobilit\u00e0 delle articolazioni. Essi proteggono l&#8217;integrit\u00e0 del giunto durante i movimenti forzati durante una distorsione. Al ginocchio, ci sono quattro principali legamenti, legamenti articolari due laterali (mediale e laterale o mediale del legamento collaterale, e il legamento collaterale laterale) su ciascun lato del ginocchio, e due legamenti trasversali centrali chiamati perch\u00e9 incontrano il centro del ginocchio : il legamento crociato anteriore (LCA) e legamento crociato posteriore (LCP). [\/vc_column_text][vc_row_inner][vc_column_inner width=&#8221;1\/6&#8243;][\/vc_column_inner][vc_column_inner width=&#8221;2\/3&#8243;][vc_single_image image=&#8221;7232&#8243; img_size=&#8221;full&#8221; add_caption=&#8221;yes&#8221; alignment=&#8221;center&#8221; onclick=&#8221;link_image&#8221;][\/vc_column_inner][vc_column_inner width=&#8221;1\/6&#8243;][\/vc_column_inner][\/vc_row_inner][vc_column_text] La rottura del legamento crociato posteriore (LCP) [&hellip;]<\/p>\n","protected":false},"author":1,"featured_media":0,"parent":8049,"menu_order":0,"comment_status":"closed","ping_status":"closed","template":"","meta":{"inline_featured_image":false,"footnotes":""},"class_list":["post-8098","page","type-page","status-publish","hentry"],"yoast_head":"<!-- This site is optimized with the Yoast SEO plugin v24.7 - https:\/\/yoast.com\/wordpress\/plugins\/seo\/ -->\n<title>Chirurgia del ginocchio - Legamento crociato posteriore a Nizza<\/title>\n<meta name=\"description\" content=\"Chirurgia del ginocchio e legamento crociato posteriore (PCL) a Nizza, dopo il legamento che collega il legamento crociato posteriore (PCL).\" \/>\n<meta name=\"robots\" content=\"index, follow, max-snippet:-1, max-image-preview:large, max-video-preview:-1\" \/>\n<link rel=\"canonical\" href=\"https:\/\/chirurgie-orthopedique.info\/it\/anatomia-e-fisiopatologia-del-ginocchio\/chirurgia-legamento-crociato-posteriore-lcp\/\" \/>\n<meta property=\"og:locale\" content=\"it_IT\" \/>\n<meta property=\"og:type\" content=\"article\" \/>\n<meta property=\"og:title\" content=\"Chirurgia del ginocchio - Legamento crociato posteriore a Nizza\" \/>\n<meta property=\"og:description\" content=\"Chirurgia del ginocchio e legamento crociato posteriore (PCL) a Nizza, dopo il legamento che collega il legamento crociato posteriore (PCL).\" \/>\n<meta property=\"og:url\" content=\"https:\/\/chirurgie-orthopedique.info\/it\/anatomia-e-fisiopatologia-del-ginocchio\/chirurgia-legamento-crociato-posteriore-lcp\/\" \/>\n<meta property=\"og:site_name\" content=\"Chirurgie Orthopedique, sp\u00e9cialiste du Genou, Hanche, Epaule \u00e0 Nice\" \/>\n<meta property=\"article:publisher\" content=\"https:\/\/www.facebook.com\/Dr.Mandrino\" \/>\n<meta property=\"article:modified_time\" content=\"2021-05-05T16:08:50+00:00\" \/>\n<meta property=\"og:image\" content=\"https:\/\/chirurgie-orthopedique.info\/wp-content\/uploads\/2017\/07\/Chirurgie-du-genou-nice.jpg\" \/>\n\t<meta property=\"og:image:width\" content=\"1921\" \/>\n\t<meta property=\"og:image:height\" content=\"1100\" \/>\n\t<meta property=\"og:image:type\" content=\"image\/jpeg\" \/>\n<meta name=\"twitter:card\" content=\"summary_large_image\" \/>\n<meta name=\"twitter:label1\" content=\"Tempo di lettura stimato\" \/>\n\t<meta name=\"twitter:data1\" content=\"3 minuti\" \/>\n<script type=\"application\/ld+json\" class=\"yoast-schema-graph\">{\"@context\":\"https:\/\/schema.org\",\"@graph\":[{\"@type\":\"WebPage\",\"@id\":\"https:\/\/chirurgie-orthopedique.info\/it\/anatomia-e-fisiopatologia-del-ginocchio\/chirurgia-legamento-crociato-posteriore-lcp\/\",\"url\":\"https:\/\/chirurgie-orthopedique.info\/it\/anatomia-e-fisiopatologia-del-ginocchio\/chirurgia-legamento-crociato-posteriore-lcp\/\",\"name\":\"Chirurgia del ginocchio - Legamento crociato posteriore a Nizza\",\"isPartOf\":{\"@id\":\"https:\/\/chirurgie-orthopedique.info\/it\/#website\"},\"datePublished\":\"2021-05-05T16:06:28+00:00\",\"dateModified\":\"2021-05-05T16:08:50+00:00\",\"description\":\"Chirurgia del ginocchio e legamento crociato posteriore (PCL) a Nizza, dopo il legamento che collega il legamento crociato posteriore (PCL).\",\"breadcrumb\":{\"@id\":\"https:\/\/chirurgie-orthopedique.info\/it\/anatomia-e-fisiopatologia-del-ginocchio\/chirurgia-legamento-crociato-posteriore-lcp\/#breadcrumb\"},\"inLanguage\":\"it-IT\",\"potentialAction\":[{\"@type\":\"ReadAction\",\"target\":[\"https:\/\/chirurgie-orthopedique.info\/it\/anatomia-e-fisiopatologia-del-ginocchio\/chirurgia-legamento-crociato-posteriore-lcp\/\"]}]},{\"@type\":\"BreadcrumbList\",\"@id\":\"https:\/\/chirurgie-orthopedique.info\/it\/anatomia-e-fisiopatologia-del-ginocchio\/chirurgia-legamento-crociato-posteriore-lcp\/#breadcrumb\",\"itemListElement\":[{\"@type\":\"ListItem\",\"position\":1,\"name\":\"Accueil\",\"item\":\"https:\/\/chirurgie-orthopedique.info\/it\/\"},{\"@type\":\"ListItem\",\"position\":2,\"name\":\"Anatomia e fisiopatologia del ginocchio\",\"item\":\"https:\/\/chirurgie-orthopedique.info\/it\/anatomia-e-fisiopatologia-del-ginocchio\/\"},{\"@type\":\"ListItem\",\"position\":3,\"name\":\"Chirurgia legamento crociato posteriore\"}]},{\"@type\":\"WebSite\",\"@id\":\"https:\/\/chirurgie-orthopedique.info\/it\/#website\",\"url\":\"https:\/\/chirurgie-orthopedique.info\/it\/\",\"name\":\"Chirurgie Orthopedique, sp\u00e9cialiste du Genou, Hanche, Epaule \u00e0 Nice\",\"description\":\"Docteur Mandrino sp\u00e9cialis\u00e9 en chirurgie du genou, de la hanche et de l&#039; \u00e9paule \u00e0 Nice\",\"publisher\":{\"@id\":\"https:\/\/chirurgie-orthopedique.info\/it\/#organization\"},\"potentialAction\":[{\"@type\":\"SearchAction\",\"target\":{\"@type\":\"EntryPoint\",\"urlTemplate\":\"https:\/\/chirurgie-orthopedique.info\/it\/?s={search_term_string}\"},\"query-input\":{\"@type\":\"PropertyValueSpecification\",\"valueRequired\":true,\"valueName\":\"search_term_string\"}}],\"inLanguage\":\"it-IT\"},{\"@type\":\"Organization\",\"@id\":\"https:\/\/chirurgie-orthopedique.info\/it\/#organization\",\"name\":\"Dr Alain Mandrino chirurgie orthop\u00e9dique \u00e0 Nice\",\"url\":\"https:\/\/chirurgie-orthopedique.info\/it\/\",\"logo\":{\"@type\":\"ImageObject\",\"inLanguage\":\"it-IT\",\"@id\":\"https:\/\/chirurgie-orthopedique.info\/it\/#\/schema\/logo\/image\/\",\"url\":\"https:\/\/chirurgie-orthopedique.info\/wp-content\/uploads\/2017\/07\/dr-alain-mandrino-chirurgie-orthopedique-nice.png\",\"contentUrl\":\"https:\/\/chirurgie-orthopedique.info\/wp-content\/uploads\/2017\/07\/dr-alain-mandrino-chirurgie-orthopedique-nice.png\",\"width\":443,\"height\":230,\"caption\":\"Dr Alain Mandrino chirurgie orthop\u00e9dique \u00e0 Nice\"},\"image\":{\"@id\":\"https:\/\/chirurgie-orthopedique.info\/it\/#\/schema\/logo\/image\/\"},\"sameAs\":[\"https:\/\/www.facebook.com\/Dr.Mandrino\",\"https:\/\/www.instagram.com\/dralainmandrino\/\",\"https:\/\/www.youtube.com\/user\/amandrino\"]}]}<\/script>\n<!-- \/ Yoast SEO plugin. -->","yoast_head_json":{"title":"Chirurgia del ginocchio - Legamento crociato posteriore a Nizza","description":"Chirurgia del ginocchio e legamento crociato posteriore (PCL) a Nizza, dopo il legamento che collega il legamento crociato posteriore (PCL).","robots":{"index":"index","follow":"follow","max-snippet":"max-snippet:-1","max-image-preview":"max-image-preview:large","max-video-preview":"max-video-preview:-1"},"canonical":"https:\/\/chirurgie-orthopedique.info\/it\/anatomia-e-fisiopatologia-del-ginocchio\/chirurgia-legamento-crociato-posteriore-lcp\/","og_locale":"it_IT","og_type":"article","og_title":"Chirurgia del ginocchio - Legamento crociato posteriore a Nizza","og_description":"Chirurgia del ginocchio e legamento crociato posteriore (PCL) a Nizza, dopo il legamento che collega il legamento crociato posteriore (PCL).","og_url":"https:\/\/chirurgie-orthopedique.info\/it\/anatomia-e-fisiopatologia-del-ginocchio\/chirurgia-legamento-crociato-posteriore-lcp\/","og_site_name":"Chirurgie Orthopedique, sp\u00e9cialiste du Genou, Hanche, Epaule \u00e0 Nice","article_publisher":"https:\/\/www.facebook.com\/Dr.Mandrino","article_modified_time":"2021-05-05T16:08:50+00:00","og_image":[{"width":1921,"height":1100,"url":"https:\/\/chirurgie-orthopedique.info\/wp-content\/uploads\/2017\/07\/Chirurgie-du-genou-nice.jpg","type":"image\/jpeg"}],"twitter_card":"summary_large_image","twitter_misc":{"Tempo di lettura stimato":"3 minuti"},"schema":{"@context":"https:\/\/schema.org","@graph":[{"@type":"WebPage","@id":"https:\/\/chirurgie-orthopedique.info\/it\/anatomia-e-fisiopatologia-del-ginocchio\/chirurgia-legamento-crociato-posteriore-lcp\/","url":"https:\/\/chirurgie-orthopedique.info\/it\/anatomia-e-fisiopatologia-del-ginocchio\/chirurgia-legamento-crociato-posteriore-lcp\/","name":"Chirurgia del ginocchio - Legamento crociato posteriore a Nizza","isPartOf":{"@id":"https:\/\/chirurgie-orthopedique.info\/it\/#website"},"datePublished":"2021-05-05T16:06:28+00:00","dateModified":"2021-05-05T16:08:50+00:00","description":"Chirurgia del ginocchio e legamento crociato posteriore (PCL) a Nizza, dopo il legamento che collega il legamento crociato posteriore (PCL).","breadcrumb":{"@id":"https:\/\/chirurgie-orthopedique.info\/it\/anatomia-e-fisiopatologia-del-ginocchio\/chirurgia-legamento-crociato-posteriore-lcp\/#breadcrumb"},"inLanguage":"it-IT","potentialAction":[{"@type":"ReadAction","target":["https:\/\/chirurgie-orthopedique.info\/it\/anatomia-e-fisiopatologia-del-ginocchio\/chirurgia-legamento-crociato-posteriore-lcp\/"]}]},{"@type":"BreadcrumbList","@id":"https:\/\/chirurgie-orthopedique.info\/it\/anatomia-e-fisiopatologia-del-ginocchio\/chirurgia-legamento-crociato-posteriore-lcp\/#breadcrumb","itemListElement":[{"@type":"ListItem","position":1,"name":"Accueil","item":"https:\/\/chirurgie-orthopedique.info\/it\/"},{"@type":"ListItem","position":2,"name":"Anatomia e fisiopatologia del ginocchio","item":"https:\/\/chirurgie-orthopedique.info\/it\/anatomia-e-fisiopatologia-del-ginocchio\/"},{"@type":"ListItem","position":3,"name":"Chirurgia legamento crociato posteriore"}]},{"@type":"WebSite","@id":"https:\/\/chirurgie-orthopedique.info\/it\/#website","url":"https:\/\/chirurgie-orthopedique.info\/it\/","name":"Chirurgie Orthopedique, sp\u00e9cialiste du Genou, Hanche, Epaule \u00e0 Nice","description":"Docteur Mandrino sp\u00e9cialis\u00e9 en chirurgie du genou, de la hanche et de l&#039; \u00e9paule \u00e0 Nice","publisher":{"@id":"https:\/\/chirurgie-orthopedique.info\/it\/#organization"},"potentialAction":[{"@type":"SearchAction","target":{"@type":"EntryPoint","urlTemplate":"https:\/\/chirurgie-orthopedique.info\/it\/?s={search_term_string}"},"query-input":{"@type":"PropertyValueSpecification","valueRequired":true,"valueName":"search_term_string"}}],"inLanguage":"it-IT"},{"@type":"Organization","@id":"https:\/\/chirurgie-orthopedique.info\/it\/#organization","name":"Dr Alain Mandrino chirurgie orthop\u00e9dique \u00e0 Nice","url":"https:\/\/chirurgie-orthopedique.info\/it\/","logo":{"@type":"ImageObject","inLanguage":"it-IT","@id":"https:\/\/chirurgie-orthopedique.info\/it\/#\/schema\/logo\/image\/","url":"https:\/\/chirurgie-orthopedique.info\/wp-content\/uploads\/2017\/07\/dr-alain-mandrino-chirurgie-orthopedique-nice.png","contentUrl":"https:\/\/chirurgie-orthopedique.info\/wp-content\/uploads\/2017\/07\/dr-alain-mandrino-chirurgie-orthopedique-nice.png","width":443,"height":230,"caption":"Dr Alain Mandrino chirurgie orthop\u00e9dique \u00e0 Nice"},"image":{"@id":"https:\/\/chirurgie-orthopedique.info\/it\/#\/schema\/logo\/image\/"},"sameAs":["https:\/\/www.facebook.com\/Dr.Mandrino","https:\/\/www.instagram.com\/dralainmandrino\/","https:\/\/www.youtube.com\/user\/amandrino"]}]}},"jetpack_sharing_enabled":true,"_links":{"self":[{"href":"https:\/\/chirurgie-orthopedique.info\/it\/wp-json\/wp\/v2\/pages\/8098","targetHints":{"allow":["GET"]}}],"collection":[{"href":"https:\/\/chirurgie-orthopedique.info\/it\/wp-json\/wp\/v2\/pages"}],"about":[{"href":"https:\/\/chirurgie-orthopedique.info\/it\/wp-json\/wp\/v2\/types\/page"}],"author":[{"embeddable":true,"href":"https:\/\/chirurgie-orthopedique.info\/it\/wp-json\/wp\/v2\/users\/1"}],"replies":[{"embeddable":true,"href":"https:\/\/chirurgie-orthopedique.info\/it\/wp-json\/wp\/v2\/comments?post=8098"}],"version-history":[{"count":0,"href":"https:\/\/chirurgie-orthopedique.info\/it\/wp-json\/wp\/v2\/pages\/8098\/revisions"}],"up":[{"embeddable":true,"href":"https:\/\/chirurgie-orthopedique.info\/it\/wp-json\/wp\/v2\/pages\/8049"}],"wp:attachment":[{"href":"https:\/\/chirurgie-orthopedique.info\/it\/wp-json\/wp\/v2\/media?parent=8098"}],"curies":[{"name":"wp","href":"https:\/\/api.w.org\/{rel}","templated":true}]}}