{"id":8141,"date":"2021-05-06T07:47:52","date_gmt":"2021-05-06T07:47:52","guid":{"rendered":"https:\/\/toty.fr\/wordpress\/?page_id=8141"},"modified":"2021-05-06T08:08:06","modified_gmt":"2021-05-06T08:08:06","slug":"protesica-del-ginocchio","status":"publish","type":"page","link":"https:\/\/chirurgie-orthopedique.info\/it\/anatomia-e-fisiopatologia-del-ginocchio\/chirurgia-artroscopica-del-menisco\/protesica-del-ginocchio\/","title":{"rendered":"Le tue domande sulla chirurgia protesica del ginocchio"},"content":{"rendered":"<p>[vc_row][vc_column width=&#8221;5\/6&#8243;][vc_row_inner][vc_column_inner width=&#8221;1\/4&#8243;][\/vc_column_inner][vc_column_inner width=&#8221;1\/2&#8243;][vc_single_image image=&#8221;7536&#8243; img_size=&#8221;100&#215;100&#8243; alignment=&#8221;center&#8221; css=&#8221;.vc_custom_1618843764813{margin-top: 0px !important;margin-right: 20px !important;margin-bottom: 0px !important;margin-left: 20px !important;}&#8221;][\/vc_column_inner][vc_column_inner width=&#8221;1\/4&#8243;][\/vc_column_inner][\/vc_row_inner][vc_column_text css=&#8221;.vc_custom_1620287291569{margin-bottom: 10px !important;}&#8221;]<\/p>\n<h3 style=\"text-align: center;\"><b>Le tue domande sulla chirurgia protesica del ginocchio<\/b><\/h3>\n<p>[\/vc_column_text][vc_separator color=&#8221;custom&#8221; style=&#8221;dotted&#8221; accent_color=&#8221;#2f3762&#8243; css=&#8221;.vc_custom_1618682358889{margin-top: 0px !important;}&#8221;][vc_tta_accordion][vc_tta_section i_icon_fontawesome=&#8221;fas fa-arrow-alt-circle-right&#8221; add_icon=&#8221;true&#8221; title=&#8221;Qual \u00e8 la durata del ricovero?&#8221; tab_id=&#8221;1618685947652-943b1ddc-8feb&#8221;][vc_column_text]<\/p>\n<p style=\"text-align: justify;\">La degenza ospedaliera \u00e8 di 2-3 giorni, ma l&#8217;intervento \u00e8 sempre pi\u00f9 eseguito in regime ambulatoriale per le protesi totali e quasi sistematicamente per le protesi monocompartimentali. In questo caso l&#8217;assistenza viene organizzata non appena si rientra a casa alle ore 18 con un follow-up infermieristico gestito da aziende specializzate, che garantisce una maggiore sicurezza per il paziente.<\/p>\n<p>[\/vc_column_text][\/vc_tta_section][vc_tta_section i_icon_fontawesome=&#8221;fas fa-arrow-alt-circle-right&#8221; add_icon=&#8221;true&#8221; title=&#8221;Che tipo di anestesia?&#8221; tab_id=&#8221;1618685947673-2d6bfee2-36d6&#8243;][vc_column_text]<\/p>\n<p style=\"text-align: justify;\">Sar\u00e0 diretto dall\u2019anestesista prima dell\u2019intervento chirurgico in anestesia contundenti ultrasuoni diversi tronchi nervosi dell\u2019arto inferiore, fornendo analgesia intraoperatoria associata con l\u2019installazione di un catetere femorale per l\u2019analgesia postoperatoria. All\u2019anestesia regionale assocer\u00e0 un\u2019anestesia generale leggera durante l\u2019intervento chirurgico.<\/p>\n<p>[\/vc_column_text][\/vc_tta_section][vc_tta_section i_icon_fontawesome=&#8221;fas fa-arrow-alt-circle-right&#8221; add_icon=&#8221;true&#8221; title=&#8221;Un centro di riabilitazione \u00e8 necessario?&#8221; tab_id=&#8221;1618691375626-bc578cd9-fb04&#8243;][vc_column_text]<\/p>\n<p style=\"text-align: justify;\">Il ritorno a casa \u00e8 possibile a condizione che il coniuge o parenti stretti possono prendersi cura del genitore operato. In caso contrario, un soggiorno in un centro di riabilitazione per un paio di settimane \u00e8 preferibile.<\/p>\n<p>[\/vc_column_text][\/vc_tta_section][vc_tta_section i_icon_fontawesome=&#8221;fas fa-arrow-alt-circle-right&#8221; add_icon=&#8221;true&#8221; title=&#8221;C&#8217;\u00e8 bisogno di una trasfusione?&#8221; tab_id=&#8221;1618691425962-1fe64fa5-f7a1&#8243;][vc_column_text]<\/p>\n<p style=\"text-align: justify;\">L\u2019uso di un risparmiatore cellula durante la chirurgia ed eventualmente l\u2019uso di EPO prima dell\u2019intervento chirurgico per i pazienti con bassa emoglobina possono generalmente evitare trasfusioni.<\/p>\n<p>[\/vc_column_text][\/vc_tta_section][vc_tta_section i_icon_fontawesome=&#8221;fas fa-arrow-alt-circle-right&#8221; add_icon=&#8221;true&#8221; title=&#8221;Come va la ripresa della vita quotidiana?&#8221; tab_id=&#8221;1618691464598-49127163-a757&#8243;][vc_column_text]<\/p>\n<p style=\"text-align: justify;\">Durante la prima visita di mesi postoperatori, la maggior parte dei pazienti hanno ripreso la normale deambulazione senza bastone e pu\u00f2 prendere in considerazione la ripresa della marcia. Riabilitazione continuer\u00e0 ancora per 2 o 3 mesi. La ripresa delle attivit\u00e0 in attivit\u00e0 sportive \u00e8 possibile come il ciclismo, il tennis o lo sci.<\/p>\n<p>[\/vc_column_text][\/vc_tta_section][vc_tta_section i_icon_fontawesome=&#8221;fas fa-arrow-alt-circle-right&#8221; add_icon=&#8221;true&#8221; title=&#8221;Le complicanze sono loro possibili?&#8221; tab_id=&#8221;1618686103251-ec0ff90c-2f75&#8243;][vc_column_text]<\/p>\n<p style=\"text-align: justify;\">Durante la procedura, un\u2019osteoporosi o frattura ossea significativa pu\u00f2 richiedere la costituzione di una protesi con bowling ancora pi\u00f9 lungo o, eventualmente, un materiale di osteosintesi. Danni vascolari o nervose pu\u00f2 verificarsi e richiedono un trattamento appropriato. Queste complicazioni sono eccezionali soprattutto quando il gruppo chirurgico \u00e8 guidato a questo tipo di chirurgia.<br \/>\nDopo l\u2019intervento chirurgico, flebite sar\u00e0 rilevata da un Doppler venoso se l\u2019esame clinico \u00e8 suggestivo. La ritenzione urinaria pu\u00f2 verificarsi soprattutto negli esseri umani se l\u2019anestesia regionale \u00e8 stata eseguita e richiedono un sondaggio. L\u2019infezione si pu\u00f2 verificare nei giorni successivi all\u2019intervento o in remoto. Questa complicanza \u00e8 molto rara.<br \/>\nA algodistrofia distanza (reazione del sistema vascolare-motore) pu\u00f2 causare dolore e rigidit\u00e0 o di ritardo nella riabilitazione. E di solito regredisce spontaneamente nel giro di pochi mesi.<\/p>\n<p>[\/vc_column_text][\/vc_tta_section][vc_tta_section i_icon_fontawesome=&#8221;fas fa-arrow-alt-circle-right&#8221; add_icon=&#8221;true&#8221; title=&#8221;Quanto dura la protesi?&#8221; tab_id=&#8221;1618686062658-28c9dafd-499f&#8221;][vc_column_text]<\/p>\n<p style=\"text-align: justify;\">Le protesi di solito durano 15 anni.<\/p>\n<p>[\/vc_column_text][\/vc_tta_section][\/vc_tta_accordion][\/vc_column][vc_column width=&#8221;1\/6&#8243;][\/vc_column][\/vc_row]<\/p>\n","protected":false},"excerpt":{"rendered":"<p>[vc_row][vc_column width=&#8221;5\/6&#8243;][vc_row_inner][vc_column_inner width=&#8221;1\/4&#8243;][\/vc_column_inner][vc_column_inner width=&#8221;1\/2&#8243;][vc_single_image image=&#8221;7536&#8243; img_size=&#8221;100&#215;100&#8243; alignment=&#8221;center&#8221; css=&#8221;.vc_custom_1618843764813{margin-top: 0px !important;margin-right: 20px !important;margin-bottom: 0px !important;margin-left: 20px !important;}&#8221;][\/vc_column_inner][vc_column_inner width=&#8221;1\/4&#8243;][\/vc_column_inner][\/vc_row_inner][vc_column_text css=&#8221;.vc_custom_1620287291569{margin-bottom: 10px !important;}&#8221;] Le tue domande sulla chirurgia protesica del ginocchio [\/vc_column_text][vc_separator color=&#8221;custom&#8221; style=&#8221;dotted&#8221; accent_color=&#8221;#2f3762&#8243; css=&#8221;.vc_custom_1618682358889{margin-top: 0px !important;}&#8221;][vc_tta_accordion][vc_tta_section i_icon_fontawesome=&#8221;fas fa-arrow-alt-circle-right&#8221; add_icon=&#8221;true&#8221; title=&#8221;Qual \u00e8 la durata del ricovero?&#8221; tab_id=&#8221;1618685947652-943b1ddc-8feb&#8221;][vc_column_text] La degenza ospedaliera \u00e8 di 2-3 giorni, ma l&#8217;intervento \u00e8 sempre pi\u00f9 eseguito in regime ambulatoriale per le protesi totali e quasi sistematicamente per le protesi monocompartimentali. In questo caso l&#8217;assistenza viene organizzata non appena si rientra a casa alle ore 18 con un follow-up infermieristico gestito da aziende specializzate, che garantisce una maggiore sicurezza per il paziente. [\/vc_column_text][\/vc_tta_section][vc_tta_section i_icon_fontawesome=&#8221;fas fa-arrow-alt-circle-right&#8221; add_icon=&#8221;true&#8221; title=&#8221;Che tipo di anestesia?&#8221; tab_id=&#8221;1618685947673-2d6bfee2-36d6&#8243;][vc_column_text] Sar\u00e0 diretto dall\u2019anestesista prima dell\u2019intervento chirurgico in anestesia contundenti ultrasuoni diversi tronchi nervosi dell\u2019arto inferiore, fornendo analgesia intraoperatoria associata con l\u2019installazione di un catetere femorale per l\u2019analgesia postoperatoria. All\u2019anestesia regionale assocer\u00e0 un\u2019anestesia generale leggera durante l\u2019intervento chirurgico. [\/vc_column_text][\/vc_tta_section][vc_tta_section [&hellip;]<\/p>\n","protected":false},"author":1,"featured_media":0,"parent":8058,"menu_order":0,"comment_status":"closed","ping_status":"closed","template":"","meta":{"inline_featured_image":false,"footnotes":""},"class_list":["post-8141","page","type-page","status-publish","hentry"],"yoast_head":"<!-- This site is optimized with the Yoast SEO plugin v24.7 - https:\/\/yoast.com\/wordpress\/plugins\/seo\/ -->\n<title>Protesica del ginocchio - Dottor Mandrino, chirurgo ortopedico a Nizza<\/title>\n<meta name=\"description\" content=\"Il Dottor Mandrino, chirurgo ortopedico a Nizza, risponde a tutte le domande del protesica del ginocchio.\" \/>\n<meta name=\"robots\" content=\"index, follow, max-snippet:-1, max-image-preview:large, max-video-preview:-1\" \/>\n<link rel=\"canonical\" href=\"https:\/\/chirurgie-orthopedique.info\/it\/anatomia-e-fisiopatologia-del-ginocchio\/chirurgia-artroscopica-del-menisco\/protesica-del-ginocchio\/\" \/>\n<meta property=\"og:locale\" content=\"it_IT\" \/>\n<meta property=\"og:type\" content=\"article\" \/>\n<meta property=\"og:title\" content=\"Protesica del ginocchio - Dottor Mandrino, chirurgo ortopedico a Nizza\" \/>\n<meta property=\"og:description\" content=\"Il Dottor Mandrino, chirurgo ortopedico a Nizza, risponde a tutte le domande del protesica del ginocchio.\" \/>\n<meta property=\"og:url\" content=\"https:\/\/chirurgie-orthopedique.info\/it\/anatomia-e-fisiopatologia-del-ginocchio\/chirurgia-artroscopica-del-menisco\/protesica-del-ginocchio\/\" \/>\n<meta property=\"og:site_name\" content=\"Chirurgie Orthopedique, sp\u00e9cialiste du Genou, Hanche, Epaule \u00e0 Nice\" \/>\n<meta property=\"article:publisher\" content=\"https:\/\/www.facebook.com\/Dr.Mandrino\" \/>\n<meta property=\"article:modified_time\" content=\"2021-05-06T08:08:06+00:00\" \/>\n<meta property=\"og:image\" content=\"https:\/\/chirurgie-orthopedique.info\/wp-content\/uploads\/2017\/07\/Chirurgie-du-genou-nice.jpg\" \/>\n\t<meta property=\"og:image:width\" content=\"1921\" \/>\n\t<meta property=\"og:image:height\" content=\"1100\" \/>\n\t<meta property=\"og:image:type\" content=\"image\/jpeg\" \/>\n<meta name=\"twitter:card\" content=\"summary_large_image\" \/>\n<meta name=\"twitter:label1\" content=\"Tempo di lettura stimato\" \/>\n\t<meta name=\"twitter:data1\" content=\"2 minuti\" \/>\n<script type=\"application\/ld+json\" class=\"yoast-schema-graph\">{\"@context\":\"https:\/\/schema.org\",\"@graph\":[{\"@type\":\"WebPage\",\"@id\":\"https:\/\/chirurgie-orthopedique.info\/it\/anatomia-e-fisiopatologia-del-ginocchio\/chirurgia-artroscopica-del-menisco\/protesica-del-ginocchio\/\",\"url\":\"https:\/\/chirurgie-orthopedique.info\/it\/anatomia-e-fisiopatologia-del-ginocchio\/chirurgia-artroscopica-del-menisco\/protesica-del-ginocchio\/\",\"name\":\"Protesica del ginocchio - Dottor Mandrino, chirurgo ortopedico a Nizza\",\"isPartOf\":{\"@id\":\"https:\/\/chirurgie-orthopedique.info\/it\/#website\"},\"datePublished\":\"2021-05-06T07:47:52+00:00\",\"dateModified\":\"2021-05-06T08:08:06+00:00\",\"description\":\"Il Dottor Mandrino, chirurgo ortopedico a Nizza, risponde a tutte le domande del protesica del ginocchio.\",\"breadcrumb\":{\"@id\":\"https:\/\/chirurgie-orthopedique.info\/it\/anatomia-e-fisiopatologia-del-ginocchio\/chirurgia-artroscopica-del-menisco\/protesica-del-ginocchio\/#breadcrumb\"},\"inLanguage\":\"it-IT\",\"potentialAction\":[{\"@type\":\"ReadAction\",\"target\":[\"https:\/\/chirurgie-orthopedique.info\/it\/anatomia-e-fisiopatologia-del-ginocchio\/chirurgia-artroscopica-del-menisco\/protesica-del-ginocchio\/\"]}]},{\"@type\":\"BreadcrumbList\",\"@id\":\"https:\/\/chirurgie-orthopedique.info\/it\/anatomia-e-fisiopatologia-del-ginocchio\/chirurgia-artroscopica-del-menisco\/protesica-del-ginocchio\/#breadcrumb\",\"itemListElement\":[{\"@type\":\"ListItem\",\"position\":1,\"name\":\"Accueil\",\"item\":\"https:\/\/chirurgie-orthopedique.info\/it\/\"},{\"@type\":\"ListItem\",\"position\":2,\"name\":\"Anatomia e fisiopatologia del ginocchio\",\"item\":\"https:\/\/chirurgie-orthopedique.info\/it\/anatomia-e-fisiopatologia-del-ginocchio\/\"},{\"@type\":\"ListItem\",\"position\":3,\"name\":\"Chirurgia artroscopica del menisco\",\"item\":\"https:\/\/chirurgie-orthopedique.info\/it\/anatomia-e-fisiopatologia-del-ginocchio\/chirurgia-artroscopica-del-menisco\/\"},{\"@type\":\"ListItem\",\"position\":4,\"name\":\"Le tue domande sulla chirurgia protesica del ginocchio\"}]},{\"@type\":\"WebSite\",\"@id\":\"https:\/\/chirurgie-orthopedique.info\/it\/#website\",\"url\":\"https:\/\/chirurgie-orthopedique.info\/it\/\",\"name\":\"Chirurgie Orthopedique, sp\u00e9cialiste du Genou, Hanche, Epaule \u00e0 Nice\",\"description\":\"Docteur Mandrino sp\u00e9cialis\u00e9 en chirurgie du genou, de la hanche et de l&#039; \u00e9paule \u00e0 Nice\",\"publisher\":{\"@id\":\"https:\/\/chirurgie-orthopedique.info\/it\/#organization\"},\"potentialAction\":[{\"@type\":\"SearchAction\",\"target\":{\"@type\":\"EntryPoint\",\"urlTemplate\":\"https:\/\/chirurgie-orthopedique.info\/it\/?s={search_term_string}\"},\"query-input\":{\"@type\":\"PropertyValueSpecification\",\"valueRequired\":true,\"valueName\":\"search_term_string\"}}],\"inLanguage\":\"it-IT\"},{\"@type\":\"Organization\",\"@id\":\"https:\/\/chirurgie-orthopedique.info\/it\/#organization\",\"name\":\"Dr Alain Mandrino chirurgie orthop\u00e9dique \u00e0 Nice\",\"url\":\"https:\/\/chirurgie-orthopedique.info\/it\/\",\"logo\":{\"@type\":\"ImageObject\",\"inLanguage\":\"it-IT\",\"@id\":\"https:\/\/chirurgie-orthopedique.info\/it\/#\/schema\/logo\/image\/\",\"url\":\"https:\/\/chirurgie-orthopedique.info\/wp-content\/uploads\/2017\/07\/dr-alain-mandrino-chirurgie-orthopedique-nice.png\",\"contentUrl\":\"https:\/\/chirurgie-orthopedique.info\/wp-content\/uploads\/2017\/07\/dr-alain-mandrino-chirurgie-orthopedique-nice.png\",\"width\":443,\"height\":230,\"caption\":\"Dr Alain Mandrino chirurgie orthop\u00e9dique \u00e0 Nice\"},\"image\":{\"@id\":\"https:\/\/chirurgie-orthopedique.info\/it\/#\/schema\/logo\/image\/\"},\"sameAs\":[\"https:\/\/www.facebook.com\/Dr.Mandrino\",\"https:\/\/www.instagram.com\/dralainmandrino\/\",\"https:\/\/www.youtube.com\/user\/amandrino\"]}]}<\/script>\n<!-- \/ Yoast SEO plugin. -->","yoast_head_json":{"title":"Protesica del ginocchio - Dottor Mandrino, chirurgo ortopedico a Nizza","description":"Il Dottor Mandrino, chirurgo ortopedico a Nizza, risponde a tutte le domande del protesica del ginocchio.","robots":{"index":"index","follow":"follow","max-snippet":"max-snippet:-1","max-image-preview":"max-image-preview:large","max-video-preview":"max-video-preview:-1"},"canonical":"https:\/\/chirurgie-orthopedique.info\/it\/anatomia-e-fisiopatologia-del-ginocchio\/chirurgia-artroscopica-del-menisco\/protesica-del-ginocchio\/","og_locale":"it_IT","og_type":"article","og_title":"Protesica del ginocchio - Dottor Mandrino, chirurgo ortopedico a Nizza","og_description":"Il Dottor Mandrino, chirurgo ortopedico a Nizza, risponde a tutte le domande del protesica del ginocchio.","og_url":"https:\/\/chirurgie-orthopedique.info\/it\/anatomia-e-fisiopatologia-del-ginocchio\/chirurgia-artroscopica-del-menisco\/protesica-del-ginocchio\/","og_site_name":"Chirurgie Orthopedique, sp\u00e9cialiste du Genou, Hanche, Epaule \u00e0 Nice","article_publisher":"https:\/\/www.facebook.com\/Dr.Mandrino","article_modified_time":"2021-05-06T08:08:06+00:00","og_image":[{"width":1921,"height":1100,"url":"https:\/\/chirurgie-orthopedique.info\/wp-content\/uploads\/2017\/07\/Chirurgie-du-genou-nice.jpg","type":"image\/jpeg"}],"twitter_card":"summary_large_image","twitter_misc":{"Tempo di lettura stimato":"2 minuti"},"schema":{"@context":"https:\/\/schema.org","@graph":[{"@type":"WebPage","@id":"https:\/\/chirurgie-orthopedique.info\/it\/anatomia-e-fisiopatologia-del-ginocchio\/chirurgia-artroscopica-del-menisco\/protesica-del-ginocchio\/","url":"https:\/\/chirurgie-orthopedique.info\/it\/anatomia-e-fisiopatologia-del-ginocchio\/chirurgia-artroscopica-del-menisco\/protesica-del-ginocchio\/","name":"Protesica del ginocchio - Dottor Mandrino, chirurgo ortopedico a Nizza","isPartOf":{"@id":"https:\/\/chirurgie-orthopedique.info\/it\/#website"},"datePublished":"2021-05-06T07:47:52+00:00","dateModified":"2021-05-06T08:08:06+00:00","description":"Il Dottor Mandrino, chirurgo ortopedico a Nizza, risponde a tutte le domande del protesica del ginocchio.","breadcrumb":{"@id":"https:\/\/chirurgie-orthopedique.info\/it\/anatomia-e-fisiopatologia-del-ginocchio\/chirurgia-artroscopica-del-menisco\/protesica-del-ginocchio\/#breadcrumb"},"inLanguage":"it-IT","potentialAction":[{"@type":"ReadAction","target":["https:\/\/chirurgie-orthopedique.info\/it\/anatomia-e-fisiopatologia-del-ginocchio\/chirurgia-artroscopica-del-menisco\/protesica-del-ginocchio\/"]}]},{"@type":"BreadcrumbList","@id":"https:\/\/chirurgie-orthopedique.info\/it\/anatomia-e-fisiopatologia-del-ginocchio\/chirurgia-artroscopica-del-menisco\/protesica-del-ginocchio\/#breadcrumb","itemListElement":[{"@type":"ListItem","position":1,"name":"Accueil","item":"https:\/\/chirurgie-orthopedique.info\/it\/"},{"@type":"ListItem","position":2,"name":"Anatomia e fisiopatologia del ginocchio","item":"https:\/\/chirurgie-orthopedique.info\/it\/anatomia-e-fisiopatologia-del-ginocchio\/"},{"@type":"ListItem","position":3,"name":"Chirurgia artroscopica del menisco","item":"https:\/\/chirurgie-orthopedique.info\/it\/anatomia-e-fisiopatologia-del-ginocchio\/chirurgia-artroscopica-del-menisco\/"},{"@type":"ListItem","position":4,"name":"Le tue domande sulla chirurgia protesica del ginocchio"}]},{"@type":"WebSite","@id":"https:\/\/chirurgie-orthopedique.info\/it\/#website","url":"https:\/\/chirurgie-orthopedique.info\/it\/","name":"Chirurgie Orthopedique, sp\u00e9cialiste du Genou, Hanche, Epaule \u00e0 Nice","description":"Docteur Mandrino sp\u00e9cialis\u00e9 en chirurgie du genou, de la hanche et de l&#039; \u00e9paule \u00e0 Nice","publisher":{"@id":"https:\/\/chirurgie-orthopedique.info\/it\/#organization"},"potentialAction":[{"@type":"SearchAction","target":{"@type":"EntryPoint","urlTemplate":"https:\/\/chirurgie-orthopedique.info\/it\/?s={search_term_string}"},"query-input":{"@type":"PropertyValueSpecification","valueRequired":true,"valueName":"search_term_string"}}],"inLanguage":"it-IT"},{"@type":"Organization","@id":"https:\/\/chirurgie-orthopedique.info\/it\/#organization","name":"Dr Alain Mandrino chirurgie orthop\u00e9dique \u00e0 Nice","url":"https:\/\/chirurgie-orthopedique.info\/it\/","logo":{"@type":"ImageObject","inLanguage":"it-IT","@id":"https:\/\/chirurgie-orthopedique.info\/it\/#\/schema\/logo\/image\/","url":"https:\/\/chirurgie-orthopedique.info\/wp-content\/uploads\/2017\/07\/dr-alain-mandrino-chirurgie-orthopedique-nice.png","contentUrl":"https:\/\/chirurgie-orthopedique.info\/wp-content\/uploads\/2017\/07\/dr-alain-mandrino-chirurgie-orthopedique-nice.png","width":443,"height":230,"caption":"Dr Alain Mandrino chirurgie orthop\u00e9dique \u00e0 Nice"},"image":{"@id":"https:\/\/chirurgie-orthopedique.info\/it\/#\/schema\/logo\/image\/"},"sameAs":["https:\/\/www.facebook.com\/Dr.Mandrino","https:\/\/www.instagram.com\/dralainmandrino\/","https:\/\/www.youtube.com\/user\/amandrino"]}]}},"jetpack_sharing_enabled":true,"_links":{"self":[{"href":"https:\/\/chirurgie-orthopedique.info\/it\/wp-json\/wp\/v2\/pages\/8141","targetHints":{"allow":["GET"]}}],"collection":[{"href":"https:\/\/chirurgie-orthopedique.info\/it\/wp-json\/wp\/v2\/pages"}],"about":[{"href":"https:\/\/chirurgie-orthopedique.info\/it\/wp-json\/wp\/v2\/types\/page"}],"author":[{"embeddable":true,"href":"https:\/\/chirurgie-orthopedique.info\/it\/wp-json\/wp\/v2\/users\/1"}],"replies":[{"embeddable":true,"href":"https:\/\/chirurgie-orthopedique.info\/it\/wp-json\/wp\/v2\/comments?post=8141"}],"version-history":[{"count":0,"href":"https:\/\/chirurgie-orthopedique.info\/it\/wp-json\/wp\/v2\/pages\/8141\/revisions"}],"up":[{"embeddable":true,"href":"https:\/\/chirurgie-orthopedique.info\/it\/wp-json\/wp\/v2\/pages\/8058"}],"wp:attachment":[{"href":"https:\/\/chirurgie-orthopedique.info\/it\/wp-json\/wp\/v2\/media?parent=8141"}],"curies":[{"name":"wp","href":"https:\/\/api.w.org\/{rel}","templated":true}]}}