{"id":8149,"date":"2021-05-06T08:19:29","date_gmt":"2021-05-06T08:19:29","guid":{"rendered":"https:\/\/toty.fr\/wordpress\/?page_id=8149"},"modified":"2021-05-06T08:22:48","modified_gmt":"2021-05-06T08:22:48","slug":"le-tue-domande-sulla-chirurgia-meniscale-artroscopica","status":"publish","type":"page","link":"https:\/\/chirurgie-orthopedique.info\/it\/anatomia-e-fisiopatologia-del-ginocchio\/chirurgia-artroscopica-del-menisco\/le-tue-domande-sulla-chirurgia-meniscale-artroscopica\/","title":{"rendered":"Le tue domande sulla chirurgia meniscale artroscopica"},"content":{"rendered":"<p>[vc_row][vc_column][vc_row_inner][vc_column_inner width=&#8221;1\/4&#8243;][\/vc_column_inner][vc_column_inner width=&#8221;1\/2&#8243;][vc_single_image image=&#8221;7536&#8243; img_size=&#8221;100&#215;100&#8243; alignment=&#8221;center&#8221; css=&#8221;.vc_custom_1618842941162{margin-top: 0px !important;margin-right: 20px !important;margin-bottom: 0px !important;margin-left: 20px !important;}&#8221;][\/vc_column_inner][vc_column_inner width=&#8221;1\/4&#8243;][\/vc_column_inner][\/vc_row_inner][vc_column_text css=&#8221;.vc_custom_1620289207686{margin-bottom: 10px !important;}&#8221;]<\/p>\n<h3 style=\"text-align: center;\"><b>Le tue domande sulla chirurgia meniscale artroscopica\u00a0<\/b><\/h3>\n<p>[\/vc_column_text][vc_separator color=&#8221;custom&#8221; style=&#8221;dotted&#8221; accent_color=&#8221;#2f3762&#8243; css=&#8221;.vc_custom_1618682358889{margin-top: 0px !important;}&#8221;][vc_tta_accordion][vc_tta_section i_icon_fontawesome=&#8221;fas fa-arrow-alt-circle-right&#8221; add_icon=&#8221;true&#8221; title=&#8221;Qual \u00e8 la durata del ricovero?&#8221; tab_id=&#8221;1618685947652-943b1ddc-8feb&#8221;][vc_column_text]<\/p>\n<p style=\"text-align: justify;\">Salvo eccezioni, questo intervento viene eseguito ambulatorialmente con una degenza da 6 a 10 ore.<\/p>\n<p>[\/vc_column_text][\/vc_tta_section][vc_tta_section i_icon_fontawesome=&#8221;fas fa-arrow-alt-circle-right&#8221; add_icon=&#8221;true&#8221; title=&#8221;Che tipo di anestesia?&#8221; tab_id=&#8221;1618685947673-2d6bfee2-36d6&#8243;][vc_column_text]<\/p>\n<p style=\"text-align: justify;\">Essendo un intervento con poco dolore postoperatorio, di solito \u00e8 un\u2019anestesia generale molta leggera per questa chirurgia ambulatoriale. Se il paziente desidera, questa procedura pu\u00f2 essere eseguita in anestesia regionale.<\/p>\n<p>[\/vc_column_text][\/vc_tta_section][vc_tta_section i_icon_fontawesome=&#8221;fas fa-arrow-alt-circle-right&#8221; add_icon=&#8221;true&#8221; title=&#8221;Che cosa succeder\u00e0 dopo l&#8217;intervento chirurgico?&#8221; tab_id=&#8221;1618686062658-28c9dafd-499f&#8221;][vc_column_text]Il paziente pu\u00f2 camminare con il supporto. L\u2019uso di una stampella in genere non \u00e8 necessario. Nessuna attivit\u00e0 \u00e8 esclusa, ma dovrebbe limitata almeno nei primi giorni e si consiglia di applicare il ghiaccio al ginocchio per farlo sgonfiare.<\/p>\n<p>La guida \u00e8 di solito possibile dopo 3 o 4 giorni. La riabilitazione deve essere iniziato al pi\u00f9 presto possibile se il giorno dopo l\u2019intervento chirurgico. Il recupero sportivo progressivo \u00e8 possibile dalla terza settimana postoperatoria.[\/vc_column_text][\/vc_tta_section][vc_tta_section i_icon_fontawesome=&#8221;fas fa-arrow-alt-circle-right&#8221; add_icon=&#8221;true&#8221; title=&#8221;Le complicanze sono possibili?&#8221; tab_id=&#8221;1618686103251-ec0ff90c-2f75&#8243;][vc_column_text]<\/p>\n<p style=\"text-align: justify;\">Come ogni intervento chirurgico, l\u2019artroscopia pu\u00f2 essere complicata da:<\/p>\n<p style=\"text-align: justify;\">\u2013 Sanguinamento alla puntura,<br \/>\n\u2013 ematomi,<br \/>\n\u2013 Presenza di versamento intra-articolare, che a volte pu\u00f2 richiedere l\u2019aspirazione<br \/>\n\u2013 Flebite,<br \/>\n\u2013 Area di anestesia \u201ca rete\u201d da uno dei punti.<br \/>\n\u2013 Infezione. Questa complicanza \u00e8 molto rara, ma pu\u00f2 richiedere un nuovo intervento di lavaggio e trattamento antibiotico.<br \/>\n\u2013 E \u2018difficile prendere in considerazione tutte le possibili complicanze dopo l\u2019intervento chirurgico, ma la chirurgia artroscopica resta una chirurgia semplice, pur potendo generare gravi complicanze.<\/p>\n<p>[\/vc_column_text][\/vc_tta_section][\/vc_tta_accordion][\/vc_column][\/vc_row]<\/p>\n","protected":false},"excerpt":{"rendered":"<p>[vc_row][vc_column][vc_row_inner][vc_column_inner width=&#8221;1\/4&#8243;][\/vc_column_inner][vc_column_inner width=&#8221;1\/2&#8243;][vc_single_image image=&#8221;7536&#8243; img_size=&#8221;100&#215;100&#8243; alignment=&#8221;center&#8221; css=&#8221;.vc_custom_1618842941162{margin-top: 0px !important;margin-right: 20px !important;margin-bottom: 0px !important;margin-left: 20px !important;}&#8221;][\/vc_column_inner][vc_column_inner width=&#8221;1\/4&#8243;][\/vc_column_inner][\/vc_row_inner][vc_column_text css=&#8221;.vc_custom_1620289207686{margin-bottom: 10px !important;}&#8221;] Le tue domande sulla chirurgia meniscale artroscopica\u00a0 [\/vc_column_text][vc_separator color=&#8221;custom&#8221; style=&#8221;dotted&#8221; accent_color=&#8221;#2f3762&#8243; css=&#8221;.vc_custom_1618682358889{margin-top: 0px !important;}&#8221;][vc_tta_accordion][vc_tta_section i_icon_fontawesome=&#8221;fas fa-arrow-alt-circle-right&#8221; add_icon=&#8221;true&#8221; title=&#8221;Qual \u00e8 la durata del ricovero?&#8221; tab_id=&#8221;1618685947652-943b1ddc-8feb&#8221;][vc_column_text] Salvo eccezioni, questo intervento viene eseguito ambulatorialmente con una degenza da 6 a 10 ore. [\/vc_column_text][\/vc_tta_section][vc_tta_section i_icon_fontawesome=&#8221;fas fa-arrow-alt-circle-right&#8221; add_icon=&#8221;true&#8221; title=&#8221;Che tipo di anestesia?&#8221; tab_id=&#8221;1618685947673-2d6bfee2-36d6&#8243;][vc_column_text] Essendo un intervento con poco dolore postoperatorio, di solito \u00e8 un\u2019anestesia generale molta leggera per questa chirurgia ambulatoriale. Se il paziente desidera, questa procedura pu\u00f2 essere eseguita in anestesia regionale. [\/vc_column_text][\/vc_tta_section][vc_tta_section i_icon_fontawesome=&#8221;fas fa-arrow-alt-circle-right&#8221; add_icon=&#8221;true&#8221; title=&#8221;Che cosa succeder\u00e0 dopo l&#8217;intervento chirurgico?&#8221; tab_id=&#8221;1618686062658-28c9dafd-499f&#8221;][vc_column_text]Il paziente pu\u00f2 camminare con il supporto. L\u2019uso di una stampella in genere non \u00e8 necessario. Nessuna attivit\u00e0 \u00e8 esclusa, ma dovrebbe limitata almeno nei primi giorni e si consiglia di applicare il ghiaccio al ginocchio per farlo sgonfiare. La guida \u00e8 di [&hellip;]<\/p>\n","protected":false},"author":1,"featured_media":0,"parent":8058,"menu_order":0,"comment_status":"closed","ping_status":"closed","template":"","meta":{"inline_featured_image":false,"footnotes":""},"class_list":["post-8149","page","type-page","status-publish","hentry"],"yoast_head":"<!-- This site is optimized with the Yoast SEO plugin v24.7 - https:\/\/yoast.com\/wordpress\/plugins\/seo\/ -->\n<title>Le tue domande sulla chirurgia meniscale artroscopica<\/title>\n<meta name=\"description\" content=\"Il dottor Mandrino risponde a tutte le vostre domande sulla chirurgia meniscale artroscopica chirurgo ortopedico a Nizza\" \/>\n<meta name=\"robots\" content=\"index, follow, max-snippet:-1, max-image-preview:large, max-video-preview:-1\" \/>\n<link rel=\"canonical\" href=\"https:\/\/chirurgie-orthopedique.info\/it\/anatomia-e-fisiopatologia-del-ginocchio\/chirurgia-artroscopica-del-menisco\/le-tue-domande-sulla-chirurgia-meniscale-artroscopica\/\" \/>\n<meta property=\"og:locale\" content=\"it_IT\" \/>\n<meta property=\"og:type\" content=\"article\" \/>\n<meta property=\"og:title\" content=\"Le tue domande sulla chirurgia meniscale artroscopica\" \/>\n<meta property=\"og:description\" content=\"Il dottor Mandrino risponde a tutte le vostre domande sulla chirurgia meniscale artroscopica chirurgo ortopedico a Nizza\" \/>\n<meta property=\"og:url\" content=\"https:\/\/chirurgie-orthopedique.info\/it\/anatomia-e-fisiopatologia-del-ginocchio\/chirurgia-artroscopica-del-menisco\/le-tue-domande-sulla-chirurgia-meniscale-artroscopica\/\" \/>\n<meta property=\"og:site_name\" content=\"Chirurgie Orthopedique, sp\u00e9cialiste du Genou, Hanche, Epaule \u00e0 Nice\" \/>\n<meta property=\"article:publisher\" content=\"https:\/\/www.facebook.com\/Dr.Mandrino\" \/>\n<meta property=\"article:modified_time\" content=\"2021-05-06T08:22:48+00:00\" \/>\n<meta property=\"og:image\" content=\"https:\/\/chirurgie-orthopedique.info\/wp-content\/uploads\/2017\/07\/Chirurgie-du-genou-nice.jpg\" \/>\n\t<meta property=\"og:image:width\" content=\"1921\" \/>\n\t<meta property=\"og:image:height\" content=\"1100\" \/>\n\t<meta property=\"og:image:type\" content=\"image\/jpeg\" \/>\n<meta name=\"twitter:card\" content=\"summary_large_image\" \/>\n<meta name=\"twitter:label1\" content=\"Tempo di lettura stimato\" \/>\n\t<meta name=\"twitter:data1\" content=\"2 minuti\" \/>\n<script type=\"application\/ld+json\" class=\"yoast-schema-graph\">{\"@context\":\"https:\/\/schema.org\",\"@graph\":[{\"@type\":\"WebPage\",\"@id\":\"https:\/\/chirurgie-orthopedique.info\/it\/anatomia-e-fisiopatologia-del-ginocchio\/chirurgia-artroscopica-del-menisco\/le-tue-domande-sulla-chirurgia-meniscale-artroscopica\/\",\"url\":\"https:\/\/chirurgie-orthopedique.info\/it\/anatomia-e-fisiopatologia-del-ginocchio\/chirurgia-artroscopica-del-menisco\/le-tue-domande-sulla-chirurgia-meniscale-artroscopica\/\",\"name\":\"Le tue domande sulla chirurgia meniscale artroscopica\",\"isPartOf\":{\"@id\":\"https:\/\/chirurgie-orthopedique.info\/it\/#website\"},\"datePublished\":\"2021-05-06T08:19:29+00:00\",\"dateModified\":\"2021-05-06T08:22:48+00:00\",\"description\":\"Il dottor Mandrino risponde a tutte le vostre domande sulla chirurgia meniscale artroscopica chirurgo ortopedico a Nizza\",\"breadcrumb\":{\"@id\":\"https:\/\/chirurgie-orthopedique.info\/it\/anatomia-e-fisiopatologia-del-ginocchio\/chirurgia-artroscopica-del-menisco\/le-tue-domande-sulla-chirurgia-meniscale-artroscopica\/#breadcrumb\"},\"inLanguage\":\"it-IT\",\"potentialAction\":[{\"@type\":\"ReadAction\",\"target\":[\"https:\/\/chirurgie-orthopedique.info\/it\/anatomia-e-fisiopatologia-del-ginocchio\/chirurgia-artroscopica-del-menisco\/le-tue-domande-sulla-chirurgia-meniscale-artroscopica\/\"]}]},{\"@type\":\"BreadcrumbList\",\"@id\":\"https:\/\/chirurgie-orthopedique.info\/it\/anatomia-e-fisiopatologia-del-ginocchio\/chirurgia-artroscopica-del-menisco\/le-tue-domande-sulla-chirurgia-meniscale-artroscopica\/#breadcrumb\",\"itemListElement\":[{\"@type\":\"ListItem\",\"position\":1,\"name\":\"Accueil\",\"item\":\"https:\/\/chirurgie-orthopedique.info\/it\/\"},{\"@type\":\"ListItem\",\"position\":2,\"name\":\"Anatomia e fisiopatologia del ginocchio\",\"item\":\"https:\/\/chirurgie-orthopedique.info\/it\/anatomia-e-fisiopatologia-del-ginocchio\/\"},{\"@type\":\"ListItem\",\"position\":3,\"name\":\"Chirurgia artroscopica del menisco\",\"item\":\"https:\/\/chirurgie-orthopedique.info\/it\/anatomia-e-fisiopatologia-del-ginocchio\/chirurgia-artroscopica-del-menisco\/\"},{\"@type\":\"ListItem\",\"position\":4,\"name\":\"Le tue domande sulla chirurgia meniscale artroscopica\"}]},{\"@type\":\"WebSite\",\"@id\":\"https:\/\/chirurgie-orthopedique.info\/it\/#website\",\"url\":\"https:\/\/chirurgie-orthopedique.info\/it\/\",\"name\":\"Chirurgie Orthopedique, sp\u00e9cialiste du Genou, Hanche, Epaule \u00e0 Nice\",\"description\":\"Docteur Mandrino sp\u00e9cialis\u00e9 en chirurgie du genou, de la hanche et de l&#039; \u00e9paule \u00e0 Nice\",\"publisher\":{\"@id\":\"https:\/\/chirurgie-orthopedique.info\/it\/#organization\"},\"potentialAction\":[{\"@type\":\"SearchAction\",\"target\":{\"@type\":\"EntryPoint\",\"urlTemplate\":\"https:\/\/chirurgie-orthopedique.info\/it\/?s={search_term_string}\"},\"query-input\":{\"@type\":\"PropertyValueSpecification\",\"valueRequired\":true,\"valueName\":\"search_term_string\"}}],\"inLanguage\":\"it-IT\"},{\"@type\":\"Organization\",\"@id\":\"https:\/\/chirurgie-orthopedique.info\/it\/#organization\",\"name\":\"Dr Alain Mandrino chirurgie orthop\u00e9dique \u00e0 Nice\",\"url\":\"https:\/\/chirurgie-orthopedique.info\/it\/\",\"logo\":{\"@type\":\"ImageObject\",\"inLanguage\":\"it-IT\",\"@id\":\"https:\/\/chirurgie-orthopedique.info\/it\/#\/schema\/logo\/image\/\",\"url\":\"https:\/\/chirurgie-orthopedique.info\/wp-content\/uploads\/2017\/07\/dr-alain-mandrino-chirurgie-orthopedique-nice.png\",\"contentUrl\":\"https:\/\/chirurgie-orthopedique.info\/wp-content\/uploads\/2017\/07\/dr-alain-mandrino-chirurgie-orthopedique-nice.png\",\"width\":443,\"height\":230,\"caption\":\"Dr Alain Mandrino chirurgie orthop\u00e9dique \u00e0 Nice\"},\"image\":{\"@id\":\"https:\/\/chirurgie-orthopedique.info\/it\/#\/schema\/logo\/image\/\"},\"sameAs\":[\"https:\/\/www.facebook.com\/Dr.Mandrino\",\"https:\/\/www.instagram.com\/dralainmandrino\/\",\"https:\/\/www.youtube.com\/user\/amandrino\"]}]}<\/script>\n<!-- \/ Yoast SEO plugin. -->","yoast_head_json":{"title":"Le tue domande sulla chirurgia meniscale artroscopica","description":"Il dottor Mandrino risponde a tutte le vostre domande sulla chirurgia meniscale artroscopica chirurgo ortopedico a Nizza","robots":{"index":"index","follow":"follow","max-snippet":"max-snippet:-1","max-image-preview":"max-image-preview:large","max-video-preview":"max-video-preview:-1"},"canonical":"https:\/\/chirurgie-orthopedique.info\/it\/anatomia-e-fisiopatologia-del-ginocchio\/chirurgia-artroscopica-del-menisco\/le-tue-domande-sulla-chirurgia-meniscale-artroscopica\/","og_locale":"it_IT","og_type":"article","og_title":"Le tue domande sulla chirurgia meniscale artroscopica","og_description":"Il dottor Mandrino risponde a tutte le vostre domande sulla chirurgia meniscale artroscopica chirurgo ortopedico a Nizza","og_url":"https:\/\/chirurgie-orthopedique.info\/it\/anatomia-e-fisiopatologia-del-ginocchio\/chirurgia-artroscopica-del-menisco\/le-tue-domande-sulla-chirurgia-meniscale-artroscopica\/","og_site_name":"Chirurgie Orthopedique, sp\u00e9cialiste du Genou, Hanche, Epaule \u00e0 Nice","article_publisher":"https:\/\/www.facebook.com\/Dr.Mandrino","article_modified_time":"2021-05-06T08:22:48+00:00","og_image":[{"width":1921,"height":1100,"url":"https:\/\/chirurgie-orthopedique.info\/wp-content\/uploads\/2017\/07\/Chirurgie-du-genou-nice.jpg","type":"image\/jpeg"}],"twitter_card":"summary_large_image","twitter_misc":{"Tempo di lettura stimato":"2 minuti"},"schema":{"@context":"https:\/\/schema.org","@graph":[{"@type":"WebPage","@id":"https:\/\/chirurgie-orthopedique.info\/it\/anatomia-e-fisiopatologia-del-ginocchio\/chirurgia-artroscopica-del-menisco\/le-tue-domande-sulla-chirurgia-meniscale-artroscopica\/","url":"https:\/\/chirurgie-orthopedique.info\/it\/anatomia-e-fisiopatologia-del-ginocchio\/chirurgia-artroscopica-del-menisco\/le-tue-domande-sulla-chirurgia-meniscale-artroscopica\/","name":"Le tue domande sulla chirurgia meniscale artroscopica","isPartOf":{"@id":"https:\/\/chirurgie-orthopedique.info\/it\/#website"},"datePublished":"2021-05-06T08:19:29+00:00","dateModified":"2021-05-06T08:22:48+00:00","description":"Il dottor Mandrino risponde a tutte le vostre domande sulla chirurgia meniscale artroscopica chirurgo ortopedico a Nizza","breadcrumb":{"@id":"https:\/\/chirurgie-orthopedique.info\/it\/anatomia-e-fisiopatologia-del-ginocchio\/chirurgia-artroscopica-del-menisco\/le-tue-domande-sulla-chirurgia-meniscale-artroscopica\/#breadcrumb"},"inLanguage":"it-IT","potentialAction":[{"@type":"ReadAction","target":["https:\/\/chirurgie-orthopedique.info\/it\/anatomia-e-fisiopatologia-del-ginocchio\/chirurgia-artroscopica-del-menisco\/le-tue-domande-sulla-chirurgia-meniscale-artroscopica\/"]}]},{"@type":"BreadcrumbList","@id":"https:\/\/chirurgie-orthopedique.info\/it\/anatomia-e-fisiopatologia-del-ginocchio\/chirurgia-artroscopica-del-menisco\/le-tue-domande-sulla-chirurgia-meniscale-artroscopica\/#breadcrumb","itemListElement":[{"@type":"ListItem","position":1,"name":"Accueil","item":"https:\/\/chirurgie-orthopedique.info\/it\/"},{"@type":"ListItem","position":2,"name":"Anatomia e fisiopatologia del ginocchio","item":"https:\/\/chirurgie-orthopedique.info\/it\/anatomia-e-fisiopatologia-del-ginocchio\/"},{"@type":"ListItem","position":3,"name":"Chirurgia artroscopica del menisco","item":"https:\/\/chirurgie-orthopedique.info\/it\/anatomia-e-fisiopatologia-del-ginocchio\/chirurgia-artroscopica-del-menisco\/"},{"@type":"ListItem","position":4,"name":"Le tue domande sulla chirurgia meniscale artroscopica"}]},{"@type":"WebSite","@id":"https:\/\/chirurgie-orthopedique.info\/it\/#website","url":"https:\/\/chirurgie-orthopedique.info\/it\/","name":"Chirurgie Orthopedique, sp\u00e9cialiste du Genou, Hanche, Epaule \u00e0 Nice","description":"Docteur Mandrino sp\u00e9cialis\u00e9 en chirurgie du genou, de la hanche et de l&#039; \u00e9paule \u00e0 Nice","publisher":{"@id":"https:\/\/chirurgie-orthopedique.info\/it\/#organization"},"potentialAction":[{"@type":"SearchAction","target":{"@type":"EntryPoint","urlTemplate":"https:\/\/chirurgie-orthopedique.info\/it\/?s={search_term_string}"},"query-input":{"@type":"PropertyValueSpecification","valueRequired":true,"valueName":"search_term_string"}}],"inLanguage":"it-IT"},{"@type":"Organization","@id":"https:\/\/chirurgie-orthopedique.info\/it\/#organization","name":"Dr Alain Mandrino chirurgie orthop\u00e9dique \u00e0 Nice","url":"https:\/\/chirurgie-orthopedique.info\/it\/","logo":{"@type":"ImageObject","inLanguage":"it-IT","@id":"https:\/\/chirurgie-orthopedique.info\/it\/#\/schema\/logo\/image\/","url":"https:\/\/chirurgie-orthopedique.info\/wp-content\/uploads\/2017\/07\/dr-alain-mandrino-chirurgie-orthopedique-nice.png","contentUrl":"https:\/\/chirurgie-orthopedique.info\/wp-content\/uploads\/2017\/07\/dr-alain-mandrino-chirurgie-orthopedique-nice.png","width":443,"height":230,"caption":"Dr Alain Mandrino chirurgie orthop\u00e9dique \u00e0 Nice"},"image":{"@id":"https:\/\/chirurgie-orthopedique.info\/it\/#\/schema\/logo\/image\/"},"sameAs":["https:\/\/www.facebook.com\/Dr.Mandrino","https:\/\/www.instagram.com\/dralainmandrino\/","https:\/\/www.youtube.com\/user\/amandrino"]}]}},"jetpack_sharing_enabled":true,"_links":{"self":[{"href":"https:\/\/chirurgie-orthopedique.info\/it\/wp-json\/wp\/v2\/pages\/8149","targetHints":{"allow":["GET"]}}],"collection":[{"href":"https:\/\/chirurgie-orthopedique.info\/it\/wp-json\/wp\/v2\/pages"}],"about":[{"href":"https:\/\/chirurgie-orthopedique.info\/it\/wp-json\/wp\/v2\/types\/page"}],"author":[{"embeddable":true,"href":"https:\/\/chirurgie-orthopedique.info\/it\/wp-json\/wp\/v2\/users\/1"}],"replies":[{"embeddable":true,"href":"https:\/\/chirurgie-orthopedique.info\/it\/wp-json\/wp\/v2\/comments?post=8149"}],"version-history":[{"count":0,"href":"https:\/\/chirurgie-orthopedique.info\/it\/wp-json\/wp\/v2\/pages\/8149\/revisions"}],"up":[{"embeddable":true,"href":"https:\/\/chirurgie-orthopedique.info\/it\/wp-json\/wp\/v2\/pages\/8058"}],"wp:attachment":[{"href":"https:\/\/chirurgie-orthopedique.info\/it\/wp-json\/wp\/v2\/media?parent=8149"}],"curies":[{"name":"wp","href":"https:\/\/api.w.org\/{rel}","templated":true}]}}