{"id":8157,"date":"2021-05-06T08:35:53","date_gmt":"2021-05-06T08:35:53","guid":{"rendered":"https:\/\/toty.fr\/wordpress\/?page_id=8157"},"modified":"2021-05-06T08:39:58","modified_gmt":"2021-05-06T08:39:58","slug":"chirurgia-della-rotula","status":"publish","type":"page","link":"https:\/\/chirurgie-orthopedique.info\/it\/anatomia-e-fisiopatologia-del-ginocchio\/chirurgia-artroscopica-del-menisco\/chirurgia-della-rotula\/","title":{"rendered":"Chirurgia della Rotula"},"content":{"rendered":"<p>[vc_row][vc_column width=&#8221;5\/6&#8243;][vc_row_inner][vc_column_inner width=&#8221;1\/4&#8243;][\/vc_column_inner][vc_column_inner width=&#8221;1\/2&#8243;][vc_single_image image=&#8221;7127&#8243; img_size=&#8221;100&#215;100&#8243; alignment=&#8221;center&#8221; css=&#8221;.vc_custom_1618679977108{margin-top: 0px !important;margin-right: 20px !important;margin-bottom: 0px !important;margin-left: 20px !important;}&#8221;][\/vc_column_inner][vc_column_inner width=&#8221;1\/4&#8243;][\/vc_column_inner][\/vc_row_inner][vc_column_text css=&#8221;.vc_custom_1620290175816{margin-bottom: 10px !important;}&#8221;]<\/p>\n<h2 style=\"text-align: center;\">Chirurgia della Rotula<\/h2>\n<p>[\/vc_column_text][vc_separator color=&#8221;custom&#8221; style=&#8221;dotted&#8221; accent_color=&#8221;#2f3762&#8243; css=&#8221;.vc_custom_1618682358889{margin-top: 0px !important;}&#8221;][vc_column_text]<\/p>\n<p style=\"text-align: justify;\"><strong>La rotula<\/strong> si trova nella parte anteriore dell&#8217;articolazione tra il tendine del quadricipite sopra e sotto il tendine rotuleo che si attacca alla tuberosit\u00e0 tibiale (ATT). La sua superficie profonda articola con la troclea del femore \u00e8 tagliato in modo che la sfera risulta centrato flesso-estensione del ginocchio. Si \u00e8 estratto dalla trazione del quadricipite e alettone esterno, e la differenza tra l&#8217;asse del TTA e l&#8217;asse del solco trocleare (TA-GT).<br \/>\nSi svolge all&#8217;interno del grande (VI) pinna rotuleo muscolare interna interno (AI).<br \/>\n<strong>Un difetto osseo (insufficiente scavo della troclea, eccessiva eccentricit\u00e0 del TTA) e \/ o un cattivo tensione di uno o pi\u00f9 questi elementi promuovono instabilit\u00e0 della rotula.<\/strong><\/p>\n<p>[\/vc_column_text][vc_row_inner][vc_column_inner width=&#8221;1\/4&#8243;][\/vc_column_inner][vc_column_inner width=&#8221;1\/2&#8243;][vc_single_image image=&#8221;7133&#8243; img_size=&#8221;full&#8221; add_caption=&#8221;yes&#8221; alignment=&#8221;center&#8221; onclick=&#8221;link_image&#8221;][\/vc_column_inner][vc_column_inner width=&#8221;1\/4&#8243;][\/vc_column_inner][\/vc_row_inner][vc_column_text]<\/p>\n<p style=\"text-align: justify;\"><strong><img decoding=\"async\" class=\"size-full wp-image-7274 alignright\" src=\"https:\/\/chirurgie-orthopedique.info\/wp-content\/uploads\/2021\/04\/Scanner-Luxation-rotule.png\" alt=\"La luxation de la rotule\" width=\"180\" height=\"175\" srcset=\"https:\/\/chirurgie-orthopedique.info\/wp-content\/uploads\/2021\/04\/Scanner-Luxation-rotule.png 180w, https:\/\/chirurgie-orthopedique.info\/wp-content\/uploads\/2021\/04\/Scanner-Luxation-rotule-24x24.png 24w, https:\/\/chirurgie-orthopedique.info\/wp-content\/uploads\/2021\/04\/Scanner-Luxation-rotule-48x48.png 48w, https:\/\/chirurgie-orthopedique.info\/wp-content\/uploads\/2021\/04\/Scanner-Luxation-rotule-125x122.png 125w\" sizes=\"(max-width: 180px) 100vw, 180px\" \/><\/strong><\/p>\n<p style=\"text-align: justify;\" align=\"left\">La lussazione della rotula \u00e8 un incidente doloroso e impressionante, soprattutto nel primo episodio. Il ginocchio \u00e8 piegato (con un urto sul lato), dolente e bloccato. Dobbiamo cercare di ridurre la lussazione stessa, o da ricevere l&#8217;aiuto dei suoi amici. Di solito appena delicatamente e gradualmente allungare il ginocchio, in modo che la palla ritorna al suo posto. Se la riduzione \u00e8 impossibile, sar\u00e0 realizzato da un medico in un pronto soccorso. Dislocazioni ripetere i successivi si chiama lussazione recidivante. Sono necessari ulteriori esplorazioni (ginocchia Radio, scanner) per determinare le cause di instabilit\u00e0 e di proporre un trattamento chirurgico.<\/p>\n<p style=\"text-align: justify;\" align=\"left\">La correzione chirurgica della rotula instabile richiede spesso una serie di azioni correlate. E &#8216;conveniente per le azioni di gruppo in esecuzione di un adeguamento per le anomalie delle ossa e dei gesti che fanno una correzione dei difetti dei tessuti molli.<\/p>\n<p style=\"text-align: justify;\" align=\"left\">Senza instabilit\u00e0 femoro-rotulea pu\u00f2 solo che &#8220;doloroso&#8221;. Insorgenza del dolore \u00e8 favorita da anomalie anatomiche come quelli visti in instabilit\u00e0 rotulea. In questo caso il trattamento sar\u00e0 primo medico (riabilitazione, plantari, ginocchiere, iniezioni intra-articolari). Egli deve essere attento indicazioni operative saranno considerate solo al fallimento del trattamento medico.<\/p>\n<p style=\"text-align: justify;\"><strong>\u00a0<\/strong><\/p>\n<p>[\/vc_column_text][vc_column_text]<\/p>\n<h3 style=\"text-align: justify;\"><strong>Chirurgia della Rotula : Correzioni Ossee<\/strong><\/h3>\n<p style=\"text-align: justify;\"><strong><img decoding=\"async\" class=\"size-full wp-image-7279 alignright\" src=\"https:\/\/chirurgie-orthopedique.info\/wp-content\/uploads\/2021\/04\/chirurgie-Rotule-correction-osseuse.png\" alt=\"Chirurgie de la rotule : Corrections Osseuses\" width=\"230\" height=\"168\" srcset=\"https:\/\/chirurgie-orthopedique.info\/wp-content\/uploads\/2021\/04\/chirurgie-Rotule-correction-osseuse.png 230w, https:\/\/chirurgie-orthopedique.info\/wp-content\/uploads\/2021\/04\/chirurgie-Rotule-correction-osseuse-125x91.png 125w\" sizes=\"(max-width: 230px) 100vw, 230px\" \/><\/strong><\/p>\n<p style=\"text-align: justify;\" align=\"left\">La trasposizione della tuberosit\u00e0 tibiale \u00e8 una correzione ossea che mira a livellare per ridurre e possibilmente riallineare la sfera troppo eccentrica. E fatta allentando la tuberosit\u00e0 tibiale, e avvitando pi\u00f9 interno e \/ o inferiore.<\/p>\n<p style=\"text-align: justify;\" align=\"left\">La trochleoplastica\u00a0 (allargamento della troclea): si propone di migliorare la stabilit\u00e0 della sfera scavando una troclea piatta per ripristinare la sua concavit\u00e0, e cos\u00ec il suo effetto sulla \u00a0sfera \u00e8 ritentivo. Le sue indicazioni sono rare, ed \u00e8 riservata ad una \u00a0troclea displasica molto accentuata (convessa troclea).<\/p>\n<p>[\/vc_column_text][vc_column_text]<\/p>\n<h3 style=\"text-align: justify;\"><b>Chirurgia della Rotula :\u00a0<strong>Plastica degli Alari<\/strong><\/b><\/h3>\n<p style=\"text-align: justify;\"><strong><img decoding=\"async\" class=\"alignright wp-image-7282 size-full\" src=\"https:\/\/chirurgie-orthopedique.info\/wp-content\/uploads\/2021\/04\/chirurgie-rotule-plastie-ailerons.png\" alt=\"Chirurgie de la rotule :\u00a0Plastie des ailerons\" width=\"180\" height=\"144\" srcset=\"https:\/\/chirurgie-orthopedique.info\/wp-content\/uploads\/2021\/04\/chirurgie-rotule-plastie-ailerons.png 180w, https:\/\/chirurgie-orthopedique.info\/wp-content\/uploads\/2021\/04\/chirurgie-rotule-plastie-ailerons-125x100.png 125w\" sizes=\"(max-width: 180px) 100vw, 180px\" \/><\/strong><\/p>\n<p style=\"text-align: justify;\"><strong>La plastica degli Alari<\/strong> \u00a0pu\u00f2 essere eseguita in modo isolato, se le anomalie delle ossa sono minori o associati sistematicamente, una trasposizione della TTA.<\/p>\n<p style=\"text-align: justify;\" align=\"left\">Se il giunto \u00e8 doloroso e poco o niente volatili, sar\u00e0 realizzato in artroscopica singola sezione del alaro esterno associato ad un retensione i punti entrobordo alettoni passati per artroscopia e legato per via sottocutanea.<\/p>\n<p style=\"text-align: justify;\" align=\"left\">Una nuova tecnica \u00e8 stata sviluppata negli ultimi anni per l&#8217;instabilit\u00e0 rotulea importante. Si tratta di una plastica del alaro interno usando il tendine del gracilis (Plastica MPFL per m\u00e9dio patello-femoral ligament plasty). Il tendine del diritto viene preso come spogliarellista per plastica dell\u2019ACL. Esso \u00e8 fissato con due ancore assorbibili al bordo interno della rotula e le sue due estremit\u00e0 vengono tese in un tunnel cieco assorbibile dal bordo interno delle viti di interferenza condilo mediale. Gli approcci sono limitati a tre incisioni di 1 cm.<br \/>\nIl paziente \u00e8 di 48 ore presso la clinica e pu\u00f2 camminare con il supporto con il pretesto del tutore e stampelle per tre settimane.<br \/>\nRecupero Sport non sar\u00e0 considerato fino al terzo mese post-operatorio.<br \/>\nQuesta nuova tecnica \u00e8 molto interessante perch\u00e9 abbastanza leggero e molto efficace sulla stabilit\u00e0 della rotula.<\/p>\n<p>[\/vc_column_text][\/vc_column][vc_column width=&#8221;1\/6&#8243;][\/vc_column][\/vc_row]<\/p>\n","protected":false},"excerpt":{"rendered":"<p>[vc_row][vc_column width=&#8221;5\/6&#8243;][vc_row_inner][vc_column_inner width=&#8221;1\/4&#8243;][\/vc_column_inner][vc_column_inner width=&#8221;1\/2&#8243;][vc_single_image image=&#8221;7127&#8243; img_size=&#8221;100&#215;100&#8243; alignment=&#8221;center&#8221; css=&#8221;.vc_custom_1618679977108{margin-top: 0px !important;margin-right: 20px !important;margin-bottom: 0px !important;margin-left: 20px !important;}&#8221;][\/vc_column_inner][vc_column_inner width=&#8221;1\/4&#8243;][\/vc_column_inner][\/vc_row_inner][vc_column_text css=&#8221;.vc_custom_1620290175816{margin-bottom: 10px !important;}&#8221;] Chirurgia della Rotula [\/vc_column_text][vc_separator color=&#8221;custom&#8221; style=&#8221;dotted&#8221; accent_color=&#8221;#2f3762&#8243; css=&#8221;.vc_custom_1618682358889{margin-top: 0px !important;}&#8221;][vc_column_text] La rotula si trova nella parte anteriore dell&#8217;articolazione tra il tendine del quadricipite sopra e sotto il tendine rotuleo che si attacca alla tuberosit\u00e0 tibiale (ATT). La sua superficie profonda articola con la troclea del femore \u00e8 tagliato in modo che la sfera risulta centrato flesso-estensione del ginocchio. Si \u00e8 estratto dalla trazione del quadricipite e alettone esterno, e la differenza tra l&#8217;asse del TTA e l&#8217;asse del solco trocleare (TA-GT). Si svolge all&#8217;interno del grande (VI) pinna rotuleo muscolare interna interno (AI). Un difetto osseo (insufficiente scavo della troclea, eccessiva eccentricit\u00e0 del TTA) e \/ o un cattivo tensione di uno o pi\u00f9 questi elementi promuovono instabilit\u00e0 della rotula. [\/vc_column_text][vc_row_inner][vc_column_inner width=&#8221;1\/4&#8243;][\/vc_column_inner][vc_column_inner width=&#8221;1\/2&#8243;][vc_single_image image=&#8221;7133&#8243; img_size=&#8221;full&#8221; add_caption=&#8221;yes&#8221; alignment=&#8221;center&#8221; onclick=&#8221;link_image&#8221;][\/vc_column_inner][vc_column_inner width=&#8221;1\/4&#8243;][\/vc_column_inner][\/vc_row_inner][vc_column_text] La [&hellip;]<\/p>\n","protected":false},"author":1,"featured_media":0,"parent":8058,"menu_order":0,"comment_status":"closed","ping_status":"closed","template":"","meta":{"inline_featured_image":false,"footnotes":""},"class_list":["post-8157","page","type-page","status-publish","hentry"],"yoast_head":"<!-- This site is optimized with the Yoast SEO plugin v24.7 - https:\/\/yoast.com\/wordpress\/plugins\/seo\/ -->\n<title>Chirurgia della Rotula - Dr Mandrino, chirurgo ortopedico a Nizza, in Nice<\/title>\n<meta name=\"description\" content=\"Il dottor Mandrino, chirurgo ortopedico a Nizza, risponde a tutte le vostre domande sul Chirurgia della Rotula.\" \/>\n<meta name=\"robots\" content=\"index, follow, max-snippet:-1, max-image-preview:large, max-video-preview:-1\" \/>\n<link rel=\"canonical\" href=\"https:\/\/chirurgie-orthopedique.info\/it\/anatomia-e-fisiopatologia-del-ginocchio\/chirurgia-artroscopica-del-menisco\/chirurgia-della-rotula\/\" \/>\n<meta property=\"og:locale\" content=\"it_IT\" \/>\n<meta property=\"og:type\" content=\"article\" \/>\n<meta property=\"og:title\" content=\"Chirurgia della Rotula - Dr Mandrino, chirurgo ortopedico a Nizza, in Nice\" \/>\n<meta property=\"og:description\" content=\"Il dottor Mandrino, chirurgo ortopedico a Nizza, risponde a tutte le vostre domande sul Chirurgia della Rotula.\" \/>\n<meta property=\"og:url\" content=\"https:\/\/chirurgie-orthopedique.info\/it\/anatomia-e-fisiopatologia-del-ginocchio\/chirurgia-artroscopica-del-menisco\/chirurgia-della-rotula\/\" \/>\n<meta property=\"og:site_name\" content=\"Chirurgie Orthopedique, sp\u00e9cialiste du Genou, Hanche, Epaule \u00e0 Nice\" \/>\n<meta property=\"article:publisher\" content=\"https:\/\/www.facebook.com\/Dr.Mandrino\" \/>\n<meta property=\"article:modified_time\" content=\"2021-05-06T08:39:58+00:00\" \/>\n<meta property=\"og:image\" content=\"https:\/\/chirurgie-orthopedique.info\/wp-content\/uploads\/2021\/04\/Scanner-Luxation-rotule.png\" \/>\n<meta name=\"twitter:card\" content=\"summary_large_image\" \/>\n<meta name=\"twitter:label1\" content=\"Tempo di lettura stimato\" \/>\n\t<meta name=\"twitter:data1\" content=\"4 minuti\" \/>\n<script type=\"application\/ld+json\" class=\"yoast-schema-graph\">{\"@context\":\"https:\/\/schema.org\",\"@graph\":[{\"@type\":\"WebPage\",\"@id\":\"https:\/\/chirurgie-orthopedique.info\/it\/anatomia-e-fisiopatologia-del-ginocchio\/chirurgia-artroscopica-del-menisco\/chirurgia-della-rotula\/\",\"url\":\"https:\/\/chirurgie-orthopedique.info\/it\/anatomia-e-fisiopatologia-del-ginocchio\/chirurgia-artroscopica-del-menisco\/chirurgia-della-rotula\/\",\"name\":\"Chirurgia della Rotula - Dr Mandrino, chirurgo ortopedico a Nizza, in Nice\",\"isPartOf\":{\"@id\":\"https:\/\/chirurgie-orthopedique.info\/it\/#website\"},\"primaryImageOfPage\":{\"@id\":\"https:\/\/chirurgie-orthopedique.info\/it\/anatomia-e-fisiopatologia-del-ginocchio\/chirurgia-artroscopica-del-menisco\/chirurgia-della-rotula\/#primaryimage\"},\"image\":{\"@id\":\"https:\/\/chirurgie-orthopedique.info\/it\/anatomia-e-fisiopatologia-del-ginocchio\/chirurgia-artroscopica-del-menisco\/chirurgia-della-rotula\/#primaryimage\"},\"thumbnailUrl\":\"https:\/\/chirurgie-orthopedique.info\/wp-content\/uploads\/2021\/04\/Scanner-Luxation-rotule.png\",\"datePublished\":\"2021-05-06T08:35:53+00:00\",\"dateModified\":\"2021-05-06T08:39:58+00:00\",\"description\":\"Il dottor Mandrino, chirurgo ortopedico a Nizza, risponde a tutte le vostre domande sul Chirurgia della Rotula.\",\"breadcrumb\":{\"@id\":\"https:\/\/chirurgie-orthopedique.info\/it\/anatomia-e-fisiopatologia-del-ginocchio\/chirurgia-artroscopica-del-menisco\/chirurgia-della-rotula\/#breadcrumb\"},\"inLanguage\":\"it-IT\",\"potentialAction\":[{\"@type\":\"ReadAction\",\"target\":[\"https:\/\/chirurgie-orthopedique.info\/it\/anatomia-e-fisiopatologia-del-ginocchio\/chirurgia-artroscopica-del-menisco\/chirurgia-della-rotula\/\"]}]},{\"@type\":\"ImageObject\",\"inLanguage\":\"it-IT\",\"@id\":\"https:\/\/chirurgie-orthopedique.info\/it\/anatomia-e-fisiopatologia-del-ginocchio\/chirurgia-artroscopica-del-menisco\/chirurgia-della-rotula\/#primaryimage\",\"url\":\"https:\/\/chirurgie-orthopedique.info\/wp-content\/uploads\/2021\/04\/Scanner-Luxation-rotule.png\",\"contentUrl\":\"https:\/\/chirurgie-orthopedique.info\/wp-content\/uploads\/2021\/04\/Scanner-Luxation-rotule.png\"},{\"@type\":\"BreadcrumbList\",\"@id\":\"https:\/\/chirurgie-orthopedique.info\/it\/anatomia-e-fisiopatologia-del-ginocchio\/chirurgia-artroscopica-del-menisco\/chirurgia-della-rotula\/#breadcrumb\",\"itemListElement\":[{\"@type\":\"ListItem\",\"position\":1,\"name\":\"Accueil\",\"item\":\"https:\/\/chirurgie-orthopedique.info\/it\/\"},{\"@type\":\"ListItem\",\"position\":2,\"name\":\"Anatomia e fisiopatologia del ginocchio\",\"item\":\"https:\/\/chirurgie-orthopedique.info\/it\/anatomia-e-fisiopatologia-del-ginocchio\/\"},{\"@type\":\"ListItem\",\"position\":3,\"name\":\"Chirurgia artroscopica del menisco\",\"item\":\"https:\/\/chirurgie-orthopedique.info\/it\/anatomia-e-fisiopatologia-del-ginocchio\/chirurgia-artroscopica-del-menisco\/\"},{\"@type\":\"ListItem\",\"position\":4,\"name\":\"Chirurgia della Rotula\"}]},{\"@type\":\"WebSite\",\"@id\":\"https:\/\/chirurgie-orthopedique.info\/it\/#website\",\"url\":\"https:\/\/chirurgie-orthopedique.info\/it\/\",\"name\":\"Chirurgie Orthopedique, sp\u00e9cialiste du Genou, Hanche, Epaule \u00e0 Nice\",\"description\":\"Docteur Mandrino sp\u00e9cialis\u00e9 en chirurgie du genou, de la hanche et de l&#039; \u00e9paule \u00e0 Nice\",\"publisher\":{\"@id\":\"https:\/\/chirurgie-orthopedique.info\/it\/#organization\"},\"potentialAction\":[{\"@type\":\"SearchAction\",\"target\":{\"@type\":\"EntryPoint\",\"urlTemplate\":\"https:\/\/chirurgie-orthopedique.info\/it\/?s={search_term_string}\"},\"query-input\":{\"@type\":\"PropertyValueSpecification\",\"valueRequired\":true,\"valueName\":\"search_term_string\"}}],\"inLanguage\":\"it-IT\"},{\"@type\":\"Organization\",\"@id\":\"https:\/\/chirurgie-orthopedique.info\/it\/#organization\",\"name\":\"Dr Alain Mandrino chirurgie orthop\u00e9dique \u00e0 Nice\",\"url\":\"https:\/\/chirurgie-orthopedique.info\/it\/\",\"logo\":{\"@type\":\"ImageObject\",\"inLanguage\":\"it-IT\",\"@id\":\"https:\/\/chirurgie-orthopedique.info\/it\/#\/schema\/logo\/image\/\",\"url\":\"https:\/\/chirurgie-orthopedique.info\/wp-content\/uploads\/2017\/07\/dr-alain-mandrino-chirurgie-orthopedique-nice.png\",\"contentUrl\":\"https:\/\/chirurgie-orthopedique.info\/wp-content\/uploads\/2017\/07\/dr-alain-mandrino-chirurgie-orthopedique-nice.png\",\"width\":443,\"height\":230,\"caption\":\"Dr Alain Mandrino chirurgie orthop\u00e9dique \u00e0 Nice\"},\"image\":{\"@id\":\"https:\/\/chirurgie-orthopedique.info\/it\/#\/schema\/logo\/image\/\"},\"sameAs\":[\"https:\/\/www.facebook.com\/Dr.Mandrino\",\"https:\/\/www.instagram.com\/dralainmandrino\/\",\"https:\/\/www.youtube.com\/user\/amandrino\"]}]}<\/script>\n<!-- \/ Yoast SEO plugin. -->","yoast_head_json":{"title":"Chirurgia della Rotula - Dr Mandrino, chirurgo ortopedico a Nizza, in Nice","description":"Il dottor Mandrino, chirurgo ortopedico a Nizza, risponde a tutte le vostre domande sul Chirurgia della Rotula.","robots":{"index":"index","follow":"follow","max-snippet":"max-snippet:-1","max-image-preview":"max-image-preview:large","max-video-preview":"max-video-preview:-1"},"canonical":"https:\/\/chirurgie-orthopedique.info\/it\/anatomia-e-fisiopatologia-del-ginocchio\/chirurgia-artroscopica-del-menisco\/chirurgia-della-rotula\/","og_locale":"it_IT","og_type":"article","og_title":"Chirurgia della Rotula - Dr Mandrino, chirurgo ortopedico a Nizza, in Nice","og_description":"Il dottor Mandrino, chirurgo ortopedico a Nizza, risponde a tutte le vostre domande sul Chirurgia della Rotula.","og_url":"https:\/\/chirurgie-orthopedique.info\/it\/anatomia-e-fisiopatologia-del-ginocchio\/chirurgia-artroscopica-del-menisco\/chirurgia-della-rotula\/","og_site_name":"Chirurgie Orthopedique, sp\u00e9cialiste du Genou, Hanche, Epaule \u00e0 Nice","article_publisher":"https:\/\/www.facebook.com\/Dr.Mandrino","article_modified_time":"2021-05-06T08:39:58+00:00","og_image":[{"url":"https:\/\/chirurgie-orthopedique.info\/wp-content\/uploads\/2021\/04\/Scanner-Luxation-rotule.png","type":"","width":"","height":""}],"twitter_card":"summary_large_image","twitter_misc":{"Tempo di lettura stimato":"4 minuti"},"schema":{"@context":"https:\/\/schema.org","@graph":[{"@type":"WebPage","@id":"https:\/\/chirurgie-orthopedique.info\/it\/anatomia-e-fisiopatologia-del-ginocchio\/chirurgia-artroscopica-del-menisco\/chirurgia-della-rotula\/","url":"https:\/\/chirurgie-orthopedique.info\/it\/anatomia-e-fisiopatologia-del-ginocchio\/chirurgia-artroscopica-del-menisco\/chirurgia-della-rotula\/","name":"Chirurgia della Rotula - Dr Mandrino, chirurgo ortopedico a Nizza, in Nice","isPartOf":{"@id":"https:\/\/chirurgie-orthopedique.info\/it\/#website"},"primaryImageOfPage":{"@id":"https:\/\/chirurgie-orthopedique.info\/it\/anatomia-e-fisiopatologia-del-ginocchio\/chirurgia-artroscopica-del-menisco\/chirurgia-della-rotula\/#primaryimage"},"image":{"@id":"https:\/\/chirurgie-orthopedique.info\/it\/anatomia-e-fisiopatologia-del-ginocchio\/chirurgia-artroscopica-del-menisco\/chirurgia-della-rotula\/#primaryimage"},"thumbnailUrl":"https:\/\/chirurgie-orthopedique.info\/wp-content\/uploads\/2021\/04\/Scanner-Luxation-rotule.png","datePublished":"2021-05-06T08:35:53+00:00","dateModified":"2021-05-06T08:39:58+00:00","description":"Il dottor Mandrino, chirurgo ortopedico a Nizza, risponde a tutte le vostre domande sul Chirurgia della Rotula.","breadcrumb":{"@id":"https:\/\/chirurgie-orthopedique.info\/it\/anatomia-e-fisiopatologia-del-ginocchio\/chirurgia-artroscopica-del-menisco\/chirurgia-della-rotula\/#breadcrumb"},"inLanguage":"it-IT","potentialAction":[{"@type":"ReadAction","target":["https:\/\/chirurgie-orthopedique.info\/it\/anatomia-e-fisiopatologia-del-ginocchio\/chirurgia-artroscopica-del-menisco\/chirurgia-della-rotula\/"]}]},{"@type":"ImageObject","inLanguage":"it-IT","@id":"https:\/\/chirurgie-orthopedique.info\/it\/anatomia-e-fisiopatologia-del-ginocchio\/chirurgia-artroscopica-del-menisco\/chirurgia-della-rotula\/#primaryimage","url":"https:\/\/chirurgie-orthopedique.info\/wp-content\/uploads\/2021\/04\/Scanner-Luxation-rotule.png","contentUrl":"https:\/\/chirurgie-orthopedique.info\/wp-content\/uploads\/2021\/04\/Scanner-Luxation-rotule.png"},{"@type":"BreadcrumbList","@id":"https:\/\/chirurgie-orthopedique.info\/it\/anatomia-e-fisiopatologia-del-ginocchio\/chirurgia-artroscopica-del-menisco\/chirurgia-della-rotula\/#breadcrumb","itemListElement":[{"@type":"ListItem","position":1,"name":"Accueil","item":"https:\/\/chirurgie-orthopedique.info\/it\/"},{"@type":"ListItem","position":2,"name":"Anatomia e fisiopatologia del ginocchio","item":"https:\/\/chirurgie-orthopedique.info\/it\/anatomia-e-fisiopatologia-del-ginocchio\/"},{"@type":"ListItem","position":3,"name":"Chirurgia artroscopica del menisco","item":"https:\/\/chirurgie-orthopedique.info\/it\/anatomia-e-fisiopatologia-del-ginocchio\/chirurgia-artroscopica-del-menisco\/"},{"@type":"ListItem","position":4,"name":"Chirurgia della Rotula"}]},{"@type":"WebSite","@id":"https:\/\/chirurgie-orthopedique.info\/it\/#website","url":"https:\/\/chirurgie-orthopedique.info\/it\/","name":"Chirurgie Orthopedique, sp\u00e9cialiste du Genou, Hanche, Epaule \u00e0 Nice","description":"Docteur Mandrino sp\u00e9cialis\u00e9 en chirurgie du genou, de la hanche et de l&#039; \u00e9paule \u00e0 Nice","publisher":{"@id":"https:\/\/chirurgie-orthopedique.info\/it\/#organization"},"potentialAction":[{"@type":"SearchAction","target":{"@type":"EntryPoint","urlTemplate":"https:\/\/chirurgie-orthopedique.info\/it\/?s={search_term_string}"},"query-input":{"@type":"PropertyValueSpecification","valueRequired":true,"valueName":"search_term_string"}}],"inLanguage":"it-IT"},{"@type":"Organization","@id":"https:\/\/chirurgie-orthopedique.info\/it\/#organization","name":"Dr Alain Mandrino chirurgie orthop\u00e9dique \u00e0 Nice","url":"https:\/\/chirurgie-orthopedique.info\/it\/","logo":{"@type":"ImageObject","inLanguage":"it-IT","@id":"https:\/\/chirurgie-orthopedique.info\/it\/#\/schema\/logo\/image\/","url":"https:\/\/chirurgie-orthopedique.info\/wp-content\/uploads\/2017\/07\/dr-alain-mandrino-chirurgie-orthopedique-nice.png","contentUrl":"https:\/\/chirurgie-orthopedique.info\/wp-content\/uploads\/2017\/07\/dr-alain-mandrino-chirurgie-orthopedique-nice.png","width":443,"height":230,"caption":"Dr Alain Mandrino chirurgie orthop\u00e9dique \u00e0 Nice"},"image":{"@id":"https:\/\/chirurgie-orthopedique.info\/it\/#\/schema\/logo\/image\/"},"sameAs":["https:\/\/www.facebook.com\/Dr.Mandrino","https:\/\/www.instagram.com\/dralainmandrino\/","https:\/\/www.youtube.com\/user\/amandrino"]}]}},"jetpack_sharing_enabled":true,"_links":{"self":[{"href":"https:\/\/chirurgie-orthopedique.info\/it\/wp-json\/wp\/v2\/pages\/8157","targetHints":{"allow":["GET"]}}],"collection":[{"href":"https:\/\/chirurgie-orthopedique.info\/it\/wp-json\/wp\/v2\/pages"}],"about":[{"href":"https:\/\/chirurgie-orthopedique.info\/it\/wp-json\/wp\/v2\/types\/page"}],"author":[{"embeddable":true,"href":"https:\/\/chirurgie-orthopedique.info\/it\/wp-json\/wp\/v2\/users\/1"}],"replies":[{"embeddable":true,"href":"https:\/\/chirurgie-orthopedique.info\/it\/wp-json\/wp\/v2\/comments?post=8157"}],"version-history":[{"count":0,"href":"https:\/\/chirurgie-orthopedique.info\/it\/wp-json\/wp\/v2\/pages\/8157\/revisions"}],"up":[{"embeddable":true,"href":"https:\/\/chirurgie-orthopedique.info\/it\/wp-json\/wp\/v2\/pages\/8058"}],"wp:attachment":[{"href":"https:\/\/chirurgie-orthopedique.info\/it\/wp-json\/wp\/v2\/media?parent=8157"}],"curies":[{"name":"wp","href":"https:\/\/api.w.org\/{rel}","templated":true}]}}