{"id":8234,"date":"2021-05-06T09:43:06","date_gmt":"2021-05-06T09:43:06","guid":{"rendered":"https:\/\/toty.fr\/wordpress\/?page_id=8234"},"modified":"2021-05-06T13:47:16","modified_gmt":"2021-05-06T13:47:16","slug":"hip-resurfacing_it","status":"publish","type":"page","link":"https:\/\/chirurgie-orthopedique.info\/it\/shoulder-anatomy\/hip-resurfacing_it\/","title":{"rendered":"Hip resurfacing"},"content":{"rendered":"<p>[vc_row][vc_column][vc_row_inner][vc_column_inner width=&#8221;1\/4&#8243;][\/vc_column_inner][vc_column_inner width=&#8221;1\/2&#8243;][vc_single_image image=&#8221;8653&#8243; img_size=&#8221;100&#215;100&#8243; alignment=&#8221;center&#8221; css=&#8221;.vc_custom_1620308832600{margin-top: 0px !important;margin-right: 20px !important;margin-bottom: 0px !important;margin-left: 20px !important;}&#8221;][\/vc_column_inner][vc_column_inner width=&#8221;1\/4&#8243;][\/vc_column_inner][\/vc_row_inner][vc_column_text css=&#8221;.vc_custom_1620136008895{margin-bottom: 10px !important;}&#8221;]<\/p>\n<h2 style=\"text-align: center;\">Hip resurfacing<\/h2>\n<p>[\/vc_column_text][vc_separator color=&#8221;custom&#8221; style=&#8221;dotted&#8221; accent_color=&#8221;#2f3762&#8243; css=&#8221;.vc_custom_1618680006860{margin-top: 0px !important;}&#8221;][vc_column_text]<\/p>\n<p style=\"text-align: justify;\"><strong><img decoding=\"async\" class=\"size-full wp-image-7350 alignright\" src=\"https:\/\/chirurgie-orthopedique.info\/wp-content\/uploads\/2021\/04\/resurfacage-hanche-2.png\" alt=\"Resurfa\u00e7age de la hanche\" width=\"200\" height=\"256\" srcset=\"https:\/\/chirurgie-orthopedique.info\/wp-content\/uploads\/2021\/04\/resurfacage-hanche-2.png 200w, https:\/\/chirurgie-orthopedique.info\/wp-content\/uploads\/2021\/04\/resurfacage-hanche-2-98x125.png 98w\" sizes=\"(max-width: 200px) 100vw, 200px\" \/><\/strong><\/p>\n<p style=\"text-align: justify;\"><strong>L\u2019hip resurfacing \u00e8 un\u2019alternativa alla protesi d\u2019anca. Questo intervento \u00e8 un sostituto comune per i pazienti giovani e attivi.<\/strong><\/p>\n<p style=\"text-align: justify;\">Il principio \u00e8 un po \u2018diverso da una sostituzione totale dell\u2019anca perch\u00e9 questa tecnica mantiene la testa femorale \u00e8 coperto con una sfera di acciaio protesico. Esso si articoler\u00e0 con una tazza di acciaio che sar\u00e0 inciso nella presa come una protesi totale.<br \/>\nLa coppia di attrito \u00e8 (come per cuscinetto ceramica-ceramica) una coppia \u201chard-drive\u201d di metallo-metallo con minore usura.<br \/>\nQuesta tecnica mantiene il collo e la maggioranza della testa femorale di grande diametro testa fornendo una migliore stabilit\u00e0 e riducendo il rischio di dislocazione. Se si modifica, c\u2019\u00e8 meno difficolt\u00e0 ad una protesi convenzionale. tuttavia la protesi di rivestimento non \u00e8 esente da complicazioni.<\/p>\n<p>[\/vc_column_text][vc_column_text]<\/p>\n<p style=\"text-align: justify;\"><strong><img decoding=\"async\" class=\"wp-image-7351 size-full alignleft\" title=\"Resurfa\u00e7age de la hanche\" src=\"https:\/\/chirurgie-orthopedique.info\/wp-content\/uploads\/2021\/04\/radio-resurfacage-hanche.jpg\" alt=\"Resurfa\u00e7age de la hanche\" width=\"150\" height=\"264\" srcset=\"https:\/\/chirurgie-orthopedique.info\/wp-content\/uploads\/2021\/04\/radio-resurfacage-hanche.jpg 150w, https:\/\/chirurgie-orthopedique.info\/wp-content\/uploads\/2021\/04\/radio-resurfacage-hanche-71x125.jpg 71w\" sizes=\"(max-width: 150px) 100vw, 150px\" \/><\/strong><\/p>\n<p style=\"text-align: justify;\"><strong>Oltre alle complicazioni visto sopra con il totale dell\u2019anca, la coppia metallo \/ metallo attrito nel corpo rilascia ioni metallici in tracce che la contro-indicato per i pazienti che desiderano avere ulteriori gravidanze.<\/strong> Vi \u00e8 anche il rischio di collo femorale che pu\u00f2 essere facilmente raggiunto da fresatura per l\u2019attuazione della protesi frattura della testa del femore cosa contro-indicato in pazienti oltre i 55 anni, in cui l\u2019osteoporosi pu\u00f2 essere presenti. Infine, durante l\u2019intervento, pu\u00f2 accadere che la presa protesico non \u00e8 sufficiente stabilit\u00e0 primaria, dobbiamo in questo caso utilizzare tazze con una fissazione con gambe e \/ o viti, non esistono per pozzi resurfacing e quindi richiedono la creazione di una protesi totale d\u2019anca.<\/p>\n<p style=\"text-align: justify;\">Questa operazione non pu\u00f2 essere eseguita con tecniche minimamente invasive. Si pu\u00f2 utilizzare un sistema di navigazione per ottimizzare il posizionamento della testa femorale.<\/p>\n<p>[\/vc_column_text][\/vc_column][\/vc_row]<\/p>\n","protected":false},"excerpt":{"rendered":"<p>[vc_row][vc_column][vc_row_inner][vc_column_inner width=&#8221;1\/4&#8243;][\/vc_column_inner][vc_column_inner width=&#8221;1\/2&#8243;][vc_single_image image=&#8221;8653&#8243; img_size=&#8221;100&#215;100&#8243; alignment=&#8221;center&#8221; css=&#8221;.vc_custom_1620308832600{margin-top: 0px !important;margin-right: 20px !important;margin-bottom: 0px !important;margin-left: 20px !important;}&#8221;][\/vc_column_inner][vc_column_inner width=&#8221;1\/4&#8243;][\/vc_column_inner][\/vc_row_inner][vc_column_text css=&#8221;.vc_custom_1620136008895{margin-bottom: 10px !important;}&#8221;] Hip resurfacing [\/vc_column_text][vc_separator color=&#8221;custom&#8221; style=&#8221;dotted&#8221; accent_color=&#8221;#2f3762&#8243; css=&#8221;.vc_custom_1618680006860{margin-top: 0px !important;}&#8221;][vc_column_text] L\u2019hip resurfacing \u00e8 un\u2019alternativa alla protesi d\u2019anca. Questo intervento \u00e8 un sostituto comune per i pazienti giovani e attivi. Il principio \u00e8 un po \u2018diverso da una sostituzione totale dell\u2019anca perch\u00e9 questa tecnica mantiene la testa femorale \u00e8 coperto con una sfera di acciaio protesico. Esso si articoler\u00e0 con una tazza di acciaio che sar\u00e0 inciso nella presa come una protesi totale. La coppia di attrito \u00e8 (come per cuscinetto ceramica-ceramica) una coppia \u201chard-drive\u201d di metallo-metallo con minore usura. Questa tecnica mantiene il collo e la maggioranza della testa femorale di grande diametro testa fornendo una migliore stabilit\u00e0 e riducendo il rischio di dislocazione. Se si modifica, c\u2019\u00e8 meno difficolt\u00e0 ad una protesi convenzionale. tuttavia la protesi di rivestimento non \u00e8 esente [&hellip;]<\/p>\n","protected":false},"author":1,"featured_media":0,"parent":8017,"menu_order":0,"comment_status":"closed","ping_status":"closed","template":"","meta":{"inline_featured_image":false,"footnotes":""},"class_list":["post-8234","page","type-page","status-publish","hentry"],"yoast_head":"<!-- This site is optimized with the Yoast SEO plugin v24.7 - https:\/\/yoast.com\/wordpress\/plugins\/seo\/ -->\n<title>Hip resurfacing - chirurgia ortopedica - Nizza Francia<\/title>\n<meta name=\"description\" content=\"hip resurfacing \u00e8 un&#039;alternativa alla protesi d&#039;anca. Questo intervento \u00e8 un sostituto comune per i pazienti giovani e attivi.\" \/>\n<meta name=\"robots\" content=\"index, follow, max-snippet:-1, max-image-preview:large, max-video-preview:-1\" \/>\n<link rel=\"canonical\" href=\"https:\/\/chirurgie-orthopedique.info\/it\/shoulder-anatomy\/hip-resurfacing_it\/\" \/>\n<meta property=\"og:locale\" content=\"it_IT\" \/>\n<meta property=\"og:type\" content=\"article\" \/>\n<meta property=\"og:title\" content=\"Hip resurfacing - chirurgia ortopedica - Nizza Francia\" \/>\n<meta property=\"og:description\" content=\"hip resurfacing \u00e8 un&#039;alternativa alla protesi d&#039;anca. Questo intervento \u00e8 un sostituto comune per i pazienti giovani e attivi.\" \/>\n<meta property=\"og:url\" content=\"https:\/\/chirurgie-orthopedique.info\/it\/shoulder-anatomy\/hip-resurfacing_it\/\" \/>\n<meta property=\"og:site_name\" content=\"Chirurgie Orthopedique, sp\u00e9cialiste du Genou, Hanche, Epaule \u00e0 Nice\" \/>\n<meta property=\"article:publisher\" content=\"https:\/\/www.facebook.com\/Dr.Mandrino\" \/>\n<meta property=\"article:modified_time\" content=\"2021-05-06T13:47:16+00:00\" \/>\n<meta property=\"og:image\" content=\"https:\/\/chirurgie-orthopedique.info\/wp-content\/uploads\/2021\/04\/resurfacage-hanche-2.png\" \/>\n<meta name=\"twitter:card\" content=\"summary_large_image\" \/>\n<meta name=\"twitter:label1\" content=\"Tempo di lettura stimato\" \/>\n\t<meta name=\"twitter:data1\" content=\"2 minuti\" \/>\n<script type=\"application\/ld+json\" class=\"yoast-schema-graph\">{\"@context\":\"https:\/\/schema.org\",\"@graph\":[{\"@type\":\"WebPage\",\"@id\":\"https:\/\/chirurgie-orthopedique.info\/it\/shoulder-anatomy\/hip-resurfacing_it\/\",\"url\":\"https:\/\/chirurgie-orthopedique.info\/it\/shoulder-anatomy\/hip-resurfacing_it\/\",\"name\":\"Hip resurfacing - chirurgia ortopedica - Nizza Francia\",\"isPartOf\":{\"@id\":\"https:\/\/chirurgie-orthopedique.info\/it\/#website\"},\"primaryImageOfPage\":{\"@id\":\"https:\/\/chirurgie-orthopedique.info\/it\/shoulder-anatomy\/hip-resurfacing_it\/#primaryimage\"},\"image\":{\"@id\":\"https:\/\/chirurgie-orthopedique.info\/it\/shoulder-anatomy\/hip-resurfacing_it\/#primaryimage\"},\"thumbnailUrl\":\"https:\/\/chirurgie-orthopedique.info\/wp-content\/uploads\/2021\/04\/resurfacage-hanche-2.png\",\"datePublished\":\"2021-05-06T09:43:06+00:00\",\"dateModified\":\"2021-05-06T13:47:16+00:00\",\"description\":\"hip resurfacing \u00e8 un'alternativa alla protesi d'anca. Questo intervento \u00e8 un sostituto comune per i pazienti giovani e attivi.\",\"breadcrumb\":{\"@id\":\"https:\/\/chirurgie-orthopedique.info\/it\/shoulder-anatomy\/hip-resurfacing_it\/#breadcrumb\"},\"inLanguage\":\"it-IT\",\"potentialAction\":[{\"@type\":\"ReadAction\",\"target\":[\"https:\/\/chirurgie-orthopedique.info\/it\/shoulder-anatomy\/hip-resurfacing_it\/\"]}]},{\"@type\":\"ImageObject\",\"inLanguage\":\"it-IT\",\"@id\":\"https:\/\/chirurgie-orthopedique.info\/it\/shoulder-anatomy\/hip-resurfacing_it\/#primaryimage\",\"url\":\"https:\/\/chirurgie-orthopedique.info\/wp-content\/uploads\/2021\/04\/resurfacage-hanche-2.png\",\"contentUrl\":\"https:\/\/chirurgie-orthopedique.info\/wp-content\/uploads\/2021\/04\/resurfacage-hanche-2.png\"},{\"@type\":\"BreadcrumbList\",\"@id\":\"https:\/\/chirurgie-orthopedique.info\/it\/shoulder-anatomy\/hip-resurfacing_it\/#breadcrumb\",\"itemListElement\":[{\"@type\":\"ListItem\",\"position\":1,\"name\":\"Accueil\",\"item\":\"https:\/\/chirurgie-orthopedique.info\/it\/\"},{\"@type\":\"ListItem\",\"position\":2,\"name\":\"Anatomia della spalla\",\"item\":\"https:\/\/chirurgie-orthopedique.info\/it\/shoulder-anatomy\/\"},{\"@type\":\"ListItem\",\"position\":3,\"name\":\"Hip resurfacing\"}]},{\"@type\":\"WebSite\",\"@id\":\"https:\/\/chirurgie-orthopedique.info\/it\/#website\",\"url\":\"https:\/\/chirurgie-orthopedique.info\/it\/\",\"name\":\"Chirurgie Orthopedique, sp\u00e9cialiste du Genou, Hanche, Epaule \u00e0 Nice\",\"description\":\"Docteur Mandrino sp\u00e9cialis\u00e9 en chirurgie du genou, de la hanche et de l&#039; \u00e9paule \u00e0 Nice\",\"publisher\":{\"@id\":\"https:\/\/chirurgie-orthopedique.info\/it\/#organization\"},\"potentialAction\":[{\"@type\":\"SearchAction\",\"target\":{\"@type\":\"EntryPoint\",\"urlTemplate\":\"https:\/\/chirurgie-orthopedique.info\/it\/?s={search_term_string}\"},\"query-input\":{\"@type\":\"PropertyValueSpecification\",\"valueRequired\":true,\"valueName\":\"search_term_string\"}}],\"inLanguage\":\"it-IT\"},{\"@type\":\"Organization\",\"@id\":\"https:\/\/chirurgie-orthopedique.info\/it\/#organization\",\"name\":\"Dr Alain Mandrino chirurgie orthop\u00e9dique \u00e0 Nice\",\"url\":\"https:\/\/chirurgie-orthopedique.info\/it\/\",\"logo\":{\"@type\":\"ImageObject\",\"inLanguage\":\"it-IT\",\"@id\":\"https:\/\/chirurgie-orthopedique.info\/it\/#\/schema\/logo\/image\/\",\"url\":\"https:\/\/chirurgie-orthopedique.info\/wp-content\/uploads\/2017\/07\/dr-alain-mandrino-chirurgie-orthopedique-nice.png\",\"contentUrl\":\"https:\/\/chirurgie-orthopedique.info\/wp-content\/uploads\/2017\/07\/dr-alain-mandrino-chirurgie-orthopedique-nice.png\",\"width\":443,\"height\":230,\"caption\":\"Dr Alain Mandrino chirurgie orthop\u00e9dique \u00e0 Nice\"},\"image\":{\"@id\":\"https:\/\/chirurgie-orthopedique.info\/it\/#\/schema\/logo\/image\/\"},\"sameAs\":[\"https:\/\/www.facebook.com\/Dr.Mandrino\",\"https:\/\/www.instagram.com\/dralainmandrino\/\",\"https:\/\/www.youtube.com\/user\/amandrino\"]}]}<\/script>\n<!-- \/ Yoast SEO plugin. -->","yoast_head_json":{"title":"Hip resurfacing - chirurgia ortopedica - Nizza Francia","description":"hip resurfacing \u00e8 un'alternativa alla protesi d'anca. Questo intervento \u00e8 un sostituto comune per i pazienti giovani e attivi.","robots":{"index":"index","follow":"follow","max-snippet":"max-snippet:-1","max-image-preview":"max-image-preview:large","max-video-preview":"max-video-preview:-1"},"canonical":"https:\/\/chirurgie-orthopedique.info\/it\/shoulder-anatomy\/hip-resurfacing_it\/","og_locale":"it_IT","og_type":"article","og_title":"Hip resurfacing - chirurgia ortopedica - Nizza Francia","og_description":"hip resurfacing \u00e8 un'alternativa alla protesi d'anca. Questo intervento \u00e8 un sostituto comune per i pazienti giovani e attivi.","og_url":"https:\/\/chirurgie-orthopedique.info\/it\/shoulder-anatomy\/hip-resurfacing_it\/","og_site_name":"Chirurgie Orthopedique, sp\u00e9cialiste du Genou, Hanche, Epaule \u00e0 Nice","article_publisher":"https:\/\/www.facebook.com\/Dr.Mandrino","article_modified_time":"2021-05-06T13:47:16+00:00","og_image":[{"url":"https:\/\/chirurgie-orthopedique.info\/wp-content\/uploads\/2021\/04\/resurfacage-hanche-2.png","type":"","width":"","height":""}],"twitter_card":"summary_large_image","twitter_misc":{"Tempo di lettura stimato":"2 minuti"},"schema":{"@context":"https:\/\/schema.org","@graph":[{"@type":"WebPage","@id":"https:\/\/chirurgie-orthopedique.info\/it\/shoulder-anatomy\/hip-resurfacing_it\/","url":"https:\/\/chirurgie-orthopedique.info\/it\/shoulder-anatomy\/hip-resurfacing_it\/","name":"Hip resurfacing - chirurgia ortopedica - Nizza Francia","isPartOf":{"@id":"https:\/\/chirurgie-orthopedique.info\/it\/#website"},"primaryImageOfPage":{"@id":"https:\/\/chirurgie-orthopedique.info\/it\/shoulder-anatomy\/hip-resurfacing_it\/#primaryimage"},"image":{"@id":"https:\/\/chirurgie-orthopedique.info\/it\/shoulder-anatomy\/hip-resurfacing_it\/#primaryimage"},"thumbnailUrl":"https:\/\/chirurgie-orthopedique.info\/wp-content\/uploads\/2021\/04\/resurfacage-hanche-2.png","datePublished":"2021-05-06T09:43:06+00:00","dateModified":"2021-05-06T13:47:16+00:00","description":"hip resurfacing \u00e8 un'alternativa alla protesi d'anca. Questo intervento \u00e8 un sostituto comune per i pazienti giovani e attivi.","breadcrumb":{"@id":"https:\/\/chirurgie-orthopedique.info\/it\/shoulder-anatomy\/hip-resurfacing_it\/#breadcrumb"},"inLanguage":"it-IT","potentialAction":[{"@type":"ReadAction","target":["https:\/\/chirurgie-orthopedique.info\/it\/shoulder-anatomy\/hip-resurfacing_it\/"]}]},{"@type":"ImageObject","inLanguage":"it-IT","@id":"https:\/\/chirurgie-orthopedique.info\/it\/shoulder-anatomy\/hip-resurfacing_it\/#primaryimage","url":"https:\/\/chirurgie-orthopedique.info\/wp-content\/uploads\/2021\/04\/resurfacage-hanche-2.png","contentUrl":"https:\/\/chirurgie-orthopedique.info\/wp-content\/uploads\/2021\/04\/resurfacage-hanche-2.png"},{"@type":"BreadcrumbList","@id":"https:\/\/chirurgie-orthopedique.info\/it\/shoulder-anatomy\/hip-resurfacing_it\/#breadcrumb","itemListElement":[{"@type":"ListItem","position":1,"name":"Accueil","item":"https:\/\/chirurgie-orthopedique.info\/it\/"},{"@type":"ListItem","position":2,"name":"Anatomia della spalla","item":"https:\/\/chirurgie-orthopedique.info\/it\/shoulder-anatomy\/"},{"@type":"ListItem","position":3,"name":"Hip resurfacing"}]},{"@type":"WebSite","@id":"https:\/\/chirurgie-orthopedique.info\/it\/#website","url":"https:\/\/chirurgie-orthopedique.info\/it\/","name":"Chirurgie Orthopedique, sp\u00e9cialiste du Genou, Hanche, Epaule \u00e0 Nice","description":"Docteur Mandrino sp\u00e9cialis\u00e9 en chirurgie du genou, de la hanche et de l&#039; \u00e9paule \u00e0 Nice","publisher":{"@id":"https:\/\/chirurgie-orthopedique.info\/it\/#organization"},"potentialAction":[{"@type":"SearchAction","target":{"@type":"EntryPoint","urlTemplate":"https:\/\/chirurgie-orthopedique.info\/it\/?s={search_term_string}"},"query-input":{"@type":"PropertyValueSpecification","valueRequired":true,"valueName":"search_term_string"}}],"inLanguage":"it-IT"},{"@type":"Organization","@id":"https:\/\/chirurgie-orthopedique.info\/it\/#organization","name":"Dr Alain Mandrino chirurgie orthop\u00e9dique \u00e0 Nice","url":"https:\/\/chirurgie-orthopedique.info\/it\/","logo":{"@type":"ImageObject","inLanguage":"it-IT","@id":"https:\/\/chirurgie-orthopedique.info\/it\/#\/schema\/logo\/image\/","url":"https:\/\/chirurgie-orthopedique.info\/wp-content\/uploads\/2017\/07\/dr-alain-mandrino-chirurgie-orthopedique-nice.png","contentUrl":"https:\/\/chirurgie-orthopedique.info\/wp-content\/uploads\/2017\/07\/dr-alain-mandrino-chirurgie-orthopedique-nice.png","width":443,"height":230,"caption":"Dr Alain Mandrino chirurgie orthop\u00e9dique \u00e0 Nice"},"image":{"@id":"https:\/\/chirurgie-orthopedique.info\/it\/#\/schema\/logo\/image\/"},"sameAs":["https:\/\/www.facebook.com\/Dr.Mandrino","https:\/\/www.instagram.com\/dralainmandrino\/","https:\/\/www.youtube.com\/user\/amandrino"]}]}},"jetpack_sharing_enabled":true,"_links":{"self":[{"href":"https:\/\/chirurgie-orthopedique.info\/it\/wp-json\/wp\/v2\/pages\/8234","targetHints":{"allow":["GET"]}}],"collection":[{"href":"https:\/\/chirurgie-orthopedique.info\/it\/wp-json\/wp\/v2\/pages"}],"about":[{"href":"https:\/\/chirurgie-orthopedique.info\/it\/wp-json\/wp\/v2\/types\/page"}],"author":[{"embeddable":true,"href":"https:\/\/chirurgie-orthopedique.info\/it\/wp-json\/wp\/v2\/users\/1"}],"replies":[{"embeddable":true,"href":"https:\/\/chirurgie-orthopedique.info\/it\/wp-json\/wp\/v2\/comments?post=8234"}],"version-history":[{"count":0,"href":"https:\/\/chirurgie-orthopedique.info\/it\/wp-json\/wp\/v2\/pages\/8234\/revisions"}],"up":[{"embeddable":true,"href":"https:\/\/chirurgie-orthopedique.info\/it\/wp-json\/wp\/v2\/pages\/8017"}],"wp:attachment":[{"href":"https:\/\/chirurgie-orthopedique.info\/it\/wp-json\/wp\/v2\/media?parent=8234"}],"curies":[{"name":"wp","href":"https:\/\/api.w.org\/{rel}","templated":true}]}}